{"id":22844,"date":"2023-07-04T14:42:32","date_gmt":"2023-07-04T14:42:32","guid":{"rendered":"https:\/\/ztsports.com\/?post_type=product&#038;p=22844"},"modified":"2026-03-07T11:38:41","modified_gmt":"2026-03-07T11:38:41","slug":"twin-rocker-machine-radius-for-short-track","status":"publish","type":"product","link":"https:\/\/ztsports.com\/fr\/store\/twin-rocker-machine-radius-for-short-track\/","title":{"rendered":"TWIN Rocker Machine Radius for Short Track"},"content":{"rendered":"<h1 class=\"product_title entry-title\">Machine TWIN Rocker<\/h1>\n<p>La Machine TWIN Rocker est la machine \u00e0 rayon la plus compacte et pr\u00e9cise disponible sur le march\u00e9.<\/p>\n<p><strong>Pour obtenir les meilleures performances, les patineurs doivent pouvoir compter sur leur \u00e9quipement \u2013 et rien n\u2019est plus important que des lames parfaitement rocker\u00e9es. Avec la Machine TWIN Rocker, il est plus facile que jamais de maintenir vos lames en parfait \u00e9tat.<\/strong> Des \u00e9quipes de coupe du monde dans le monde entier utilisent la Machine TWIN Rocker pour le patinage de vitesse sur courte et longue piste.<\/p>\n<h3><strong>Facile \u00e0 utiliser, r\u00e9sultat final parfait avec la Machine TWIN Rocker<\/strong><\/h3>\n<p>La table d\u2019aff\u00fbtage TWIN-LT est tr\u00e8s compacte et l\u00e9g\u00e8re. En position repli\u00e9e, elle se glisse dans n\u2019importe quel sac de sport ; avec seulement 2 kg, son transport est tr\u00e8s facile. Pour positionner la table, il suffit de d\u00e9plier ses quatre pieds et de r\u00e9gler sa longueur, garantissant une surface de travail stable, quel que soit le type de sol. Les deux patins sont serr\u00e9s simultan\u00e9ment \u00e0 l\u2019aide de deux pinces par c\u00f4t\u00e9. Pour obtenir une disposition sym\u00e9trique, de petits leviers ont \u00e9t\u00e9 install\u00e9s et un calibrage pratique a \u00e9t\u00e9 appliqu\u00e9. \u00c0 l\u2019aide du microm\u00e8tre, les d\u00e9viations peuvent \u00eatre d\u00e9tect\u00e9es et les activit\u00e9s de polissage v\u00e9rifi\u00e9es.<\/p>\n<p>Lorsque la table d\u2019aff\u00fbtage est utilis\u00e9e avec la machine de rayon TWIN et les gabarits correspondant au profil de rayon souhait\u00e9, l\u2019aff\u00fbtage, le polissage et l\u2019\u00e9bavurage deviennent tr\u00e8s faciles. Apr\u00e8s fixation des gabarits, la machine d\u2019aff\u00fbtage DREMEL\u00ae \u00e9quip\u00e9e d\u2019une t\u00eate diamant\u00e9e peut \u00eatre positionn\u00e9e sur le guidage. Gr\u00e2ce \u00e0 la vis de r\u00e9glage, le r\u00e9glage de la hauteur de meulage demande peu d\u2019effort. Ensuite, la Machine TWIN fait le reste. Il suffit de d\u00e9placer la machine d\u2019avant en arri\u00e8re en exer\u00e7ant une l\u00e9g\u00e8re pression, en suivant les gabarits de rayon.<\/p>\n<p>L\u2019avantage des outils multifonctions standard (le DREMEL\u00ae est inclus dans la livraison) est que leur remplacement est facile et relativement peu co\u00fbteux. L\u2019utilisation sur batterie permet de travailler sans source d\u2019alimentation proche et l\u2019\u00e9quipement est compatible avec une tension secteur de 110~230V et 50\/60Hz. Peu importe o\u00f9 vous vous trouvez : Heerenveen, Hamar, Vancouver, Calgary, Montr\u00e9al ou Qu\u00e9bec.<\/p>\n<h4><strong>Transport compact et l\u00e9ger pour la Machine TWIN Rocker<\/strong><\/h4>\n<p>Apr\u00e8s utilisation, la table d\u2019aff\u00fbtage TWIN peut \u00eatre facilement repli\u00e9e et transport\u00e9e dans un \u00e9tui sp\u00e9cial, dans lequel plusieurs gabarits peuvent \u00e9galement \u00eatre ins\u00e9r\u00e9s. La machine \u00e0 rayon avec ses accessoires, une batterie suppl\u00e9mentaire et les outils tiennent dans un sac \u00e0 bandouli\u00e8re. Le poids total est de 7 kg.<\/p>\n<p>Vid\u00e9o de la <a href=\"https:\/\/www.youtube.com\/watch?v=yHzQ6kuZpHw&amp;t=96s\" target=\"_blank\" rel=\"noopener\"><strong>Machine TWIN Rocker<\/strong><\/a>.<\/p>\n<p class=\"product_title entry-title\">Enfin, vous pouvez <a href=\"https:\/\/ztsports.com\/product-category\/sharpening\/rockering-machine\/\"><strong>comparer nos deux machines \u00e0 rocker<\/strong><\/a> ici.<\/p>\n","protected":false},"excerpt":{"rendered":"<p>Machine TWIN Rocker La Machine TWIN Rocker est la machine \u00e0 rayon la plus compacte et pr\u00e9cise disponible sur le march\u00e9. Pour obtenir les meilleures performances, les patineurs doivent pouvoir compter sur leur \u00e9quipement \u2013 et rien n\u2019est plus important que des lames parfaitement rocker\u00e9es. Avec la Machine TWIN Rocker, il est plus facile que [&hellip;]<\/p>\n","protected":false},"featured_media":22841,"comment_status":"open","ping_status":"closed","template":"","meta":{"_acf_changed":false,"_monsterinsights_skip_tracking":false,"_monsterinsights_sitenote_active":false,"_monsterinsights_sitenote_note":"","_monsterinsights_sitenote_category":0,"_uf_show_specific_survey":0,"_uf_disable_surveys":false,"site-sidebar-layout":"default","site-content-layout":"","ast-site-content-layout":"default","site-content-style":"default","site-sidebar-style":"default","ast-global-header-display":"","ast-banner-title-visibility":"","ast-main-header-display":"","ast-hfb-above-header-display":"","ast-hfb-below-header-display":"","ast-hfb-mobile-header-display":"","site-post-title":"","ast-breadcrumbs-content":"","ast-featured-img":"","footer-sml-layout":"","ast-disable-related-posts":"","theme-transparent-header-meta":"default","adv-header-id-meta":"","stick-header-meta":"","header-above-stick-meta":"","header-main-stick-meta":"","header-below-stick-meta":"","astra-migrate-meta-layouts":"set","ast-page-background-enabled":"default","ast-page-background-meta":{"desktop":{"background-color":"","background-image":"","background-repeat":"repeat","background-position":"center center","background-size":"auto","background-attachment":"scroll","background-type":"","background-media":"","overlay-type":"","overlay-color":"","overlay-opacity":"","overlay-gradient":""},"tablet":{"background-color":"","background-image":"","background-repeat":"repeat","background-position":"center center","background-size":"auto","background-attachment":"scroll","background-type":"","background-media":"","overlay-type":"","overlay-color":"","overlay-opacity":"","overlay-gradient":""},"mobile":{"background-color":"","background-image":"","background-repeat":"repeat","background-position":"center center","background-size":"auto","background-attachment":"scroll","background-type":"","background-media":"","overlay-type":"","overlay-color":"","overlay-opacity":"","overlay-gradient":""}},"ast-content-background-meta":{"desktop":{"background-color":"var(--ast-global-color-5)","background-image":"","background-repeat":"repeat","background-position":"center center","background-size":"auto","background-attachment":"scroll","background-type":"","background-media":"","overlay-type":"","overlay-color":"","overlay-opacity":"","overlay-gradient":""},"tablet":{"background-color":"var(--ast-global-color-5)","background-image":"","background-repeat":"repeat","background-position":"center center","background-size":"auto","background-attachment":"scroll","background-type":"","background-media":"","overlay-type":"","overlay-color":"","overlay-opacity":"","overlay-gradient":""},"mobile":{"background-color":"var(--ast-global-color-5)","background-image":"","background-repeat":"repeat","background-position":"center center","background-size":"auto","background-attachment":"scroll","background-type":"","background-media":"","overlay-type":"","overlay-color":"","overlay-opacity":"","overlay-gradient":""}}},"product_brand":[3352],"product_cat":[3378],"product_tag":[],"class_list":{"0":"post-22844","1":"product","2":"type-product","3":"status-publish","4":"has-post-thumbnail","6":"product_brand-twin","7":"product_cat-non-categorise","8":"desktop-align-left","9":"tablet-align-left","10":"mobile-align-left","12":"first","13":"instock","14":"taxable","15":"shipping-taxable","16":"purchasable","17":"product-type-simple"},"acf":[],"_links":{"self":[{"href":"https:\/\/ztsports.com\/fr\/wp-json\/wp\/v2\/product\/22844","targetHints":{"allow":["GET"]}}],"collection":[{"href":"https:\/\/ztsports.com\/fr\/wp-json\/wp\/v2\/product"}],"about":[{"href":"https:\/\/ztsports.com\/fr\/wp-json\/wp\/v2\/types\/product"}],"replies":[{"embeddable":true,"href":"https:\/\/ztsports.com\/fr\/wp-json\/wp\/v2\/comments?post=22844"}],"version-history":[{"count":1,"href":"https:\/\/ztsports.com\/fr\/wp-json\/wp\/v2\/product\/22844\/revisions"}],"predecessor-version":[{"id":22845,"href":"https:\/\/ztsports.com\/fr\/wp-json\/wp\/v2\/product\/22844\/revisions\/22845"}],"wp:featuredmedia":[{"embeddable":true,"href":"https:\/\/ztsports.com\/fr\/wp-json\/wp\/v2\/media\/22841"}],"wp:attachment":[{"href":"https:\/\/ztsports.com\/fr\/wp-json\/wp\/v2\/media?parent=22844"}],"wp:term":[{"taxonomy":"product_brand","embeddable":true,"href":"https:\/\/ztsports.com\/fr\/wp-json\/wp\/v2\/product_brand?post=22844"},{"taxonomy":"product_cat","embeddable":true,"href":"https:\/\/ztsports.com\/fr\/wp-json\/wp\/v2\/product_cat?post=22844"},{"taxonomy":"product_tag","embeddable":true,"href":"https:\/\/ztsports.com\/fr\/wp-json\/wp\/v2\/product_tag?post=22844"}],"curies":[{"name":"wp","href":"https:\/\/api.w.org\/{rel}","templated":true}]}}