{"id":22836,"date":"2023-07-05T03:44:32","date_gmt":"2023-07-05T03:44:32","guid":{"rendered":"https:\/\/ztsports.com\/?post_type=product&#038;p=22836"},"modified":"2026-03-07T11:36:41","modified_gmt":"2026-03-07T11:36:41","slug":"skate-tec-dyneema-neck-protector","status":"publish","type":"product","link":"https:\/\/ztsports.com\/fr\/store\/skate-tec-dyneema-neck-protector\/","title":{"rendered":"Skate-Tec Dyneema Neck Protector"},"content":{"rendered":"<h1 class=\"product_title entry-title\">Prot\u00e8ge-cou Skate-Tec Dyneema<\/h1>\n<p>Le prot\u00e8ge-cou Skate-Tec Dyneema a arbor\u00e9 plusieurs logos diff\u00e9rents. Qu\u2019il s\u2019agisse de Maple ou d\u2019EVO, la constante a toujours \u00e9t\u00e9 la qualit\u00e9 et la fabrication avec une doublure Dyneema pour une protection contre les coupures.<\/p>\n<p>De plus, le prot\u00e8ge-cou r\u00e9pond aux normes ISU et fait partie des \u00e9quipements de s\u00e9curit\u00e9 obligatoires pour le short track.<\/p>\n<p>Il est \u00e9galement doubl\u00e9 d\u2019un mat\u00e9riau doux et confortable et dispose d\u2019une fermeture r\u00e9glable \u00e0 velcro.<\/p>\n<p><strong><span class=\"Y2IQFc\" lang=\"en\">\u00c0 noter : FPVQ &amp; <a href=\"https:\/\/www.ontariospeedskating.ca\/safety-equipment\" target=\"_blank\" rel=\"noopener\">OSSA : accessoire obligatoire<\/a> en comp\u00e9tition.<\/span><\/strong><\/p>\n<h4>Guide des tailles du prot\u00e8ge-cou Skate-Tec Dyneema<\/h4>\n<ul>\n<li><strong>Small :<\/strong> 34-37 cm (13,5\u2033 \u2013 14,5\u2033)<\/li>\n<li><strong>Medium :<\/strong> 37-40 cm (14,5\u2033 \u2013 15,5\u2033)<\/li>\n<li><strong>Large :<\/strong> 40-43 cm (15,5\u2033 \u2013 16,5\u2033)<\/li>\n<li><strong>X Large :<\/strong> 43-46 cm (16,5\u2033 \u2013 18,5\u2033)<\/li>\n<\/ul>\n<p>Procurez-vous vos <strong>gants Dyneema <a href=\"https:\/\/ztsports.com\/product\/skate-tec-dyneema-gloves\/\">ici !<\/a><\/strong><\/p>\n<p dir=\"ltr\" data-placeholder=\"Translation\">Enfin, retrouvez toute la <a href=\"https:\/\/ztsports.com\/product-category\/protection\/neck-guards\/\"><strong>s\u00e9lection de prot\u00e8ge-cou<\/strong><\/a> ici.<\/p>\n<h4 dir=\"ltr\" data-placeholder=\"Translation\">Prot\u00e8ge-cou Skate-Tec Dyneema<\/h4>\n<h2 class=\"text-center\">Le secret Dyneema\u00ae<\/h2>\n<p>Le prot\u00e8ge-cou Skate-Tec Dyneema est fabriqu\u00e9 avec les fibres ultra-r\u00e9sistantes \u00e0 ultra-haute masse mol\u00e9culaire (UHMwPE) d\u2019Avient, commercialis\u00e9es sous le nom Dyneema\u00ae. Elles offrent une r\u00e9sistance maximale avec un poids minimal, permettant de nombreuses applications possibles.<\/p>\n<p>La fibre Dyneema\u00ae est produite par un proc\u00e9d\u00e9 brevet\u00e9 de filage en gel, dans lequel les fibres sont tir\u00e9es, chauff\u00e9es, \u00e9tir\u00e9es et refroidies. L\u2019\u00e9tirement et le filage permettent un alignement mol\u00e9culaire, une cristallisation \u00e9lev\u00e9e et une densit\u00e9 faible.<\/p>\n<p>La fibre Dyneema\u00ae poss\u00e8de des cha\u00eenes mol\u00e9culaires extr\u00eamement longues qui transf\u00e8rent plus efficacement la charge \u00e0 la structure polym\u00e8re. Elle est donc plus r\u00e9sistante au m\u00eame poids ou plus l\u00e9g\u00e8re pour la m\u00eame r\u00e9sistance que les alternatives.<\/p>\n<p>La fibre Dyneema\u00ae est 15 fois plus r\u00e9sistante que l\u2019acier \u00e0 poids \u00e9gal, avec une r\u00e9sistance \u00e0 la traction allant jusqu\u2019\u00e0 43 cN\/dtex. En plus de sa r\u00e9sistance exceptionnelle, Dyneema\u00ae excelle en r\u00e9sistance aux coupures et \u00e0 l\u2019abrasion, et offre une haute r\u00e9sistance aux produits chimiques et aux UV. La fibre est si l\u00e9g\u00e8re qu\u2019elle flotte sur l\u2019eau et poss\u00e8de un module tr\u00e8s \u00e9lev\u00e9 (r\u00e9sistance \u00e0 la d\u00e9formation). Dyneema\u00ae est disponible dans une large gamme de titrages (\u00e9paisseur de fibre), de 50 \u00e0 6600 dtex, ce qui la rend adapt\u00e9e \u00e0 de nombreuses applications.<\/p>\n<p>En savoir plus sur DSM <a href=\"https:\/\/www.dyneema.com\/our-products\/dyneema-fiber\" target=\"_blank\" rel=\"noopener\">ici !<\/a><\/p>\n<h3>Test EN-388<\/h3>\n<p>Le prot\u00e8ge-cou Skate-Tec Dyneema r\u00e9pond \u00e0 la norme europ\u00e9enne EN 388:2016+A1:2018 \u2013 \u00ab Gants de protection contre les risques m\u00e9caniques \u00bb, publi\u00e9e pour remplacer la norme EN 388:2003. Les gants de protection polyvalents repr\u00e9sentent la plus grande part du march\u00e9 des \u00e9quipements de protection individuelle (EPI) et prot\u00e8gent les utilisateurs contre une large gamme de dangers.<\/p>\n<p>Pour aider les utilisateurs \u00e0 choisir des gants appropri\u00e9s, plusieurs normes europ\u00e9ennes de s\u00e9curit\u00e9, y compris l\u2019EN 388:2016+A1:2018, ont \u00e9t\u00e9 d\u00e9velopp\u00e9es, permettant de d\u00e9finir les niveaux de protection contre diff\u00e9rents risques.<\/p>\n<p>Ces niveaux de protection d\u00e9finis permettent de s\u00e9lectionner les gants appropri\u00e9s en fonction des dangers et risques identifi\u00e9s pour une activit\u00e9 sp\u00e9cifique.<\/p>\n","protected":false},"excerpt":{"rendered":"<p>Prot\u00e8ge-cou Skate-Tec Dyneema Le prot\u00e8ge-cou Skate-Tec Dyneema a arbor\u00e9 plusieurs logos diff\u00e9rents. Qu\u2019il s\u2019agisse de Maple ou d\u2019EVO, la constante a toujours \u00e9t\u00e9 la qualit\u00e9 et la fabrication avec une doublure Dyneema pour une protection contre les coupures. De plus, le prot\u00e8ge-cou r\u00e9pond aux normes ISU et fait partie des \u00e9quipements de s\u00e9curit\u00e9 obligatoires pour [&hellip;]<\/p>\n","protected":false},"featured_media":22832,"comment_status":"open","ping_status":"closed","template":"","meta":{"_acf_changed":false,"_monsterinsights_skip_tracking":false,"_monsterinsights_sitenote_active":false,"_monsterinsights_sitenote_note":"","_monsterinsights_sitenote_category":0,"_uf_show_specific_survey":0,"_uf_disable_surveys":false,"site-sidebar-layout":"default","site-content-layout":"","ast-site-content-layout":"default","site-content-style":"default","site-sidebar-style":"default","ast-global-header-display":"","ast-banner-title-visibility":"","ast-main-header-display":"","ast-hfb-above-header-display":"","ast-hfb-below-header-display":"","ast-hfb-mobile-header-display":"","site-post-title":"","ast-breadcrumbs-content":"","ast-featured-img":"","footer-sml-layout":"","ast-disable-related-posts":"","theme-transparent-header-meta":"default","adv-header-id-meta":"","stick-header-meta":"","header-above-stick-meta":"","header-main-stick-meta":"","header-below-stick-meta":"","astra-migrate-meta-layouts":"set","ast-page-background-enabled":"default","ast-page-background-meta":{"desktop":{"background-color":"","background-image":"","background-repeat":"repeat","background-position":"center center","background-size":"auto","background-attachment":"scroll","background-type":"","background-media":"","overlay-type":"","overlay-color":"","overlay-opacity":"","overlay-gradient":""},"tablet":{"background-color":"","background-image":"","background-repeat":"repeat","background-position":"center center","background-size":"auto","background-attachment":"scroll","background-type":"","background-media":"","overlay-type":"","overlay-color":"","overlay-opacity":"","overlay-gradient":""},"mobile":{"background-color":"","background-image":"","background-repeat":"repeat","background-position":"center center","background-size":"auto","background-attachment":"scroll","background-type":"","background-media":"","overlay-type":"","overlay-color":"","overlay-opacity":"","overlay-gradient":""}},"ast-content-background-meta":{"desktop":{"background-color":"var(--ast-global-color-5)","background-image":"","background-repeat":"repeat","background-position":"center center","background-size":"auto","background-attachment":"scroll","background-type":"","background-media":"","overlay-type":"","overlay-color":"","overlay-opacity":"","overlay-gradient":""},"tablet":{"background-color":"var(--ast-global-color-5)","background-image":"","background-repeat":"repeat","background-position":"center center","background-size":"auto","background-attachment":"scroll","background-type":"","background-media":"","overlay-type":"","overlay-color":"","overlay-opacity":"","overlay-gradient":""},"mobile":{"background-color":"var(--ast-global-color-5)","background-image":"","background-repeat":"repeat","background-position":"center center","background-size":"auto","background-attachment":"scroll","background-type":"","background-media":"","overlay-type":"","overlay-color":"","overlay-opacity":"","overlay-gradient":""}}},"product_brand":[3297,3318,3319,3338],"product_cat":[3378],"product_tag":[3796,4562],"class_list":{"0":"post-22836","1":"product","2":"type-product","3":"status-publish","4":"has-post-thumbnail","6":"product_brand-evo","7":"product_brand-maple","8":"product_brand-maplez","9":"product_brand-skate-tec","10":"product_cat-non-categorise","11":"product_tag-short-track","12":"product_tag-speed-skating","13":"desktop-align-left","14":"tablet-align-left","15":"mobile-align-left","17":"first","18":"instock","19":"sale","20":"taxable","21":"shipping-taxable","22":"purchasable","23":"product-type-simple"},"acf":[],"_links":{"self":[{"href":"https:\/\/ztsports.com\/fr\/wp-json\/wp\/v2\/product\/22836","targetHints":{"allow":["GET"]}}],"collection":[{"href":"https:\/\/ztsports.com\/fr\/wp-json\/wp\/v2\/product"}],"about":[{"href":"https:\/\/ztsports.com\/fr\/wp-json\/wp\/v2\/types\/product"}],"replies":[{"embeddable":true,"href":"https:\/\/ztsports.com\/fr\/wp-json\/wp\/v2\/comments?post=22836"}],"version-history":[{"count":1,"href":"https:\/\/ztsports.com\/fr\/wp-json\/wp\/v2\/product\/22836\/revisions"}],"predecessor-version":[{"id":22837,"href":"https:\/\/ztsports.com\/fr\/wp-json\/wp\/v2\/product\/22836\/revisions\/22837"}],"wp:featuredmedia":[{"embeddable":true,"href":"https:\/\/ztsports.com\/fr\/wp-json\/wp\/v2\/media\/22832"}],"wp:attachment":[{"href":"https:\/\/ztsports.com\/fr\/wp-json\/wp\/v2\/media?parent=22836"}],"wp:term":[{"taxonomy":"product_brand","embeddable":true,"href":"https:\/\/ztsports.com\/fr\/wp-json\/wp\/v2\/product_brand?post=22836"},{"taxonomy":"product_cat","embeddable":true,"href":"https:\/\/ztsports.com\/fr\/wp-json\/wp\/v2\/product_cat?post=22836"},{"taxonomy":"product_tag","embeddable":true,"href":"https:\/\/ztsports.com\/fr\/wp-json\/wp\/v2\/product_tag?post=22836"}],"curies":[{"name":"wp","href":"https:\/\/api.w.org\/{rel}","templated":true}]}}