{"id":22830,"date":"2023-07-05T13:44:07","date_gmt":"2023-07-05T13:44:07","guid":{"rendered":"https:\/\/ztsports.com\/?post_type=product&#038;p=22830"},"modified":"2026-03-07T11:35:26","modified_gmt":"2026-03-07T11:35:26","slug":"kevlar-cut-resistant-neck-guard","status":"publish","type":"product","link":"https:\/\/ztsports.com\/fr\/store\/kevlar-cut-resistant-neck-guard\/","title":{"rendered":"Kevlar Cut Resistant Neck Guard"},"content":{"rendered":"<h2><span data-sheets-value=\"{&quot;1&quot;:2,&quot;2&quot;:&quot;Prot\u00e8ge-cou r\u00e9sistant aux coupures Kevlar&quot;}\" data-sheets-userformat=\"{&quot;2&quot;:513,&quot;3&quot;:{&quot;1&quot;:0},&quot;12&quot;:0}\">Prot\u00e8ge-cou r\u00e9sistant aux coupures Kevlar<\/span><\/h2>\n<p>Ce prot\u00e8ge-cou r\u00e9sistant aux coupures Kevlar est rembourr\u00e9 avec du nylon renforc\u00e9 et poss\u00e8de \u00e9galement une doublure en Kevlar pour une protection contre les coupures. De plus, ce prot\u00e8ge-cou \u00e9conomique est muni d\u2019un bib et fait partie des \u00e9quipements de s\u00e9curit\u00e9 obligatoires pour le short track.<\/p>\n<ul>\n<li>Nylon rembourr\u00e9 et renforc\u00e9 avec doublure Kevlar pour une protection contre les coupures<\/li>\n<li>Mat\u00e9riau doux et confortable<\/li>\n<li>Fermeture r\u00e9glable \u00e0 velcro<\/li>\n<\/ul>\n<p><b>Disponible<\/b><strong> en deux tailles<\/strong> :<\/p>\n<p><strong>Senior :<\/strong> 34 \u2013 43 cm (13,5&#8243; \u2013 17&#8243;)<\/p>\n<p><strong>Junior :<\/strong> 26 \u2013 35 cm (10&#8243; \u2013 14&#8243;)<\/p>\n<p><strong><span class=\"Y2IQFc\" lang=\"en\">\u00c0 noter : FPVQ &amp; <a href=\"https:\/\/www.ontariospeedskating.ca\/safety-equipment\" target=\"_blank\" rel=\"noopener\">OSSA : accessoire obligatoire<\/a> en comp\u00e9tition.<\/span><\/strong><\/p>\n<p dir=\"ltr\" data-placeholder=\"Translation\">Enfin, retrouvez toute la <a href=\"https:\/\/ztsports.com\/product-category\/protection\/neck-guards\/\"><strong>s\u00e9lection de prot\u00e8ge-cou<\/strong><\/a> ici.<\/p>\n","protected":false},"excerpt":{"rendered":"<p>Prot\u00e8ge-cou r\u00e9sistant aux coupures Kevlar Ce prot\u00e8ge-cou r\u00e9sistant aux coupures Kevlar est rembourr\u00e9 avec du nylon renforc\u00e9 et poss\u00e8de \u00e9galement une doublure en Kevlar pour une protection contre les coupures. De plus, ce prot\u00e8ge-cou \u00e9conomique est muni d\u2019un bib et fait partie des \u00e9quipements de s\u00e9curit\u00e9 obligatoires pour le short track. Nylon rembourr\u00e9 et renforc\u00e9 [&hellip;]<\/p>\n","protected":false},"featured_media":22829,"comment_status":"open","ping_status":"closed","template":"","meta":{"_acf_changed":false,"_monsterinsights_skip_tracking":false,"_monsterinsights_sitenote_active":false,"_monsterinsights_sitenote_note":"","_monsterinsights_sitenote_category":0,"_uf_show_specific_survey":0,"_uf_disable_surveys":false,"site-sidebar-layout":"default","site-content-layout":"","ast-site-content-layout":"default","site-content-style":"default","site-sidebar-style":"default","ast-global-header-display":"","ast-banner-title-visibility":"","ast-main-header-display":"","ast-hfb-above-header-display":"","ast-hfb-below-header-display":"","ast-hfb-mobile-header-display":"","site-post-title":"","ast-breadcrumbs-content":"","ast-featured-img":"","footer-sml-layout":"","ast-disable-related-posts":"","theme-transparent-header-meta":"default","adv-header-id-meta":"","stick-header-meta":"","header-above-stick-meta":"","header-main-stick-meta":"","header-below-stick-meta":"","astra-migrate-meta-layouts":"set","ast-page-background-enabled":"default","ast-page-background-meta":{"desktop":{"background-color":"","background-image":"","background-repeat":"repeat","background-position":"center center","background-size":"auto","background-attachment":"scroll","background-type":"","background-media":"","overlay-type":"","overlay-color":"","overlay-opacity":"","overlay-gradient":""},"tablet":{"background-color":"","background-image":"","background-repeat":"repeat","background-position":"center center","background-size":"auto","background-attachment":"scroll","background-type":"","background-media":"","overlay-type":"","overlay-color":"","overlay-opacity":"","overlay-gradient":""},"mobile":{"background-color":"","background-image":"","background-repeat":"repeat","background-position":"center center","background-size":"auto","background-attachment":"scroll","background-type":"","background-media":"","overlay-type":"","overlay-color":"","overlay-opacity":"","overlay-gradient":""}},"ast-content-background-meta":{"desktop":{"background-color":"var(--ast-global-color-5)","background-image":"","background-repeat":"repeat","background-position":"center center","background-size":"auto","background-attachment":"scroll","background-type":"","background-media":"","overlay-type":"","overlay-color":"","overlay-opacity":"","overlay-gradient":""},"tablet":{"background-color":"var(--ast-global-color-5)","background-image":"","background-repeat":"repeat","background-position":"center center","background-size":"auto","background-attachment":"scroll","background-type":"","background-media":"","overlay-type":"","overlay-color":"","overlay-opacity":"","overlay-gradient":""},"mobile":{"background-color":"var(--ast-global-color-5)","background-image":"","background-repeat":"repeat","background-position":"center center","background-size":"auto","background-attachment":"scroll","background-type":"","background-media":"","overlay-type":"","overlay-color":"","overlay-opacity":"","overlay-gradient":""}}},"product_brand":[3358,3361,3360],"product_cat":[3378],"product_tag":[3796],"class_list":{"0":"post-22830","1":"product","2":"type-product","3":"status-publish","4":"has-post-thumbnail","6":"product_brand-x-series","7":"product_brand-x-series-xact","8":"product_brand-xact","9":"product_cat-non-categorise","10":"product_tag-short-track","11":"desktop-align-left","12":"tablet-align-left","13":"mobile-align-left","15":"first","16":"instock","17":"sale","18":"taxable","19":"shipping-taxable","20":"purchasable","21":"product-type-simple"},"acf":[],"_links":{"self":[{"href":"https:\/\/ztsports.com\/fr\/wp-json\/wp\/v2\/product\/22830","targetHints":{"allow":["GET"]}}],"collection":[{"href":"https:\/\/ztsports.com\/fr\/wp-json\/wp\/v2\/product"}],"about":[{"href":"https:\/\/ztsports.com\/fr\/wp-json\/wp\/v2\/types\/product"}],"replies":[{"embeddable":true,"href":"https:\/\/ztsports.com\/fr\/wp-json\/wp\/v2\/comments?post=22830"}],"version-history":[{"count":1,"href":"https:\/\/ztsports.com\/fr\/wp-json\/wp\/v2\/product\/22830\/revisions"}],"predecessor-version":[{"id":22831,"href":"https:\/\/ztsports.com\/fr\/wp-json\/wp\/v2\/product\/22830\/revisions\/22831"}],"wp:featuredmedia":[{"embeddable":true,"href":"https:\/\/ztsports.com\/fr\/wp-json\/wp\/v2\/media\/22829"}],"wp:attachment":[{"href":"https:\/\/ztsports.com\/fr\/wp-json\/wp\/v2\/media?parent=22830"}],"wp:term":[{"taxonomy":"product_brand","embeddable":true,"href":"https:\/\/ztsports.com\/fr\/wp-json\/wp\/v2\/product_brand?post=22830"},{"taxonomy":"product_cat","embeddable":true,"href":"https:\/\/ztsports.com\/fr\/wp-json\/wp\/v2\/product_cat?post=22830"},{"taxonomy":"product_tag","embeddable":true,"href":"https:\/\/ztsports.com\/fr\/wp-json\/wp\/v2\/product_tag?post=22830"}],"curies":[{"name":"wp","href":"https:\/\/api.w.org\/{rel}","templated":true}]}}