{"id":22827,"date":"2023-07-06T03:48:16","date_gmt":"2023-07-06T03:48:16","guid":{"rendered":"https:\/\/ztsports.com\/?post_type=product&#038;p=22827"},"modified":"2026-03-07T11:34:35","modified_gmt":"2026-03-07T11:34:35","slug":"skate-tec-n98-and-evo-krypton-package","status":"publish","type":"product","link":"https:\/\/ztsports.com\/fr\/store\/skate-tec-n98-and-evo-krypton-package\/","title":{"rendered":"SKATE-TEC N98 and EVO Krypton Package"},"content":{"rendered":"<h1>SKATE-TEC N98 et EVO Krypton<\/h1>\n<p>Le SKATE-TEC N98 et EVO Krypton est un ensemble exceptionnel compos\u00e9 d&#8217;une excellente chaussure et d&#8217;une superbe paire de lames, toutes deux issues de la prestigieuse soci\u00e9t\u00e9 Skate-Tec. Ce package devrait figurer dans l\u2019\u00e9quipement de tout patineur interm\u00e9diaire.<\/p>\n<p>La lame Krypton T2T 12C27 est un mod\u00e8le milieu de gamme chez Skate-Tec. De plus, elle est fabriqu\u00e9e en acier 12C27. Elle est pr\u00e9-courb\u00e9e et constitue le choix id\u00e9al pour les patineurs d\u00e9butants et interm\u00e9diaires. Peu de mod\u00e8les sont propos\u00e9s dans cette gamme de prix.<\/p>\n<ul>\n<li>Lame pour athl\u00e8tes en d\u00e9veloppement. Bonne option pour les clubs<\/li>\n<li>Tube flexible permettant une grande marge d\u2019erreur \u00e0 chaque pouss\u00e9e<\/li>\n<li>Pr\u00e9-courb\u00e9e<\/li>\n<li>Lame chrom\u00e9e avec une duret\u00e9 de 60 HRC \/ 12C27<\/li>\n<li>Tuyau en aluminium<\/li>\n<li>Id\u00e9al pour les patineurs de moins de \u00b150 kg<\/li>\n<\/ul>\n<p>Enfin, pour le <a href=\"https:\/\/ztsports.com\/product-category\/club-deals\/\"><strong>Club Promo Deal cliquez ici<\/strong><\/a>.<\/p>\n<p>Enfin, souhaitez-vous <a href=\"https:\/\/skate-tec.com\/about.html\" target=\"_blank\" rel=\"noopener\"><strong>en savoir plus sur Skate-Tec ?<\/strong><\/a><\/p>\n","protected":false},"excerpt":{"rendered":"<p>SKATE-TEC N98 et EVO Krypton Le SKATE-TEC N98 et EVO Krypton est un ensemble exceptionnel compos\u00e9 d&#8217;une excellente chaussure et d&#8217;une superbe paire de lames, toutes deux issues de la prestigieuse soci\u00e9t\u00e9 Skate-Tec. Ce package devrait figurer dans l\u2019\u00e9quipement de tout patineur interm\u00e9diaire. La lame Krypton T2T 12C27 est un mod\u00e8le milieu de gamme chez [&hellip;]<\/p>\n","protected":false},"featured_media":22823,"comment_status":"open","ping_status":"closed","template":"","meta":{"_acf_changed":false,"_monsterinsights_skip_tracking":false,"_monsterinsights_sitenote_active":false,"_monsterinsights_sitenote_note":"","_monsterinsights_sitenote_category":0,"_uf_show_specific_survey":0,"_uf_disable_surveys":false,"site-sidebar-layout":"default","site-content-layout":"","ast-site-content-layout":"default","site-content-style":"default","site-sidebar-style":"default","ast-global-header-display":"","ast-banner-title-visibility":"","ast-main-header-display":"","ast-hfb-above-header-display":"","ast-hfb-below-header-display":"","ast-hfb-mobile-header-display":"","site-post-title":"","ast-breadcrumbs-content":"","ast-featured-img":"","footer-sml-layout":"","ast-disable-related-posts":"","theme-transparent-header-meta":"default","adv-header-id-meta":"","stick-header-meta":"","header-above-stick-meta":"","header-main-stick-meta":"","header-below-stick-meta":"","astra-migrate-meta-layouts":"set","ast-page-background-enabled":"default","ast-page-background-meta":{"desktop":{"background-color":"","background-image":"","background-repeat":"repeat","background-position":"center center","background-size":"auto","background-attachment":"scroll","background-type":"","background-media":"","overlay-type":"","overlay-color":"","overlay-opacity":"","overlay-gradient":""},"tablet":{"background-color":"","background-image":"","background-repeat":"repeat","background-position":"center center","background-size":"auto","background-attachment":"scroll","background-type":"","background-media":"","overlay-type":"","overlay-color":"","overlay-opacity":"","overlay-gradient":""},"mobile":{"background-color":"","background-image":"","background-repeat":"repeat","background-position":"center center","background-size":"auto","background-attachment":"scroll","background-type":"","background-media":"","overlay-type":"","overlay-color":"","overlay-opacity":"","overlay-gradient":""}},"ast-content-background-meta":{"desktop":{"background-color":"var(--ast-global-color-5)","background-image":"","background-repeat":"repeat","background-position":"center center","background-size":"auto","background-attachment":"scroll","background-type":"","background-media":"","overlay-type":"","overlay-color":"","overlay-opacity":"","overlay-gradient":""},"tablet":{"background-color":"var(--ast-global-color-5)","background-image":"","background-repeat":"repeat","background-position":"center center","background-size":"auto","background-attachment":"scroll","background-type":"","background-media":"","overlay-type":"","overlay-color":"","overlay-opacity":"","overlay-gradient":""},"mobile":{"background-color":"var(--ast-global-color-5)","background-image":"","background-repeat":"repeat","background-position":"center center","background-size":"auto","background-attachment":"scroll","background-type":"","background-media":"","overlay-type":"","overlay-color":"","overlay-opacity":"","overlay-gradient":""}}},"product_brand":[3297,3338],"product_cat":[3378],"product_tag":[],"class_list":{"0":"post-22827","1":"product","2":"type-product","3":"status-publish","4":"has-post-thumbnail","6":"product_brand-evo","7":"product_brand-skate-tec","8":"product_cat-non-categorise","9":"desktop-align-left","10":"tablet-align-left","11":"mobile-align-left","13":"first","14":"instock","15":"taxable","16":"shipping-taxable","17":"purchasable","18":"product-type-simple"},"acf":[],"_links":{"self":[{"href":"https:\/\/ztsports.com\/fr\/wp-json\/wp\/v2\/product\/22827","targetHints":{"allow":["GET"]}}],"collection":[{"href":"https:\/\/ztsports.com\/fr\/wp-json\/wp\/v2\/product"}],"about":[{"href":"https:\/\/ztsports.com\/fr\/wp-json\/wp\/v2\/types\/product"}],"replies":[{"embeddable":true,"href":"https:\/\/ztsports.com\/fr\/wp-json\/wp\/v2\/comments?post=22827"}],"version-history":[{"count":1,"href":"https:\/\/ztsports.com\/fr\/wp-json\/wp\/v2\/product\/22827\/revisions"}],"predecessor-version":[{"id":22828,"href":"https:\/\/ztsports.com\/fr\/wp-json\/wp\/v2\/product\/22827\/revisions\/22828"}],"wp:featuredmedia":[{"embeddable":true,"href":"https:\/\/ztsports.com\/fr\/wp-json\/wp\/v2\/media\/22823"}],"wp:attachment":[{"href":"https:\/\/ztsports.com\/fr\/wp-json\/wp\/v2\/media?parent=22827"}],"wp:term":[{"taxonomy":"product_brand","embeddable":true,"href":"https:\/\/ztsports.com\/fr\/wp-json\/wp\/v2\/product_brand?post=22827"},{"taxonomy":"product_cat","embeddable":true,"href":"https:\/\/ztsports.com\/fr\/wp-json\/wp\/v2\/product_cat?post=22827"},{"taxonomy":"product_tag","embeddable":true,"href":"https:\/\/ztsports.com\/fr\/wp-json\/wp\/v2\/product_tag?post=22827"}],"curies":[{"name":"wp","href":"https:\/\/api.w.org\/{rel}","templated":true}]}}