{"id":22821,"date":"2023-07-07T17:17:30","date_gmt":"2023-07-07T17:17:30","guid":{"rendered":"https:\/\/ztsports.com\/?post_type=product&#038;p=22821"},"modified":"2026-03-07T11:33:10","modified_gmt":"2026-03-07T11:33:10","slug":"edge-helmet-nagano-skate-short-track","status":"publish","type":"product","link":"https:\/\/ztsports.com\/fr\/store\/edge-helmet-nagano-skate-short-track\/","title":{"rendered":"EDGE Helmet Nagano Skate Short Track"},"content":{"rendered":"<h1>Casque EDGE Nagano Skate<\/h1>\n<p>Le casque EDGE Nagano Skate est tr\u00e8s l\u00e9ger et confortable, et il vous donnera en plus un v\u00e9ritable avantage.<\/p>\n<p>D\u00e9couvrez le tout nouveau casque EDGE de Nagano Skate.<\/p>\n<h4>3 couleurs et 2 tailles<\/h4>\n<p>S-M : 55 cm &#8211; 58 cm<br \/>\nL-XL : 58 cm &#8211; 61 cm<\/p>\n<p>De plus, il est certifi\u00e9 ASTM et CE pour le patinage de vitesse.<\/p>\n<h4 class=\"h-feature-headline h6\">Casque EDGE Nagano Skate<\/h4>\n<p><strong>Pourquoi :<\/strong> pour pr\u00e9venir les traumatismes cr\u00e2niens mineurs ou majeurs ainsi que les l\u00e9sions c\u00e9r\u00e9brales caus\u00e9es par des impacts avec la glace, les bottes, les lames, d\u2019autres patineurs, les bandes ou les protections de piste.<\/p>\n<p>Un casque doit \u00eatre port\u00e9 lors de toutes les activit\u00e9s sur glace. Il doit \u00eatre <strong>solidement attach\u00e9 sous le menton<\/strong> en permanence. Une lame de patin ne doit pas pouvoir p\u00e9n\u00e9trer dans les ouvertures de ventilation du casque.<\/p>\n<p>Pour les programmes \u00ab Learn to Speed Skate \u00bb et \u00ab Introduction to Speed Skating \u00bb, ainsi que pour l\u2019entra\u00eenement des cat\u00e9gories Active Start et FUNdamentals, les casques doivent \u00eatre certifi\u00e9s ASTM F1849 ou approuv\u00e9s CSA.<\/p>\n<p>Voir la vid\u00e9o d\u2019unboxing du casque Edge <a href=\"https:\/\/www.google.com\/search?q=edge+helmet+unboxing+video+nagano+skate&amp;rlz=1C1ONGR_enCA951CA951&amp;oq=edge+helmet+unboxing+video+nagano+skate&amp;gs_lcrp=EgZjaHJvbWUyBggAEEUYOTIHCAEQIRigATIHCAIQIRigATIHCAMQIRigAdIBCjE4Njg0ajBqMTWoAgCwAgA&amp;sourceid=chrome&amp;ie=UTF-8#fpstate=ive&amp;vld=cid:d744df74,vid:B2fMLfB1mGQ,st:0\" target=\"_blank\" rel=\"noopener\"><strong>ici<\/strong><\/a>.<\/p>\n<p>Enfin, d\u00e9couvrez nos autres <a href=\"https:\/\/ztsports.com\/product-category\/inline\/helmets\/\"><strong>casques ici<\/strong><\/a>.<\/p>\n","protected":false},"excerpt":{"rendered":"<p>Casque EDGE Nagano Skate Le casque EDGE Nagano Skate est tr\u00e8s l\u00e9ger et confortable, et il vous donnera en plus un v\u00e9ritable avantage. D\u00e9couvrez le tout nouveau casque EDGE de Nagano Skate. 3 couleurs et 2 tailles S-M : 55 cm &#8211; 58 cm L-XL : 58 cm &#8211; 61 cm De plus, il est [&hellip;]<\/p>\n","protected":false},"featured_media":22816,"comment_status":"open","ping_status":"closed","template":"","meta":{"_acf_changed":false,"_monsterinsights_skip_tracking":false,"_monsterinsights_sitenote_active":false,"_monsterinsights_sitenote_note":"","_monsterinsights_sitenote_category":0,"_uf_show_specific_survey":0,"_uf_disable_surveys":false,"site-sidebar-layout":"default","site-content-layout":"","ast-site-content-layout":"default","site-content-style":"default","site-sidebar-style":"default","ast-global-header-display":"","ast-banner-title-visibility":"","ast-main-header-display":"","ast-hfb-above-header-display":"","ast-hfb-below-header-display":"","ast-hfb-mobile-header-display":"","site-post-title":"","ast-breadcrumbs-content":"","ast-featured-img":"","footer-sml-layout":"","ast-disable-related-posts":"","theme-transparent-header-meta":"default","adv-header-id-meta":"","stick-header-meta":"","header-above-stick-meta":"","header-main-stick-meta":"","header-below-stick-meta":"","astra-migrate-meta-layouts":"set","ast-page-background-enabled":"default","ast-page-background-meta":{"desktop":{"background-color":"","background-image":"","background-repeat":"repeat","background-position":"center center","background-size":"auto","background-attachment":"scroll","background-type":"","background-media":"","overlay-type":"","overlay-color":"","overlay-opacity":"","overlay-gradient":""},"tablet":{"background-color":"","background-image":"","background-repeat":"repeat","background-position":"center center","background-size":"auto","background-attachment":"scroll","background-type":"","background-media":"","overlay-type":"","overlay-color":"","overlay-opacity":"","overlay-gradient":""},"mobile":{"background-color":"","background-image":"","background-repeat":"repeat","background-position":"center center","background-size":"auto","background-attachment":"scroll","background-type":"","background-media":"","overlay-type":"","overlay-color":"","overlay-opacity":"","overlay-gradient":""}},"ast-content-background-meta":{"desktop":{"background-color":"var(--ast-global-color-5)","background-image":"","background-repeat":"repeat","background-position":"center center","background-size":"auto","background-attachment":"scroll","background-type":"","background-media":"","overlay-type":"","overlay-color":"","overlay-opacity":"","overlay-gradient":""},"tablet":{"background-color":"var(--ast-global-color-5)","background-image":"","background-repeat":"repeat","background-position":"center center","background-size":"auto","background-attachment":"scroll","background-type":"","background-media":"","overlay-type":"","overlay-color":"","overlay-opacity":"","overlay-gradient":""},"mobile":{"background-color":"var(--ast-global-color-5)","background-image":"","background-repeat":"repeat","background-position":"center center","background-size":"auto","background-attachment":"scroll","background-type":"","background-media":"","overlay-type":"","overlay-color":"","overlay-opacity":"","overlay-gradient":""}}},"product_brand":[],"product_cat":[3378],"product_tag":[],"class_list":{"0":"post-22821","1":"product","2":"type-product","3":"status-publish","4":"has-post-thumbnail","6":"product_cat-non-categorise","7":"desktop-align-left","8":"tablet-align-left","9":"mobile-align-left","11":"first","12":"instock","13":"sale","14":"taxable","15":"shipping-taxable","16":"purchasable","17":"product-type-simple"},"acf":[],"_links":{"self":[{"href":"https:\/\/ztsports.com\/fr\/wp-json\/wp\/v2\/product\/22821","targetHints":{"allow":["GET"]}}],"collection":[{"href":"https:\/\/ztsports.com\/fr\/wp-json\/wp\/v2\/product"}],"about":[{"href":"https:\/\/ztsports.com\/fr\/wp-json\/wp\/v2\/types\/product"}],"replies":[{"embeddable":true,"href":"https:\/\/ztsports.com\/fr\/wp-json\/wp\/v2\/comments?post=22821"}],"version-history":[{"count":1,"href":"https:\/\/ztsports.com\/fr\/wp-json\/wp\/v2\/product\/22821\/revisions"}],"predecessor-version":[{"id":22822,"href":"https:\/\/ztsports.com\/fr\/wp-json\/wp\/v2\/product\/22821\/revisions\/22822"}],"wp:featuredmedia":[{"embeddable":true,"href":"https:\/\/ztsports.com\/fr\/wp-json\/wp\/v2\/media\/22816"}],"wp:attachment":[{"href":"https:\/\/ztsports.com\/fr\/wp-json\/wp\/v2\/media?parent=22821"}],"wp:term":[{"taxonomy":"product_brand","embeddable":true,"href":"https:\/\/ztsports.com\/fr\/wp-json\/wp\/v2\/product_brand?post=22821"},{"taxonomy":"product_cat","embeddable":true,"href":"https:\/\/ztsports.com\/fr\/wp-json\/wp\/v2\/product_cat?post=22821"},{"taxonomy":"product_tag","embeddable":true,"href":"https:\/\/ztsports.com\/fr\/wp-json\/wp\/v2\/product_tag?post=22821"}],"curies":[{"name":"wp","href":"https:\/\/api.w.org\/{rel}","templated":true}]}}