{"id":22814,"date":"2023-07-19T03:07:54","date_gmt":"2023-07-19T03:07:54","guid":{"rendered":"https:\/\/ztsports.com\/?post_type=product&#038;p=22814"},"modified":"2026-03-07T11:31:44","modified_gmt":"2026-03-07T11:31:44","slug":"apogee-dynamix-neck-guard-youth-2","status":"publish","type":"product","link":"https:\/\/ztsports.com\/fr\/store\/apogee-dynamix-neck-guard-youth-2\/","title":{"rendered":"Apogee Dynamix Neck Guard Youth"},"content":{"rendered":"<h1 class=\"product_title entry-title wd-entities-title\">Prot\u00e8ge-cou Apogee Youth<\/h1>\n<p>Ce prot\u00e8ge-cou Apogee Dynamix a \u00e9t\u00e9 d\u00e9velopp\u00e9 sp\u00e9cialement pour le patinage de vitesse short track.<\/p>\n<p>Il offre un haut niveau de protection contre les coupures. Gr\u00e2ce \u00e0 son design ergonomique 3D et \u00e0 son syst\u00e8me velcro anti-abrasion, il s\u2019ajuste parfaitement.<\/p>\n<h4 class=\"h-feature-headline h6\">PROT\u00c8GE-COU ANTI-COUPURES<\/h4>\n<p><strong>Pourquoi :<\/strong> pr\u00e9venir les coupures et les blessures par perforation au niveau du cou, en particulier dans les zones o\u00f9 se trouvent les art\u00e8res principales.<\/p>\n<p>Tous les patineurs doivent porter une protection de cou de type bavette qui doit \u00eatre correctement attach\u00e9e. Elle doit \u00eatre fabriqu\u00e9e en Kevlar, Dyneema ou nylon balistique. Toute protection int\u00e9gr\u00e9e dans la combinaison du patineur n\u2019est pas consid\u00e9r\u00e9e comme suffisante.<\/p>\n<p>Le prot\u00e8ge-cou Dynamix est \u00e9galement tr\u00e8s doux et confortable \u00e0 porter.<\/p>\n<p><strong>\u00c0 noter : FPVQ et <a href=\"https:\/\/www.ontariospeedskating.ca\/safety-equipment\" target=\"_blank\" rel=\"noopener\">OSSA<\/a> le consid\u00e8rent comme un accessoire obligatoire en comp\u00e9tition.<\/strong><\/p>\n<p>Enfin, d\u00e9couvrez notre <a href=\"https:\/\/ztsports.com\/product-category\/protection\/neck-guards\/\"><strong>s\u00e9lection compl\u00e8te de prot\u00e8ge-cous<\/strong><\/a> ici.<\/p>\n","protected":false},"excerpt":{"rendered":"<p>Prot\u00e8ge-cou Apogee Youth Ce prot\u00e8ge-cou Apogee Dynamix a \u00e9t\u00e9 d\u00e9velopp\u00e9 sp\u00e9cialement pour le patinage de vitesse short track. Il offre un haut niveau de protection contre les coupures. Gr\u00e2ce \u00e0 son design ergonomique 3D et \u00e0 son syst\u00e8me velcro anti-abrasion, il s\u2019ajuste parfaitement. PROT\u00c8GE-COU ANTI-COUPURES Pourquoi : pr\u00e9venir les coupures et les blessures par perforation [&hellip;]<\/p>\n","protected":false},"featured_media":22812,"comment_status":"open","ping_status":"closed","template":"","meta":{"_acf_changed":false,"_monsterinsights_skip_tracking":false,"_monsterinsights_sitenote_active":false,"_monsterinsights_sitenote_note":"","_monsterinsights_sitenote_category":0,"_uf_show_specific_survey":0,"_uf_disable_surveys":false,"site-sidebar-layout":"default","site-content-layout":"","ast-site-content-layout":"default","site-content-style":"default","site-sidebar-style":"default","ast-global-header-display":"","ast-banner-title-visibility":"","ast-main-header-display":"","ast-hfb-above-header-display":"","ast-hfb-below-header-display":"","ast-hfb-mobile-header-display":"","site-post-title":"","ast-breadcrumbs-content":"","ast-featured-img":"","footer-sml-layout":"","ast-disable-related-posts":"","theme-transparent-header-meta":"default","adv-header-id-meta":"","stick-header-meta":"","header-above-stick-meta":"","header-main-stick-meta":"","header-below-stick-meta":"","astra-migrate-meta-layouts":"set","ast-page-background-enabled":"default","ast-page-background-meta":{"desktop":{"background-color":"","background-image":"","background-repeat":"repeat","background-position":"center center","background-size":"auto","background-attachment":"scroll","background-type":"","background-media":"","overlay-type":"","overlay-color":"","overlay-opacity":"","overlay-gradient":""},"tablet":{"background-color":"","background-image":"","background-repeat":"repeat","background-position":"center center","background-size":"auto","background-attachment":"scroll","background-type":"","background-media":"","overlay-type":"","overlay-color":"","overlay-opacity":"","overlay-gradient":""},"mobile":{"background-color":"","background-image":"","background-repeat":"repeat","background-position":"center center","background-size":"auto","background-attachment":"scroll","background-type":"","background-media":"","overlay-type":"","overlay-color":"","overlay-opacity":"","overlay-gradient":""}},"ast-content-background-meta":{"desktop":{"background-color":"var(--ast-global-color-5)","background-image":"","background-repeat":"repeat","background-position":"center center","background-size":"auto","background-attachment":"scroll","background-type":"","background-media":"","overlay-type":"","overlay-color":"","overlay-opacity":"","overlay-gradient":""},"tablet":{"background-color":"var(--ast-global-color-5)","background-image":"","background-repeat":"repeat","background-position":"center center","background-size":"auto","background-attachment":"scroll","background-type":"","background-media":"","overlay-type":"","overlay-color":"","overlay-opacity":"","overlay-gradient":""},"mobile":{"background-color":"var(--ast-global-color-5)","background-image":"","background-repeat":"repeat","background-position":"center center","background-size":"auto","background-attachment":"scroll","background-type":"","background-media":"","overlay-type":"","overlay-color":"","overlay-opacity":"","overlay-gradient":""}}},"product_brand":[3275],"product_cat":[3378],"product_tag":[],"class_list":{"0":"post-22814","1":"product","2":"type-product","3":"status-publish","4":"has-post-thumbnail","6":"product_brand-apogee","7":"product_cat-non-categorise","8":"desktop-align-left","9":"tablet-align-left","10":"mobile-align-left","12":"first","13":"instock","14":"taxable","15":"shipping-taxable","16":"purchasable","17":"product-type-simple"},"acf":[],"_links":{"self":[{"href":"https:\/\/ztsports.com\/fr\/wp-json\/wp\/v2\/product\/22814","targetHints":{"allow":["GET"]}}],"collection":[{"href":"https:\/\/ztsports.com\/fr\/wp-json\/wp\/v2\/product"}],"about":[{"href":"https:\/\/ztsports.com\/fr\/wp-json\/wp\/v2\/types\/product"}],"replies":[{"embeddable":true,"href":"https:\/\/ztsports.com\/fr\/wp-json\/wp\/v2\/comments?post=22814"}],"version-history":[{"count":1,"href":"https:\/\/ztsports.com\/fr\/wp-json\/wp\/v2\/product\/22814\/revisions"}],"predecessor-version":[{"id":22815,"href":"https:\/\/ztsports.com\/fr\/wp-json\/wp\/v2\/product\/22814\/revisions\/22815"}],"wp:featuredmedia":[{"embeddable":true,"href":"https:\/\/ztsports.com\/fr\/wp-json\/wp\/v2\/media\/22812"}],"wp:attachment":[{"href":"https:\/\/ztsports.com\/fr\/wp-json\/wp\/v2\/media?parent=22814"}],"wp:term":[{"taxonomy":"product_brand","embeddable":true,"href":"https:\/\/ztsports.com\/fr\/wp-json\/wp\/v2\/product_brand?post=22814"},{"taxonomy":"product_cat","embeddable":true,"href":"https:\/\/ztsports.com\/fr\/wp-json\/wp\/v2\/product_cat?post=22814"},{"taxonomy":"product_tag","embeddable":true,"href":"https:\/\/ztsports.com\/fr\/wp-json\/wp\/v2\/product_tag?post=22814"}],"curies":[{"name":"wp","href":"https:\/\/api.w.org\/{rel}","templated":true}]}}