{"id":22810,"date":"2023-07-19T21:08:04","date_gmt":"2023-07-19T21:08:04","guid":{"rendered":"https:\/\/ztsports.com\/?post_type=product&#038;p=22810"},"modified":"2026-03-07T11:30:43","modified_gmt":"2026-03-07T11:30:43","slug":"diamond-de-burring-plate-2-sided","status":"publish","type":"product","link":"https:\/\/ztsports.com\/fr\/store\/diamond-de-burring-plate-2-sided\/","title":{"rendered":"Diamond De-burring Plate 2 Sided"},"content":{"rendered":"<h1 data-rm-block-id=\"block-1\">Plaquette diamant\u00e9e double face pour \u00e9bavurage<\/h1>\n<p data-rm-block-id=\"block-2\">Ces plaquettes diamant\u00e9es double face pour \u00e9bavurage sont fabriqu\u00e9es \u00e0 partir des feuilles diamant exclusives de Nagano Skate. Les pierres d\u2019\u00e9bavurage Frank\u2019s Signature sont tr\u00e8s efficaces et toujours faciles \u00e0 nettoyer. De plus, il suffit d\u2019utiliser un chiffon sec pour les nettoyer, <strong>sans huile, sans eau.<\/strong><\/p>\n<p data-rm-block-id=\"block-3\"><strong>Plaquette diamant\u00e9e d\u2019\u00e9bavurage 1&#8243;x1&#8243;<\/strong><\/p>\n<p data-rm-block-id=\"block-4\">Id\u00e9ale pour cr\u00e9er des encoches, polir une nouvelle lame ainsi que retirer les bavures rapidement et facilement.<\/p>\n<p data-rm-block-id=\"block-5\">Optez pour la petite plaquette double face pour un excellent rapport qualit\u00e9-prix.<\/p>\n<p data-rm-block-id=\"block-6\">Lors du choix de votre option, notez que plus le nombre indiqu\u00e9 entre parenth\u00e8ses \u00e0 c\u00f4t\u00e9 de la couleur est \u00e9lev\u00e9, plus la pierre est fine. Le noir est donc plus abrasif et l\u2019or plus doux.<\/p>\n<p data-rm-block-id=\"block-7\">L\u00e9g\u00e8re, efficace et sans entretien, l\u2019outil d\u2019\u00e9bavurage double face Frank\u2019s Signature Blue (400) et Red (600) ou Gold (1200) et Red (600) aide les patineurs \u00e0 garder des carres propres et tranchantes.<\/p>\n<h3 data-rm-block-id=\"block-8\"><strong>PLAQUETTE DIAMANT\u00c9E DOUBLE FACE FRANK\u2019S SIGNATURE POUR \u00c9BAVURAGE.<\/strong><\/h3>\n<p data-rm-block-id=\"block-9\"><strong>Utilisation de chaque grain de la plaquette diamant\u00e9e double face :<\/strong><\/p>\n<p data-rm-block-id=\"block-10\">Noir (140) : pour r\u00e9parer une lame endommag\u00e9e ou ondul\u00e9e.<\/p>\n<p data-rm-block-id=\"block-11\">Bleu (400) : pour les stries, les grosses bavures et la premi\u00e8re \u00e9tape du polissage d\u2019une nouvelle lame.<\/p>\n<p data-rm-block-id=\"block-12\">Rouge (600) : pour l\u2019\u00e9bavurage apr\u00e8s l\u2019aff\u00fbtage, deuxi\u00e8me \u00e9tape du polissage d\u2019une nouvelle lame.<\/p>\n<p data-rm-block-id=\"block-13\">Or (1200) : pour l\u2019\u00e9bavurage et le polissage.<\/p>\n<h5 data-rm-block-id=\"block-14\">Plaquette diamant\u00e9e double face pour \u00e9bavurage<\/h5>\n<p data-rm-block-id=\"block-15\">Dimensions : 1 pouce x 1 pouce, mont\u00e9e sur une plaque anodis\u00e9e.<\/p>\n<p data-rm-block-id=\"block-16\">Enfin, d\u00e9couvrez toutes nos <a href=\"\/?product_cat=diamond-stones-2\"><strong>pierres diamant\u00e9es d\u2019aff\u00fbtage et d\u2019\u00e9bavurage<\/strong><\/a> ici.<\/p>\n","protected":false},"excerpt":{"rendered":"<p>Plaquette diamant\u00e9e double face pour \u00e9bavurage Ces plaquettes diamant\u00e9es double face pour \u00e9bavurage sont fabriqu\u00e9es \u00e0 partir des feuilles diamant exclusives de Nagano Skate. Les pierres d\u2019\u00e9bavurage Frank\u2019s Signature sont tr\u00e8s efficaces et toujours faciles \u00e0 nettoyer. De plus, il suffit d\u2019utiliser un chiffon sec pour les nettoyer, sans huile, sans eau. Plaquette diamant\u00e9e d\u2019\u00e9bavurage [&hellip;]<\/p>\n","protected":false},"featured_media":22806,"comment_status":"open","ping_status":"closed","template":"","meta":{"_acf_changed":false,"_monsterinsights_skip_tracking":false,"_monsterinsights_sitenote_active":false,"_monsterinsights_sitenote_note":"","_monsterinsights_sitenote_category":0,"_uf_show_specific_survey":0,"_uf_disable_surveys":false,"site-sidebar-layout":"default","site-content-layout":"","ast-site-content-layout":"default","site-content-style":"default","site-sidebar-style":"default","ast-global-header-display":"","ast-banner-title-visibility":"","ast-main-header-display":"","ast-hfb-above-header-display":"","ast-hfb-below-header-display":"","ast-hfb-mobile-header-display":"","site-post-title":"","ast-breadcrumbs-content":"","ast-featured-img":"","footer-sml-layout":"","ast-disable-related-posts":"","theme-transparent-header-meta":"default","adv-header-id-meta":"","stick-header-meta":"","header-above-stick-meta":"","header-main-stick-meta":"","header-below-stick-meta":"","astra-migrate-meta-layouts":"set","ast-page-background-enabled":"default","ast-page-background-meta":{"desktop":{"background-color":"","background-image":"","background-repeat":"repeat","background-position":"center center","background-size":"auto","background-attachment":"scroll","background-type":"","background-media":"","overlay-type":"","overlay-color":"","overlay-opacity":"","overlay-gradient":""},"tablet":{"background-color":"","background-image":"","background-repeat":"repeat","background-position":"center center","background-size":"auto","background-attachment":"scroll","background-type":"","background-media":"","overlay-type":"","overlay-color":"","overlay-opacity":"","overlay-gradient":""},"mobile":{"background-color":"","background-image":"","background-repeat":"repeat","background-position":"center center","background-size":"auto","background-attachment":"scroll","background-type":"","background-media":"","overlay-type":"","overlay-color":"","overlay-opacity":"","overlay-gradient":""}},"ast-content-background-meta":{"desktop":{"background-color":"var(--ast-global-color-5)","background-image":"","background-repeat":"repeat","background-position":"center center","background-size":"auto","background-attachment":"scroll","background-type":"","background-media":"","overlay-type":"","overlay-color":"","overlay-opacity":"","overlay-gradient":""},"tablet":{"background-color":"var(--ast-global-color-5)","background-image":"","background-repeat":"repeat","background-position":"center center","background-size":"auto","background-attachment":"scroll","background-type":"","background-media":"","overlay-type":"","overlay-color":"","overlay-opacity":"","overlay-gradient":""},"mobile":{"background-color":"var(--ast-global-color-5)","background-image":"","background-repeat":"repeat","background-position":"center center","background-size":"auto","background-attachment":"scroll","background-type":"","background-media":"","overlay-type":"","overlay-color":"","overlay-opacity":"","overlay-gradient":""}}},"product_brand":[3326],"product_cat":[3378],"product_tag":[],"class_list":{"0":"post-22810","1":"product","2":"type-product","3":"status-publish","4":"has-post-thumbnail","6":"product_brand-nagano","7":"product_cat-non-categorise","8":"desktop-align-left","9":"tablet-align-left","10":"mobile-align-left","12":"first","13":"instock","14":"taxable","15":"shipping-taxable","16":"purchasable","17":"product-type-simple"},"acf":[],"_links":{"self":[{"href":"https:\/\/ztsports.com\/fr\/wp-json\/wp\/v2\/product\/22810","targetHints":{"allow":["GET"]}}],"collection":[{"href":"https:\/\/ztsports.com\/fr\/wp-json\/wp\/v2\/product"}],"about":[{"href":"https:\/\/ztsports.com\/fr\/wp-json\/wp\/v2\/types\/product"}],"replies":[{"embeddable":true,"href":"https:\/\/ztsports.com\/fr\/wp-json\/wp\/v2\/comments?post=22810"}],"version-history":[{"count":1,"href":"https:\/\/ztsports.com\/fr\/wp-json\/wp\/v2\/product\/22810\/revisions"}],"predecessor-version":[{"id":22811,"href":"https:\/\/ztsports.com\/fr\/wp-json\/wp\/v2\/product\/22810\/revisions\/22811"}],"wp:featuredmedia":[{"embeddable":true,"href":"https:\/\/ztsports.com\/fr\/wp-json\/wp\/v2\/media\/22806"}],"wp:attachment":[{"href":"https:\/\/ztsports.com\/fr\/wp-json\/wp\/v2\/media?parent=22810"}],"wp:term":[{"taxonomy":"product_brand","embeddable":true,"href":"https:\/\/ztsports.com\/fr\/wp-json\/wp\/v2\/product_brand?post=22810"},{"taxonomy":"product_cat","embeddable":true,"href":"https:\/\/ztsports.com\/fr\/wp-json\/wp\/v2\/product_cat?post=22810"},{"taxonomy":"product_tag","embeddable":true,"href":"https:\/\/ztsports.com\/fr\/wp-json\/wp\/v2\/product_tag?post=22810"}],"curies":[{"name":"wp","href":"https:\/\/api.w.org\/{rel}","templated":true}]}}