{"id":22803,"date":"2023-07-21T14:14:26","date_gmt":"2023-07-21T14:14:26","guid":{"rendered":"https:\/\/ztsports.com\/?post_type=product&#038;p=22803"},"modified":"2026-03-07T11:29:43","modified_gmt":"2026-03-07T11:29:43","slug":"bont-3pt-inline-bolts-flat-head-mounting-bolts","status":"publish","type":"product","link":"https:\/\/ztsports.com\/fr\/store\/bont-3pt-inline-bolts-flat-head-mounting-bolts\/","title":{"rendered":"Bont 3PT Inline Bolts Flat Head Mounting Bolts"},"content":{"rendered":"<div class=\"col-8\">\n<h1 class=\"product-title\">Boulons de montage Bont 3PT Inline<\/h1>\n<p>Ces boulons Bont 3PT Inline sont con\u00e7us pour fixer les ch\u00e2ssis 3 points aux bottes 3 points. Il est important de noter que ces boulons 3 points peuvent \u00eatre trop longs et ne conviennent pas aux bottes \u00e0 fixation 2 points.<\/p>\n<p>Pour les patins inline standard \u00e0 fixation 2 points, nous recommandons plut\u00f4t ces <a href=\"https:\/\/ztsports.com\/product\/inline-flat-head-bolt-2\/\"><strong>BOULONS \u00c0 T\u00caTE PLATE<\/strong><\/a>.<\/p>\n<h5>Boulons pour patins de vitesse inline Bont \u00e0 fixation 3 points.<\/h5>\n<p><strong>Enfin, ils sont vendus en lot de 6 boulons.<\/strong><\/p>\n<p>Boulons de montage pour patins de vitesse inline \u00e0 fixation 3 points.<\/p>\n<p>Lot de 6 boulons.<\/p>\n<p>Ces boulons ne conviennent pas aux bottes \u00e0 fixation 2 points.<\/p>\n<p>D\u00e9couvrez \u00e9galement toutes nos <a href=\"\/?product_cat=parts-tools1\"><strong>pi\u00e8ces et outils pour inline<\/strong><\/a> ici.<\/p>\n<p>&nbsp;<\/p>\n<\/div>\n<div class=\"col-4 text-right\">\n<div id=\"product-price\"><\/div>\n<\/div>\n","protected":false},"excerpt":{"rendered":"<p>Boulons de montage Bont 3PT Inline Ces boulons Bont 3PT Inline sont con\u00e7us pour fixer les ch\u00e2ssis 3 points aux bottes 3 points. Il est important de noter que ces boulons 3 points peuvent \u00eatre trop longs et ne conviennent pas aux bottes \u00e0 fixation 2 points. Pour les patins inline standard \u00e0 fixation 2 [&hellip;]<\/p>\n","protected":false},"featured_media":22801,"comment_status":"open","ping_status":"closed","template":"","meta":{"_acf_changed":false,"_monsterinsights_skip_tracking":false,"_monsterinsights_sitenote_active":false,"_monsterinsights_sitenote_note":"","_monsterinsights_sitenote_category":0,"_uf_show_specific_survey":0,"_uf_disable_surveys":false,"site-sidebar-layout":"default","site-content-layout":"","ast-site-content-layout":"default","site-content-style":"default","site-sidebar-style":"default","ast-global-header-display":"","ast-banner-title-visibility":"","ast-main-header-display":"","ast-hfb-above-header-display":"","ast-hfb-below-header-display":"","ast-hfb-mobile-header-display":"","site-post-title":"","ast-breadcrumbs-content":"","ast-featured-img":"","footer-sml-layout":"","ast-disable-related-posts":"","theme-transparent-header-meta":"default","adv-header-id-meta":"","stick-header-meta":"","header-above-stick-meta":"","header-main-stick-meta":"","header-below-stick-meta":"","astra-migrate-meta-layouts":"set","ast-page-background-enabled":"default","ast-page-background-meta":{"desktop":{"background-color":"","background-image":"","background-repeat":"repeat","background-position":"center center","background-size":"auto","background-attachment":"scroll","background-type":"","background-media":"","overlay-type":"","overlay-color":"","overlay-opacity":"","overlay-gradient":""},"tablet":{"background-color":"","background-image":"","background-repeat":"repeat","background-position":"center center","background-size":"auto","background-attachment":"scroll","background-type":"","background-media":"","overlay-type":"","overlay-color":"","overlay-opacity":"","overlay-gradient":""},"mobile":{"background-color":"","background-image":"","background-repeat":"repeat","background-position":"center center","background-size":"auto","background-attachment":"scroll","background-type":"","background-media":"","overlay-type":"","overlay-color":"","overlay-opacity":"","overlay-gradient":""}},"ast-content-background-meta":{"desktop":{"background-color":"var(--ast-global-color-5)","background-image":"","background-repeat":"repeat","background-position":"center center","background-size":"auto","background-attachment":"scroll","background-type":"","background-media":"","overlay-type":"","overlay-color":"","overlay-opacity":"","overlay-gradient":""},"tablet":{"background-color":"var(--ast-global-color-5)","background-image":"","background-repeat":"repeat","background-position":"center center","background-size":"auto","background-attachment":"scroll","background-type":"","background-media":"","overlay-type":"","overlay-color":"","overlay-opacity":"","overlay-gradient":""},"mobile":{"background-color":"var(--ast-global-color-5)","background-image":"","background-repeat":"repeat","background-position":"center center","background-size":"auto","background-attachment":"scroll","background-type":"","background-media":"","overlay-type":"","overlay-color":"","overlay-opacity":"","overlay-gradient":""}}},"product_brand":[3285],"product_cat":[3381],"product_tag":[],"class_list":{"0":"post-22803","1":"product","2":"type-product","3":"status-publish","4":"has-post-thumbnail","6":"product_brand-bont","7":"product_cat-patinage-de-vitesse-en-ligne","8":"desktop-align-left","9":"tablet-align-left","10":"mobile-align-left","12":"first","13":"instock","14":"taxable","15":"shipping-taxable","16":"purchasable","17":"product-type-simple"},"acf":[],"_links":{"self":[{"href":"https:\/\/ztsports.com\/fr\/wp-json\/wp\/v2\/product\/22803","targetHints":{"allow":["GET"]}}],"collection":[{"href":"https:\/\/ztsports.com\/fr\/wp-json\/wp\/v2\/product"}],"about":[{"href":"https:\/\/ztsports.com\/fr\/wp-json\/wp\/v2\/types\/product"}],"replies":[{"embeddable":true,"href":"https:\/\/ztsports.com\/fr\/wp-json\/wp\/v2\/comments?post=22803"}],"version-history":[{"count":1,"href":"https:\/\/ztsports.com\/fr\/wp-json\/wp\/v2\/product\/22803\/revisions"}],"predecessor-version":[{"id":22804,"href":"https:\/\/ztsports.com\/fr\/wp-json\/wp\/v2\/product\/22803\/revisions\/22804"}],"wp:featuredmedia":[{"embeddable":true,"href":"https:\/\/ztsports.com\/fr\/wp-json\/wp\/v2\/media\/22801"}],"wp:attachment":[{"href":"https:\/\/ztsports.com\/fr\/wp-json\/wp\/v2\/media?parent=22803"}],"wp:term":[{"taxonomy":"product_brand","embeddable":true,"href":"https:\/\/ztsports.com\/fr\/wp-json\/wp\/v2\/product_brand?post=22803"},{"taxonomy":"product_cat","embeddable":true,"href":"https:\/\/ztsports.com\/fr\/wp-json\/wp\/v2\/product_cat?post=22803"},{"taxonomy":"product_tag","embeddable":true,"href":"https:\/\/ztsports.com\/fr\/wp-json\/wp\/v2\/product_tag?post=22803"}],"curies":[{"name":"wp","href":"https:\/\/api.w.org\/{rel}","templated":true}]}}