{"id":22798,"date":"2023-07-25T15:14:51","date_gmt":"2023-07-25T15:14:51","guid":{"rendered":"https:\/\/ztsports.com\/?post_type=product&#038;p=22798"},"modified":"2026-03-07T11:28:18","modified_gmt":"2026-03-07T11:28:18","slug":"self-centering-bearing-spacers-608-inline","status":"publish","type":"product","link":"https:\/\/ztsports.com\/fr\/store\/self-centering-bearing-spacers-608-inline\/","title":{"rendered":"Self Centering Bearing Spacers 608 Inline"},"content":{"rendered":"<h2>Entretoises de roulement auto-centrantes 608 Inline<\/h2>\n<p>Les entretoises de roulement auto-centrantes 608 Inline sont fabriqu\u00e9es en aluminium. Entretoises pour roulements de rollers.<\/p>\n<p><strong>NE COMMANDEZ PAS les entretoises simplement parce que vous <u><em>aimez<\/em><\/u> la couleur. Lisez ci-dessous pour savoir ce dont vous avez besoin avant de choisir la couleur.<\/strong><\/p>\n<p><strong>Entretoises auto-centrantes pour roulements 608 de rollers inline en aluminium :<\/strong><\/p>\n<p>Fabriqu\u00e9es en aluminium de qualit\u00e9 a\u00e9ronautique, elles sont tr\u00e8s l\u00e9g\u00e8res. La collerette auto-centrante est con\u00e7ue pour \u00eatre utilis\u00e9e avec des roulements standard 608, des roues \u00e0 moyeu standard et des axes de 8 mm. Vendues \u00e0 l\u2019unit\u00e9.<\/p>\n<p>Vos roulements ne sont efficaces que si vos entretoises le sont. Le r\u00f4le de l\u2019entretoise est d\u2019\u00e9carter les roulements afin d\u2019obtenir une meilleure rotation libre. Les tol\u00e9rances \u00e9tant tr\u00e8s pr\u00e9cises et chaque marque de roue ou de roulement ayant des dimensions l\u00e9g\u00e8rement diff\u00e9rentes, nous proposons plusieurs longueurs afin d\u2019assurer un ajustement correct.<\/p>\n<p><strong>Quelques points importants \u00e0 savoir sur les entretoises de roulement pour rollers :<\/strong><\/p>\n<p>Certains fabricants de roues ne positionnent pas leurs logements de roulement exactement \u00e0 10 mm d\u2019\u00e9cart, qui est la norme pour les roues de vitesse inline. Si un patineur utilise ce type de roues et serre ses axes, la roue peut ne pas tourner correctement si l\u2019entretoise est trop courte.<\/p>\n<p>En plus des variations possibles des moyeux de roues, les entretoises peuvent \u00e9galement se raccourcir avec le temps \u00e0 cause de l\u2019usure ou de la compression et doivent donc \u00eatre remplac\u00e9es. Pour r\u00e9soudre ce probl\u00e8me, nous proposons diff\u00e9rentes longueurs d\u2019entretoises.<\/p>\n<p>La longueur standard des entretoises est comprise entre 10,11 mm et 10,33 mm, ce qui fonctionne avec la plupart des roues.<\/p>\n<p>La plupart des patineurs de vitesse inline choisissent la longueur standard afin d\u2019assurer une rotation libre (\u00ab free spin \u00bb).<\/p>\n<p>Si vous entendez un <u><em>clic<\/em><\/u> pendant que vous patinez, cela indique g\u00e9n\u00e9ralement qu\u2019une entretoise est l\u00e9g\u00e8rement trop longue. Ce bruit peut ne provenir que de certaines roues.<\/p>\n<p>Il est conseill\u00e9 d\u2019avoir plusieurs longueurs d\u2019entretoises afin de trouver l\u2019ajustement parfait pour vos roues.<\/p>\n<p><strong>Quelques points importants concernant les moyeux en aluminium <em>vs.<\/em> les moyeux en plastique :<\/strong><\/p>\n<p>Un logement de roulement dans un moyeu en plastique est flexible. Il peut donc \u00eatre l\u00e9g\u00e8rement plus petit que le roulement afin que celui-ci reste bien en place une fois ins\u00e9r\u00e9. Avec un moyeu en aluminium, si le logement est trop petit, le roulement peut entrer mais sera tr\u00e8s difficile, voire impossible, \u00e0 retirer.<\/p>\n<p>La tol\u00e9rance du logement de roulement dans les moyeux en aluminium est g\u00e9n\u00e9ralement de -0,00 +0,02 mm. Cela signifie que le trou ne peut pas \u00eatre trop petit, mais qu\u2019il peut \u00eatre jusqu\u2019\u00e0 0,02 mm plus grand.<\/p>\n<p>Dans une roue \u00e0 moyeu en aluminium, il est normal d\u2019entendre un l\u00e9ger bruit lorsque le roulement en acier touche le moyeu en aluminium, et il peut parfois sortir facilement de la roue. Cela est normal et n\u2019affecte pas les performances.<\/p>\n<p>Les entretoises auto-centrantes 608 pour <a href=\"https:\/\/ztsports.com\/product-category\/patinage-de-vitesse-en-ligne\/bearings\/\"><strong>roulements 608<\/strong><\/a> sont disponibles en trois versions. Les entretoises Bont rouges et noires mesurent 10,05 mm ; l\u2019entretoise dor\u00e9e mesure 10,2 mm ; l\u2019entretoise argent\u00e9e mesure 10,35 mm.<\/p>\n<p>Les entretoises dor\u00e9es et rouges sont destin\u00e9es aux roues avec moyeu en aluminium. Si vous utilisez une entretoise rouge ou noire et que la roue ne tourne pas correctement, vous devrez passer \u00e0 l\u2019entretoise dor\u00e9e. Il est conseill\u00e9 d\u2019avoir plusieurs tailles afin de trouver l\u2019ajustement parfait pour vos roues.<\/p>\n<h5>Les entretoises de roulement font-elles une diff\u00e9rence ?<\/h5>\n<p><strong>Elles permettent de verrouiller toutes les pi\u00e8ces ensemble avec la bague int\u00e9rieure du roulement afin que, lorsque vous roulez, ce soient les roulements qui tournent autour de leur bague int\u00e9rieure et non la bague int\u00e9rieure qui tourne autour de l\u2019axe.<\/strong><\/p>\n<p>Vous avez besoin d\u2019<strong>une entretoise par roue<\/strong>. Vendue individuellement (1 pi\u00e8ce).<\/p>\n<p><strong>Utilisation recommand\u00e9e :<\/strong><\/p>\n<ul>\n<li><strong>Entretoises rouges 10.05 mm<\/strong> \u2013 roues Red Magic Hardcore<\/li>\n<li><strong>Entretoises noires 10.05 mm<\/strong> \u2013 roues Red Magic Hardcore<\/li>\n<li><strong>Entretoises dor\u00e9es 10.20 mm<\/strong> \u2013 roues Avenger Hardcore<\/li>\n<li><strong>Entretoises argent\u00e9es 10.35 mm<\/strong> \u2013 roues \u00e0 moyeu plastique<\/li>\n<\/ul>\n<h3>Comment <a href=\"https:\/\/www.youtube.com\/watch?v=H6ZUuTv1Keo&amp;t=246s\" target=\"_blank\" rel=\"noopener\"><em><strong>trouver l\u2019entretoise parfaite<\/strong><\/em><\/a> \u2013 Vid\u00e9o YouTube<\/h3>\n<p>Enfin, d\u00e9couvrez toutes nos <a href=\"https:\/\/ztsports.com\/product-category\/roller-skates\/bearings-tools\/\"><strong>entretoises auto-centrantes, pi\u00e8ces et outils pour roulements<\/strong><\/a> ici.<\/p>\n","protected":false},"excerpt":{"rendered":"<p>Entretoises de roulement auto-centrantes 608 Inline Les entretoises de roulement auto-centrantes 608 Inline sont fabriqu\u00e9es en aluminium. Entretoises pour roulements de rollers. NE COMMANDEZ PAS les entretoises simplement parce que vous aimez la couleur. Lisez ci-dessous pour savoir ce dont vous avez besoin avant de choisir la couleur. Entretoises auto-centrantes pour roulements 608 de rollers [&hellip;]<\/p>\n","protected":false},"featured_media":22791,"comment_status":"open","ping_status":"closed","template":"","meta":{"_acf_changed":false,"_monsterinsights_skip_tracking":false,"_monsterinsights_sitenote_active":false,"_monsterinsights_sitenote_note":"","_monsterinsights_sitenote_category":0,"_uf_show_specific_survey":0,"_uf_disable_surveys":false,"site-sidebar-layout":"default","site-content-layout":"","ast-site-content-layout":"default","site-content-style":"default","site-sidebar-style":"default","ast-global-header-display":"","ast-banner-title-visibility":"","ast-main-header-display":"","ast-hfb-above-header-display":"","ast-hfb-below-header-display":"","ast-hfb-mobile-header-display":"","site-post-title":"","ast-breadcrumbs-content":"","ast-featured-img":"","footer-sml-layout":"","ast-disable-related-posts":"","theme-transparent-header-meta":"default","adv-header-id-meta":"","stick-header-meta":"","header-above-stick-meta":"","header-main-stick-meta":"","header-below-stick-meta":"","astra-migrate-meta-layouts":"set","ast-page-background-enabled":"default","ast-page-background-meta":{"desktop":{"background-color":"","background-image":"","background-repeat":"repeat","background-position":"center center","background-size":"auto","background-attachment":"scroll","background-type":"","background-media":"","overlay-type":"","overlay-color":"","overlay-opacity":"","overlay-gradient":""},"tablet":{"background-color":"","background-image":"","background-repeat":"repeat","background-position":"center center","background-size":"auto","background-attachment":"scroll","background-type":"","background-media":"","overlay-type":"","overlay-color":"","overlay-opacity":"","overlay-gradient":""},"mobile":{"background-color":"","background-image":"","background-repeat":"repeat","background-position":"center center","background-size":"auto","background-attachment":"scroll","background-type":"","background-media":"","overlay-type":"","overlay-color":"","overlay-opacity":"","overlay-gradient":""}},"ast-content-background-meta":{"desktop":{"background-color":"var(--ast-global-color-5)","background-image":"","background-repeat":"repeat","background-position":"center center","background-size":"auto","background-attachment":"scroll","background-type":"","background-media":"","overlay-type":"","overlay-color":"","overlay-opacity":"","overlay-gradient":""},"tablet":{"background-color":"var(--ast-global-color-5)","background-image":"","background-repeat":"repeat","background-position":"center center","background-size":"auto","background-attachment":"scroll","background-type":"","background-media":"","overlay-type":"","overlay-color":"","overlay-opacity":"","overlay-gradient":""},"mobile":{"background-color":"var(--ast-global-color-5)","background-image":"","background-repeat":"repeat","background-position":"center center","background-size":"auto","background-attachment":"scroll","background-type":"","background-media":"","overlay-type":"","overlay-color":"","overlay-opacity":"","overlay-gradient":""}}},"product_brand":[3285,3325],"product_cat":[3381],"product_tag":[3799],"class_list":{"0":"post-22798","1":"product","2":"type-product","3":"status-publish","4":"has-post-thumbnail","6":"product_brand-bont","7":"product_brand-mpc","8":"product_cat-patinage-de-vitesse-en-ligne","9":"product_tag-bont","10":"desktop-align-left","11":"tablet-align-left","12":"mobile-align-left","14":"first","15":"instock","16":"taxable","17":"shipping-taxable","18":"purchasable","19":"product-type-simple"},"acf":[],"_links":{"self":[{"href":"https:\/\/ztsports.com\/fr\/wp-json\/wp\/v2\/product\/22798","targetHints":{"allow":["GET"]}}],"collection":[{"href":"https:\/\/ztsports.com\/fr\/wp-json\/wp\/v2\/product"}],"about":[{"href":"https:\/\/ztsports.com\/fr\/wp-json\/wp\/v2\/types\/product"}],"replies":[{"embeddable":true,"href":"https:\/\/ztsports.com\/fr\/wp-json\/wp\/v2\/comments?post=22798"}],"version-history":[{"count":2,"href":"https:\/\/ztsports.com\/fr\/wp-json\/wp\/v2\/product\/22798\/revisions"}],"predecessor-version":[{"id":22800,"href":"https:\/\/ztsports.com\/fr\/wp-json\/wp\/v2\/product\/22798\/revisions\/22800"}],"wp:featuredmedia":[{"embeddable":true,"href":"https:\/\/ztsports.com\/fr\/wp-json\/wp\/v2\/media\/22791"}],"wp:attachment":[{"href":"https:\/\/ztsports.com\/fr\/wp-json\/wp\/v2\/media?parent=22798"}],"wp:term":[{"taxonomy":"product_brand","embeddable":true,"href":"https:\/\/ztsports.com\/fr\/wp-json\/wp\/v2\/product_brand?post=22798"},{"taxonomy":"product_cat","embeddable":true,"href":"https:\/\/ztsports.com\/fr\/wp-json\/wp\/v2\/product_cat?post=22798"},{"taxonomy":"product_tag","embeddable":true,"href":"https:\/\/ztsports.com\/fr\/wp-json\/wp\/v2\/product_tag?post=22798"}],"curies":[{"name":"wp","href":"https:\/\/api.w.org\/{rel}","templated":true}]}}