{"id":22788,"date":"2023-07-26T21:22:48","date_gmt":"2023-07-26T21:22:48","guid":{"rendered":"https:\/\/ztsports.com\/?post_type=product&#038;p=22788"},"modified":"2026-03-07T11:26:57","modified_gmt":"2026-03-07T11:26:57","slug":"long-sleeve-bearing-spacer-6mm-axles-and-608","status":"publish","type":"product","link":"https:\/\/ztsports.com\/fr\/store\/long-sleeve-bearing-spacer-6mm-axles-and-608\/","title":{"rendered":"Long Sleeve Bearing Spacer 6mm axles and 608"},"content":{"rendered":"<h2>Entretoises longues pour roulements \u2013 axes 6 mm et roulements 608<\/h2>\n<p>Les entretoises longues pour roulements sont des entretoises en aluminium qui restent parfaitement align\u00e9es et emp\u00eachent les roulements de se comprimer dans les roues. Il est peut-\u00eatre temps de remplacer vos anciennes entretoises en plastique. Elles alignent le roulement, la roue et l\u2019axe afin d\u2019am\u00e9liorer la glisse et la rotation libre.<\/p>\n<h1 class=\"a-size-base-plus a-text-bold\">\u00c0 propos de cet article<\/h1>\n<ul>\n<li class=\"a-spacing-mini\"><span class=\"a-list-item\">Lot \u00e9conomique : 8 entretoises solides de remplacement pour roues de roller inline.<\/span><\/li>\n<li>\u00c9galement vendues \u00e0 l\u2019unit\u00e9<\/li>\n<li class=\"a-spacing-mini\"><span class=\"a-list-item\">Les entretoises en aluminium restent parfaitement droites et emp\u00eachent les roulements de se comprimer dans les roues.<\/span><\/li>\n<li class=\"a-spacing-mini\"><span class=\"a-list-item\">Longueur totale : 23,5 mm ; diam\u00e8tre int\u00e9rieur : 6,3 mm ; diam\u00e8tre ext\u00e9rieur : 7,9 mm<\/span><\/li>\n<li class=\"a-spacing-mini\"><span class=\"a-list-item\">Install\u00e9e entre deux roulements, elle permet de passer d\u2019un diam\u00e8tre int\u00e9rieur de roulement de 8 mm \u00e0 6 mm.<\/span><\/li>\n<li class=\"a-spacing-mini\"><span class=\"a-list-item\">Vous aide \u00e0 patiner plus vite avec moins d\u2019\u00e9nergie pour maintenir votre mouvement.<\/span><\/li>\n<li>Entretoises longues de remplacement en aluminium pour roulements.<\/li>\n<li>Con\u00e7ues pour axes de 6 mm et roulements 608.<\/li>\n<li>Alignent le roulement, la roue et l\u2019axe pour am\u00e9liorer la glisse et la rotation libre.<\/li>\n<\/ul>\n<p class=\"style-scope ytd-watch-metadata\">Tout aussi important : comment <a href=\"https:\/\/www.youtube.com\/watch?v=-sltGhndR-o&amp;t=103s\" target=\"_blank\" rel=\"noopener\"><strong>choisir les bonnes entretoises de roulement<\/strong><\/a>.<\/p>\n<p class=\"style-scope ytd-watch-metadata\">Tout ce que vous vouliez savoir <a href=\"https:\/\/www.thisissoul.com\/products\/titen-bearing-spacers-self-centering\" target=\"_blank\" rel=\"noopener\"><strong>sur les entretoises de roulement<\/strong><\/a> sans jamais oser le demander.<\/p>\n<p>Enfin, d\u00e9couvrez toutes nos <a href=\"https:\/\/ztsports.com\/product-category\/roller-skates\/bearings-tools\/\"><strong>pi\u00e8ces et outils pour roulements<\/strong><\/a> ici.<\/p>\n","protected":false},"excerpt":{"rendered":"<p>Entretoises longues pour roulements \u2013 axes 6 mm et roulements 608 Les entretoises longues pour roulements sont des entretoises en aluminium qui restent parfaitement align\u00e9es et emp\u00eachent les roulements de se comprimer dans les roues. Il est peut-\u00eatre temps de remplacer vos anciennes entretoises en plastique. Elles alignent le roulement, la roue et l\u2019axe afin [&hellip;]<\/p>\n","protected":false},"featured_media":22784,"comment_status":"open","ping_status":"closed","template":"","meta":{"_acf_changed":false,"_monsterinsights_skip_tracking":false,"_monsterinsights_sitenote_active":false,"_monsterinsights_sitenote_note":"","_monsterinsights_sitenote_category":0,"_uf_show_specific_survey":0,"_uf_disable_surveys":false,"site-sidebar-layout":"default","site-content-layout":"","ast-site-content-layout":"default","site-content-style":"default","site-sidebar-style":"default","ast-global-header-display":"","ast-banner-title-visibility":"","ast-main-header-display":"","ast-hfb-above-header-display":"","ast-hfb-below-header-display":"","ast-hfb-mobile-header-display":"","site-post-title":"","ast-breadcrumbs-content":"","ast-featured-img":"","footer-sml-layout":"","ast-disable-related-posts":"","theme-transparent-header-meta":"default","adv-header-id-meta":"","stick-header-meta":"","header-above-stick-meta":"","header-main-stick-meta":"","header-below-stick-meta":"","astra-migrate-meta-layouts":"set","ast-page-background-enabled":"default","ast-page-background-meta":{"desktop":{"background-color":"","background-image":"","background-repeat":"repeat","background-position":"center center","background-size":"auto","background-attachment":"scroll","background-type":"","background-media":"","overlay-type":"","overlay-color":"","overlay-opacity":"","overlay-gradient":""},"tablet":{"background-color":"","background-image":"","background-repeat":"repeat","background-position":"center center","background-size":"auto","background-attachment":"scroll","background-type":"","background-media":"","overlay-type":"","overlay-color":"","overlay-opacity":"","overlay-gradient":""},"mobile":{"background-color":"","background-image":"","background-repeat":"repeat","background-position":"center center","background-size":"auto","background-attachment":"scroll","background-type":"","background-media":"","overlay-type":"","overlay-color":"","overlay-opacity":"","overlay-gradient":""}},"ast-content-background-meta":{"desktop":{"background-color":"var(--ast-global-color-5)","background-image":"","background-repeat":"repeat","background-position":"center center","background-size":"auto","background-attachment":"scroll","background-type":"","background-media":"","overlay-type":"","overlay-color":"","overlay-opacity":"","overlay-gradient":""},"tablet":{"background-color":"var(--ast-global-color-5)","background-image":"","background-repeat":"repeat","background-position":"center center","background-size":"auto","background-attachment":"scroll","background-type":"","background-media":"","overlay-type":"","overlay-color":"","overlay-opacity":"","overlay-gradient":""},"mobile":{"background-color":"var(--ast-global-color-5)","background-image":"","background-repeat":"repeat","background-position":"center center","background-size":"auto","background-attachment":"scroll","background-type":"","background-media":"","overlay-type":"","overlay-color":"","overlay-opacity":"","overlay-gradient":""}}},"product_brand":[3280,3285,3289,3317,3318,3319,3327,3330,3334,3365],"product_cat":[3381],"product_tag":[],"class_list":{"0":"post-22788","1":"product","2":"type-product","3":"status-publish","4":"has-post-thumbnail","6":"product_brand-bionic","7":"product_brand-bont","8":"product_brand-cadomotus","9":"product_brand-luigino","10":"product_brand-maple","11":"product_brand-maplez","12":"product_brand-ninja","13":"product_brand-powerslide","14":"product_brand-salomon","15":"product_brand-zt-sports","16":"product_cat-patinage-de-vitesse-en-ligne","17":"desktop-align-left","18":"tablet-align-left","19":"mobile-align-left","21":"first","22":"instock","23":"taxable","24":"shipping-taxable","25":"purchasable","26":"product-type-simple"},"acf":[],"_links":{"self":[{"href":"https:\/\/ztsports.com\/fr\/wp-json\/wp\/v2\/product\/22788","targetHints":{"allow":["GET"]}}],"collection":[{"href":"https:\/\/ztsports.com\/fr\/wp-json\/wp\/v2\/product"}],"about":[{"href":"https:\/\/ztsports.com\/fr\/wp-json\/wp\/v2\/types\/product"}],"replies":[{"embeddable":true,"href":"https:\/\/ztsports.com\/fr\/wp-json\/wp\/v2\/comments?post=22788"}],"version-history":[{"count":1,"href":"https:\/\/ztsports.com\/fr\/wp-json\/wp\/v2\/product\/22788\/revisions"}],"predecessor-version":[{"id":22789,"href":"https:\/\/ztsports.com\/fr\/wp-json\/wp\/v2\/product\/22788\/revisions\/22789"}],"wp:featuredmedia":[{"embeddable":true,"href":"https:\/\/ztsports.com\/fr\/wp-json\/wp\/v2\/media\/22784"}],"wp:attachment":[{"href":"https:\/\/ztsports.com\/fr\/wp-json\/wp\/v2\/media?parent=22788"}],"wp:term":[{"taxonomy":"product_brand","embeddable":true,"href":"https:\/\/ztsports.com\/fr\/wp-json\/wp\/v2\/product_brand?post=22788"},{"taxonomy":"product_cat","embeddable":true,"href":"https:\/\/ztsports.com\/fr\/wp-json\/wp\/v2\/product_cat?post=22788"},{"taxonomy":"product_tag","embeddable":true,"href":"https:\/\/ztsports.com\/fr\/wp-json\/wp\/v2\/product_tag?post=22788"}],"curies":[{"name":"wp","href":"https:\/\/api.w.org\/{rel}","templated":true}]}}