{"id":22782,"date":"2023-07-27T02:56:05","date_gmt":"2023-07-27T02:56:05","guid":{"rendered":"https:\/\/ztsports.com\/?post_type=product&#038;p=22782"},"modified":"2026-03-07T11:25:40","modified_gmt":"2026-03-07T11:25:40","slug":"thermo-mouldable-carbon-shin-guards-by-bont","status":"publish","type":"product","link":"https:\/\/ztsports.com\/fr\/store\/thermo-mouldable-carbon-shin-guards-by-bont\/","title":{"rendered":"Thermo mouldable Carbon Shin guards by Bont"},"content":{"rendered":"<h1 class=\"product_title entry-title\">Prot\u00e8ge-tibias en carbone thermoformables<\/h1>\n<p>Les prot\u00e8ge-tibias en carbone thermoformables Bont Pro sont con\u00e7us pour les athl\u00e8tes professionnels tout en \u00e9tant adapt\u00e9s \u00e0 tous les niveaux. Ils sont fabriqu\u00e9s avec plusieurs couches de carbone haute performance qui dispersent efficacement les impacts.<\/p>\n<h4>Prot\u00e8ge-tibias en carbone thermoformables avec sangle \u00e9lastique velcro<\/h4>\n<h4>Taille :<\/h4>\n<p>Small : 140mm<br \/>\nMedium : 165mm<br \/>\nLarge : 190mm<\/p>\n<h3>Prot\u00e8ge-tibias en carbone thermoformables \u2013 Version Pro par Bont<\/h3>\n<h3>Prot\u00e8ge-tibias Pro<\/h3>\n<p>Le prot\u00e8ge-tibia thermoformable Bont PRO est con\u00e7u pour les athl\u00e8tes professionnels tout en restant adapt\u00e9 \u00e0 tous les niveaux. Ils sont fabriqu\u00e9s avec des couches de carbone haute performance qui dispersent les impacts.<\/p>\n<p>Ces prot\u00e8ge-tibias PRO sont enti\u00e8rement thermoformables, tout comme les chaussures BONT.<\/p>\n<p>Le design fin associ\u00e9 \u00e0 une protection sup\u00e9rieure garantit un confort maximal.<\/p>\n<p>La protection PRO pour tibias convient au short track ainsi qu\u2019\u00e0 de nombreux sports d\u2019action en ext\u00e9rieur : roller, roller derby, park skating, inline, skateboard, BMX, soccer et trottinette.<\/p>\n<p>Les prot\u00e8ge-tibias sont livr\u00e9s avec une sangle \u00e9lastique velcro amovible.<\/p>\n<p><strong>Tailles :<\/strong> Small (14 cm), Medium (17 cm), Large (20 cm)<br \/>\n<strong>Couleur :<\/strong> Noir<\/p>\n<div class=\"\">\n<div class=\"grid__item\">\n<h4 class=\"h1\">FIBRE DE CARBONE<\/h4>\n<\/div>\n<\/div>\n<div class=\"\">\n<div class=\"grid__item medium-up--two-thirds medium-up--one-whole \">\n<div class=\"rte-setting\">\n<p>Nous nous approvisionnons en carbone pour nos patins de vitesse sur glace exclusivement aupr\u00e8s du fabricant num\u00e9ro 1 mondial, Toray au Japon. La base en carbone des chaussures Bont short track et long track est fabriqu\u00e9e \u00e0 la main en superposant diff\u00e9rents types de carbone. Les fibres sont pos\u00e9es manuellement dans la matrice en fonction des contraintes qu\u2019elles devront supporter. Le carbone est int\u00e9gr\u00e9 avec une r\u00e9sine \u00e9poxy thermodurcissable.<\/p>\n<div class=\"\">\n<div class=\"grid__item\">\n<h4 class=\"h1\">D\u00c9VELOPPEMENT DE LA R\u00c9SINE<\/h4>\n<\/div>\n<\/div>\n<div class=\"\">\n<div class=\"grid__item medium-up--two-thirds medium-up--one-whole \">\n<div class=\"rte-setting\">\n<p>Bont a formul\u00e9 une r\u00e9sine sp\u00e9cialement pour les patins de vitesse sur glace qui est extr\u00eamement rigide tout en devenant thermoformable \u00e0 basse temp\u00e9rature. Elle poss\u00e8de \u00e9galement un temps de durcissement rapide, ce qui est essentiel. La r\u00e9sine Bont devient souple \u00e0 seulement 60\u00b0C (140\u00b0F), la temp\u00e9rature la plus basse du secteur. Une fois chauff\u00e9e, moul\u00e9e et refroidie, elle se fixe d\u00e9finitivement sans n\u00e9cessiter de nouveau moulage. De plus, la r\u00e9sine peut \u00eatre r\u00e9chauff\u00e9e autant de fois que n\u00e9cessaire.<\/p>\n<p>La temp\u00e9rature de l\u2019air et le taux d\u2019humidit\u00e9 sont des facteurs essentiels pour d\u00e9terminer la quantit\u00e9 de durcisseur \u00e0 ajouter \u00e0 la r\u00e9sine. Bont utilise un ordinateur qui m\u00e9lange automatiquement la r\u00e9sine et le durcisseur en tenant compte de la temp\u00e9rature et de l\u2019humidit\u00e9 de l\u2019air.<\/p>\n<p>\u00c0 l\u2019inverse, la plupart des fabricants utilisent un proc\u00e9d\u00e9 appel\u00e9 \u00ab pre-preg \u00bb, o\u00f9 la r\u00e9sine est d\u00e9j\u00e0 impr\u00e9gn\u00e9e dans la fibre de carbone. Dans la plupart des cas, la r\u00e9sine est alors choisie par le fabricant de carbone et non par le fabricant de patins. Le fabricant de chaussures ne peut donc pas ajuster la r\u00e9sine pour r\u00e9pondre aux exigences de thermoformage des patins modernes. C\u2019est pourquoi ces produits n\u00e9cessitent souvent des temp\u00e9ratures tr\u00e8s \u00e9lev\u00e9es pour \u00eatre l\u00e9g\u00e8rement thermoformables.<\/p>\n<h3>Instructions de thermoformage des prot\u00e8ge-tibias en carbone <a href=\"https:\/\/xactskateshop.com\/heat-molding-instructions\/\" target=\"_blank\" rel=\"noopener\">ici<\/a><\/h3>\n<\/div>\n<\/div>\n<\/div>\n<\/div>\n<\/div>\n<\/div>\n<p>Point important : les prot\u00e8ge-tibias pour le short track font partie des \u00e9quipements de s\u00e9curit\u00e9 obligatoires.<\/p>\n<p><strong>\u00c0 noter : FPVQ et <a href=\"https:\/\/www.ontariospeedskating.ca\/safety-equipment\" target=\"_blank\" rel=\"noopener\">OSSA<\/a> les consid\u00e8rent comme un accessoire obligatoire en comp\u00e9tition.<\/strong><\/p>\n<p>Enfin, d\u00e9couvrez notre <strong>s\u00e9lection compl\u00e8te de <a href=\"https:\/\/ztsports.com\/product-category\/protection\/lower-body-protection\/\">protections pour le bas du corps<\/a><\/strong> ici.<\/p>\n","protected":false},"excerpt":{"rendered":"<p>Prot\u00e8ge-tibias en carbone thermoformables Les prot\u00e8ge-tibias en carbone thermoformables Bont Pro sont con\u00e7us pour les athl\u00e8tes professionnels tout en \u00e9tant adapt\u00e9s \u00e0 tous les niveaux. Ils sont fabriqu\u00e9s avec plusieurs couches de carbone haute performance qui dispersent efficacement les impacts. Prot\u00e8ge-tibias en carbone thermoformables avec sangle \u00e9lastique velcro Taille : Small : 140mm Medium : [&hellip;]<\/p>\n","protected":false},"featured_media":22780,"comment_status":"open","ping_status":"closed","template":"","meta":{"_acf_changed":false,"_monsterinsights_skip_tracking":false,"_monsterinsights_sitenote_active":false,"_monsterinsights_sitenote_note":"","_monsterinsights_sitenote_category":0,"_uf_show_specific_survey":0,"_uf_disable_surveys":false,"site-sidebar-layout":"default","site-content-layout":"","ast-site-content-layout":"default","site-content-style":"default","site-sidebar-style":"default","ast-global-header-display":"","ast-banner-title-visibility":"","ast-main-header-display":"","ast-hfb-above-header-display":"","ast-hfb-below-header-display":"","ast-hfb-mobile-header-display":"","site-post-title":"","ast-breadcrumbs-content":"","ast-featured-img":"","footer-sml-layout":"","ast-disable-related-posts":"","theme-transparent-header-meta":"default","adv-header-id-meta":"","stick-header-meta":"","header-above-stick-meta":"","header-main-stick-meta":"","header-below-stick-meta":"","astra-migrate-meta-layouts":"set","ast-page-background-enabled":"default","ast-page-background-meta":{"desktop":{"background-color":"","background-image":"","background-repeat":"repeat","background-position":"center center","background-size":"auto","background-attachment":"scroll","background-type":"","background-media":"","overlay-type":"","overlay-color":"","overlay-opacity":"","overlay-gradient":""},"tablet":{"background-color":"","background-image":"","background-repeat":"repeat","background-position":"center center","background-size":"auto","background-attachment":"scroll","background-type":"","background-media":"","overlay-type":"","overlay-color":"","overlay-opacity":"","overlay-gradient":""},"mobile":{"background-color":"","background-image":"","background-repeat":"repeat","background-position":"center center","background-size":"auto","background-attachment":"scroll","background-type":"","background-media":"","overlay-type":"","overlay-color":"","overlay-opacity":"","overlay-gradient":""}},"ast-content-background-meta":{"desktop":{"background-color":"var(--ast-global-color-5)","background-image":"","background-repeat":"repeat","background-position":"center center","background-size":"auto","background-attachment":"scroll","background-type":"","background-media":"","overlay-type":"","overlay-color":"","overlay-opacity":"","overlay-gradient":""},"tablet":{"background-color":"var(--ast-global-color-5)","background-image":"","background-repeat":"repeat","background-position":"center center","background-size":"auto","background-attachment":"scroll","background-type":"","background-media":"","overlay-type":"","overlay-color":"","overlay-opacity":"","overlay-gradient":""},"mobile":{"background-color":"var(--ast-global-color-5)","background-image":"","background-repeat":"repeat","background-position":"center center","background-size":"auto","background-attachment":"scroll","background-type":"","background-media":"","overlay-type":"","overlay-color":"","overlay-opacity":"","overlay-gradient":""}}},"product_brand":[3285],"product_cat":[3378],"product_tag":[3799],"class_list":{"0":"post-22782","1":"product","2":"type-product","3":"status-publish","4":"has-post-thumbnail","6":"product_brand-bont","7":"product_cat-non-categorise","8":"product_tag-bont","9":"desktop-align-left","10":"tablet-align-left","11":"mobile-align-left","13":"first","14":"instock","15":"sale","16":"taxable","17":"shipping-taxable","18":"purchasable","19":"product-type-simple"},"acf":[],"_links":{"self":[{"href":"https:\/\/ztsports.com\/fr\/wp-json\/wp\/v2\/product\/22782","targetHints":{"allow":["GET"]}}],"collection":[{"href":"https:\/\/ztsports.com\/fr\/wp-json\/wp\/v2\/product"}],"about":[{"href":"https:\/\/ztsports.com\/fr\/wp-json\/wp\/v2\/types\/product"}],"replies":[{"embeddable":true,"href":"https:\/\/ztsports.com\/fr\/wp-json\/wp\/v2\/comments?post=22782"}],"version-history":[{"count":1,"href":"https:\/\/ztsports.com\/fr\/wp-json\/wp\/v2\/product\/22782\/revisions"}],"predecessor-version":[{"id":22783,"href":"https:\/\/ztsports.com\/fr\/wp-json\/wp\/v2\/product\/22782\/revisions\/22783"}],"wp:featuredmedia":[{"embeddable":true,"href":"https:\/\/ztsports.com\/fr\/wp-json\/wp\/v2\/media\/22780"}],"wp:attachment":[{"href":"https:\/\/ztsports.com\/fr\/wp-json\/wp\/v2\/media?parent=22782"}],"wp:term":[{"taxonomy":"product_brand","embeddable":true,"href":"https:\/\/ztsports.com\/fr\/wp-json\/wp\/v2\/product_brand?post=22782"},{"taxonomy":"product_cat","embeddable":true,"href":"https:\/\/ztsports.com\/fr\/wp-json\/wp\/v2\/product_cat?post=22782"},{"taxonomy":"product_tag","embeddable":true,"href":"https:\/\/ztsports.com\/fr\/wp-json\/wp\/v2\/product_tag?post=22782"}],"curies":[{"name":"wp","href":"https:\/\/api.w.org\/{rel}","templated":true}]}}