{"id":22778,"date":"2023-07-31T22:26:18","date_gmt":"2023-07-31T22:26:18","guid":{"rendered":"https:\/\/ztsports.com\/?post_type=product&#038;p=22778"},"modified":"2026-03-18T12:27:23","modified_gmt":"2026-03-18T12:27:23","slug":"transpack-edge-skate-backpack-water-resistant","status":"publish","type":"product","link":"https:\/\/ztsports.com\/fr\/store\/transpack-edge-skate-backpack-water-resistant\/","title":{"rendered":"Transpack Edge Skate Backpack Water Resistant"},"content":{"rendered":"<h1>Sac \u00e0 dos de patinage Transpack Edge<\/h1>\n<p>Le sac \u00e0 dos de patinage Transpack Edge est peut-\u00eatre le mod\u00e8le le plus populaire de Transpack, gr\u00e2ce \u00e0 son design l\u00e9ger et robuste. Le Edge offre une construction durable et r\u00e9sistante \u00e0 l\u2019eau qui permet de transporter votre \u00e9quipement de patinage jusqu\u2019\u00e0 la patinoire ou l\u2019anneau, quelles que soient les conditions m\u00e9t\u00e9orologiques. Pr\u00e9parez-vous pour toutes vos aventures avec le syst\u00e8me de rangement Isosceles et son tissu r\u00e9sistant \u00e0 l\u2019eau, con\u00e7u pour garder votre \u00e9quipement en s\u00e9curit\u00e9 et au sec.<\/p>\n<h4>Le gardien ultime de votre \u00e9quipement !<\/h4>\n<p>Le sac \u00e0 dos Transpack Edge est \u00e9quip\u00e9 du r\u00e9volutionnaire syst\u00e8me de rangement Isosceles Storage System. Il garantit une organisation efficace et pratique de votre \u00e9quipement. Gr\u00e2ce \u00e0 ses compartiments d\u00e9di\u00e9s pour vos patins, votre casque et vos accessoires, vous trouverez toujours rapidement l\u2019essentiel. De plus, son tissu solide et durable assure une utilisation longue dur\u00e9e, m\u00eame lors de d\u00e9placements fr\u00e9quents vers la patinoire. Avec le Transpack Edge, gardez toujours une longueur d\u2019avance : le protecteur id\u00e9al de votre \u00e9quipement.<\/p>\n<p><span class=\"product__description--title\">Description du produit<\/span><\/p>\n<div>\n<ul data-rte-list=\"default\">\n<li>\n<p>Le syst\u00e8me Isosceles Storage System\u2122 permet de transporter vos patins, votre casque et votre \u00e9quipement<\/p>\n<\/li>\n<li>\n<p>Polyester 600 deniers robuste et durable avec rev\u00eatement r\u00e9sistant \u00e0 l\u2019eau<\/p>\n<\/li>\n<li>\n<p>Poches lat\u00e9rales pour les patins avec \u0153illets de drainage air\/eau<\/p>\n<\/li>\n<li>\n<p>Compartiment central avec rev\u00eatement r\u00e9sistant \u00e0 l\u2019eau pour l\u2019\u00e9quipement<\/p>\n<\/li>\n<li>\n<p>Fond en b\u00e2che r\u00e9sistante \u00e0 l\u2019eau<\/p>\n<\/li>\n<li>\n<p>Dossier rembourr\u00e9 en mousse \u00e0 cellules ferm\u00e9es et bretelles r\u00e9glables rembourr\u00e9es en n\u00e9opr\u00e8ne<\/p>\n<\/li>\n<li>\n<p>Poche int\u00e9rieure zipp\u00e9e pour les objets personnels<\/p>\n<\/li>\n<li>\n<p>Poches lat\u00e9rales en maille zipp\u00e9es et poche sur le couvercle sup\u00e9rieur<\/p>\n<\/li>\n<li>\n<p>Fermetures \u00e9clair en nylon \u00e0 double verrouillage et auto-r\u00e9paratrices<\/p>\n<\/li>\n<\/ul>\n<\/div>\n<h4>D\u00e9couvrez \u00e9galement nos nombreux <a href=\"https:\/\/ztsports.com\/product-category\/accessoires\/backpacks-bags\/\"><strong>sacs \u00e0 dos et sacs de patinage ici<\/strong><\/a>.<\/h4>\n","protected":false},"excerpt":{"rendered":"<p>Sac \u00e0 dos de patinage Transpack Edge Le sac \u00e0 dos de patinage Transpack Edge est peut-\u00eatre le mod\u00e8le le plus populaire de Transpack, gr\u00e2ce \u00e0 son design l\u00e9ger et robuste. Le Edge offre une construction durable et r\u00e9sistante \u00e0 l\u2019eau qui permet de transporter votre \u00e9quipement de patinage jusqu\u2019\u00e0 la patinoire ou l\u2019anneau, quelles [&hellip;]<\/p>\n","protected":false},"featured_media":22777,"comment_status":"open","ping_status":"closed","template":"","meta":{"_acf_changed":false,"_monsterinsights_skip_tracking":false,"_monsterinsights_sitenote_active":false,"_monsterinsights_sitenote_note":"","_monsterinsights_sitenote_category":0,"_uf_show_specific_survey":0,"_uf_disable_surveys":false,"site-sidebar-layout":"default","site-content-layout":"","ast-site-content-layout":"default","site-content-style":"default","site-sidebar-style":"default","ast-global-header-display":"","ast-banner-title-visibility":"","ast-main-header-display":"","ast-hfb-above-header-display":"","ast-hfb-below-header-display":"","ast-hfb-mobile-header-display":"","site-post-title":"","ast-breadcrumbs-content":"","ast-featured-img":"","footer-sml-layout":"","ast-disable-related-posts":"","theme-transparent-header-meta":"default","adv-header-id-meta":"","stick-header-meta":"","header-above-stick-meta":"","header-main-stick-meta":"","header-below-stick-meta":"","astra-migrate-meta-layouts":"set","ast-page-background-enabled":"default","ast-page-background-meta":{"desktop":{"background-color":"","background-image":"","background-repeat":"repeat","background-position":"center center","background-size":"auto","background-attachment":"scroll","background-type":"","background-media":"","overlay-type":"","overlay-color":"","overlay-opacity":"","overlay-gradient":""},"tablet":{"background-color":"","background-image":"","background-repeat":"repeat","background-position":"center center","background-size":"auto","background-attachment":"scroll","background-type":"","background-media":"","overlay-type":"","overlay-color":"","overlay-opacity":"","overlay-gradient":""},"mobile":{"background-color":"","background-image":"","background-repeat":"repeat","background-position":"center center","background-size":"auto","background-attachment":"scroll","background-type":"","background-media":"","overlay-type":"","overlay-color":"","overlay-opacity":"","overlay-gradient":""}},"ast-content-background-meta":{"desktop":{"background-color":"var(--ast-global-color-5)","background-image":"","background-repeat":"repeat","background-position":"center center","background-size":"auto","background-attachment":"scroll","background-type":"","background-media":"","overlay-type":"","overlay-color":"","overlay-opacity":"","overlay-gradient":""},"tablet":{"background-color":"var(--ast-global-color-5)","background-image":"","background-repeat":"repeat","background-position":"center center","background-size":"auto","background-attachment":"scroll","background-type":"","background-media":"","overlay-type":"","overlay-color":"","overlay-opacity":"","overlay-gradient":""},"mobile":{"background-color":"var(--ast-global-color-5)","background-image":"","background-repeat":"repeat","background-position":"center center","background-size":"auto","background-attachment":"scroll","background-type":"","background-media":"","overlay-type":"","overlay-color":"","overlay-opacity":"","overlay-gradient":""}}},"product_brand":[3350],"product_cat":[4565,4577],"product_tag":[],"class_list":{"0":"post-22778","1":"product","2":"type-product","3":"status-publish","4":"has-post-thumbnail","6":"product_brand-transpack","7":"product_cat-accessoires","8":"product_cat-cadeaux","9":"desktop-align-left","10":"tablet-align-left","11":"mobile-align-left","13":"first","14":"instock","15":"sale","16":"taxable","17":"shipping-taxable","18":"purchasable","19":"product-type-simple"},"acf":[],"_links":{"self":[{"href":"https:\/\/ztsports.com\/fr\/wp-json\/wp\/v2\/product\/22778","targetHints":{"allow":["GET"]}}],"collection":[{"href":"https:\/\/ztsports.com\/fr\/wp-json\/wp\/v2\/product"}],"about":[{"href":"https:\/\/ztsports.com\/fr\/wp-json\/wp\/v2\/types\/product"}],"replies":[{"embeddable":true,"href":"https:\/\/ztsports.com\/fr\/wp-json\/wp\/v2\/comments?post=22778"}],"version-history":[{"count":2,"href":"https:\/\/ztsports.com\/fr\/wp-json\/wp\/v2\/product\/22778\/revisions"}],"predecessor-version":[{"id":24637,"href":"https:\/\/ztsports.com\/fr\/wp-json\/wp\/v2\/product\/22778\/revisions\/24637"}],"wp:featuredmedia":[{"embeddable":true,"href":"https:\/\/ztsports.com\/fr\/wp-json\/wp\/v2\/media\/22777"}],"wp:attachment":[{"href":"https:\/\/ztsports.com\/fr\/wp-json\/wp\/v2\/media?parent=22778"}],"wp:term":[{"taxonomy":"product_brand","embeddable":true,"href":"https:\/\/ztsports.com\/fr\/wp-json\/wp\/v2\/product_brand?post=22778"},{"taxonomy":"product_cat","embeddable":true,"href":"https:\/\/ztsports.com\/fr\/wp-json\/wp\/v2\/product_cat?post=22778"},{"taxonomy":"product_tag","embeddable":true,"href":"https:\/\/ztsports.com\/fr\/wp-json\/wp\/v2\/product_tag?post=22778"}],"curies":[{"name":"wp","href":"https:\/\/api.w.org\/{rel}","templated":true}]}}