{"id":22774,"date":"2023-08-01T03:18:26","date_gmt":"2023-08-01T03:18:26","guid":{"rendered":"https:\/\/ztsports.com\/?post_type=product&#038;p=22774"},"modified":"2026-03-07T11:22:45","modified_gmt":"2026-03-07T11:22:45","slug":"evo-krypton-special-edition-blades-2","status":"publish","type":"product","link":"https:\/\/ztsports.com\/fr\/store\/evo-krypton-special-edition-blades-2\/","title":{"rendered":"EVO Krypton Special Edition Blades"},"content":{"rendered":"<h1>Lames EVO Krypton \u00c9dition Sp\u00e9ciale<\/h1>\n<p>Les lames EVO Krypton \u00c9dition Sp\u00e9ciale sont con\u00e7ues pour \u00eatre agiles, r\u00e9actives et durables. Leur design sp\u00e9cial les rend \u00e9galement particuli\u00e8rement attrayantes.<\/p>\n<p>Les lames de short track Evo Krypton SE offrent agilit\u00e9, r\u00e9activit\u00e9 et durabilit\u00e9, tout en proposant une excellente qualit\u00e9 \u00e0 un prix plus abordable.<\/p>\n<p>Les lames Evo Krypton SE utilisent la m\u00eame technologie de tube que le mod\u00e8le 12C27. L\u2019acier 12C27 est durable et conserve un tranchant aff\u00fbt\u00e9 pendant longtemps.<\/p>\n<p>De plus, elles sont fabriqu\u00e9es selon les m\u00eames sp\u00e9cifications que nos lames PM et Bi-metal.<\/p>\n<p>Les lames sont con\u00e7ues au Canada et d\u00e9velopp\u00e9es en Hollande. Elles pr\u00e9sentent un design exclusif et sont fabriqu\u00e9es avec de l\u2019aluminium n\u00e9erlandais de qualit\u00e9 sup\u00e9rieure et de l\u2019acier 12C27.<\/p>\n<p><strong>Enfin, cette lame est con\u00e7ue pour les patineurs de niveau interm\u00e9diaire.<\/strong><\/p>\n<p><strong>Tailles :<\/strong> 14.0\u2033, 14.5\u2033, 15.0\u2033, 15.5\u2033, 16.0\u2033, 16.5\u2033, 17.0\u2033, 17.5\u2033<\/p>\n<p dir=\"ltr\">D\u00e9couvrez \u00e9galement toutes nos <a href=\"https:\/\/ztsports.com\/product-category\/short-track\/blades\/\"><strong>lames de Short Track<\/strong><\/a> ici.<\/p>\n<h3>N\u2019oubliez pas d\u2019ajouter la <strong><a href=\"https:\/\/ztsports.com\/product\/short-track-blade-preparation\/\">pr\u00e9paration des lames<\/a><\/strong>.<\/h3>\n","protected":false},"excerpt":{"rendered":"<p>Lames EVO Krypton \u00c9dition Sp\u00e9ciale Les lames EVO Krypton \u00c9dition Sp\u00e9ciale sont con\u00e7ues pour \u00eatre agiles, r\u00e9actives et durables. Leur design sp\u00e9cial les rend \u00e9galement particuli\u00e8rement attrayantes. Les lames de short track Evo Krypton SE offrent agilit\u00e9, r\u00e9activit\u00e9 et durabilit\u00e9, tout en proposant une excellente qualit\u00e9 \u00e0 un prix plus abordable. Les lames Evo Krypton [&hellip;]<\/p>\n","protected":false},"featured_media":22770,"comment_status":"open","ping_status":"closed","template":"","meta":{"_acf_changed":false,"_monsterinsights_skip_tracking":false,"_monsterinsights_sitenote_active":false,"_monsterinsights_sitenote_note":"","_monsterinsights_sitenote_category":0,"_uf_show_specific_survey":0,"_uf_disable_surveys":false,"site-sidebar-layout":"default","site-content-layout":"","ast-site-content-layout":"default","site-content-style":"default","site-sidebar-style":"default","ast-global-header-display":"","ast-banner-title-visibility":"","ast-main-header-display":"","ast-hfb-above-header-display":"","ast-hfb-below-header-display":"","ast-hfb-mobile-header-display":"","site-post-title":"","ast-breadcrumbs-content":"","ast-featured-img":"","footer-sml-layout":"","ast-disable-related-posts":"","theme-transparent-header-meta":"default","adv-header-id-meta":"","stick-header-meta":"","header-above-stick-meta":"","header-main-stick-meta":"","header-below-stick-meta":"","astra-migrate-meta-layouts":"set","ast-page-background-enabled":"default","ast-page-background-meta":{"desktop":{"background-color":"","background-image":"","background-repeat":"repeat","background-position":"center center","background-size":"auto","background-attachment":"scroll","background-type":"","background-media":"","overlay-type":"","overlay-color":"","overlay-opacity":"","overlay-gradient":""},"tablet":{"background-color":"","background-image":"","background-repeat":"repeat","background-position":"center center","background-size":"auto","background-attachment":"scroll","background-type":"","background-media":"","overlay-type":"","overlay-color":"","overlay-opacity":"","overlay-gradient":""},"mobile":{"background-color":"","background-image":"","background-repeat":"repeat","background-position":"center center","background-size":"auto","background-attachment":"scroll","background-type":"","background-media":"","overlay-type":"","overlay-color":"","overlay-opacity":"","overlay-gradient":""}},"ast-content-background-meta":{"desktop":{"background-color":"var(--ast-global-color-5)","background-image":"","background-repeat":"repeat","background-position":"center center","background-size":"auto","background-attachment":"scroll","background-type":"","background-media":"","overlay-type":"","overlay-color":"","overlay-opacity":"","overlay-gradient":""},"tablet":{"background-color":"var(--ast-global-color-5)","background-image":"","background-repeat":"repeat","background-position":"center center","background-size":"auto","background-attachment":"scroll","background-type":"","background-media":"","overlay-type":"","overlay-color":"","overlay-opacity":"","overlay-gradient":""},"mobile":{"background-color":"var(--ast-global-color-5)","background-image":"","background-repeat":"repeat","background-position":"center center","background-size":"auto","background-attachment":"scroll","background-type":"","background-media":"","overlay-type":"","overlay-color":"","overlay-opacity":"","overlay-gradient":""}}},"product_brand":[3297,3338],"product_cat":[4561,4560],"product_tag":[3796],"class_list":{"0":"post-22774","1":"product","2":"type-product","3":"status-publish","4":"has-post-thumbnail","6":"product_brand-evo","7":"product_brand-skate-tec","8":"product_cat-blades","9":"product_cat-short-track-blades","10":"product_tag-short-track","11":"desktop-align-left","12":"tablet-align-left","13":"mobile-align-left","15":"first","16":"instock","17":"taxable","18":"shipping-taxable","19":"purchasable","20":"product-type-simple"},"acf":[],"_links":{"self":[{"href":"https:\/\/ztsports.com\/fr\/wp-json\/wp\/v2\/product\/22774","targetHints":{"allow":["GET"]}}],"collection":[{"href":"https:\/\/ztsports.com\/fr\/wp-json\/wp\/v2\/product"}],"about":[{"href":"https:\/\/ztsports.com\/fr\/wp-json\/wp\/v2\/types\/product"}],"replies":[{"embeddable":true,"href":"https:\/\/ztsports.com\/fr\/wp-json\/wp\/v2\/comments?post=22774"}],"version-history":[{"count":2,"href":"https:\/\/ztsports.com\/fr\/wp-json\/wp\/v2\/product\/22774\/revisions"}],"predecessor-version":[{"id":22776,"href":"https:\/\/ztsports.com\/fr\/wp-json\/wp\/v2\/product\/22774\/revisions\/22776"}],"wp:featuredmedia":[{"embeddable":true,"href":"https:\/\/ztsports.com\/fr\/wp-json\/wp\/v2\/media\/22770"}],"wp:attachment":[{"href":"https:\/\/ztsports.com\/fr\/wp-json\/wp\/v2\/media?parent=22774"}],"wp:term":[{"taxonomy":"product_brand","embeddable":true,"href":"https:\/\/ztsports.com\/fr\/wp-json\/wp\/v2\/product_brand?post=22774"},{"taxonomy":"product_cat","embeddable":true,"href":"https:\/\/ztsports.com\/fr\/wp-json\/wp\/v2\/product_cat?post=22774"},{"taxonomy":"product_tag","embeddable":true,"href":"https:\/\/ztsports.com\/fr\/wp-json\/wp\/v2\/product_tag?post=22774"}],"curies":[{"name":"wp","href":"https:\/\/api.w.org\/{rel}","templated":true}]}}