{"id":22767,"date":"2023-08-01T04:01:43","date_gmt":"2023-08-01T04:01:43","guid":{"rendered":"https:\/\/ztsports.com\/?post_type=product&#038;p=22767"},"modified":"2026-03-07T11:20:32","modified_gmt":"2026-03-07T11:20:32","slug":"mpc-black-track-wheels-ex-firm","status":"publish","type":"product","link":"https:\/\/ztsports.com\/fr\/store\/mpc-black-track-wheels-ex-firm\/","title":{"rendered":"MPC Black Track Wheels EX Firm"},"content":{"rendered":"<h1>Roues MPC Black Track<\/h1>\n<p>Les roues MPC Black Track fonctionnent parfaitement sur les pistes glissantes ou l\u2019asphalte tr\u00e8s lisse. Elles offrent une excellente adh\u00e9rence et accrochent pratiquement toutes les surfaces. Les Black Track Wheels offrent \u00e9galement une tr\u00e8s bonne accroche dans les virages.<\/p>\n<p>Adh\u00e9rence extr\u00eamement fiable. Elles disposent d\u2019un compos\u00e9 double brevet\u00e9, avec un mat\u00e9riau ext\u00e9rieur durable coul\u00e9 sur un noyau interne \u00e0 haut rebond restituant l\u2019\u00e9nergie. Les Black Track Wheels offrent l\u2019adh\u00e9rence la plus \u00e9lev\u00e9e par rapport aux autres compos\u00e9s disponibles sur le march\u00e9.<\/p>\n<p>Les <em>MPC Black<\/em> Magic <em>Wheels<\/em> sont tout simplement la meilleure formulation jamais cr\u00e9\u00e9e par <em>MPC<\/em>. Elles offrent une excellente adh\u00e9rence, un roulement fluide et une grande r\u00e9sistance \u00e0 l\u2019usure, avec un moyeu Turbo <em>Black<\/em> plus rigide.<\/p>\n<p>Tr\u00e8s populaires aupr\u00e8s des sprinteurs, elles conviennent \u00e9galement aux longues distances et aux marathons. Adapt\u00e9es aussi bien aux jeunes qu\u2019aux patineurs exp\u00e9riment\u00e9s. Sur route mouill\u00e9e, piste ou chauss\u00e9e, ce sont les roues qu\u2019il vous faut.<\/p>\n<p>Cette roue s\u2019est illustr\u00e9e pour la premi\u00e8re fois lors des Championnats du Monde de vitesse inline \u00e0 Oostende, en Belgique, en 2013, en battant le record du monde du 300 m et en passant sous la barre des 24 secondes pour la premi\u00e8re fois de l\u2019histoire. Elle a d\u00e9montr\u00e9 qu\u2019une roue capable de gagner une demi-seconde par tour sur la concurrence peut vous mener tout droit sur la plus haute marche du podium. Depuis, la roue Black Magic a remport\u00e9 d\u2019innombrables championnats du monde et podiums, devenant la roue la plus titr\u00e9e de ce sport.<\/p>\n<p>Lors des Championnats du Monde de vitesse inline 2018 \u00e0 Heerde, aux Pays-Bas, elle a obtenu plus de places sur le podium que toutes les autres roues r\u00e9unies.<\/p>\n<p>Black Magic est synonyme de performance et d\u2019innovation. Nos ing\u00e9nieurs ont \u00e9tudi\u00e9 chaque d\u00e9tail du design, de la rigidit\u00e9 et de la taille du moyeu jusqu\u2019\u00e0 l\u2019anneau interne Mtech\u00ae int\u00e9gr\u00e9 dans l\u2019ur\u00e9thane Magic de pointe. La technologie MTech\u00ae Soft Heart, Hard Body\u2122 est l\u2019essence de notre innovation brevet\u00e9e et reconnaissable, combinant un anneau int\u00e9rieur souple avec un ur\u00e9thane ext\u00e9rieur plus dur. Cette combinaison ing\u00e9nieuse permet \u00e0 la roue de se d\u00e9former pour une meilleure adh\u00e9rence tout en restant durable, avec un roulement plus efficace. En savoir plus sur MTech\u00ae.<\/p>\n<p>Avec une tol\u00e9rance z\u00e9ro pour les d\u00e9fauts et une exigence absolue d\u2019excellence, vous pouvez compter sur les roues MPC Black Magic Inline Speed Skating pour des performances constantes, quel que soit le type de course.<\/p>\n<p>Si vous ne deviez choisir qu\u2019une seule roue, ce seraient les MPC Black Track Wheels.<\/p>\n<p>Vendues par lots de 8.<\/p>\n<h4><strong>D\u00e9couvrez toutes nos <\/strong><a href=\"https:\/\/ztsports.com\/fr\/product-category\/patinage-de-vitesse-en-ligne\/roues\/\">roues de vitesse inline ici<\/a><strong>.<\/strong><\/h4>\n","protected":false},"excerpt":{"rendered":"<p>Roues MPC Black Track Les roues MPC Black Track fonctionnent parfaitement sur les pistes glissantes ou l\u2019asphalte tr\u00e8s lisse. Elles offrent une excellente adh\u00e9rence et accrochent pratiquement toutes les surfaces. Les Black Track Wheels offrent \u00e9galement une tr\u00e8s bonne accroche dans les virages. Adh\u00e9rence extr\u00eamement fiable. Elles disposent d\u2019un compos\u00e9 double brevet\u00e9, avec un mat\u00e9riau [&hellip;]<\/p>\n","protected":false},"featured_media":22766,"comment_status":"open","ping_status":"closed","template":"","meta":{"_acf_changed":false,"_monsterinsights_skip_tracking":false,"_monsterinsights_sitenote_active":false,"_monsterinsights_sitenote_note":"","_monsterinsights_sitenote_category":0,"_uf_show_specific_survey":0,"_uf_disable_surveys":false,"site-sidebar-layout":"default","site-content-layout":"","ast-site-content-layout":"default","site-content-style":"default","site-sidebar-style":"default","ast-global-header-display":"","ast-banner-title-visibility":"","ast-main-header-display":"","ast-hfb-above-header-display":"","ast-hfb-below-header-display":"","ast-hfb-mobile-header-display":"","site-post-title":"","ast-breadcrumbs-content":"","ast-featured-img":"","footer-sml-layout":"","ast-disable-related-posts":"","theme-transparent-header-meta":"default","adv-header-id-meta":"","stick-header-meta":"","header-above-stick-meta":"","header-main-stick-meta":"","header-below-stick-meta":"","astra-migrate-meta-layouts":"set","ast-page-background-enabled":"default","ast-page-background-meta":{"desktop":{"background-color":"","background-image":"","background-repeat":"repeat","background-position":"center center","background-size":"auto","background-attachment":"scroll","background-type":"","background-media":"","overlay-type":"","overlay-color":"","overlay-opacity":"","overlay-gradient":""},"tablet":{"background-color":"","background-image":"","background-repeat":"repeat","background-position":"center center","background-size":"auto","background-attachment":"scroll","background-type":"","background-media":"","overlay-type":"","overlay-color":"","overlay-opacity":"","overlay-gradient":""},"mobile":{"background-color":"","background-image":"","background-repeat":"repeat","background-position":"center center","background-size":"auto","background-attachment":"scroll","background-type":"","background-media":"","overlay-type":"","overlay-color":"","overlay-opacity":"","overlay-gradient":""}},"ast-content-background-meta":{"desktop":{"background-color":"var(--ast-global-color-5)","background-image":"","background-repeat":"repeat","background-position":"center center","background-size":"auto","background-attachment":"scroll","background-type":"","background-media":"","overlay-type":"","overlay-color":"","overlay-opacity":"","overlay-gradient":""},"tablet":{"background-color":"var(--ast-global-color-5)","background-image":"","background-repeat":"repeat","background-position":"center center","background-size":"auto","background-attachment":"scroll","background-type":"","background-media":"","overlay-type":"","overlay-color":"","overlay-opacity":"","overlay-gradient":""},"mobile":{"background-color":"var(--ast-global-color-5)","background-image":"","background-repeat":"repeat","background-position":"center center","background-size":"auto","background-attachment":"scroll","background-type":"","background-media":"","overlay-type":"","overlay-color":"","overlay-opacity":"","overlay-gradient":""}}},"product_brand":[3325],"product_cat":[3381,3382],"product_tag":[],"class_list":{"0":"post-22767","1":"product","2":"type-product","3":"status-publish","4":"has-post-thumbnail","6":"product_brand-mpc","7":"product_cat-patinage-de-vitesse-en-ligne","8":"product_cat-roues","9":"desktop-align-left","10":"tablet-align-left","11":"mobile-align-left","13":"first","14":"instock","15":"taxable","16":"shipping-taxable","17":"purchasable","18":"product-type-simple"},"acf":[],"_links":{"self":[{"href":"https:\/\/ztsports.com\/fr\/wp-json\/wp\/v2\/product\/22767","targetHints":{"allow":["GET"]}}],"collection":[{"href":"https:\/\/ztsports.com\/fr\/wp-json\/wp\/v2\/product"}],"about":[{"href":"https:\/\/ztsports.com\/fr\/wp-json\/wp\/v2\/types\/product"}],"replies":[{"embeddable":true,"href":"https:\/\/ztsports.com\/fr\/wp-json\/wp\/v2\/comments?post=22767"}],"version-history":[{"count":2,"href":"https:\/\/ztsports.com\/fr\/wp-json\/wp\/v2\/product\/22767\/revisions"}],"predecessor-version":[{"id":22769,"href":"https:\/\/ztsports.com\/fr\/wp-json\/wp\/v2\/product\/22767\/revisions\/22769"}],"wp:featuredmedia":[{"embeddable":true,"href":"https:\/\/ztsports.com\/fr\/wp-json\/wp\/v2\/media\/22766"}],"wp:attachment":[{"href":"https:\/\/ztsports.com\/fr\/wp-json\/wp\/v2\/media?parent=22767"}],"wp:term":[{"taxonomy":"product_brand","embeddable":true,"href":"https:\/\/ztsports.com\/fr\/wp-json\/wp\/v2\/product_brand?post=22767"},{"taxonomy":"product_cat","embeddable":true,"href":"https:\/\/ztsports.com\/fr\/wp-json\/wp\/v2\/product_cat?post=22767"},{"taxonomy":"product_tag","embeddable":true,"href":"https:\/\/ztsports.com\/fr\/wp-json\/wp\/v2\/product_tag?post=22767"}],"curies":[{"name":"wp","href":"https:\/\/api.w.org\/{rel}","templated":true}]}}