{"id":22763,"date":"2023-08-02T03:47:13","date_gmt":"2023-08-02T03:47:13","guid":{"rendered":"https:\/\/ztsports.com\/?post_type=product&#038;p=22763"},"modified":"2026-03-07T00:26:08","modified_gmt":"2026-03-07T00:26:08","slug":"maple-mpl1-gold-inline-package-4x110","status":"publish","type":"product","link":"https:\/\/ztsports.com\/fr\/store\/maple-mpl1-gold-inline-package-4x110\/","title":{"rendered":"Maple MPL1 Gold Inline Package 4&#215;110"},"content":{"rendered":"<h1>Maple MPL1 Gold Inline Package 4&#215;110<\/h1>\n<p>Le Maple MPL1 Gold Inline Package 4&#215;110 est une v\u00e9ritable vitrine de savoir-faire ! Lib\u00e9rez votre esprit de vitesse et profitez d&#8217;une exp\u00e9rience de patinage en ligne ultime avec des caract\u00e9ristiques haut de gamme.<\/p>\n<p>Cette chaussure inclut :<\/p>\n<ul>\n<li>Coque 100% thermoplastique pour une durabilit\u00e9 in\u00e9gal\u00e9e<\/li>\n<li>Rembourrage de cheville ultra-confortable pour des heures de patinage sans douleur<\/li>\n<li>Coque enti\u00e8rement en carbone pour un transfert de puissance maximal \u00e0 chaque foul\u00e9e<\/li>\n<li>Technologie MS Bottom<\/li>\n<li>Rembourrage \u00e9lastique au niveau du tendon d\u2019Achille<\/li>\n<\/ul>\n<p>En compl\u00e9ment, le <a href=\"https:\/\/ztsports.com\/product\/maplez-gold-next-generation-4x110-inline-frame\/\"><strong>Gold-NG frame<\/strong><\/a> est l\u2019un des meilleurs ch\u00e2ssis du moment. Gr\u00e2ce \u00e0 la technologie Rigid Bridge de Maple, le cadre est extra rigide, offrant un contr\u00f4le optimal m\u00eame \u00e0 grande vitesse.<\/p>\n<p>Le cadre est en outre ultra-l\u00e9ger et con\u00e7u pour accueillir une configuration de roues 4&#215;110 mm. L\u2019ensemble est livr\u00e9 avec des roues Kopp de 110 mm.<\/p>\n<p>D\u00e9couvrez \u00e9galement tous nos <a href=\"\/?product_cat=packages2\"><strong>Packages Inline<\/strong><\/a>.<\/p>\n","protected":false},"excerpt":{"rendered":"<p>Maple MPL1 Gold Inline Package 4&#215;110 Le Maple MPL1 Gold Inline Package 4&#215;110 est une v\u00e9ritable vitrine de savoir-faire ! Lib\u00e9rez votre esprit de vitesse et profitez d&#8217;une exp\u00e9rience de patinage en ligne ultime avec des caract\u00e9ristiques haut de gamme. Cette chaussure inclut : Coque 100% thermoplastique pour une durabilit\u00e9 in\u00e9gal\u00e9e Rembourrage de cheville ultra-confortable [&hellip;]<\/p>\n","protected":false},"featured_media":22759,"comment_status":"open","ping_status":"closed","template":"","meta":{"_acf_changed":false,"_monsterinsights_skip_tracking":false,"_monsterinsights_sitenote_active":false,"_monsterinsights_sitenote_note":"","_monsterinsights_sitenote_category":0,"_uf_show_specific_survey":0,"_uf_disable_surveys":false,"site-sidebar-layout":"default","site-content-layout":"","ast-site-content-layout":"default","site-content-style":"default","site-sidebar-style":"default","ast-global-header-display":"","ast-banner-title-visibility":"","ast-main-header-display":"","ast-hfb-above-header-display":"","ast-hfb-below-header-display":"","ast-hfb-mobile-header-display":"","site-post-title":"","ast-breadcrumbs-content":"","ast-featured-img":"","footer-sml-layout":"","ast-disable-related-posts":"","theme-transparent-header-meta":"default","adv-header-id-meta":"","stick-header-meta":"","header-above-stick-meta":"","header-main-stick-meta":"","header-below-stick-meta":"","astra-migrate-meta-layouts":"set","ast-page-background-enabled":"default","ast-page-background-meta":{"desktop":{"background-color":"","background-image":"","background-repeat":"repeat","background-position":"center center","background-size":"auto","background-attachment":"scroll","background-type":"","background-media":"","overlay-type":"","overlay-color":"","overlay-opacity":"","overlay-gradient":""},"tablet":{"background-color":"","background-image":"","background-repeat":"repeat","background-position":"center center","background-size":"auto","background-attachment":"scroll","background-type":"","background-media":"","overlay-type":"","overlay-color":"","overlay-opacity":"","overlay-gradient":""},"mobile":{"background-color":"","background-image":"","background-repeat":"repeat","background-position":"center center","background-size":"auto","background-attachment":"scroll","background-type":"","background-media":"","overlay-type":"","overlay-color":"","overlay-opacity":"","overlay-gradient":""}},"ast-content-background-meta":{"desktop":{"background-color":"var(--ast-global-color-5)","background-image":"","background-repeat":"repeat","background-position":"center center","background-size":"auto","background-attachment":"scroll","background-type":"","background-media":"","overlay-type":"","overlay-color":"","overlay-opacity":"","overlay-gradient":""},"tablet":{"background-color":"var(--ast-global-color-5)","background-image":"","background-repeat":"repeat","background-position":"center center","background-size":"auto","background-attachment":"scroll","background-type":"","background-media":"","overlay-type":"","overlay-color":"","overlay-opacity":"","overlay-gradient":""},"mobile":{"background-color":"var(--ast-global-color-5)","background-image":"","background-repeat":"repeat","background-position":"center center","background-size":"auto","background-attachment":"scroll","background-type":"","background-media":"","overlay-type":"","overlay-color":"","overlay-opacity":"","overlay-gradient":""}}},"product_brand":[3318,3319],"product_cat":[3381],"product_tag":[],"class_list":{"0":"post-22763","1":"product","2":"type-product","3":"status-publish","4":"has-post-thumbnail","6":"product_brand-maple","7":"product_brand-maplez","8":"product_cat-patinage-de-vitesse-en-ligne","9":"desktop-align-left","10":"tablet-align-left","11":"mobile-align-left","13":"first","14":"instock","15":"sale","16":"taxable","17":"shipping-taxable","18":"purchasable","19":"product-type-simple"},"acf":[],"_links":{"self":[{"href":"https:\/\/ztsports.com\/fr\/wp-json\/wp\/v2\/product\/22763","targetHints":{"allow":["GET"]}}],"collection":[{"href":"https:\/\/ztsports.com\/fr\/wp-json\/wp\/v2\/product"}],"about":[{"href":"https:\/\/ztsports.com\/fr\/wp-json\/wp\/v2\/types\/product"}],"replies":[{"embeddable":true,"href":"https:\/\/ztsports.com\/fr\/wp-json\/wp\/v2\/comments?post=22763"}],"version-history":[{"count":2,"href":"https:\/\/ztsports.com\/fr\/wp-json\/wp\/v2\/product\/22763\/revisions"}],"predecessor-version":[{"id":22765,"href":"https:\/\/ztsports.com\/fr\/wp-json\/wp\/v2\/product\/22763\/revisions\/22765"}],"wp:featuredmedia":[{"embeddable":true,"href":"https:\/\/ztsports.com\/fr\/wp-json\/wp\/v2\/media\/22759"}],"wp:attachment":[{"href":"https:\/\/ztsports.com\/fr\/wp-json\/wp\/v2\/media?parent=22763"}],"wp:term":[{"taxonomy":"product_brand","embeddable":true,"href":"https:\/\/ztsports.com\/fr\/wp-json\/wp\/v2\/product_brand?post=22763"},{"taxonomy":"product_cat","embeddable":true,"href":"https:\/\/ztsports.com\/fr\/wp-json\/wp\/v2\/product_cat?post=22763"},{"taxonomy":"product_tag","embeddable":true,"href":"https:\/\/ztsports.com\/fr\/wp-json\/wp\/v2\/product_tag?post=22763"}],"curies":[{"name":"wp","href":"https:\/\/api.w.org\/{rel}","templated":true}]}}