{"id":22756,"date":"2023-08-02T04:26:14","date_gmt":"2023-08-02T04:26:14","guid":{"rendered":"https:\/\/ztsports.com\/?post_type=product&#038;p=22756"},"modified":"2026-03-07T00:24:46","modified_gmt":"2026-03-07T00:24:46","slug":"boa-bnt-bont-short-track-boot","status":"publish","type":"product","link":"https:\/\/ztsports.com\/fr\/store\/boa-bnt-bont-short-track-boot\/","title":{"rendered":"BOA BNT Bont Short Track Boot"},"content":{"rendered":"<h1 class=\"product_title entry-title\">BOA BNT Bont Short Track Boot<\/h1>\n<p>La BOA BNT Bont est une chaussure de short track qui repr\u00e9sente un r\u00e9el progr\u00e8s par rapport au mod\u00e8le Z. Contrairement au Z, construit en carbone et fibre de verre, le BNT est fabriqu\u00e9 en 100% carbone, ce qui le rend plus rigide et performant.<\/p>\n<p>La version BOA BNT combine rigidit\u00e9 et flexibilit\u00e9 pour un confort et des performances optimales.<\/p>\n<p>Ce mod\u00e8le offre un ajustement parfait pour les skaters s\u00e9rieux cherchant \u00e0 am\u00e9liorer leurs performances. La coque ext\u00e9rieure est fabriqu\u00e9e dans un mat\u00e9riau de meilleure qualit\u00e9 que le Z, le rembourrage est plus fin et plus ferme, et l\u2019absence de thermoplastique rend la chaussure l\u00e9g\u00e8rement moins thermoformable mais plus l\u00e9g\u00e8re. Elle reste n\u00e9anmoins enti\u00e8rement thermoformable gr\u00e2ce \u00e0 la r\u00e9sine.<\/p>\n<p>Le BNT a \u00e9tabli une nouvelle r\u00e9f\u00e9rence dans le monde du patinage en ligne et continue de faire ses preuves en short track. Les meilleurs patineurs d\u00e9clarent qu\u2019il s\u2019agit de la chaussure de s\u00e9rie offrant le meilleur ajustement jamais port\u00e9. La version BOA ajoute un cadran BOA pour un enfilage rapide et pr\u00e9cis. C\u2019est l\u2019une des chaussures les plus l\u00e9g\u00e8res jamais fabriqu\u00e9es par Bont, au point que vous aurez \u00e0 peine l\u2019impression de la porter.<\/p>\n<h3>Caract\u00e9ristiques :<\/h3>\n<ul>\n<li><strong>Base :<\/strong> 100% carbone finition mate<\/li>\n<li><strong>Coque ext\u00e9rieure :<\/strong> Durolite<\/li>\n<li><strong>Doublure :<\/strong> Suede-L<\/li>\n<li><strong>Semelle int\u00e9rieure :<\/strong> EVA thermoformable<\/li>\n<li><strong>Thermoformable :<\/strong> Base enti\u00e8rement thermoformable avec r\u00e9sine \u00e9poxy thermodurcissable<\/li>\n<li><strong>Rembourrage :<\/strong> N\u00e9opr\u00e8ne 2 mm<\/li>\n<li><strong>Protection :<\/strong> Aucune<\/li>\n<li><strong>Vegan :<\/strong> Oui<\/li>\n<\/ul>\n<p>La BOA BNT utilise le syst\u00e8me BOA, offrant un ajustement pr\u00e9cis et uniforme. Pour r\u00e9parer votre cadran BOA, veuillez consulter <a href=\"https:\/\/www.boafit.com\/repair\" target=\"_blank\" rel=\"noopener\"><strong>cette page<\/strong><\/a>.<\/p>\n<p>Regardez \u00e9galement :<\/p>\n<ul>\n<li><a href=\"https:\/\/www.youtube.com\/watch?v=2AfKfzVSCWk\" target=\"_blank\" rel=\"noopener\"><strong>Vid\u00e9o sur le thermoformage de vos chaussures Bont<\/strong><\/a><\/li>\n<li><a href=\"https:\/\/www.youtube.com\/watch?v=ap-RUcV2cOs\" target=\"_blank\" rel=\"noopener\"><strong>Comment serrer et desserrer les cadrans BOA + 3 conseils<\/strong><\/a><\/li>\n<\/ul>\n<p>D\u00e9couvrez tous nos <a href=\"\/?product_cat=speed-skating-boots\"><strong>Short Track Boots ici<\/strong><\/a>.<\/p>\n","protected":false},"excerpt":{"rendered":"<p>BOA BNT Bont Short Track Boot La BOA BNT Bont est une chaussure de short track qui repr\u00e9sente un r\u00e9el progr\u00e8s par rapport au mod\u00e8le Z. Contrairement au Z, construit en carbone et fibre de verre, le BNT est fabriqu\u00e9 en 100% carbone, ce qui le rend plus rigide et performant. La version BOA BNT [&hellip;]<\/p>\n","protected":false},"featured_media":22747,"comment_status":"open","ping_status":"closed","template":"","meta":{"_acf_changed":false,"_monsterinsights_skip_tracking":false,"_monsterinsights_sitenote_active":false,"_monsterinsights_sitenote_note":"","_monsterinsights_sitenote_category":0,"_uf_show_specific_survey":0,"_uf_disable_surveys":false,"site-sidebar-layout":"default","site-content-layout":"","ast-site-content-layout":"default","site-content-style":"default","site-sidebar-style":"default","ast-global-header-display":"","ast-banner-title-visibility":"","ast-main-header-display":"","ast-hfb-above-header-display":"","ast-hfb-below-header-display":"","ast-hfb-mobile-header-display":"","site-post-title":"","ast-breadcrumbs-content":"","ast-featured-img":"","footer-sml-layout":"","ast-disable-related-posts":"","theme-transparent-header-meta":"default","adv-header-id-meta":"","stick-header-meta":"","header-above-stick-meta":"","header-main-stick-meta":"","header-below-stick-meta":"","astra-migrate-meta-layouts":"set","ast-page-background-enabled":"default","ast-page-background-meta":{"desktop":{"background-color":"","background-image":"","background-repeat":"repeat","background-position":"center center","background-size":"auto","background-attachment":"scroll","background-type":"","background-media":"","overlay-type":"","overlay-color":"","overlay-opacity":"","overlay-gradient":""},"tablet":{"background-color":"","background-image":"","background-repeat":"repeat","background-position":"center center","background-size":"auto","background-attachment":"scroll","background-type":"","background-media":"","overlay-type":"","overlay-color":"","overlay-opacity":"","overlay-gradient":""},"mobile":{"background-color":"","background-image":"","background-repeat":"repeat","background-position":"center center","background-size":"auto","background-attachment":"scroll","background-type":"","background-media":"","overlay-type":"","overlay-color":"","overlay-opacity":"","overlay-gradient":""}},"ast-content-background-meta":{"desktop":{"background-color":"var(--ast-global-color-5)","background-image":"","background-repeat":"repeat","background-position":"center center","background-size":"auto","background-attachment":"scroll","background-type":"","background-media":"","overlay-type":"","overlay-color":"","overlay-opacity":"","overlay-gradient":""},"tablet":{"background-color":"var(--ast-global-color-5)","background-image":"","background-repeat":"repeat","background-position":"center center","background-size":"auto","background-attachment":"scroll","background-type":"","background-media":"","overlay-type":"","overlay-color":"","overlay-opacity":"","overlay-gradient":""},"mobile":{"background-color":"var(--ast-global-color-5)","background-image":"","background-repeat":"repeat","background-position":"center center","background-size":"auto","background-attachment":"scroll","background-type":"","background-media":"","overlay-type":"","overlay-color":"","overlay-opacity":"","overlay-gradient":""}}},"product_brand":[3285],"product_cat":[3378],"product_tag":[3796],"class_list":{"0":"post-22756","1":"product","2":"type-product","3":"status-publish","4":"has-post-thumbnail","6":"product_brand-bont","7":"product_cat-non-categorise","8":"product_tag-short-track","9":"desktop-align-left","10":"tablet-align-left","11":"mobile-align-left","13":"first","14":"instock","15":"taxable","16":"shipping-taxable","17":"purchasable","18":"product-type-simple"},"acf":[],"_links":{"self":[{"href":"https:\/\/ztsports.com\/fr\/wp-json\/wp\/v2\/product\/22756","targetHints":{"allow":["GET"]}}],"collection":[{"href":"https:\/\/ztsports.com\/fr\/wp-json\/wp\/v2\/product"}],"about":[{"href":"https:\/\/ztsports.com\/fr\/wp-json\/wp\/v2\/types\/product"}],"replies":[{"embeddable":true,"href":"https:\/\/ztsports.com\/fr\/wp-json\/wp\/v2\/comments?post=22756"}],"version-history":[{"count":2,"href":"https:\/\/ztsports.com\/fr\/wp-json\/wp\/v2\/product\/22756\/revisions"}],"predecessor-version":[{"id":22758,"href":"https:\/\/ztsports.com\/fr\/wp-json\/wp\/v2\/product\/22756\/revisions\/22758"}],"wp:featuredmedia":[{"embeddable":true,"href":"https:\/\/ztsports.com\/fr\/wp-json\/wp\/v2\/media\/22747"}],"wp:attachment":[{"href":"https:\/\/ztsports.com\/fr\/wp-json\/wp\/v2\/media?parent=22756"}],"wp:term":[{"taxonomy":"product_brand","embeddable":true,"href":"https:\/\/ztsports.com\/fr\/wp-json\/wp\/v2\/product_brand?post=22756"},{"taxonomy":"product_cat","embeddable":true,"href":"https:\/\/ztsports.com\/fr\/wp-json\/wp\/v2\/product_cat?post=22756"},{"taxonomy":"product_tag","embeddable":true,"href":"https:\/\/ztsports.com\/fr\/wp-json\/wp\/v2\/product_tag?post=22756"}],"curies":[{"name":"wp","href":"https:\/\/api.w.org\/{rel}","templated":true}]}}