{"id":22744,"date":"2023-08-26T22:19:35","date_gmt":"2023-08-26T22:19:35","guid":{"rendered":"https:\/\/ztsports.com\/?post_type=product&#038;p=22744"},"modified":"2026-03-12T12:06:25","modified_gmt":"2026-03-12T12:06:25","slug":"skate-tec-blade-case-for-short-and-long-track","status":"publish","type":"product","link":"https:\/\/ztsports.com\/fr\/store\/skate-tec-blade-case-for-short-and-long-track\/","title":{"rendered":"SKATE TEC BLADE CASE for Short and Long Track"},"content":{"rendered":"<h1 class=\"product-single__title\">SKATE TEC BLADE CASE<\/h1>\n<p>Le Skate Tec Blade Case est un \u00e9tui souple con\u00e7u pour prot\u00e9ger vos lames de short track ou de long track.<\/p>\n<p>Prot\u00e9gez vos lames lors de vos d\u00e9placements. Id\u00e9al pour transporter vos lames de rechange, cet \u00e9tui est un accessoire indispensable pour tout patineur exigeant.<\/p>\n<h3>Caract\u00e9ristiques :<\/h3>\n<ul>\n<li>\u00c9tui souple pour lames<\/li>\n<li>Deux mod\u00e8les disponibles :\n<ul>\n<li>2 lames (1 paire) : taille maximale 17&#8243; ou moins, sans les cups<\/li>\n<li>4 lames (2 paires) : taille maximale 18&#8243; ou moins, sans les cups<\/li>\n<\/ul>\n<\/li>\n<li>Convient \u00e9galement pour les lames de long track, sans la \u201cbridge\u201d<\/li>\n<\/ul>\n<p>Pour 1 paire de lames jusqu\u2019\u00e0 17&#8243;.<\/p>\n<p>D\u00e9couvrez tous nos <a href=\"https:\/\/ztsports.com\/product-category\/accessoires\/blade-protectors-guards\/\"><strong>\u00e9tuis de protection pour lames<\/strong><\/a>.<\/p>\n","protected":false},"excerpt":{"rendered":"<p>SKATE TEC BLADE CASE Le Skate Tec Blade Case est un \u00e9tui souple con\u00e7u pour prot\u00e9ger vos lames de short track ou de long track. Prot\u00e9gez vos lames lors de vos d\u00e9placements. Id\u00e9al pour transporter vos lames de rechange, cet \u00e9tui est un accessoire indispensable pour tout patineur exigeant. Caract\u00e9ristiques : \u00c9tui souple pour lames [&hellip;]<\/p>\n","protected":false},"featured_media":22738,"comment_status":"open","ping_status":"closed","template":"","meta":{"_acf_changed":false,"_monsterinsights_skip_tracking":false,"_monsterinsights_sitenote_active":false,"_monsterinsights_sitenote_note":"","_monsterinsights_sitenote_category":0,"_uf_show_specific_survey":0,"_uf_disable_surveys":false,"site-sidebar-layout":"default","site-content-layout":"","ast-site-content-layout":"default","site-content-style":"default","site-sidebar-style":"default","ast-global-header-display":"","ast-banner-title-visibility":"","ast-main-header-display":"","ast-hfb-above-header-display":"","ast-hfb-below-header-display":"","ast-hfb-mobile-header-display":"","site-post-title":"","ast-breadcrumbs-content":"","ast-featured-img":"","footer-sml-layout":"","ast-disable-related-posts":"","theme-transparent-header-meta":"default","adv-header-id-meta":"","stick-header-meta":"","header-above-stick-meta":"","header-main-stick-meta":"","header-below-stick-meta":"","astra-migrate-meta-layouts":"set","ast-page-background-enabled":"default","ast-page-background-meta":{"desktop":{"background-color":"","background-image":"","background-repeat":"repeat","background-position":"center center","background-size":"auto","background-attachment":"scroll","background-type":"","background-media":"","overlay-type":"","overlay-color":"","overlay-opacity":"","overlay-gradient":""},"tablet":{"background-color":"","background-image":"","background-repeat":"repeat","background-position":"center center","background-size":"auto","background-attachment":"scroll","background-type":"","background-media":"","overlay-type":"","overlay-color":"","overlay-opacity":"","overlay-gradient":""},"mobile":{"background-color":"","background-image":"","background-repeat":"repeat","background-position":"center center","background-size":"auto","background-attachment":"scroll","background-type":"","background-media":"","overlay-type":"","overlay-color":"","overlay-opacity":"","overlay-gradient":""}},"ast-content-background-meta":{"desktop":{"background-color":"var(--ast-global-color-5)","background-image":"","background-repeat":"repeat","background-position":"center center","background-size":"auto","background-attachment":"scroll","background-type":"","background-media":"","overlay-type":"","overlay-color":"","overlay-opacity":"","overlay-gradient":""},"tablet":{"background-color":"var(--ast-global-color-5)","background-image":"","background-repeat":"repeat","background-position":"center center","background-size":"auto","background-attachment":"scroll","background-type":"","background-media":"","overlay-type":"","overlay-color":"","overlay-opacity":"","overlay-gradient":""},"mobile":{"background-color":"var(--ast-global-color-5)","background-image":"","background-repeat":"repeat","background-position":"center center","background-size":"auto","background-attachment":"scroll","background-type":"","background-media":"","overlay-type":"","overlay-color":"","overlay-opacity":"","overlay-gradient":""}}},"product_brand":[],"product_cat":[3455],"product_tag":[],"class_list":{"0":"post-22744","1":"product","2":"type-product","3":"status-publish","4":"has-post-thumbnail","6":"product_cat-accessories","7":"desktop-align-left","8":"tablet-align-left","9":"mobile-align-left","11":"first","12":"instock","13":"taxable","14":"shipping-taxable","15":"purchasable","16":"product-type-simple"},"acf":[],"_links":{"self":[{"href":"https:\/\/ztsports.com\/fr\/wp-json\/wp\/v2\/product\/22744","targetHints":{"allow":["GET"]}}],"collection":[{"href":"https:\/\/ztsports.com\/fr\/wp-json\/wp\/v2\/product"}],"about":[{"href":"https:\/\/ztsports.com\/fr\/wp-json\/wp\/v2\/types\/product"}],"replies":[{"embeddable":true,"href":"https:\/\/ztsports.com\/fr\/wp-json\/wp\/v2\/comments?post=22744"}],"version-history":[{"count":2,"href":"https:\/\/ztsports.com\/fr\/wp-json\/wp\/v2\/product\/22744\/revisions"}],"predecessor-version":[{"id":22746,"href":"https:\/\/ztsports.com\/fr\/wp-json\/wp\/v2\/product\/22744\/revisions\/22746"}],"wp:featuredmedia":[{"embeddable":true,"href":"https:\/\/ztsports.com\/fr\/wp-json\/wp\/v2\/media\/22738"}],"wp:attachment":[{"href":"https:\/\/ztsports.com\/fr\/wp-json\/wp\/v2\/media?parent=22744"}],"wp:term":[{"taxonomy":"product_brand","embeddable":true,"href":"https:\/\/ztsports.com\/fr\/wp-json\/wp\/v2\/product_brand?post=22744"},{"taxonomy":"product_cat","embeddable":true,"href":"https:\/\/ztsports.com\/fr\/wp-json\/wp\/v2\/product_cat?post=22744"},{"taxonomy":"product_tag","embeddable":true,"href":"https:\/\/ztsports.com\/fr\/wp-json\/wp\/v2\/product_tag?post=22744"}],"curies":[{"name":"wp","href":"https:\/\/api.w.org\/{rel}","templated":true}]}}