{"id":22728,"date":"2023-08-31T17:01:40","date_gmt":"2023-08-31T17:01:40","guid":{"rendered":"https:\/\/ztsports.com\/?post_type=product&#038;p=22728"},"modified":"2026-03-07T00:20:56","modified_gmt":"2026-03-07T00:20:56","slug":"bnt-boa-platinum-package-by-bont","status":"publish","type":"product","link":"https:\/\/ztsports.com\/fr\/store\/bnt-boa-platinum-package-by-bont\/","title":{"rendered":"BNT BOA Platinum Package By Bont"},"content":{"rendered":"<h1>BNT BOA Platinum Package par Bont<\/h1>\n<p>Le BNT BOA Platinum est une botte de short track qui repr\u00e9sente un v\u00e9ritable cran au-dessus de la Z. Contrairement \u00e0 la Z, fabriqu\u00e9e en carbone et fibre de verre, le BNT est 100% carbone, ce qui le rend plus rigide.<\/p>\n<p>La peau ext\u00e9rieure est \u00e9galement d\u2019un mat\u00e9riau sup\u00e9rieur \u00e0 celle de la Z. Le rembourrage en mousse est plus fin et plus dur, et l\u2019absence de thermoplastique rend la botte l\u00e9g\u00e8rement moins thermomoulable mais plus l\u00e9g\u00e8re. Elle reste toutefois thermomoulable gr\u00e2ce \u00e0 la r\u00e9sine.<\/p>\n<h2>BNT BOA Platinum<\/h2>\n<p>Ce package a \u00e9tabli un nouveau standard dans le monde du roller inline, et nous esp\u00e9rons qu\u2019il fera de m\u00eame en short track. Les meilleurs patineurs inline affirment que c\u2019est la botte stock la mieux adapt\u00e9e qu\u2019ils aient jamais port\u00e9e.<\/p>\n<p>La version BOA ajoute un cadran BOA pour enfiler rapidement vos patins. Le BNT est l\u2019une des bottes les plus l\u00e9g\u00e8res que nous ayons fabriqu\u00e9es, vous oublierez presque que vous les portez.<\/p>\n<h3>Caract\u00e9ristiques :<\/h3>\n<ul>\n<li>Base : 100% carbone avec finition mate<\/li>\n<li>Peau ext\u00e9rieure : Durolite<\/li>\n<li>Doublure : Suede-L<\/li>\n<li>Soulier int\u00e9rieur : EVA thermomoulable<\/li>\n<li>Thermomoulable : Base enti\u00e8rement thermomoulable avec r\u00e9sine \u00e9poxy thermodurcissable<\/li>\n<li>Rembourrage : N\u00e9opr\u00e8ne 2mm<\/li>\n<li>Options de fit : Standard, Narrow (+50$), Wide (+50$), Double Wide (+50$) \u2014 (Les options Narrow, Wide ou Double Wide peuvent prendre 4 \u00e0 6 semaines)<\/li>\n<li>Protection : Aucune<\/li>\n<li>Vegan : Oui<\/li>\n<\/ul>\n<h3>Syst\u00e8me Boa :<\/h3>\n<p>Bont est l\u2019une des rares marques \u00e0 disposer de la licence officielle pour utiliser les cadrans Boa authentiques fabriqu\u00e9s aux \u00c9tats-Unis.<br \/>\nLe cadran Boa remplace les lacets traditionnels, ratchets ou sangles Velcro gr\u00e2ce \u00e0 un c\u00e2ble en acier, des guides en nylon et une bobine m\u00e9canique qui maintient la botte parfaitement ajust\u00e9e.<br \/>\nIl permet de serrer ou desserrer facilement vos patins d\u2019un simple tour de cadran.<\/p>\n<p>Si vous devez r\u00e9parer votre cadran Boa, consultez cette page : <a href=\"https:\/\/www.boafit.com\/repair\" target=\"_blank\" rel=\"noopener\">https:\/\/www.boafit.com\/repair<\/a><\/p>\n<h3>Lame Platinum Bont<\/h3>\n<p>La l\u00e9gendaire lame Bont Platinum est fabriqu\u00e9e en acier B\u00f6hler K390 \u00e0 poudre m\u00e9tallurgique, meul\u00e9e lentement pour produire une pi\u00e8ce parfaitement droite.<br \/>\nLa structure en poudre m\u00e9tallurgique tr\u00e8s fine offre des propri\u00e9t\u00e9s de glisse exceptionnelles et peut conserver son tranchant jusqu\u2019\u00e0 8 fois plus longtemps que les lames en acier classiques.<\/p>\n<h3>Sp\u00e9cifications :<\/h3>\n<ul>\n<li>Mat\u00e9riau du cup : Aluminium 7075 T6<\/li>\n<li>Rayon : 9 m<\/li>\n<li>Longueurs : 15,5\u2033, 16\u2033, 16,5\u2033, 17\u2033, 17,5\u2033, 18\u2033<\/li>\n<li>\u00c9paisseur de la lame : 1,1 mm<\/li>\n<li>Duret\u00e9 : 64 Rockwell<\/li>\n<li>Courbure : Form\u00e9e \u00e0 la machine<\/li>\n<li>Hauteur du cup : 25 mm pour 15,5\u2033, 28 mm (+3 mm) pour 16\u2033 et 30 mm (+5 mm) pour 16,5\u2033 et plus<\/li>\n<\/ul>\n<p>La lame Platinum K390 de Bont est consid\u00e9r\u00e9e par de nombreux patineurs short track comme la meilleure lame jamais fabriqu\u00e9e pour ce sport.<\/p>\n<p>Regardez notre vid\u00e9o sur <a href=\"https:\/\/www.youtube.com\/watch?v=2AfKfzVSCWk\" target=\"_blank\" rel=\"noopener\"><strong>le thermomoulage des bottes Bont<\/strong><\/a><\/p>\n<p>D\u00e9couvrez tous nos <a href=\"https:\/\/ztsports.com\/product-category\/patinage-de-vitesse-en-ligne\/packages\/\">packages Short Track ici<\/a><\/p>\n","protected":false},"excerpt":{"rendered":"<p>BNT BOA Platinum Package par Bont Le BNT BOA Platinum est une botte de short track qui repr\u00e9sente un v\u00e9ritable cran au-dessus de la Z. Contrairement \u00e0 la Z, fabriqu\u00e9e en carbone et fibre de verre, le BNT est 100% carbone, ce qui le rend plus rigide. La peau ext\u00e9rieure est \u00e9galement d\u2019un mat\u00e9riau sup\u00e9rieur [&hellip;]<\/p>\n","protected":false},"featured_media":22724,"comment_status":"open","ping_status":"closed","template":"","meta":{"_acf_changed":false,"_monsterinsights_skip_tracking":false,"_monsterinsights_sitenote_active":false,"_monsterinsights_sitenote_note":"","_monsterinsights_sitenote_category":0,"_uf_show_specific_survey":0,"_uf_disable_surveys":false,"site-sidebar-layout":"default","site-content-layout":"","ast-site-content-layout":"default","site-content-style":"default","site-sidebar-style":"default","ast-global-header-display":"","ast-banner-title-visibility":"","ast-main-header-display":"","ast-hfb-above-header-display":"","ast-hfb-below-header-display":"","ast-hfb-mobile-header-display":"","site-post-title":"","ast-breadcrumbs-content":"","ast-featured-img":"","footer-sml-layout":"","ast-disable-related-posts":"","theme-transparent-header-meta":"default","adv-header-id-meta":"","stick-header-meta":"","header-above-stick-meta":"","header-main-stick-meta":"","header-below-stick-meta":"","astra-migrate-meta-layouts":"set","ast-page-background-enabled":"default","ast-page-background-meta":{"desktop":{"background-color":"","background-image":"","background-repeat":"repeat","background-position":"center center","background-size":"auto","background-attachment":"scroll","background-type":"","background-media":"","overlay-type":"","overlay-color":"","overlay-opacity":"","overlay-gradient":""},"tablet":{"background-color":"","background-image":"","background-repeat":"repeat","background-position":"center center","background-size":"auto","background-attachment":"scroll","background-type":"","background-media":"","overlay-type":"","overlay-color":"","overlay-opacity":"","overlay-gradient":""},"mobile":{"background-color":"","background-image":"","background-repeat":"repeat","background-position":"center center","background-size":"auto","background-attachment":"scroll","background-type":"","background-media":"","overlay-type":"","overlay-color":"","overlay-opacity":"","overlay-gradient":""}},"ast-content-background-meta":{"desktop":{"background-color":"var(--ast-global-color-5)","background-image":"","background-repeat":"repeat","background-position":"center center","background-size":"auto","background-attachment":"scroll","background-type":"","background-media":"","overlay-type":"","overlay-color":"","overlay-opacity":"","overlay-gradient":""},"tablet":{"background-color":"var(--ast-global-color-5)","background-image":"","background-repeat":"repeat","background-position":"center center","background-size":"auto","background-attachment":"scroll","background-type":"","background-media":"","overlay-type":"","overlay-color":"","overlay-opacity":"","overlay-gradient":""},"mobile":{"background-color":"var(--ast-global-color-5)","background-image":"","background-repeat":"repeat","background-position":"center center","background-size":"auto","background-attachment":"scroll","background-type":"","background-media":"","overlay-type":"","overlay-color":"","overlay-opacity":"","overlay-gradient":""}}},"product_brand":[3285],"product_cat":[3378],"product_tag":[3799,3796],"class_list":{"0":"post-22728","1":"product","2":"type-product","3":"status-publish","4":"has-post-thumbnail","6":"product_brand-bont","7":"product_cat-non-categorise","8":"product_tag-bont","9":"product_tag-short-track","10":"desktop-align-left","11":"tablet-align-left","12":"mobile-align-left","14":"first","15":"instock","16":"taxable","17":"shipping-taxable","18":"purchasable","19":"product-type-simple"},"acf":[],"_links":{"self":[{"href":"https:\/\/ztsports.com\/fr\/wp-json\/wp\/v2\/product\/22728","targetHints":{"allow":["GET"]}}],"collection":[{"href":"https:\/\/ztsports.com\/fr\/wp-json\/wp\/v2\/product"}],"about":[{"href":"https:\/\/ztsports.com\/fr\/wp-json\/wp\/v2\/types\/product"}],"replies":[{"embeddable":true,"href":"https:\/\/ztsports.com\/fr\/wp-json\/wp\/v2\/comments?post=22728"}],"version-history":[{"count":2,"href":"https:\/\/ztsports.com\/fr\/wp-json\/wp\/v2\/product\/22728\/revisions"}],"predecessor-version":[{"id":22730,"href":"https:\/\/ztsports.com\/fr\/wp-json\/wp\/v2\/product\/22728\/revisions\/22730"}],"wp:featuredmedia":[{"embeddable":true,"href":"https:\/\/ztsports.com\/fr\/wp-json\/wp\/v2\/media\/22724"}],"wp:attachment":[{"href":"https:\/\/ztsports.com\/fr\/wp-json\/wp\/v2\/media?parent=22728"}],"wp:term":[{"taxonomy":"product_brand","embeddable":true,"href":"https:\/\/ztsports.com\/fr\/wp-json\/wp\/v2\/product_brand?post=22728"},{"taxonomy":"product_cat","embeddable":true,"href":"https:\/\/ztsports.com\/fr\/wp-json\/wp\/v2\/product_cat?post=22728"},{"taxonomy":"product_tag","embeddable":true,"href":"https:\/\/ztsports.com\/fr\/wp-json\/wp\/v2\/product_tag?post=22728"}],"curies":[{"name":"wp","href":"https:\/\/api.w.org\/{rel}","templated":true}]}}