{"id":22721,"date":"2023-09-04T15:10:30","date_gmt":"2023-09-04T15:10:30","guid":{"rendered":"https:\/\/ztsports.com\/?post_type=product&#038;p=22721"},"modified":"2026-03-07T00:19:43","modified_gmt":"2026-03-07T00:19:43","slug":"bont-bnt-boa-gt3-package-buy-bont","status":"publish","type":"product","link":"https:\/\/ztsports.com\/fr\/store\/bont-bnt-boa-gt3-package-buy-bont\/","title":{"rendered":"BONT BNT BOA GT3 Package buy Bont"},"content":{"rendered":"<h1>BNT BOA GT3 Package par Bont<\/h1>\n<p>Le BNT BOA GT3 de Bont est une botte de short track qui repr\u00e9sente un v\u00e9ritable cran au-dessus de la Z. Contrairement \u00e0 la Z, construite en carbone et fibre de verre, le BNT est fabriqu\u00e9 en 100% carbone, ce qui le rend plus rigide.<\/p>\n<h2>Pr\u00e9sentation de la nouvelle botte BNT BOA Short Track<\/h2>\n<p>La botte BNT BOA est un pas en avant par rapport \u00e0 la Z. La peau ext\u00e9rieure est fabriqu\u00e9e dans un mat\u00e9riau de meilleure qualit\u00e9, le rembourrage en mousse est plus fin et plus dur, et il n\u2019y a pas de thermoplastique, ce qui la rend l\u00e9g\u00e8rement moins thermomoulable mais plus l\u00e9g\u00e8re. La botte reste toutefois thermomoulable gr\u00e2ce \u00e0 la r\u00e9sine.<\/p>\n<h3>Caract\u00e9ristiques du BNT BOA :<\/h3>\n<ul>\n<li>Base : 100% carbone avec finition mate<\/li>\n<li>Peau ext\u00e9rieure : Durolite<\/li>\n<li>Doublure : Suede-L<\/li>\n<li>Soulier int\u00e9rieur : EVA thermomoulable<\/li>\n<li>Thermomoulable : Base enti\u00e8rement thermomoulable avec r\u00e9sine \u00e9poxy thermodurcissable<\/li>\n<li>Rembourrage : N\u00e9opr\u00e8ne 2mm<\/li>\n<li>Protection : Aucune<\/li>\n<li>Vegan : Oui<\/li>\n<\/ul>\n<p>Bont est l\u2019une des rares marques \u00e0 disposer de la licence officielle pour utiliser les cadrans Boa authentiques fabriqu\u00e9s aux \u00c9tats-Unis. Le syst\u00e8me BOA remplace les lacets traditionnels, ratchets ou sangles Velcro, gr\u00e2ce \u00e0 un c\u00e2ble en acier, des guides en nylon et un m\u00e9canisme \u00e0 bobine permettant de maintenir la botte bien ajust\u00e9e. Le cadran BOA permet de serrer ou desserrer facilement vos patins d\u2019un simple tour de cadran.<\/p>\n<p>Si vous devez r\u00e9parer votre cadran BOA, veuillez consulter cette page : <a href=\"https:\/\/www.boafit.com\/repair\" target=\"_blank\" rel=\"noopener\">https:\/\/www.boafit.com\/repair<\/a><\/p>\n<h3>Lame Bont GT3 Short Track<\/h3>\n<p>La lame GT3 pour short track est fabriqu\u00e9e avec le meilleur acier japonais pour couteaux. Elle b\u00e9n\u00e9ficie de toute la technologie, recherche et d\u00e9veloppement de la nouvelle lame Platinum. Cette lame utilise les m\u00eames mat\u00e9riaux que la Platinum, \u00e0 l\u2019exception de l\u2019acier, qui est tremp\u00e9 selon plus de 20 ans d\u2019expertise en fabrication de lames de short track.<\/p>\n<h3>Sp\u00e9cifications :<\/h3>\n<ul>\n<li>Mat\u00e9riau du cup : Aluminium 7075 T6<\/li>\n<li>Rayon : 9 m<\/li>\n<li>Longueurs : 14\u2033, 14,5\u2033, 15\u2033, 15,5\u2033, 16\u2033, 16,5\u2033, 17\u2033, 17,5\u2033<\/li>\n<li>\u00c9paisseur de la lame : 1,1 mm<\/li>\n<li>Duret\u00e9 : 64 Rockwell<\/li>\n<li>Courbure : Form\u00e9e \u00e0 la machine<\/li>\n<li>Non pr\u00e9-aff\u00fbt\u00e9e<\/li>\n<\/ul>\n<p>Regardez notre vid\u00e9o sur <a href=\"https:\/\/www.youtube.com\/watch?v=2AfKfzVSCWk\" target=\"_blank\" rel=\"noopener\"><strong>le thermomoulage des bottes Bont<\/strong><\/a><\/p>\n<p>D\u00e9couvrez tous nos <a href=\"https:\/\/ztsports.com\/product-category\/patinage-de-vitesse-en-ligne\/packages\/\">packages Short Track ici<\/a><\/p>\n","protected":false},"excerpt":{"rendered":"<p>BNT BOA GT3 Package par Bont Le BNT BOA GT3 de Bont est une botte de short track qui repr\u00e9sente un v\u00e9ritable cran au-dessus de la Z. Contrairement \u00e0 la Z, construite en carbone et fibre de verre, le BNT est fabriqu\u00e9 en 100% carbone, ce qui le rend plus rigide. Pr\u00e9sentation de la nouvelle [&hellip;]<\/p>\n","protected":false},"featured_media":22717,"comment_status":"open","ping_status":"closed","template":"","meta":{"_acf_changed":false,"_monsterinsights_skip_tracking":false,"_monsterinsights_sitenote_active":false,"_monsterinsights_sitenote_note":"","_monsterinsights_sitenote_category":0,"_uf_show_specific_survey":0,"_uf_disable_surveys":false,"site-sidebar-layout":"default","site-content-layout":"","ast-site-content-layout":"default","site-content-style":"default","site-sidebar-style":"default","ast-global-header-display":"","ast-banner-title-visibility":"","ast-main-header-display":"","ast-hfb-above-header-display":"","ast-hfb-below-header-display":"","ast-hfb-mobile-header-display":"","site-post-title":"","ast-breadcrumbs-content":"","ast-featured-img":"","footer-sml-layout":"","ast-disable-related-posts":"","theme-transparent-header-meta":"default","adv-header-id-meta":"","stick-header-meta":"","header-above-stick-meta":"","header-main-stick-meta":"","header-below-stick-meta":"","astra-migrate-meta-layouts":"set","ast-page-background-enabled":"default","ast-page-background-meta":{"desktop":{"background-color":"","background-image":"","background-repeat":"repeat","background-position":"center center","background-size":"auto","background-attachment":"scroll","background-type":"","background-media":"","overlay-type":"","overlay-color":"","overlay-opacity":"","overlay-gradient":""},"tablet":{"background-color":"","background-image":"","background-repeat":"repeat","background-position":"center center","background-size":"auto","background-attachment":"scroll","background-type":"","background-media":"","overlay-type":"","overlay-color":"","overlay-opacity":"","overlay-gradient":""},"mobile":{"background-color":"","background-image":"","background-repeat":"repeat","background-position":"center center","background-size":"auto","background-attachment":"scroll","background-type":"","background-media":"","overlay-type":"","overlay-color":"","overlay-opacity":"","overlay-gradient":""}},"ast-content-background-meta":{"desktop":{"background-color":"var(--ast-global-color-5)","background-image":"","background-repeat":"repeat","background-position":"center center","background-size":"auto","background-attachment":"scroll","background-type":"","background-media":"","overlay-type":"","overlay-color":"","overlay-opacity":"","overlay-gradient":""},"tablet":{"background-color":"var(--ast-global-color-5)","background-image":"","background-repeat":"repeat","background-position":"center center","background-size":"auto","background-attachment":"scroll","background-type":"","background-media":"","overlay-type":"","overlay-color":"","overlay-opacity":"","overlay-gradient":""},"mobile":{"background-color":"var(--ast-global-color-5)","background-image":"","background-repeat":"repeat","background-position":"center center","background-size":"auto","background-attachment":"scroll","background-type":"","background-media":"","overlay-type":"","overlay-color":"","overlay-opacity":"","overlay-gradient":""}}},"product_brand":[3285],"product_cat":[3378],"product_tag":[3799,3796,4562],"class_list":{"0":"post-22721","1":"product","2":"type-product","3":"status-publish","4":"has-post-thumbnail","6":"product_brand-bont","7":"product_cat-non-categorise","8":"product_tag-bont","9":"product_tag-short-track","10":"product_tag-speed-skating","11":"desktop-align-left","12":"tablet-align-left","13":"mobile-align-left","15":"first","16":"instock","17":"taxable","18":"shipping-taxable","19":"purchasable","20":"product-type-simple"},"acf":[],"_links":{"self":[{"href":"https:\/\/ztsports.com\/fr\/wp-json\/wp\/v2\/product\/22721","targetHints":{"allow":["GET"]}}],"collection":[{"href":"https:\/\/ztsports.com\/fr\/wp-json\/wp\/v2\/product"}],"about":[{"href":"https:\/\/ztsports.com\/fr\/wp-json\/wp\/v2\/types\/product"}],"replies":[{"embeddable":true,"href":"https:\/\/ztsports.com\/fr\/wp-json\/wp\/v2\/comments?post=22721"}],"version-history":[{"count":2,"href":"https:\/\/ztsports.com\/fr\/wp-json\/wp\/v2\/product\/22721\/revisions"}],"predecessor-version":[{"id":22723,"href":"https:\/\/ztsports.com\/fr\/wp-json\/wp\/v2\/product\/22721\/revisions\/22723"}],"wp:featuredmedia":[{"embeddable":true,"href":"https:\/\/ztsports.com\/fr\/wp-json\/wp\/v2\/media\/22717"}],"wp:attachment":[{"href":"https:\/\/ztsports.com\/fr\/wp-json\/wp\/v2\/media?parent=22721"}],"wp:term":[{"taxonomy":"product_brand","embeddable":true,"href":"https:\/\/ztsports.com\/fr\/wp-json\/wp\/v2\/product_brand?post=22721"},{"taxonomy":"product_cat","embeddable":true,"href":"https:\/\/ztsports.com\/fr\/wp-json\/wp\/v2\/product_cat?post=22721"},{"taxonomy":"product_tag","embeddable":true,"href":"https:\/\/ztsports.com\/fr\/wp-json\/wp\/v2\/product_tag?post=22721"}],"curies":[{"name":"wp","href":"https:\/\/api.w.org\/{rel}","templated":true}]}}