{"id":22709,"date":"2023-09-04T18:06:43","date_gmt":"2023-09-04T18:06:43","guid":{"rendered":"https:\/\/ztsports.com\/?post_type=product&#038;p=22709"},"modified":"2026-03-07T00:17:01","modified_gmt":"2026-03-07T00:17:01","slug":"patriot-carbon-boa-gt3-package-2","status":"publish","type":"product","link":"https:\/\/ztsports.com\/fr\/store\/patriot-carbon-boa-gt3-package-2\/","title":{"rendered":"Patriot Carbon BOA GT3 Package"},"content":{"rendered":"<h1 class=\"product_title entry-title\">Patriot Carbon BOA GT3 Package<\/h1>\n<p>Le package Patriot Carbon BOA GT3, plus rigide que le Patriot classique, offre un soutien suppl\u00e9mentaire pour les patineurs cherchant \u00e0 atteindre des vitesses plus \u00e9lev\u00e9es. Le syst\u00e8me BOA permet d\u2019ajuster facilement la tension de la botte entre les sessions.<\/p>\n<h2>Une extension naturelle de votre corps<\/h2>\n<p><b>Caract\u00e9ristiques de la botte :<\/b><\/p>\n<ul>\n<li>Base composite carbone pos\u00e9e \u00e0 la main<\/li>\n<li>R\u00e9sine \u00e9poxy<\/li>\n<li>Ventilation sur la languette<\/li>\n<li>Doublure en microfibre<\/li>\n<li>Syst\u00e8me BOA + protection des lacets + sangle Velcro sup\u00e9rieure<\/li>\n<li>Construction monocoque artisanale<\/li>\n<li>Languette thermomoulable<\/li>\n<li>Lacets cir\u00e9s<\/li>\n<\/ul>\n<p><b>Autres caract\u00e9ristiques :<\/b><\/p>\n<ul>\n<li><strong>Base :<\/strong> Composite carbone pos\u00e9e \u00e0 la main<\/li>\n<li><strong>Peau ext\u00e9rieure :<\/strong> Microfibre \/ microfibre mate<\/li>\n<li><strong>Doublure :<\/strong> Microfibre<\/li>\n<li><strong>Soulier int\u00e9rieur :<\/strong> Cuir<\/li>\n<li><strong>Thermomoulable :<\/strong> Base enti\u00e8rement thermomoulable avec r\u00e9sine \u00e9poxy thermodurcissable<\/li>\n<li><strong>Rembourrage :<\/strong> Mousse \u00e0 m\u00e9moire de forme haute densit\u00e9<\/li>\n<li><strong>Fermeture :<\/strong> Syst\u00e8me BOA, protection des lacets et deux sangles Velcro<\/li>\n<li><strong>Options de fit :<\/strong> Standard, \u00c9troit (+50$), Large (+50$) <em>(Les options \u00e9troite ou large peuvent prendre 4 \u00e0 6 semaines pour la livraison.)<\/em><\/li>\n<li><strong>Montage :<\/strong> 165 mm<\/li>\n<\/ul>\n<h2>Lames GT3<\/h2>\n<p>Les lames GT3 sont fabriqu\u00e9es avec le meilleur acier de coutellerie japonais. Elles b\u00e9n\u00e9ficient \u00e9galement de toute la technologie, recherche et d\u00e9veloppement des lames Platinum. L\u2019acier des GT3 est tremp\u00e9 selon plus de 20 ans d\u2019exp\u00e9rience dans la fabrication de lames de short track.<\/p>\n<p><strong>Sp\u00e9cifications :<\/strong><\/p>\n<ul>\n<li><strong>Mat\u00e9riau des cups :<\/strong> Aluminium 7075 T6<\/li>\n<li><strong>Rayon :<\/strong> 8 m<\/li>\n<li><strong>Longueurs disponibles :<\/strong> 14\u2033, 14,5\u2033, 15\u2033, 15,5\u2033, 16\u2033, 16,5\u2033, 17\u2033, 17,5\u2033<\/li>\n<li><strong>\u00c9paisseur de la lame :<\/strong> 1,1 mm<\/li>\n<li><strong>Duret\u00e9 :<\/strong> 62 Rockwell<\/li>\n<li><strong>Courbure :<\/strong> Form\u00e9e \u00e0 la machine<\/li>\n<li><em>LA LONGUEUR DE LA LAME PEUT \u00caTRE MODIFI\u00c9E, VEUILLEZ LE PR\u00c9CISER DANS LE CHAMP COMMENTAIRE LORS DE LA COMMANDE<\/em><\/li>\n<\/ul>\n<h2>Avantages du syst\u00e8me BOA<\/h2>\n<ul>\n<li>Fit comme un gant<\/li>\n<li>Confort personnalis\u00e9 gr\u00e2ce \u00e0 une fermeture uniforme et sans points de pression<\/li>\n<li>Ajustable \u00e0 la vol\u00e9e avec une seule main gr\u00e2ce au cadran BOA<\/li>\n<li>Fermeture puissante : une fois verrouill\u00e9, le syst\u00e8me reste en place<\/li>\n<li>Durable : fabriqu\u00e9 en acier inox a\u00e9ronautique, plus r\u00e9sistant que de l\u2019armure par gramme<\/li>\n<li>Micro-ajustement infini<\/li>\n<li>L\u00e9ger et r\u00e9sistant \u00e0 l\u2019eau et \u00e0 la glace<\/li>\n<li>Rapide : mise en place et retrait simplifi\u00e9s<\/li>\n<\/ul>\n<p>Si vous devez r\u00e9parer votre syst\u00e8me BOA, <a href=\"https:\/\/www.boafit.com\/repair\" target=\"_blank\" rel=\"noopener\">veuillez consulter cette page<\/a>.<\/p>\n<p><strong>NE PAS OUBLIER DE FAIRE COURBER\/ROCKER VOS LAMES<\/strong><\/p>\n<h5>Vid\u00e9o sur <a href=\"https:\/\/www.youtube.com\/watch?v=2AfKfzVSCWk\" target=\"_blank\" rel=\"noopener\"><strong>le thermomoulage de vos bottes Bont<\/strong><\/a><\/h5>\n<p>Enfin, d\u00e9couvrez tous nos <a href=\"https:\/\/ztsports.com\/product-category\/patinage-de-vitesse-en-ligne\/packages\/\"><strong>packages Short Track ici<\/strong><\/a>.<\/p>\n","protected":false},"excerpt":{"rendered":"<p>Patriot Carbon BOA GT3 Package Le package Patriot Carbon BOA GT3, plus rigide que le Patriot classique, offre un soutien suppl\u00e9mentaire pour les patineurs cherchant \u00e0 atteindre des vitesses plus \u00e9lev\u00e9es. Le syst\u00e8me BOA permet d\u2019ajuster facilement la tension de la botte entre les sessions. Une extension naturelle de votre corps Caract\u00e9ristiques de la botte [&hellip;]<\/p>\n","protected":false},"featured_media":22705,"comment_status":"open","ping_status":"closed","template":"","meta":{"_acf_changed":false,"_monsterinsights_skip_tracking":false,"_monsterinsights_sitenote_active":false,"_monsterinsights_sitenote_note":"","_monsterinsights_sitenote_category":0,"_uf_show_specific_survey":0,"_uf_disable_surveys":false,"site-sidebar-layout":"default","site-content-layout":"","ast-site-content-layout":"default","site-content-style":"default","site-sidebar-style":"default","ast-global-header-display":"","ast-banner-title-visibility":"","ast-main-header-display":"","ast-hfb-above-header-display":"","ast-hfb-below-header-display":"","ast-hfb-mobile-header-display":"","site-post-title":"","ast-breadcrumbs-content":"","ast-featured-img":"","footer-sml-layout":"","ast-disable-related-posts":"","theme-transparent-header-meta":"default","adv-header-id-meta":"","stick-header-meta":"","header-above-stick-meta":"","header-main-stick-meta":"","header-below-stick-meta":"","astra-migrate-meta-layouts":"set","ast-page-background-enabled":"default","ast-page-background-meta":{"desktop":{"background-color":"","background-image":"","background-repeat":"repeat","background-position":"center center","background-size":"auto","background-attachment":"scroll","background-type":"","background-media":"","overlay-type":"","overlay-color":"","overlay-opacity":"","overlay-gradient":""},"tablet":{"background-color":"","background-image":"","background-repeat":"repeat","background-position":"center center","background-size":"auto","background-attachment":"scroll","background-type":"","background-media":"","overlay-type":"","overlay-color":"","overlay-opacity":"","overlay-gradient":""},"mobile":{"background-color":"","background-image":"","background-repeat":"repeat","background-position":"center center","background-size":"auto","background-attachment":"scroll","background-type":"","background-media":"","overlay-type":"","overlay-color":"","overlay-opacity":"","overlay-gradient":""}},"ast-content-background-meta":{"desktop":{"background-color":"var(--ast-global-color-5)","background-image":"","background-repeat":"repeat","background-position":"center center","background-size":"auto","background-attachment":"scroll","background-type":"","background-media":"","overlay-type":"","overlay-color":"","overlay-opacity":"","overlay-gradient":""},"tablet":{"background-color":"var(--ast-global-color-5)","background-image":"","background-repeat":"repeat","background-position":"center center","background-size":"auto","background-attachment":"scroll","background-type":"","background-media":"","overlay-type":"","overlay-color":"","overlay-opacity":"","overlay-gradient":""},"mobile":{"background-color":"var(--ast-global-color-5)","background-image":"","background-repeat":"repeat","background-position":"center center","background-size":"auto","background-attachment":"scroll","background-type":"","background-media":"","overlay-type":"","overlay-color":"","overlay-opacity":"","overlay-gradient":""}}},"product_brand":[3285],"product_cat":[3378],"product_tag":[],"class_list":{"0":"post-22709","1":"product","2":"type-product","3":"status-publish","4":"has-post-thumbnail","6":"product_brand-bont","7":"product_cat-non-categorise","8":"desktop-align-left","9":"tablet-align-left","10":"mobile-align-left","12":"first","13":"instock","14":"taxable","15":"shipping-taxable","16":"purchasable","17":"product-type-simple"},"acf":[],"_links":{"self":[{"href":"https:\/\/ztsports.com\/fr\/wp-json\/wp\/v2\/product\/22709","targetHints":{"allow":["GET"]}}],"collection":[{"href":"https:\/\/ztsports.com\/fr\/wp-json\/wp\/v2\/product"}],"about":[{"href":"https:\/\/ztsports.com\/fr\/wp-json\/wp\/v2\/types\/product"}],"replies":[{"embeddable":true,"href":"https:\/\/ztsports.com\/fr\/wp-json\/wp\/v2\/comments?post=22709"}],"version-history":[{"count":1,"href":"https:\/\/ztsports.com\/fr\/wp-json\/wp\/v2\/product\/22709\/revisions"}],"predecessor-version":[{"id":22710,"href":"https:\/\/ztsports.com\/fr\/wp-json\/wp\/v2\/product\/22709\/revisions\/22710"}],"wp:featuredmedia":[{"embeddable":true,"href":"https:\/\/ztsports.com\/fr\/wp-json\/wp\/v2\/media\/22705"}],"wp:attachment":[{"href":"https:\/\/ztsports.com\/fr\/wp-json\/wp\/v2\/media?parent=22709"}],"wp:term":[{"taxonomy":"product_brand","embeddable":true,"href":"https:\/\/ztsports.com\/fr\/wp-json\/wp\/v2\/product_brand?post=22709"},{"taxonomy":"product_cat","embeddable":true,"href":"https:\/\/ztsports.com\/fr\/wp-json\/wp\/v2\/product_cat?post=22709"},{"taxonomy":"product_tag","embeddable":true,"href":"https:\/\/ztsports.com\/fr\/wp-json\/wp\/v2\/product_tag?post=22709"}],"curies":[{"name":"wp","href":"https:\/\/api.w.org\/{rel}","templated":true}]}}