{"id":22702,"date":"2023-09-04T18:49:30","date_gmt":"2023-09-04T18:49:30","guid":{"rendered":"https:\/\/ztsports.com\/?post_type=product&#038;p=22702"},"modified":"2026-05-02T00:07:53","modified_gmt":"2026-05-02T00:07:53","slug":"bont-patriot-carbon-ultrasprint-package","status":"publish","type":"product","link":"https:\/\/ztsports.com\/fr\/store\/bont-patriot-carbon-ultrasprint-package\/","title":{"rendered":"BONT Patriot Carbon Ultrasprint Package"},"content":{"rendered":"<h1>BONT Patriot Carbon Ultrasprint Package<\/h1>\n<p>Le package Bont Patriot Carbon Ultrasprint est l\u2019un de nos best-sellers pour les patineurs souhaitant passer au-dessus des locations de club.<\/p>\n<p>Les patineurs de short track se sentent invincibles. Cette attitude leur permet de repousser toutes les limites. Voici le Patriot Carbon. Regardez de pr\u00e8s, \u00e9coutez bien. La tradition de Bont, avec ses lignes \u00e9pur\u00e9es et son style audacieux, se retrouve dans ce mod\u00e8le. Nous refusons les conventions et poussons nos designs classiques toujours plus loin. Le Patriot est une botte qui devrait co\u00fbter plus de 1000 $ avec sa fibre de carbone pos\u00e9e \u00e0 la main et le syst\u00e8me unique de Bont qui \u00e9limine plus de r\u00e9sine que toute autre technique de fabrication en carbone.<\/p>\n<p>La lame Ultrasprint est con\u00e7ue pour surpasser la concurrence dans tous les domaines : meilleure qualit\u00e9 d\u2019acier, polissage brillant, courbure parfaite, excellente r\u00e9tention de la courbure et graphismes styl\u00e9s. Tout cela \u00e0 un prix incroyable.<\/p>\n<p><b>Caract\u00e9ristiques :<\/b><\/p>\n<ul>\n<li><strong>Base :<\/strong> Composite carbone pos\u00e9e \u00e0 la main<\/li>\n<li><strong>Peau ext\u00e9rieure :<\/strong> Microfibre \/ microfibre mate<\/li>\n<li><strong>Doublure :<\/strong> Microfibre<\/li>\n<li><strong>Soulier int\u00e9rieur :<\/strong> Cuir<\/li>\n<li><strong>Thermomoulable :<\/strong> Base enti\u00e8rement thermomoulable avec r\u00e9sine \u00e9poxy thermodurcissable<\/li>\n<li><strong>Rembourrage :<\/strong> Mousse \u00e0 m\u00e9moire de forme haute densit\u00e9<\/li>\n<li><strong>Fermeture :<\/strong> Lacets cir\u00e9s, protection des lacets et deux sangles Velcro<\/li>\n<li><strong>Options de fit :<\/strong> Standard, \u00e9troit et large<\/li>\n<li><strong>Montage :<\/strong> 165 mm<\/li>\n<\/ul>\n<p>La lame Ultrasprint surpasse la concurrence gr\u00e2ce \u00e0 un acier de qualit\u00e9, un polissage brillant, une courbure parfaite, une meilleure tenue et un design graphique attractif, le tout \u00e0 un prix imbattable.<\/p>\n<p><strong>Sp\u00e9cifications :<\/strong><\/p>\n<ul>\n<li>Mat\u00e9riau du tube : 6061 T6<\/li>\n<li>Mat\u00e9riau des cups : Aluminium 7075 T6<\/li>\n<li>Rayon : 8 m<\/li>\n<li>Longueurs disponibles : 12\u2033, 13\u2033, 14\u2033, 14,5\u2033, 15\u2033, 15,5\u2033, 16\u2033, 16,5\u2033, 17\u2033<\/li>\n<li>\u00c9paisseur de la lame : 1,1 mm<\/li>\n<li>Duret\u00e9 : 58 Rockwell<\/li>\n<li>Courbure : Form\u00e9e \u00e0 la machine<\/li>\n<\/ul>\n<h5>Vid\u00e9o sur <a href=\"https:\/\/www.youtube.com\/watch?v=2AfKfzVSCWk\" target=\"_blank\" rel=\"noopener\"><strong>le thermomoulage de vos bottes Bont<\/strong><\/a><\/h5>\n<p>Enfin, d\u00e9couvrez tous nos <a href=\"https:\/\/ztsports.com\/product-category\/patinage-de-vitesse-en-ligne\/packages\/\"><strong>packages Short Track ici<\/strong><\/a>.<\/p>\n","protected":false},"excerpt":{"rendered":"<p>BONT Patriot Carbon Ultrasprint Package Le package Bont Patriot Carbon Ultrasprint est l\u2019un de nos best-sellers pour les patineurs souhaitant passer au-dessus des locations de club. Les patineurs de short track se sentent invincibles. Cette attitude leur permet de repousser toutes les limites. Voici le Patriot Carbon. Regardez de pr\u00e8s, \u00e9coutez bien. La tradition de [&hellip;]<\/p>\n","protected":false},"featured_media":22698,"comment_status":"open","ping_status":"closed","template":"","meta":{"_acf_changed":false,"_monsterinsights_skip_tracking":false,"_monsterinsights_sitenote_active":false,"_monsterinsights_sitenote_note":"","_monsterinsights_sitenote_category":0,"_uf_show_specific_survey":0,"_uf_disable_surveys":false,"site-sidebar-layout":"default","site-content-layout":"","ast-site-content-layout":"default","site-content-style":"default","site-sidebar-style":"default","ast-global-header-display":"","ast-banner-title-visibility":"","ast-main-header-display":"","ast-hfb-above-header-display":"","ast-hfb-below-header-display":"","ast-hfb-mobile-header-display":"","site-post-title":"","ast-breadcrumbs-content":"","ast-featured-img":"","footer-sml-layout":"","ast-disable-related-posts":"","theme-transparent-header-meta":"default","adv-header-id-meta":"","stick-header-meta":"","header-above-stick-meta":"","header-main-stick-meta":"","header-below-stick-meta":"","astra-migrate-meta-layouts":"set","ast-page-background-enabled":"default","ast-page-background-meta":{"desktop":{"background-color":"","background-image":"","background-repeat":"repeat","background-position":"center center","background-size":"auto","background-attachment":"scroll","background-type":"","background-media":"","overlay-type":"","overlay-color":"","overlay-opacity":"","overlay-gradient":""},"tablet":{"background-color":"","background-image":"","background-repeat":"repeat","background-position":"center center","background-size":"auto","background-attachment":"scroll","background-type":"","background-media":"","overlay-type":"","overlay-color":"","overlay-opacity":"","overlay-gradient":""},"mobile":{"background-color":"","background-image":"","background-repeat":"repeat","background-position":"center center","background-size":"auto","background-attachment":"scroll","background-type":"","background-media":"","overlay-type":"","overlay-color":"","overlay-opacity":"","overlay-gradient":""}},"ast-content-background-meta":{"desktop":{"background-color":"var(--ast-global-color-5)","background-image":"","background-repeat":"repeat","background-position":"center center","background-size":"auto","background-attachment":"scroll","background-type":"","background-media":"","overlay-type":"","overlay-color":"","overlay-opacity":"","overlay-gradient":""},"tablet":{"background-color":"var(--ast-global-color-5)","background-image":"","background-repeat":"repeat","background-position":"center center","background-size":"auto","background-attachment":"scroll","background-type":"","background-media":"","overlay-type":"","overlay-color":"","overlay-opacity":"","overlay-gradient":""},"mobile":{"background-color":"var(--ast-global-color-5)","background-image":"","background-repeat":"repeat","background-position":"center center","background-size":"auto","background-attachment":"scroll","background-type":"","background-media":"","overlay-type":"","overlay-color":"","overlay-opacity":"","overlay-gradient":""}}},"product_brand":[3285],"product_cat":[3378],"product_tag":[3796],"class_list":{"0":"post-22702","1":"product","2":"type-product","3":"status-publish","4":"has-post-thumbnail","6":"product_brand-bont","7":"product_cat-non-categorise","8":"product_tag-short-track","9":"desktop-align-left","10":"tablet-align-left","11":"mobile-align-left","13":"first","14":"instock","15":"taxable","16":"shipping-taxable","17":"purchasable","18":"product-type-simple"},"acf":[],"_links":{"self":[{"href":"https:\/\/ztsports.com\/fr\/wp-json\/wp\/v2\/product\/22702","targetHints":{"allow":["GET"]}}],"collection":[{"href":"https:\/\/ztsports.com\/fr\/wp-json\/wp\/v2\/product"}],"about":[{"href":"https:\/\/ztsports.com\/fr\/wp-json\/wp\/v2\/types\/product"}],"replies":[{"embeddable":true,"href":"https:\/\/ztsports.com\/fr\/wp-json\/wp\/v2\/comments?post=22702"}],"version-history":[{"count":2,"href":"https:\/\/ztsports.com\/fr\/wp-json\/wp\/v2\/product\/22702\/revisions"}],"predecessor-version":[{"id":22704,"href":"https:\/\/ztsports.com\/fr\/wp-json\/wp\/v2\/product\/22702\/revisions\/22704"}],"wp:featuredmedia":[{"embeddable":true,"href":"https:\/\/ztsports.com\/fr\/wp-json\/wp\/v2\/media\/22698"}],"wp:attachment":[{"href":"https:\/\/ztsports.com\/fr\/wp-json\/wp\/v2\/media?parent=22702"}],"wp:term":[{"taxonomy":"product_brand","embeddable":true,"href":"https:\/\/ztsports.com\/fr\/wp-json\/wp\/v2\/product_brand?post=22702"},{"taxonomy":"product_cat","embeddable":true,"href":"https:\/\/ztsports.com\/fr\/wp-json\/wp\/v2\/product_cat?post=22702"},{"taxonomy":"product_tag","embeddable":true,"href":"https:\/\/ztsports.com\/fr\/wp-json\/wp\/v2\/product_tag?post=22702"}],"curies":[{"name":"wp","href":"https:\/\/api.w.org\/{rel}","templated":true}]}}