{"id":22696,"date":"2023-09-23T23:07:41","date_gmt":"2023-09-23T23:07:41","guid":{"rendered":"https:\/\/ztsports.com\/?post_type=product&#038;p=22696"},"modified":"2026-04-10T15:42:15","modified_gmt":"2026-04-10T15:42:15","slug":"casque-cadomotus-alpha-3-st","status":"publish","type":"product","link":"https:\/\/ztsports.com\/fr\/store\/casque-cadomotus-alpha-3-st\/","title":{"rendered":"CADOMOTUS ALPHA 3 ST Helmet New For Short Track"},"content":{"rendered":"<h1>Casque CADOMOTUS ALPHA 3 ST<\/h1>\n<p>Le casque CADOMOTUS ALPHA 3 ST est le successeur de notre casque de patinage de vitesse le plus vendu : le Cadomotus Alpha Aerospeed 2015. Apr\u00e8s 5 ans, il \u00e9tait temps de le moderniser !<\/p>\n<div id=\"product-content\" class=\"product-content general-content content-col mobile-popup\" data-popup=\"product-content\">\n<div class=\"popup-inner\">\n<div class=\"title-small title-font\">Description<\/div>\n<p>Casque pour short track. L\u2019Alpha-3 est le successeur de notre casque de vitesse le plus vendu : le Cadomotus Alpha Aerospeed 2015. Apr\u00e8s 5 ans, il est temps pour une mise \u00e0 jour !<\/p>\n<h2>L\u2019Alpha-3 : le casque de patinage le plus s\u00fbr du march\u00e9<\/h2>\n<p>Lors de la conception, notre \u00e9quipe R&amp;D a \u00e9t\u00e9 en contact constant avec le comit\u00e9 technique de l\u2019ISU. C\u2019est pourquoi nous garantissons que l\u2019Alpha-3 respecte toutes les directives de s\u00e9curit\u00e9 r\u00e9centes et les adaptations futures. Avec l\u2019Alpha-3, vous aurez un casque certifi\u00e9, maintenant et dans le futur. Son design \u00e9l\u00e9gant et a\u00e9rodynamique en fait un casque que m\u00eame les patineurs les plus prudents aiment porter !<\/p>\n<h2>Quoi de neuf avec le casque CADOMOTUS ALPHA 3 ST ?<\/h2>\n<ul>\n<li>Nouvelle forme plus arrondie \u00e0 l\u2019arri\u00e8re pour plus de protection de la nuque.<\/li>\n<li>Disponible en deux tailles : M (54-57 cm) et L (58-62 cm), contrairement \u00e0 l\u2019uni-size Alpha Aerospeed.<\/li>\n<li>Pas de visi\u00e8re ni de bouclier a\u00e9rodynamique.<\/li>\n<li>Effet global : un motif c\u00f4tel\u00e9 sur le devant r\u00e9duit la tra\u00een\u00e9e a\u00e9rodynamique.<\/li>\n<li>Les a\u00e9rations recouvertes de grille respectent les normes ISU et offrent une protection suppl\u00e9mentaire en cas de chute.<\/li>\n<li>L\u00e9ger et confortable : toujours inchang\u00e9.<\/li>\n<\/ul>\n<h2>Casque CADOMOTUS ALPHA 3 ST<\/h2>\n<h2>Casque certifi\u00e9 ISU<\/h2>\n<p>L\u2019Alpha-3 est l\u2019un des rares casques officiellement approuv\u00e9s par l\u2019ISU. Selon les r\u00e8gles, un casque doit \u00e9pouser la forme de la t\u00eate et ne pas pr\u00e9senter de protub\u00e9rances. Les casques de v\u00e9lo ne sont donc pas adapt\u00e9s au short track. L\u2019Alpha-3 peut \u00eatre utilis\u00e9 en toute s\u00e9curit\u00e9 en patinage de vitesse, short track et marathon.<\/p>\n<h2>Remplacement apr\u00e8s choc<\/h2>\n<p>En enregistrant l\u2019achat de votre casque chez C\u00e1domotus Crash Replacement, vous b\u00e9n\u00e9ficierez d\u2019une remise de 50 % sur un nouveau casque apr\u00e8s un choc. M\u00eame si votre casque semble intact apr\u00e8s une chute, sa structure peut \u00eatre endommag\u00e9e. Le remplacement reste toujours l\u2019option la plus s\u00fbre.<\/p>\n<div class=\"content-col specs mobile-popup\" data-popup=\"product-specs\">\n<div class=\"popup-inner\">\n<div class=\"title-small title-font\">Sp\u00e9cifications<\/div>\n<table>\n<tbody>\n<tr>\n<td class=\"spec-title\"><strong>Homologu\u00e9 pour comp\u00e9tition<\/strong><\/td>\n<td>Patinage de vitesse ISU<\/td>\n<\/tr>\n<tr>\n<td class=\"spec-title\"><strong>Visi\u00e8re int\u00e9gr\u00e9e<\/strong><\/td>\n<td>Non<\/td>\n<\/tr>\n<tr>\n<td class=\"spec-title\"><strong>Option Aeroshield<\/strong><\/td>\n<td>Non<\/td>\n<\/tr>\n<tr>\n<td class=\"spec-title\"><strong>Ventilation<\/strong><\/td>\n<td>Canalisation interne, ventilation au-dessus du front<\/td>\n<\/tr>\n<tr>\n<td class=\"spec-title\"><strong>Protection contre insectes<\/strong><\/td>\n<td>Non<\/td>\n<\/tr>\n<tr>\n<td class=\"spec-title\"><strong>Syst\u00e8me de r\u00e9glage<\/strong><\/td>\n<td>Molette, ajustement vertical<\/td>\n<\/tr>\n<tr>\n<td class=\"spec-title\"><strong>Boucle<\/strong><\/td>\n<td>Clip standard<\/td>\n<\/tr>\n<tr>\n<td class=\"spec-title\"><strong>Construction<\/strong><\/td>\n<td>Inmold EPC\/PC<\/td>\n<\/tr>\n<tr>\n<td class=\"spec-title\"><strong>Doublure<\/strong><\/td>\n<td>Double \u00e9paisseur | 3 pi\u00e8ces<\/td>\n<\/tr>\n<tr>\n<td class=\"spec-title\"><strong>Doublure lavable<\/strong><\/td>\n<td>Oui<\/td>\n<\/tr>\n<tr>\n<td class=\"spec-title\"><strong>Certification<\/strong><\/td>\n<td>CE, ASTM F-1849<\/td>\n<\/tr>\n<tr>\n<td class=\"spec-title\"><strong>Test en soufflerie<\/strong><\/td>\n<td>Oui<\/td>\n<\/tr>\n<\/tbody>\n<\/table>\n<p><strong>Vid\u00e9o de <a href=\"https:\/\/www.youtube.com\/watch?v=7XZzirH3PzI\" target=\"_blank\" rel=\"noopener\">tests du casque par Cadomotus<\/a><\/strong><\/p>\n<p>Enfin, d\u00e9couvrez tous nos <a href=\"https:\/\/ztsports.com\/product-category\/inline\/helmets\/\"><strong>casques Short Track ici<\/strong><\/a>.<\/p>\n<\/div>\n<\/div>\n<\/div>\n<\/div>\n","protected":false},"excerpt":{"rendered":"<p>Casque CADOMOTUS ALPHA 3 ST Le casque CADOMOTUS ALPHA 3 ST est le successeur de notre casque de patinage de vitesse le plus vendu : le Cadomotus Alpha Aerospeed 2015. Apr\u00e8s 5 ans, il \u00e9tait temps de le moderniser ! Description Casque pour short track. L\u2019Alpha-3 est le successeur de notre casque de vitesse le [&hellip;]<\/p>\n","protected":false},"featured_media":20215,"comment_status":"open","ping_status":"closed","template":"","meta":{"_acf_changed":false,"_monsterinsights_skip_tracking":false,"_monsterinsights_sitenote_active":false,"_monsterinsights_sitenote_note":"","_monsterinsights_sitenote_category":0,"_uf_show_specific_survey":0,"_uf_disable_surveys":false,"site-sidebar-layout":"default","site-content-layout":"","ast-site-content-layout":"default","site-content-style":"default","site-sidebar-style":"default","ast-global-header-display":"","ast-banner-title-visibility":"","ast-main-header-display":"","ast-hfb-above-header-display":"","ast-hfb-below-header-display":"","ast-hfb-mobile-header-display":"","site-post-title":"","ast-breadcrumbs-content":"","ast-featured-img":"","footer-sml-layout":"","ast-disable-related-posts":"","theme-transparent-header-meta":"default","adv-header-id-meta":"","stick-header-meta":"","header-above-stick-meta":"","header-main-stick-meta":"","header-below-stick-meta":"","astra-migrate-meta-layouts":"set","ast-page-background-enabled":"default","ast-page-background-meta":{"desktop":{"background-color":"","background-image":"","background-repeat":"repeat","background-position":"center center","background-size":"auto","background-attachment":"scroll","background-type":"","background-media":"","overlay-type":"","overlay-color":"","overlay-opacity":"","overlay-gradient":""},"tablet":{"background-color":"","background-image":"","background-repeat":"repeat","background-position":"center center","background-size":"auto","background-attachment":"scroll","background-type":"","background-media":"","overlay-type":"","overlay-color":"","overlay-opacity":"","overlay-gradient":""},"mobile":{"background-color":"","background-image":"","background-repeat":"repeat","background-position":"center center","background-size":"auto","background-attachment":"scroll","background-type":"","background-media":"","overlay-type":"","overlay-color":"","overlay-opacity":"","overlay-gradient":""}},"ast-content-background-meta":{"desktop":{"background-color":"var(--ast-global-color-5)","background-image":"","background-repeat":"repeat","background-position":"center center","background-size":"auto","background-attachment":"scroll","background-type":"","background-media":"","overlay-type":"","overlay-color":"","overlay-opacity":"","overlay-gradient":""},"tablet":{"background-color":"var(--ast-global-color-5)","background-image":"","background-repeat":"repeat","background-position":"center center","background-size":"auto","background-attachment":"scroll","background-type":"","background-media":"","overlay-type":"","overlay-color":"","overlay-opacity":"","overlay-gradient":""},"mobile":{"background-color":"var(--ast-global-color-5)","background-image":"","background-repeat":"repeat","background-position":"center center","background-size":"auto","background-attachment":"scroll","background-type":"","background-media":"","overlay-type":"","overlay-color":"","overlay-opacity":"","overlay-gradient":""}}},"product_brand":[3289],"product_cat":[3643,3644,3589,4076],"product_tag":[3796,4562],"class_list":{"0":"post-22696","1":"product","2":"type-product","3":"status-publish","4":"has-post-thumbnail","6":"product_brand-cadomotus","7":"product_cat-casque-long-track","8":"product_cat-casque-short-track","9":"product_cat-casques","10":"product_cat-hlmet","11":"product_tag-short-track","12":"product_tag-speed-skating","13":"desktop-align-left","14":"tablet-align-left","15":"mobile-align-left","17":"first","18":"instock","19":"featured","20":"taxable","21":"shipping-taxable","22":"purchasable","23":"product-type-simple"},"acf":[],"_links":{"self":[{"href":"https:\/\/ztsports.com\/fr\/wp-json\/wp\/v2\/product\/22696","targetHints":{"allow":["GET"]}}],"collection":[{"href":"https:\/\/ztsports.com\/fr\/wp-json\/wp\/v2\/product"}],"about":[{"href":"https:\/\/ztsports.com\/fr\/wp-json\/wp\/v2\/types\/product"}],"replies":[{"embeddable":true,"href":"https:\/\/ztsports.com\/fr\/wp-json\/wp\/v2\/comments?post=22696"}],"version-history":[{"count":4,"href":"https:\/\/ztsports.com\/fr\/wp-json\/wp\/v2\/product\/22696\/revisions"}],"predecessor-version":[{"id":25172,"href":"https:\/\/ztsports.com\/fr\/wp-json\/wp\/v2\/product\/22696\/revisions\/25172"}],"wp:featuredmedia":[{"embeddable":true,"href":"https:\/\/ztsports.com\/fr\/wp-json\/wp\/v2\/media\/20215"}],"wp:attachment":[{"href":"https:\/\/ztsports.com\/fr\/wp-json\/wp\/v2\/media?parent=22696"}],"wp:term":[{"taxonomy":"product_brand","embeddable":true,"href":"https:\/\/ztsports.com\/fr\/wp-json\/wp\/v2\/product_brand?post=22696"},{"taxonomy":"product_cat","embeddable":true,"href":"https:\/\/ztsports.com\/fr\/wp-json\/wp\/v2\/product_cat?post=22696"},{"taxonomy":"product_tag","embeddable":true,"href":"https:\/\/ztsports.com\/fr\/wp-json\/wp\/v2\/product_tag?post=22696"}],"curies":[{"name":"wp","href":"https:\/\/api.w.org\/{rel}","templated":true}]}}