{"id":22688,"date":"2023-09-29T18:20:05","date_gmt":"2023-09-29T18:20:05","guid":{"rendered":"https:\/\/ztsports.com\/?post_type=product&#038;p=22688"},"modified":"2026-05-02T00:07:53","modified_gmt":"2026-05-02T00:07:53","slug":"bont-patriot-carbon-evo-krypton-12c27-package-super-sale","status":"publish","type":"product","link":"https:\/\/ztsports.com\/fr\/store\/bont-patriot-carbon-evo-krypton-12c27-package-super-sale\/","title":{"rendered":"BONT Patriot Carbon\/EVO Krypton 12c27 package Super Sale"},"content":{"rendered":"<h2 class=\"product_title entry-title\">BONT Patriot Carbon EVO Krypton 12c27 Package Super Sale<\/h2>\n<p>Le Bont Patriot Carbon EVO Krypton 12c27 permet aux patineurs short track de se sentir indestructibles. C\u2019est une attitude qui pousse \u00e0 repousser toutes les limites. D\u00e9couvrez la botte Patriot Carbon pour short track. Observez bien et \u00e9coutez attentivement. Il n\u2019est pas difficile de retrouver notre tradition de lignes \u00e9pur\u00e9es et d\u2019attitude affirm\u00e9e dans notre dernier mod\u00e8le short track. Notre marque refuse la pens\u00e9e conventionnelle et pousse chaque design classique un peu plus loin \u00e0 chaque fois. La Patriot est une botte qui devrait co\u00fbter plus de 1000 $ gr\u00e2ce \u00e0 sa fibre de carbone pos\u00e9e \u00e0 la main et au syst\u00e8me unique Bont de pression qui retire plus de r\u00e9sine exc\u00e9dentaire que toute autre technique de pose de carbone.<\/p>\n<div><b>Caract\u00e9ristiques du Bont Patriot Carbon Pink Krypton Package<\/b><\/p>\n<div>\n<ul>\n<li><strong>Base :<\/strong> Base composite en carbone pos\u00e9e \u00e0 la main<\/li>\n<li><strong>Peau ext\u00e9rieure :<\/strong> Microfibre \/ Microfibre mate<\/li>\n<li><strong>Doublure :<\/strong> Microfibre<\/li>\n<li><strong>Semelle int\u00e9rieure :<\/strong> Cuir<\/li>\n<li><strong>Thermomoulable :<\/strong> Base enti\u00e8rement thermomoulable utilisant de la r\u00e9sine \u00e9poxy thermodurcissable<\/li>\n<li><strong>Rembourrage :<\/strong> Mousse \u00e0 m\u00e9moire haute densit\u00e9<\/li>\n<li><strong>Syst\u00e8me de fermeture :<\/strong> Lacets cir\u00e9s, couvre-lacets et deux sangles velcro<\/li>\n<li><strong>Montage :<\/strong> 165mm<\/li>\n<li>La Patriot est une botte qui devrait co\u00fbter plus de 1000 $ gr\u00e2ce \u00e0 sa fibre de carbone pos\u00e9e \u00e0 la main et au syst\u00e8me unique Bont de pression qui retire plus de r\u00e9sine exc\u00e9dentaire que toute autre technique de pose de carbone.<\/li>\n<\/ul>\n<\/div>\n<\/div>\n<p><strong>Lames Patriot Carbon Pink avec Krypton :<\/strong><\/p>\n<ul>\n<li>Con\u00e7ues pour \u00eatre agiles, r\u00e9actives et durables<\/li>\n<li>Produit \u00e0 haute valeur offrant une excellente qualit\u00e9 \u00e0 un prix plus abordable<\/li>\n<li>Technologie de tube Krypton int\u00e9gr\u00e9e au mod\u00e8le 12C27<\/li>\n<li>L\u2019acier 12C27 est durable et conserve une excellente qualit\u00e9 de tranchant<\/li>\n<li>12C27 fabriqu\u00e9 selon les m\u00eames sp\u00e9cifications que nos lames PM et Bi-metal<\/li>\n<li>Conception canadienne et ing\u00e9nierie hollandaise<\/li>\n<li>Aluminium premium hollandais et acier 12C27 de qualit\u00e9<\/li>\n<li>Pr\u00e9p\u00e9trie<\/li>\n<li>Le syst\u00e8me innovant de coupe Evo offre une interface de montage solide avec un r\u00e9glage simple et efficace<\/li>\n<li>Des cups sur\u00e9lev\u00e9es de +5 mm disponibles sur demande sp\u00e9ciale<\/li>\n<\/ul>\n<p><strong>D\u00e9couvrez tous nos <a href=\"https:\/\/ztsports.com\/product-category\/patinage-de-vitesse-en-ligne\/packages\/\">packs promotionnels<\/a> ici.<\/strong><\/p>\n<h5>Vid\u00e9o sur <a href=\"https:\/\/www.youtube.com\/watch?v=2AfKfzVSCWk\" target=\"_blank\" rel=\"noopener\"><strong>le Thermomoulage de vos bottes Bont<\/strong><\/a><\/h5>\n<p><a href=\"https:\/\/ztsports.com\/brand\/bont\/\"><strong>Voir tous nos produits Bont ici.<\/strong><\/a><\/p>\n<h4>N\u2019oubliez pas d\u2019ajouter la <strong><a href=\"https:\/\/ztsports.com\/product\/short-track-blade-preparation\/\">Pr\u00e9paration des lames<\/a><\/strong><\/h4>\n","protected":false},"excerpt":{"rendered":"<p>BONT Patriot Carbon EVO Krypton 12c27 Package Super Sale Le Bont Patriot Carbon EVO Krypton 12c27 permet aux patineurs short track de se sentir indestructibles. C\u2019est une attitude qui pousse \u00e0 repousser toutes les limites. D\u00e9couvrez la botte Patriot Carbon pour short track. Observez bien et \u00e9coutez attentivement. Il n\u2019est pas difficile de retrouver notre [&hellip;]<\/p>\n","protected":false},"featured_media":22684,"comment_status":"open","ping_status":"closed","template":"","meta":{"_acf_changed":false,"_monsterinsights_skip_tracking":false,"_monsterinsights_sitenote_active":false,"_monsterinsights_sitenote_note":"","_monsterinsights_sitenote_category":0,"_uf_show_specific_survey":0,"_uf_disable_surveys":false,"site-sidebar-layout":"default","site-content-layout":"","ast-site-content-layout":"default","site-content-style":"default","site-sidebar-style":"default","ast-global-header-display":"","ast-banner-title-visibility":"","ast-main-header-display":"","ast-hfb-above-header-display":"","ast-hfb-below-header-display":"","ast-hfb-mobile-header-display":"","site-post-title":"","ast-breadcrumbs-content":"","ast-featured-img":"","footer-sml-layout":"","ast-disable-related-posts":"","theme-transparent-header-meta":"default","adv-header-id-meta":"","stick-header-meta":"","header-above-stick-meta":"","header-main-stick-meta":"","header-below-stick-meta":"","astra-migrate-meta-layouts":"set","ast-page-background-enabled":"default","ast-page-background-meta":{"desktop":{"background-color":"","background-image":"","background-repeat":"repeat","background-position":"center center","background-size":"auto","background-attachment":"scroll","background-type":"","background-media":"","overlay-type":"","overlay-color":"","overlay-opacity":"","overlay-gradient":""},"tablet":{"background-color":"","background-image":"","background-repeat":"repeat","background-position":"center center","background-size":"auto","background-attachment":"scroll","background-type":"","background-media":"","overlay-type":"","overlay-color":"","overlay-opacity":"","overlay-gradient":""},"mobile":{"background-color":"","background-image":"","background-repeat":"repeat","background-position":"center center","background-size":"auto","background-attachment":"scroll","background-type":"","background-media":"","overlay-type":"","overlay-color":"","overlay-opacity":"","overlay-gradient":""}},"ast-content-background-meta":{"desktop":{"background-color":"var(--ast-global-color-5)","background-image":"","background-repeat":"repeat","background-position":"center center","background-size":"auto","background-attachment":"scroll","background-type":"","background-media":"","overlay-type":"","overlay-color":"","overlay-opacity":"","overlay-gradient":""},"tablet":{"background-color":"var(--ast-global-color-5)","background-image":"","background-repeat":"repeat","background-position":"center center","background-size":"auto","background-attachment":"scroll","background-type":"","background-media":"","overlay-type":"","overlay-color":"","overlay-opacity":"","overlay-gradient":""},"mobile":{"background-color":"var(--ast-global-color-5)","background-image":"","background-repeat":"repeat","background-position":"center center","background-size":"auto","background-attachment":"scroll","background-type":"","background-media":"","overlay-type":"","overlay-color":"","overlay-opacity":"","overlay-gradient":""}}},"product_brand":[3285,3297,3342],"product_cat":[3378],"product_tag":[],"class_list":{"0":"post-22688","1":"product","2":"type-product","3":"status-publish","4":"has-post-thumbnail","6":"product_brand-bont","7":"product_brand-evo","8":"product_brand-spring-cleaning","9":"product_cat-non-categorise","10":"desktop-align-left","11":"tablet-align-left","12":"mobile-align-left","14":"first","15":"instock","16":"taxable","17":"shipping-taxable","18":"purchasable","19":"product-type-simple"},"acf":[],"_links":{"self":[{"href":"https:\/\/ztsports.com\/fr\/wp-json\/wp\/v2\/product\/22688","targetHints":{"allow":["GET"]}}],"collection":[{"href":"https:\/\/ztsports.com\/fr\/wp-json\/wp\/v2\/product"}],"about":[{"href":"https:\/\/ztsports.com\/fr\/wp-json\/wp\/v2\/types\/product"}],"replies":[{"embeddable":true,"href":"https:\/\/ztsports.com\/fr\/wp-json\/wp\/v2\/comments?post=22688"}],"version-history":[{"count":1,"href":"https:\/\/ztsports.com\/fr\/wp-json\/wp\/v2\/product\/22688\/revisions"}],"predecessor-version":[{"id":22690,"href":"https:\/\/ztsports.com\/fr\/wp-json\/wp\/v2\/product\/22688\/revisions\/22690"}],"wp:featuredmedia":[{"embeddable":true,"href":"https:\/\/ztsports.com\/fr\/wp-json\/wp\/v2\/media\/22684"}],"wp:attachment":[{"href":"https:\/\/ztsports.com\/fr\/wp-json\/wp\/v2\/media?parent=22688"}],"wp:term":[{"taxonomy":"product_brand","embeddable":true,"href":"https:\/\/ztsports.com\/fr\/wp-json\/wp\/v2\/product_brand?post=22688"},{"taxonomy":"product_cat","embeddable":true,"href":"https:\/\/ztsports.com\/fr\/wp-json\/wp\/v2\/product_cat?post=22688"},{"taxonomy":"product_tag","embeddable":true,"href":"https:\/\/ztsports.com\/fr\/wp-json\/wp\/v2\/product_tag?post=22688"}],"curies":[{"name":"wp","href":"https:\/\/api.w.org\/{rel}","templated":true}]}}