{"id":22682,"date":"2023-10-02T23:36:11","date_gmt":"2023-10-02T23:36:11","guid":{"rendered":"https:\/\/ztsports.com\/?post_type=product&#038;p=22682"},"modified":"2026-03-07T00:10:13","modified_gmt":"2026-03-07T00:10:13","slug":"2-ehs-sharpening-jig-for-speed-skates","status":"publish","type":"product","link":"https:\/\/ztsports.com\/fr\/store\/2-ehs-sharpening-jig-for-speed-skates\/","title":{"rendered":"#2 EHS SHARPENING JIG for Speed Skates"},"content":{"rendered":"<h1><strong><a href=\"https:\/\/www.youtube.com\/watch?v=y2DcA6zPqSc\" target=\"_blank\" rel=\"noopener\">Gabarit d\u2019Aiguisage EHS<\/a><\/strong><\/h1>\n<p><strong><a href=\"https:\/\/www.youtube.com\/watch?v=y2DcA6zPqSc\" target=\"_blank\" rel=\"noopener\">Le gabarit d\u2019aiguisage EHS<\/a><\/strong> est le meilleur rapport qualit\u00e9-prix pour un gabarit polyvalent. Convient pour les patins de vitesse long track et short track. Les faces de serrage finement usin\u00e9es maintiennent les lames courbes et droites avec un haut degr\u00e9 de r\u00e9p\u00e9tabilit\u00e9.<\/p>\n<p>Construction en m\u00e9tal massif CNC, charni\u00e8res de pr\u00e9cision robustes. Grandes molettes confortables pour le serrage. De plus, le gabarit EHS dispose de doubles barres transversales usin\u00e9es et comprend des ajusteurs de hauteur r\u00e9glables, maintenant avec anti-retour de lame.<\/p>\n<p>Un bond en avant en pr\u00e9cision par rapport aux mod\u00e8les \u00e0 plusieurs parties. Un meilleur choix : gabarit performant et abordable, avec but\u00e9e arri\u00e8re et barre de torsion.<\/p>\n<p>Excellente qualit\u00e9 de fabrication et conception aux Pays-Bas. Deux poutres de support assurent une grande rigidit\u00e9 et des r\u00e9glages de hauteur pr\u00e9cis. Haute qualit\u00e9.<\/p>\n<p>Les faces de serrage finement usin\u00e9es du gabarit EHS maintiennent \u00e0 la fois les lames droites et courbes.<\/p>\n<h6>Avantages<\/h6>\n<ul>\n<li>Faible poids, facile \u00e0 transporter.<\/li>\n<li>Construction stable et solide.<\/li>\n<li>Prix abordable.<\/li>\n<li>Lames droites serr\u00e9es avec pr\u00e9cision.<\/li>\n<li>Montage facile.<\/li>\n<\/ul>\n<h6>Mat\u00e9riaux<\/h6>\n<ul>\n<li>Toutes les pi\u00e8ces sont usin\u00e9es CNC aux Pays-Bas.<\/li>\n<li>Usinage CNC pour une pr\u00e9cision maximale et un serrage parfait des lames.<\/li>\n<li>Les pi\u00e8ces essentielles sont anodis\u00e9es pour une durabilit\u00e9 accrue.<\/li>\n<li>Le gabarit EHS est con\u00e7u pour \u00eatre stable et pr\u00e9cis.<\/li>\n<li>Toutes les pi\u00e8ces sont usin\u00e9es CNC et la mati\u00e8re est retir\u00e9e lorsque possible pour r\u00e9duire le poids.<\/li>\n<\/ul>\n<h6>S\u00e9curit\u00e9<\/h6>\n<p>Lors de l\u2019utilisation du gabarit pour aiguiser vos lames, prenez les pr\u00e9cautions n\u00e9cessaires pour \u00e9viter de vous couper. Nous vous conseillons de porter des gants de s\u00e9curit\u00e9 r\u00e9sistants aux coupures !<\/p>\n<p>Sans protection, vous risquez de vous couper.<\/p>\n<h6>Montage facile<\/h6>\n<p>Le gabarit se d\u00e9monte et se remonte tr\u00e8s facilement.<\/p>\n<p>Le processus prend environ cinq minutes.<\/p>\n<p>Pour d\u00e9monter, utilisez les 4 molettes au centre pour d\u00e9visser et s\u00e9parer les pi\u00e8ces. Pour assembler, proc\u00e9dez dans le sens inverse et veillez \u00e0 ce que les vis s\u2019ins\u00e8rent dans les d\u00e9coupes pr\u00e9vues. Serrez fermement les molettes.<\/p>\n<p><a href=\"https:\/\/ztsports.com\/product-category\/sharpening\/jigs\/\"><strong>Vous pouvez voir tous nos gabarits et kits ici.<\/strong><\/a><\/p>\n<h4><a href=\"https:\/\/www.youtube.com\/watch?v=6mu5w7rdrL0\" target=\"_blank\" rel=\"noopener\"><strong>Tutoriel d\u2019Aiguisage<\/strong><\/a><\/h4>\n","protected":false},"excerpt":{"rendered":"<p>Gabarit d\u2019Aiguisage EHS Le gabarit d\u2019aiguisage EHS est le meilleur rapport qualit\u00e9-prix pour un gabarit polyvalent. Convient pour les patins de vitesse long track et short track. Les faces de serrage finement usin\u00e9es maintiennent les lames courbes et droites avec un haut degr\u00e9 de r\u00e9p\u00e9tabilit\u00e9. Construction en m\u00e9tal massif CNC, charni\u00e8res de pr\u00e9cision robustes. Grandes [&hellip;]<\/p>\n","protected":false},"featured_media":22674,"comment_status":"open","ping_status":"closed","template":"","meta":{"_acf_changed":false,"_monsterinsights_skip_tracking":false,"_monsterinsights_sitenote_active":false,"_monsterinsights_sitenote_note":"","_monsterinsights_sitenote_category":0,"_uf_show_specific_survey":0,"_uf_disable_surveys":false,"site-sidebar-layout":"default","site-content-layout":"","ast-site-content-layout":"default","site-content-style":"default","site-sidebar-style":"default","ast-global-header-display":"","ast-banner-title-visibility":"","ast-main-header-display":"","ast-hfb-above-header-display":"","ast-hfb-below-header-display":"","ast-hfb-mobile-header-display":"","site-post-title":"","ast-breadcrumbs-content":"","ast-featured-img":"","footer-sml-layout":"","ast-disable-related-posts":"","theme-transparent-header-meta":"default","adv-header-id-meta":"","stick-header-meta":"","header-above-stick-meta":"","header-main-stick-meta":"","header-below-stick-meta":"","astra-migrate-meta-layouts":"set","ast-page-background-enabled":"default","ast-page-background-meta":{"desktop":{"background-color":"","background-image":"","background-repeat":"repeat","background-position":"center center","background-size":"auto","background-attachment":"scroll","background-type":"","background-media":"","overlay-type":"","overlay-color":"","overlay-opacity":"","overlay-gradient":""},"tablet":{"background-color":"","background-image":"","background-repeat":"repeat","background-position":"center center","background-size":"auto","background-attachment":"scroll","background-type":"","background-media":"","overlay-type":"","overlay-color":"","overlay-opacity":"","overlay-gradient":""},"mobile":{"background-color":"","background-image":"","background-repeat":"repeat","background-position":"center center","background-size":"auto","background-attachment":"scroll","background-type":"","background-media":"","overlay-type":"","overlay-color":"","overlay-opacity":"","overlay-gradient":""}},"ast-content-background-meta":{"desktop":{"background-color":"var(--ast-global-color-5)","background-image":"","background-repeat":"repeat","background-position":"center center","background-size":"auto","background-attachment":"scroll","background-type":"","background-media":"","overlay-type":"","overlay-color":"","overlay-opacity":"","overlay-gradient":""},"tablet":{"background-color":"var(--ast-global-color-5)","background-image":"","background-repeat":"repeat","background-position":"center center","background-size":"auto","background-attachment":"scroll","background-type":"","background-media":"","overlay-type":"","overlay-color":"","overlay-opacity":"","overlay-gradient":""},"mobile":{"background-color":"var(--ast-global-color-5)","background-image":"","background-repeat":"repeat","background-position":"center center","background-size":"auto","background-attachment":"scroll","background-type":"","background-media":"","overlay-type":"","overlay-color":"","overlay-opacity":"","overlay-gradient":""}}},"product_brand":[],"product_cat":[3378],"product_tag":[3811],"class_list":{"0":"post-22682","1":"product","2":"type-product","3":"status-publish","4":"has-post-thumbnail","6":"product_cat-non-categorise","7":"product_tag-ehs","8":"desktop-align-left","9":"tablet-align-left","10":"mobile-align-left","12":"first","13":"instock","14":"sale","15":"featured","16":"taxable","17":"shipping-taxable","18":"purchasable","19":"product-type-simple"},"acf":[],"_links":{"self":[{"href":"https:\/\/ztsports.com\/fr\/wp-json\/wp\/v2\/product\/22682","targetHints":{"allow":["GET"]}}],"collection":[{"href":"https:\/\/ztsports.com\/fr\/wp-json\/wp\/v2\/product"}],"about":[{"href":"https:\/\/ztsports.com\/fr\/wp-json\/wp\/v2\/types\/product"}],"replies":[{"embeddable":true,"href":"https:\/\/ztsports.com\/fr\/wp-json\/wp\/v2\/comments?post=22682"}],"version-history":[{"count":1,"href":"https:\/\/ztsports.com\/fr\/wp-json\/wp\/v2\/product\/22682\/revisions"}],"predecessor-version":[{"id":22683,"href":"https:\/\/ztsports.com\/fr\/wp-json\/wp\/v2\/product\/22682\/revisions\/22683"}],"wp:featuredmedia":[{"embeddable":true,"href":"https:\/\/ztsports.com\/fr\/wp-json\/wp\/v2\/media\/22674"}],"wp:attachment":[{"href":"https:\/\/ztsports.com\/fr\/wp-json\/wp\/v2\/media?parent=22682"}],"wp:term":[{"taxonomy":"product_brand","embeddable":true,"href":"https:\/\/ztsports.com\/fr\/wp-json\/wp\/v2\/product_brand?post=22682"},{"taxonomy":"product_cat","embeddable":true,"href":"https:\/\/ztsports.com\/fr\/wp-json\/wp\/v2\/product_cat?post=22682"},{"taxonomy":"product_tag","embeddable":true,"href":"https:\/\/ztsports.com\/fr\/wp-json\/wp\/v2\/product_tag?post=22682"}],"curies":[{"name":"wp","href":"https:\/\/api.w.org\/{rel}","templated":true}]}}