{"id":22669,"date":"2023-10-15T03:12:51","date_gmt":"2023-10-15T03:12:51","guid":{"rendered":"https:\/\/ztsports.com\/?post_type=product&#038;p=22669"},"modified":"2026-03-12T11:58:47","modified_gmt":"2026-03-12T11:58:47","slug":"sports-pendants-in-pewter-canadian-made-new","status":"publish","type":"product","link":"https:\/\/ztsports.com\/fr\/store\/sports-pendants-in-pewter-canadian-made-new\/","title":{"rendered":"Sports Pendants in Pewter Canadian Made NEW"},"content":{"rendered":"<h1>Pendentifs Sportifs<\/h1>\n<p>Ces pendentifs sportifs, fabriqu\u00e9s en \u00e9tain (Pewter), sont coul\u00e9s \u00e0 partir d\u2019un moule fait \u00e0 la main. Ils mesurent un peu moins de 2,5 cm (1 pouce) de hauteur.<\/p>\n<p>Noircis, polis et finis avec une attention particuli\u00e8re \u00e0 l\u2019artisanat, ils sont suspendus \u00e0 un cordon en coton noir avec des curseurs r\u00e9glables.<\/p>\n<p>Vous cherchez le cadeau parfait pour votre athl\u00e8te ? Nous avons tous les sports ! Nos pendentifs en \u00e9tain <b>offrent<\/b> un moyen de montrer le sport qu\u2019ils aiment.<\/p>\n<p>D\u00e9couvrez tous nos autres <a href=\"https:\/\/ztsports.com\/product-category\/sports-jewelry\/\"><strong>bijoux sportifs ici.<\/strong><\/a><\/p>\n<p>En outre, vous pouvez voir d\u2019autres <a href=\"https:\/\/ztsports.com\/product-category\/skater-gifts\/\"><strong>cadeaux pour patineurs ici.<\/strong><\/a><\/p>\n<p>Enfin, consultez toute notre gamme de <a href=\"https:\/\/ztsports.com\/product-category\/pewter-pendants\/\"><strong>pendentifs en \u00e9tain ici.<\/strong><\/a><\/p>\n<p>Vid\u00e9o de <a href=\"https:\/\/www.youtube.com\/watch?v=6DEfwUM0ths\" target=\"_blank\" rel=\"noopener\"><strong>la coul\u00e9e de m\u00e9tal avec l\u2019\u00e9tain<\/strong><\/a>.<\/p>\n<p><strong>Fabriqu\u00e9 au Canada<\/strong><\/p>\n","protected":false},"excerpt":{"rendered":"<p>Pendentifs Sportifs Ces pendentifs sportifs, fabriqu\u00e9s en \u00e9tain (Pewter), sont coul\u00e9s \u00e0 partir d\u2019un moule fait \u00e0 la main. Ils mesurent un peu moins de 2,5 cm (1 pouce) de hauteur. Noircis, polis et finis avec une attention particuli\u00e8re \u00e0 l\u2019artisanat, ils sont suspendus \u00e0 un cordon en coton noir avec des curseurs r\u00e9glables. Vous [&hellip;]<\/p>\n","protected":false},"featured_media":22658,"comment_status":"open","ping_status":"closed","template":"","meta":{"_acf_changed":false,"_monsterinsights_skip_tracking":false,"_monsterinsights_sitenote_active":false,"_monsterinsights_sitenote_note":"","_monsterinsights_sitenote_category":0,"_uf_show_specific_survey":0,"_uf_disable_surveys":false,"site-sidebar-layout":"default","site-content-layout":"","ast-site-content-layout":"default","site-content-style":"default","site-sidebar-style":"default","ast-global-header-display":"","ast-banner-title-visibility":"","ast-main-header-display":"","ast-hfb-above-header-display":"","ast-hfb-below-header-display":"","ast-hfb-mobile-header-display":"","site-post-title":"","ast-breadcrumbs-content":"","ast-featured-img":"","footer-sml-layout":"","ast-disable-related-posts":"","theme-transparent-header-meta":"default","adv-header-id-meta":"","stick-header-meta":"","header-above-stick-meta":"","header-main-stick-meta":"","header-below-stick-meta":"","astra-migrate-meta-layouts":"set","ast-page-background-enabled":"default","ast-page-background-meta":{"desktop":{"background-color":"","background-image":"","background-repeat":"repeat","background-position":"center center","background-size":"auto","background-attachment":"scroll","background-type":"","background-media":"","overlay-type":"","overlay-color":"","overlay-opacity":"","overlay-gradient":""},"tablet":{"background-color":"","background-image":"","background-repeat":"repeat","background-position":"center center","background-size":"auto","background-attachment":"scroll","background-type":"","background-media":"","overlay-type":"","overlay-color":"","overlay-opacity":"","overlay-gradient":""},"mobile":{"background-color":"","background-image":"","background-repeat":"repeat","background-position":"center center","background-size":"auto","background-attachment":"scroll","background-type":"","background-media":"","overlay-type":"","overlay-color":"","overlay-opacity":"","overlay-gradient":""}},"ast-content-background-meta":{"desktop":{"background-color":"var(--ast-global-color-5)","background-image":"","background-repeat":"repeat","background-position":"center center","background-size":"auto","background-attachment":"scroll","background-type":"","background-media":"","overlay-type":"","overlay-color":"","overlay-opacity":"","overlay-gradient":""},"tablet":{"background-color":"var(--ast-global-color-5)","background-image":"","background-repeat":"repeat","background-position":"center center","background-size":"auto","background-attachment":"scroll","background-type":"","background-media":"","overlay-type":"","overlay-color":"","overlay-opacity":"","overlay-gradient":""},"mobile":{"background-color":"var(--ast-global-color-5)","background-image":"","background-repeat":"repeat","background-position":"center center","background-size":"auto","background-attachment":"scroll","background-type":"","background-media":"","overlay-type":"","overlay-color":"","overlay-opacity":"","overlay-gradient":""}}},"product_brand":[3324],"product_cat":[4577],"product_tag":[],"class_list":{"0":"post-22669","1":"product","2":"type-product","3":"status-publish","4":"has-post-thumbnail","6":"product_brand-metalice","7":"product_cat-cadeaux","8":"desktop-align-left","9":"tablet-align-left","10":"mobile-align-left","12":"first","13":"instock","14":"taxable","15":"shipping-taxable","16":"purchasable","17":"product-type-simple"},"acf":[],"_links":{"self":[{"href":"https:\/\/ztsports.com\/fr\/wp-json\/wp\/v2\/product\/22669","targetHints":{"allow":["GET"]}}],"collection":[{"href":"https:\/\/ztsports.com\/fr\/wp-json\/wp\/v2\/product"}],"about":[{"href":"https:\/\/ztsports.com\/fr\/wp-json\/wp\/v2\/types\/product"}],"replies":[{"embeddable":true,"href":"https:\/\/ztsports.com\/fr\/wp-json\/wp\/v2\/comments?post=22669"}],"version-history":[{"count":1,"href":"https:\/\/ztsports.com\/fr\/wp-json\/wp\/v2\/product\/22669\/revisions"}],"predecessor-version":[{"id":22670,"href":"https:\/\/ztsports.com\/fr\/wp-json\/wp\/v2\/product\/22669\/revisions\/22670"}],"wp:featuredmedia":[{"embeddable":true,"href":"https:\/\/ztsports.com\/fr\/wp-json\/wp\/v2\/media\/22658"}],"wp:attachment":[{"href":"https:\/\/ztsports.com\/fr\/wp-json\/wp\/v2\/media?parent=22669"}],"wp:term":[{"taxonomy":"product_brand","embeddable":true,"href":"https:\/\/ztsports.com\/fr\/wp-json\/wp\/v2\/product_brand?post=22669"},{"taxonomy":"product_cat","embeddable":true,"href":"https:\/\/ztsports.com\/fr\/wp-json\/wp\/v2\/product_cat?post=22669"},{"taxonomy":"product_tag","embeddable":true,"href":"https:\/\/ztsports.com\/fr\/wp-json\/wp\/v2\/product_tag?post=22669"}],"curies":[{"name":"wp","href":"https:\/\/api.w.org\/{rel}","templated":true}]}}