{"id":22656,"date":"2023-11-03T18:13:41","date_gmt":"2023-11-03T18:13:41","guid":{"rendered":"https:\/\/ztsports.com\/?post_type=product&#038;p=22656"},"modified":"2026-03-07T00:07:55","modified_gmt":"2026-03-07T00:07:55","slug":"adult-protective-glasses-for-short-track","status":"publish","type":"product","link":"https:\/\/ztsports.com\/fr\/store\/adult-protective-glasses-for-short-track\/","title":{"rendered":"ADULT Protective Glasses For Short Track"},"content":{"rendered":"<h1 class=\"product_title entry-title\" data-rm-block-id=\"block-1\">Lunettes de Protection ADULTES pour Short Track<\/h1>\n<p data-rm-block-id=\"block-2\">Ces lunettes de protection pour adultes poss\u00e8dent une monture en nylon. Elles r\u00e9pondent aux normes ASTM F803 en mati\u00e8re de r\u00e9sistance aux impacts. Verres en polycarbonate incassables garantis ! Conviennent aux personnes de 13 ans et plus, ces protections oculaires offrent une protection UV 400. Comprend une monture enveloppante en nylon bleu et des plaquettes nasales confortables en TPR. Test\u00e9es et conformes aux sp\u00e9cifications ASTM F803.<\/p>\n<p data-rm-block-id=\"block-3\">De plus, ces lunettes de s\u00e9curit\u00e9 disposent de <strong>tailles de monture standard<\/strong> adapt\u00e9es aux visages de jeunes adultes. Sangle pour lunettes incluse.<\/p>\n<div id=\"product-content\" class=\"product-content general-content content-col mobile-popup\" data-popup=\"product-content\">\n<div class=\"popup-inner\">\n<h2 data-rm-block-id=\"block-4\">Lunettes de Protection ADULTES<\/h2>\n<p data-rm-block-id=\"block-5\">Lunettes de protection senior deluxe,<\/p>\n<h4 data-rm-block-id=\"block-6\">Conformes aux normes ASTM F803 en mati\u00e8re de r\u00e9sistance aux impacts.<\/h4>\n<ul>\n<li data-rm-block-id=\"block-7\">Verres en polycarbonate \/ anti-bu\u00e9e<\/li>\n<li data-rm-block-id=\"block-8\">Pont de nez absorbant les chocs<\/li>\n<li data-rm-block-id=\"block-9\">Monture en nylon finition m\u00e9tallique<\/li>\n<li data-rm-block-id=\"block-10\">Bords sup\u00e9rieurs et inf\u00e9rieurs rembourr\u00e9s et r\u00e9sistants \u00e0 la sueur<\/li>\n<li data-rm-block-id=\"block-11\">Sangle r\u00e9glable<\/li>\n<\/ul>\n<\/div>\n<\/div>\n<div class=\"content-col specs mobile-popup\" data-popup=\"product-specs\">\n<div class=\"popup-inner\">\n<h4 data-rm-block-id=\"block-12\">Qu\u2019est-ce que le polycarbonate ?<\/h4>\n<p data-rm-block-id=\"block-13\"><strong>Propri\u00e9t\u00e9s et traitement<\/strong><br \/>\nLe polycarbonate est un mat\u00e9riau durable. Bien qu\u2019il soit tr\u00e8s r\u00e9sistant aux impacts, il est moins r\u00e9sistant aux rayures. Pour cette raison, un rev\u00eatement dur est appliqu\u00e9 sur les verres en polycarbonate et sur certaines pi\u00e8ces automobiles. Ses caract\u00e9ristiques sont comparables \u00e0 celles du polym\u00e9thacrylate de m\u00e9thyle (PMMA, acrylique), mais le polycarbonate est plus solide et r\u00e9siste mieux aux temp\u00e9ratures extr\u00eames. Le mat\u00e9riau trait\u00e9 thermiquement est g\u00e9n\u00e9ralement totalement amorphe et offre une excellente transparence \u00e0 la lumi\u00e8re visible, avec une meilleure transmission que de nombreux types de verre.<\/p>\n<p data-rm-block-id=\"block-14\">Le polycarbonate a une temp\u00e9rature de transition vitreuse d\u2019environ 147 \u00b0C (297 \u00b0F), ce qui fait qu\u2019il se ramollit progressivement au-dessus de ce point et fond au-del\u00e0 de 155 \u00b0C (311 \u00b0F). Les outils doivent \u00eatre utilis\u00e9s \u00e0 des temp\u00e9ratures \u00e9lev\u00e9es, g\u00e9n\u00e9ralement sup\u00e9rieures \u00e0 80 \u00b0C (176 \u00b0F), pour obtenir des produits sans contraintes ni d\u00e9formations. Les grades \u00e0 faible masse mol\u00e9culaire sont plus faciles \u00e0 mouler, mais moins r\u00e9sistants. Les grades les plus r\u00e9sistants ont la masse mol\u00e9culaire la plus \u00e9lev\u00e9e mais sont plus difficiles \u00e0 traiter.<\/p>\n<p data-rm-block-id=\"block-15\">Contrairement \u00e0 la plupart des thermoplastiques, le polycarbonate peut subir de grandes d\u00e9formations plastiques sans se fissurer ni se casser. Il peut donc \u00eatre trait\u00e9 et form\u00e9 \u00e0 temp\u00e9rature ambiante par des techniques de pliage de t\u00f4le. M\u00eame pour des angles serr\u00e9s, le chauffage peut ne pas \u00eatre n\u00e9cessaire. Cela le rend pr\u00e9cieux pour les prototypes n\u00e9cessitant des pi\u00e8ces transparentes ou \u00e9lectriquement non conductrices. Le PMMA\/acrylique, bien que similaire en apparence, est fragile et ne peut pas \u00eatre pli\u00e9 \u00e0 temp\u00e9rature ambiante.<\/p>\n<\/div>\n<\/div>\n<p data-rm-block-id=\"block-16\"><a href=\"https:\/\/ztsports.com\/product\/kids-protective-glasses\/\">Taille Jr.\/Enfants disponible <strong>ici.<\/strong><\/a><\/p>\n<p data-rm-block-id=\"block-17\"><strong><span class=\"Y2IQFc\" lang=\"fr\">FPVQ &amp; <a href=\"https:\/\/www.ontariospeedskating.ca\/safety-equipment\" target=\"_blank\" rel=\"noopener\">OSSA : Accessoire obligatoire<\/a> en comp\u00e9tition.<\/span><\/strong><\/p>\n<p data-rm-block-id=\"block-18\"><strong>Enfin, vous pouvez voir une large s\u00e9lection de <a href=\"https:\/\/ztsports.com\/product-category\/protection\/glasses\/\">Lunettes de Speed Skating<\/a> ici.<\/strong><\/p>\n","protected":false},"excerpt":{"rendered":"<p>Lunettes de Protection ADULTES pour Short Track Ces lunettes de protection pour adultes poss\u00e8dent une monture en nylon. Elles r\u00e9pondent aux normes ASTM F803 en mati\u00e8re de r\u00e9sistance aux impacts. Verres en polycarbonate incassables garantis ! Conviennent aux personnes de 13 ans et plus, ces protections oculaires offrent une protection UV 400. Comprend une monture [&hellip;]<\/p>\n","protected":false},"featured_media":22654,"comment_status":"open","ping_status":"closed","template":"","meta":{"_acf_changed":false,"_monsterinsights_skip_tracking":false,"_monsterinsights_sitenote_active":false,"_monsterinsights_sitenote_note":"","_monsterinsights_sitenote_category":0,"_uf_show_specific_survey":0,"_uf_disable_surveys":false,"site-sidebar-layout":"default","site-content-layout":"","ast-site-content-layout":"default","site-content-style":"default","site-sidebar-style":"default","ast-global-header-display":"","ast-banner-title-visibility":"","ast-main-header-display":"","ast-hfb-above-header-display":"","ast-hfb-below-header-display":"","ast-hfb-mobile-header-display":"","site-post-title":"","ast-breadcrumbs-content":"","ast-featured-img":"","footer-sml-layout":"","ast-disable-related-posts":"","theme-transparent-header-meta":"default","adv-header-id-meta":"","stick-header-meta":"","header-above-stick-meta":"","header-main-stick-meta":"","header-below-stick-meta":"","astra-migrate-meta-layouts":"set","ast-page-background-enabled":"default","ast-page-background-meta":{"desktop":{"background-color":"","background-image":"","background-repeat":"repeat","background-position":"center center","background-size":"auto","background-attachment":"scroll","background-type":"","background-media":"","overlay-type":"","overlay-color":"","overlay-opacity":"","overlay-gradient":""},"tablet":{"background-color":"","background-image":"","background-repeat":"repeat","background-position":"center center","background-size":"auto","background-attachment":"scroll","background-type":"","background-media":"","overlay-type":"","overlay-color":"","overlay-opacity":"","overlay-gradient":""},"mobile":{"background-color":"","background-image":"","background-repeat":"repeat","background-position":"center center","background-size":"auto","background-attachment":"scroll","background-type":"","background-media":"","overlay-type":"","overlay-color":"","overlay-opacity":"","overlay-gradient":""}},"ast-content-background-meta":{"desktop":{"background-color":"var(--ast-global-color-5)","background-image":"","background-repeat":"repeat","background-position":"center center","background-size":"auto","background-attachment":"scroll","background-type":"","background-media":"","overlay-type":"","overlay-color":"","overlay-opacity":"","overlay-gradient":""},"tablet":{"background-color":"var(--ast-global-color-5)","background-image":"","background-repeat":"repeat","background-position":"center center","background-size":"auto","background-attachment":"scroll","background-type":"","background-media":"","overlay-type":"","overlay-color":"","overlay-opacity":"","overlay-gradient":""},"mobile":{"background-color":"var(--ast-global-color-5)","background-image":"","background-repeat":"repeat","background-position":"center center","background-size":"auto","background-attachment":"scroll","background-type":"","background-media":"","overlay-type":"","overlay-color":"","overlay-opacity":"","overlay-gradient":""}}},"product_brand":[3316,3315],"product_cat":[3378],"product_tag":[3796,4562],"class_list":{"0":"post-22656","1":"product","2":"type-product","3":"status-publish","4":"has-post-thumbnail","6":"product_brand-20-20","7":"product_brand-leader","8":"product_cat-non-categorise","9":"product_tag-short-track","10":"product_tag-speed-skating","11":"desktop-align-left","12":"tablet-align-left","13":"mobile-align-left","15":"first","16":"instock","17":"sale","18":"taxable","19":"shipping-taxable","20":"purchasable","21":"product-type-simple"},"acf":[],"_links":{"self":[{"href":"https:\/\/ztsports.com\/fr\/wp-json\/wp\/v2\/product\/22656","targetHints":{"allow":["GET"]}}],"collection":[{"href":"https:\/\/ztsports.com\/fr\/wp-json\/wp\/v2\/product"}],"about":[{"href":"https:\/\/ztsports.com\/fr\/wp-json\/wp\/v2\/types\/product"}],"replies":[{"embeddable":true,"href":"https:\/\/ztsports.com\/fr\/wp-json\/wp\/v2\/comments?post=22656"}],"version-history":[{"count":1,"href":"https:\/\/ztsports.com\/fr\/wp-json\/wp\/v2\/product\/22656\/revisions"}],"predecessor-version":[{"id":22657,"href":"https:\/\/ztsports.com\/fr\/wp-json\/wp\/v2\/product\/22656\/revisions\/22657"}],"wp:featuredmedia":[{"embeddable":true,"href":"https:\/\/ztsports.com\/fr\/wp-json\/wp\/v2\/media\/22654"}],"wp:attachment":[{"href":"https:\/\/ztsports.com\/fr\/wp-json\/wp\/v2\/media?parent=22656"}],"wp:term":[{"taxonomy":"product_brand","embeddable":true,"href":"https:\/\/ztsports.com\/fr\/wp-json\/wp\/v2\/product_brand?post=22656"},{"taxonomy":"product_cat","embeddable":true,"href":"https:\/\/ztsports.com\/fr\/wp-json\/wp\/v2\/product_cat?post=22656"},{"taxonomy":"product_tag","embeddable":true,"href":"https:\/\/ztsports.com\/fr\/wp-json\/wp\/v2\/product_tag?post=22656"}],"curies":[{"name":"wp","href":"https:\/\/api.w.org\/{rel}","templated":true}]}}