{"id":22652,"date":"2023-11-04T03:12:31","date_gmt":"2023-11-04T03:12:31","guid":{"rendered":"https:\/\/ztsports.com\/?post_type=product&#038;p=22652"},"modified":"2026-03-30T19:47:38","modified_gmt":"2026-03-30T19:47:38","slug":"protective-police-sport-glasses-kit","status":"publish","type":"product","link":"https:\/\/ztsports.com\/fr\/store\/protective-police-sport-glasses-kit\/","title":{"rendered":"Protective Police Sport Glasses Kit"},"content":{"rendered":"<h1 class=\"page-title\"><span class=\"base\" data-ui-id=\"page-title-wrapper\">Kit Lunettes de Sport Protectrices pour Police<\/span><\/h1>\n<p>Protective Police Sport Glasses Kit<\/p>\n<p>Le kit de lunettes de sport protectrices pour police est id\u00e9al pour divers sports sur glace et sur route. Con\u00e7u pour r\u00e9sister \u00e0 la lumi\u00e8re du soleil intense et \u00e0 toutes les conditions m\u00e9t\u00e9orologiques gr\u00e2ce \u00e0 ses <strong>3 verres interchangeables<\/strong>. Chaque verre de ce kit respecte les normes militaires am\u00e9ricaines en mati\u00e8re de r\u00e9sistance balistique. Ajustez facilement la monture \u00e0 votre visage gr\u00e2ce au pont de nez et aux branches r\u00e9glables en polym\u00e8re TPR. De plus, un <strong>adaptateur pour prescription et un \u00e9tui souple<\/strong> sont inclus pour prot\u00e9ger vos lunettes et verres.<\/p>\n<p>Nos lunettes en nylon Grilamid TR-90 sont l\u00e9g\u00e8res et performantes. Elles sont fournies avec <strong>3 verres balistiques<\/strong> test\u00e9s selon les standards militaires am\u00e9ricains. Un adaptateur RX pour verres correcteurs est \u00e9galement inclus.<\/p>\n<section><b>Fit :<\/b> Ajustement standard<br \/>\n<b>Protective Police Sport Glasses Kit :<\/b><\/p>\n<ul>\n<li>Monture en polym\u00e8re<\/li>\n<li>Forme de verre N3, PC, base 7,5 (courbe r\u00e9elle)<\/li>\n<li>Pont de nez et branches r\u00e9glables en polym\u00e8re TPR<\/li>\n<li>Monture sans bord en Grilamid TR-90 nylon<\/li>\n<li>Norme ANSI Z87.1 : 150 ft\/sec<\/li>\n<li>Norme MIL-PRF 32432A : 700-725 ft\/sec<\/li>\n<li><strong>3 verres de protection interchangeables : fum\u00e9 \/ jaune \/ clair<\/strong><\/li>\n<li>Adaptateur pour prescription inclus<\/li>\n<li>Verres balistiques test\u00e9s selon les normes militaires am\u00e9ricaines<\/li>\n<\/ul>\n<\/section>\n<section>Couleur : NOIR<\/section>\n<section>\n<dl data-test=\"item-details\">\n<dt>\n<div><strong><span class=\"Y2IQFc\" lang=\"fr\">FPVQ &amp; <a href=\"https:\/\/www.ontariospeedskating.ca\/safety-equipment\" target=\"_blank\" rel=\"noopener\">OSSA : Accessoire obligatoire<\/a> en comp\u00e9tition.<\/span><\/strong><\/div>\n<div>Protective Police Sport Glasses Kit<\/div>\n<div>Enfin, d\u00e9couvrez tous nos <a href=\"https:\/\/ztsports.com\/product-category\/protection\/glasses\/\"><strong>lunettes de protection pour sports<\/strong><\/a> ici.<\/div>\n<\/dt>\n<\/dl>\n<\/section>\n","protected":false},"excerpt":{"rendered":"<p>Kit Lunettes de Sport Protectrices pour Police Protective Police Sport Glasses Kit Le kit de lunettes de sport protectrices pour police est id\u00e9al pour divers sports sur glace et sur route. Con\u00e7u pour r\u00e9sister \u00e0 la lumi\u00e8re du soleil intense et \u00e0 toutes les conditions m\u00e9t\u00e9orologiques gr\u00e2ce \u00e0 ses 3 verres interchangeables. Chaque verre de [&hellip;]<\/p>\n","protected":false},"featured_media":22648,"comment_status":"open","ping_status":"closed","template":"","meta":{"_acf_changed":false,"_monsterinsights_skip_tracking":false,"_monsterinsights_sitenote_active":false,"_monsterinsights_sitenote_note":"","_monsterinsights_sitenote_category":0,"_uf_show_specific_survey":0,"_uf_disable_surveys":false,"site-sidebar-layout":"default","site-content-layout":"","ast-site-content-layout":"default","site-content-style":"default","site-sidebar-style":"default","ast-global-header-display":"","ast-banner-title-visibility":"","ast-main-header-display":"","ast-hfb-above-header-display":"","ast-hfb-below-header-display":"","ast-hfb-mobile-header-display":"","site-post-title":"","ast-breadcrumbs-content":"","ast-featured-img":"","footer-sml-layout":"","ast-disable-related-posts":"","theme-transparent-header-meta":"default","adv-header-id-meta":"","stick-header-meta":"","header-above-stick-meta":"","header-main-stick-meta":"","header-below-stick-meta":"","astra-migrate-meta-layouts":"set","ast-page-background-enabled":"default","ast-page-background-meta":{"desktop":{"background-color":"","background-image":"","background-repeat":"repeat","background-position":"center center","background-size":"auto","background-attachment":"scroll","background-type":"","background-media":"","overlay-type":"","overlay-color":"","overlay-opacity":"","overlay-gradient":""},"tablet":{"background-color":"","background-image":"","background-repeat":"repeat","background-position":"center center","background-size":"auto","background-attachment":"scroll","background-type":"","background-media":"","overlay-type":"","overlay-color":"","overlay-opacity":"","overlay-gradient":""},"mobile":{"background-color":"","background-image":"","background-repeat":"repeat","background-position":"center center","background-size":"auto","background-attachment":"scroll","background-type":"","background-media":"","overlay-type":"","overlay-color":"","overlay-opacity":"","overlay-gradient":""}},"ast-content-background-meta":{"desktop":{"background-color":"var(--ast-global-color-5)","background-image":"","background-repeat":"repeat","background-position":"center center","background-size":"auto","background-attachment":"scroll","background-type":"","background-media":"","overlay-type":"","overlay-color":"","overlay-opacity":"","overlay-gradient":""},"tablet":{"background-color":"var(--ast-global-color-5)","background-image":"","background-repeat":"repeat","background-position":"center center","background-size":"auto","background-attachment":"scroll","background-type":"","background-media":"","overlay-type":"","overlay-color":"","overlay-opacity":"","overlay-gradient":""},"mobile":{"background-color":"var(--ast-global-color-5)","background-image":"","background-repeat":"repeat","background-position":"center center","background-size":"auto","background-attachment":"scroll","background-type":"","background-media":"","overlay-type":"","overlay-color":"","overlay-opacity":"","overlay-gradient":""}}},"product_brand":[3302],"product_cat":[4565],"product_tag":[4605],"class_list":{"0":"post-22652","1":"product","2":"type-product","3":"status-publish","4":"has-post-thumbnail","6":"product_brand-garneau","7":"product_cat-accessoires","8":"product_tag-sport-glasses-kit","9":"desktop-align-left","10":"tablet-align-left","11":"mobile-align-left","13":"first","14":"instock","15":"taxable","16":"shipping-taxable","17":"purchasable","18":"product-type-simple"},"acf":[],"_links":{"self":[{"href":"https:\/\/ztsports.com\/fr\/wp-json\/wp\/v2\/product\/22652","targetHints":{"allow":["GET"]}}],"collection":[{"href":"https:\/\/ztsports.com\/fr\/wp-json\/wp\/v2\/product"}],"about":[{"href":"https:\/\/ztsports.com\/fr\/wp-json\/wp\/v2\/types\/product"}],"replies":[{"embeddable":true,"href":"https:\/\/ztsports.com\/fr\/wp-json\/wp\/v2\/comments?post=22652"}],"version-history":[{"count":4,"href":"https:\/\/ztsports.com\/fr\/wp-json\/wp\/v2\/product\/22652\/revisions"}],"predecessor-version":[{"id":25044,"href":"https:\/\/ztsports.com\/fr\/wp-json\/wp\/v2\/product\/22652\/revisions\/25044"}],"wp:featuredmedia":[{"embeddable":true,"href":"https:\/\/ztsports.com\/fr\/wp-json\/wp\/v2\/media\/22648"}],"wp:attachment":[{"href":"https:\/\/ztsports.com\/fr\/wp-json\/wp\/v2\/media?parent=22652"}],"wp:term":[{"taxonomy":"product_brand","embeddable":true,"href":"https:\/\/ztsports.com\/fr\/wp-json\/wp\/v2\/product_brand?post=22652"},{"taxonomy":"product_cat","embeddable":true,"href":"https:\/\/ztsports.com\/fr\/wp-json\/wp\/v2\/product_cat?post=22652"},{"taxonomy":"product_tag","embeddable":true,"href":"https:\/\/ztsports.com\/fr\/wp-json\/wp\/v2\/product_tag?post=22652"}],"curies":[{"name":"wp","href":"https:\/\/api.w.org\/{rel}","templated":true}]}}