{"id":22646,"date":"2023-11-04T15:09:59","date_gmt":"2023-11-04T15:09:59","guid":{"rendered":"https:\/\/ztsports.com\/?post_type=product&#038;p=22646"},"modified":"2026-03-07T00:05:55","modified_gmt":"2026-03-07T00:05:55","slug":"cbc-onyx-club-boot-for-short-track-new","status":"publish","type":"product","link":"https:\/\/ztsports.com\/fr\/store\/cbc-onyx-club-boot-for-short-track-new\/","title":{"rendered":"CBC ONYX Club Boot for Short Track NEW!"},"content":{"rendered":"<h1>CBC ONYX Club Boot pour Short Track<\/h1>\n<p>La botte CBC ONYX Club pour Short Track est exactement ce que tous les clubs et responsables d&#8217;\u00e9quipement recherchent.<\/p>\n<ul>\n<li>NE mettra pas votre patineur en larmes \u00e0 cause de l\u2019inconfort. NE co\u00fbtera pas une fortune.<\/li>\n<li>AIDERA vos patineurs \u00e0 progresser plus rapidement dans le sport.<\/li>\n<\/ul>\n<p>Voici la botte qu\u2019il vous faut ! D\u00e9couvrez la botte CBC ONYX pour Short Track, con\u00e7ue pour offrir une botte CBC Short Track abordable et d\u2019entr\u00e9e de gamme, destin\u00e9e aux march\u00e9s suivants :<\/p>\n<ul>\n<li>Enfants en croissance<\/li>\n<li>Patineurs d\u00e9butants et\/ou r\u00e9cr\u00e9atifs portant une <strong>pointure 42 ou moins<\/strong><\/li>\n<\/ul>\n<p>Remarque : La botte CBC ONYX est moins rigide que nos bottes Element et Genesis et ne fournit pas le m\u00eame niveau de soutien que nos mod\u00e8les Element et Genesis \u00e0 fort impact.<\/p>\n<p>Pour un entra\u00eenement plus intensif 3 jours ou plus par semaine, veuillez consulter nos mod\u00e8les <a href=\"https:\/\/ztsports.com\/product\/cbc-element-st-boot\/\">ELEMENT<\/a> et <a href=\"https:\/\/ztsports.com\/product\/cbc-element-st-boot\/\">GENESIS<\/a>. Si vous portez une pointure 43 ou plus, consultez \u00e9galement nos mod\u00e8les <a href=\"https:\/\/ztsports.com\/product\/cbc-element-st-boot\/\">ELEMENT<\/a> et <a href=\"https:\/\/ztsports.com\/product\/cbc-element-st-boot\/\">GENESIS<\/a>.<\/p>\n<h3>POURQUOI CHOISIR L\u2019ONYX ?<\/h3>\n<h4>Le meilleur last ajust\u00e9 au monde<\/h4>\n<p>Qu\u2019est-ce qui distingue l\u2019ONYX des bottes \u00e9quivalentes des marques concurrentes ? Son apparence \u00e9l\u00e9gante et accrocheuse, d\u00e9j\u00e0. Mais surtout, comme les <a href=\"https:\/\/ztsports.com\/product\/cbc-element-st-boot\/\">ELEMENT<\/a> et <a href=\"https:\/\/ztsports.com\/product\/cbc-genesis-st-boot\/\">GENESIS<\/a>, la CBC ONYX est fabriqu\u00e9e \u00e0 la main sur le <em>&#8220;meilleur last ajust\u00e9 au monde de CBC&#8221;<\/em>. Qu\u2019est-ce que cela signifie ? Les lasts propri\u00e9taires de CBC (la forme utilis\u00e9e pour fabriquer la botte) ont \u00e9t\u00e9 cr\u00e9\u00e9s \u00e0 partir de donn\u00e9es recueillies sur plus de 10 ans de scans personnalis\u00e9s de patins de vitesse. En plus de fournir le meilleur ajustement moyen, nos lasts prennent en compte certains des probl\u00e8mes les plus fr\u00e9quents observ\u00e9s sur les pieds des patineurs de vitesse. Ainsi, les bottes CBC offrent sans conteste le meilleur ajustement moyen disponible sur le march\u00e9 aujourd\u2019hui.<\/p>\n<h4>Confort et ajustement<\/h4>\n<p>CBC dispose de deux types de <em>meilleur last ajust\u00e9 au monde<\/em> : standard et &#8220;large&#8221;. En g\u00e9n\u00e9ral, nos bottes haute performance sont plus \u00e9troites que celles des marques concurrentes par conception. Pourquoi ? Parce que des bottes plus \u00e9troites permettent plus d\u2019espace lors de l\u2019inclinaison dans les virages, r\u00e9duisant le risque de contact avec la glace.<\/p>\n<p>Nous proposons une version &#8220;large&#8221; de nos bottes pour ceux qui n\u00e9cessitent plus d\u2019espace et\/ou recherchent un ajustement plus confortable dans leur botte haute performance. <em>Toutes les bottes ONYX sont fabriqu\u00e9es sur le last large et offrent donc un ajustement confortable.<\/em><\/p>\n<h4>Leaders de l\u2019industrie<\/h4>\n<p>Pour votre confort, nous sommes heureux de proposer plusieurs autres produits CBC de haute qualit\u00e9 au sein de notre collection. La Carpenter Boot Company est avant tout une entreprise de bottes. En tant que leader de ce segment de march\u00e9, c\u2019est notre sp\u00e9cialit\u00e9. Nous sommes ravis de vous proposer la botte CBC ONYX, qui allie esth\u00e9tique et ajustement souhait\u00e9s \u00e0 un prix plus accessible.<\/p>\n<h4>R\u00e9servez la v\u00f4tre d\u00e8s aujourd\u2019hui !<\/h4>\n<p>La botte CBC ONYX Club sera en stock et disponible \u00e0 l\u2019achat via <a href=\"https:\/\/ztsports.com\/fr\/\">notre site web<\/a>.<\/p>\n<p><strong>REMARQUE :<\/strong> L\u2019ESPACEMENT DES POINTURES 30-32 DE L\u2019ONYX EST PLUS PETIT QUE L\u2019ESPACEMENT STANDARD DE 6,5&#8243; ET REQUIERT L\u2019UTILISATION D\u2019UNE LAME AJUSTABLE. LES LAMES AVEC UN ESPACEMENT DE 6,5&#8243; NE CONVIENDRONT PAS \u00c0 CES POINTURES. Pour toute question sur la lame adapt\u00e9e, contactez <a href=\"info@ztsports.com\">ici<\/a>.<\/p>\n<h3><a title=\"Regardez notre tutoriel YouTube pour d\u00e9terminer votre pointure CBC !\" href=\"https:\/\/youtu.be\/KuKIfMC9NSY\" target=\"_blank\" rel=\"noopener noreferrer\">Pour conna\u00eetre votre taille, consultez d\u2019abord notre tutoriel YouTube !<\/a><\/h3>\n<p>Deuxi\u00e8me \u00e9tape : utilisez l\u2019outil de pointure CBC <strong><a href=\"https:\/\/www.carpenterbootcompany.com\/pages\/fit\" target=\"_blank\" rel=\"noopener\">CBC Boot Sizing Tool<\/a><\/strong>.<\/p>\n<p>Troisi\u00e8me \u00e9tape : pour mesurer votre pied, tracez-le sur une <a href=\"https:\/\/www.printablerulers.net\/preview\/Ruler_30-cm_by_mm\" target=\"_blank\" rel=\"noopener\"><strong>r\u00e8gle imprimable de 30 cm en mm<\/strong><\/a>.<\/p>\n<p>Enfin, consultez tous les produits Carpenter Boot Company <a href=\"https:\/\/ztsports.com\/brand\/cbc\/\"><strong>(CBC)<\/strong><\/a>.<\/p>\n","protected":false},"excerpt":{"rendered":"<p>CBC ONYX Club Boot pour Short Track La botte CBC ONYX Club pour Short Track est exactement ce que tous les clubs et responsables d&#8217;\u00e9quipement recherchent. NE mettra pas votre patineur en larmes \u00e0 cause de l\u2019inconfort. NE co\u00fbtera pas une fortune. AIDERA vos patineurs \u00e0 progresser plus rapidement dans le sport. Voici la botte [&hellip;]<\/p>\n","protected":false},"featured_media":22641,"comment_status":"open","ping_status":"closed","template":"","meta":{"_acf_changed":false,"_monsterinsights_skip_tracking":false,"_monsterinsights_sitenote_active":false,"_monsterinsights_sitenote_note":"","_monsterinsights_sitenote_category":0,"_uf_show_specific_survey":0,"_uf_disable_surveys":false,"site-sidebar-layout":"default","site-content-layout":"","ast-site-content-layout":"default","site-content-style":"default","site-sidebar-style":"default","ast-global-header-display":"","ast-banner-title-visibility":"","ast-main-header-display":"","ast-hfb-above-header-display":"","ast-hfb-below-header-display":"","ast-hfb-mobile-header-display":"","site-post-title":"","ast-breadcrumbs-content":"","ast-featured-img":"","footer-sml-layout":"","ast-disable-related-posts":"","theme-transparent-header-meta":"default","adv-header-id-meta":"","stick-header-meta":"","header-above-stick-meta":"","header-main-stick-meta":"","header-below-stick-meta":"","astra-migrate-meta-layouts":"set","ast-page-background-enabled":"default","ast-page-background-meta":{"desktop":{"background-color":"","background-image":"","background-repeat":"repeat","background-position":"center center","background-size":"auto","background-attachment":"scroll","background-type":"","background-media":"","overlay-type":"","overlay-color":"","overlay-opacity":"","overlay-gradient":""},"tablet":{"background-color":"","background-image":"","background-repeat":"repeat","background-position":"center center","background-size":"auto","background-attachment":"scroll","background-type":"","background-media":"","overlay-type":"","overlay-color":"","overlay-opacity":"","overlay-gradient":""},"mobile":{"background-color":"","background-image":"","background-repeat":"repeat","background-position":"center center","background-size":"auto","background-attachment":"scroll","background-type":"","background-media":"","overlay-type":"","overlay-color":"","overlay-opacity":"","overlay-gradient":""}},"ast-content-background-meta":{"desktop":{"background-color":"var(--ast-global-color-5)","background-image":"","background-repeat":"repeat","background-position":"center center","background-size":"auto","background-attachment":"scroll","background-type":"","background-media":"","overlay-type":"","overlay-color":"","overlay-opacity":"","overlay-gradient":""},"tablet":{"background-color":"var(--ast-global-color-5)","background-image":"","background-repeat":"repeat","background-position":"center center","background-size":"auto","background-attachment":"scroll","background-type":"","background-media":"","overlay-type":"","overlay-color":"","overlay-opacity":"","overlay-gradient":""},"mobile":{"background-color":"var(--ast-global-color-5)","background-image":"","background-repeat":"repeat","background-position":"center center","background-size":"auto","background-attachment":"scroll","background-type":"","background-media":"","overlay-type":"","overlay-color":"","overlay-opacity":"","overlay-gradient":""}}},"product_brand":[3290],"product_cat":[3378],"product_tag":[],"class_list":{"0":"post-22646","1":"product","2":"type-product","3":"status-publish","4":"has-post-thumbnail","6":"product_brand-cbc","7":"product_cat-non-categorise","8":"desktop-align-left","9":"tablet-align-left","10":"mobile-align-left","12":"first","13":"instock","14":"taxable","15":"shipping-taxable","16":"purchasable","17":"product-type-simple"},"acf":[],"_links":{"self":[{"href":"https:\/\/ztsports.com\/fr\/wp-json\/wp\/v2\/product\/22646","targetHints":{"allow":["GET"]}}],"collection":[{"href":"https:\/\/ztsports.com\/fr\/wp-json\/wp\/v2\/product"}],"about":[{"href":"https:\/\/ztsports.com\/fr\/wp-json\/wp\/v2\/types\/product"}],"replies":[{"embeddable":true,"href":"https:\/\/ztsports.com\/fr\/wp-json\/wp\/v2\/comments?post=22646"}],"version-history":[{"count":1,"href":"https:\/\/ztsports.com\/fr\/wp-json\/wp\/v2\/product\/22646\/revisions"}],"predecessor-version":[{"id":22647,"href":"https:\/\/ztsports.com\/fr\/wp-json\/wp\/v2\/product\/22646\/revisions\/22647"}],"wp:featuredmedia":[{"embeddable":true,"href":"https:\/\/ztsports.com\/fr\/wp-json\/wp\/v2\/media\/22641"}],"wp:attachment":[{"href":"https:\/\/ztsports.com\/fr\/wp-json\/wp\/v2\/media?parent=22646"}],"wp:term":[{"taxonomy":"product_brand","embeddable":true,"href":"https:\/\/ztsports.com\/fr\/wp-json\/wp\/v2\/product_brand?post=22646"},{"taxonomy":"product_cat","embeddable":true,"href":"https:\/\/ztsports.com\/fr\/wp-json\/wp\/v2\/product_cat?post=22646"},{"taxonomy":"product_tag","embeddable":true,"href":"https:\/\/ztsports.com\/fr\/wp-json\/wp\/v2\/product_tag?post=22646"}],"curies":[{"name":"wp","href":"https:\/\/api.w.org\/{rel}","templated":true}]}}