{"id":22639,"date":"2023-11-04T22:44:57","date_gmt":"2023-11-04T22:44:57","guid":{"rendered":"https:\/\/ztsports.com\/?post_type=product&#038;p=22639"},"modified":"2026-03-12T11:56:59","modified_gmt":"2026-03-12T11:56:59","slug":"ehs-blade-soakers-for-short-and-long-track-blades-new","status":"publish","type":"product","link":"https:\/\/ztsports.com\/fr\/store\/ehs-blade-soakers-for-short-and-long-track-blades-new\/","title":{"rendered":"EHS Blade Soakers for Short and Long Track Blades NEW"},"content":{"rendered":"<p>Ces <strong>prot\u00e8ges-lames EHS<\/strong> gardent vos lames \u00e0 l\u2019abri de la rouille gr\u00e2ce aux EHS Soakers !<\/p>\n<p><span class=\"wixui-rich-text__text\">Les housses sont fabriqu\u00e9es dans un tissu doubl\u00e9 et r\u00e9sistant aux coupures, avec un int\u00e9rieur en \u00e9ponge douce.<\/span><\/p>\n<p><span class=\"wixui-rich-text__text\">L\u2019\u00e9ponge absorbe l\u2019humidit\u00e9 et offre une protection optimale \u00e0 vos patins.<\/span><br class=\"wixui-rich-text__text\" \/><br class=\"wixui-rich-text__text\" \/>Gr\u00e2ce \u00e0 un int\u00e9rieur en \u00e9ponge tr\u00e8s absorbant, vous prot\u00e9gez vos lames de la corrosion.<\/p>\n<p>De plus, une doublure en \u00e9ponge super \u00e9paisse et un <strong>EMBOUCHURE ET TALON RENFORC\u00c9S<\/strong> garantissent une longue dur\u00e9e de vie \u00e0 ces prot\u00e8ge-lames.<\/p>\n<h4 class=\"product_title entry-title show-product-nav\">Prot\u00e8ges-lames EHS<\/h4>\n<ul>\n<li><strong>Bande int\u00e9gr\u00e9e en polypropyl\u00e8ne renforc\u00e9e \u00e0 l\u2019int\u00e9rieur et \u00e0 l\u2019ext\u00e9rieur le long du bas<\/strong><\/li>\n<\/ul>\n<p><strong><span class=\"wixui-rich-text__text\">Disponibles en 2 tailles :<\/span><\/strong><\/p>\n<p><strong><span class=\"wixui-rich-text__text\">Small\/Medium : 13,0&#8221; &#8211; 15,5&#8221;<\/span><\/strong><\/p>\n<p><strong><span class=\"wixui-rich-text__text\">Large\/XLarge : 16,0&#8221; &#8211; 18,0&#8221;<\/span><\/strong><\/p>\n<p><strong>TABLEAU DES TAILLES :<\/strong><\/p>\n<table style=\"width: 76.937769%;\">\n<tbody>\n<tr>\n<td style=\"width: 100%;\"><strong>Taille<\/strong><\/td>\n<td style=\"width: 100%;\"><strong>Pour utilisation avec :<\/strong><\/td>\n<\/tr>\n<tr>\n<td style=\"width: 100%;\">Small\/Medium<\/td>\n<td style=\"width: 100%;\">13,0&#8243;-16,0&#8243;<\/td>\n<\/tr>\n<tr>\n<td style=\"width: 100%;\">Medium\/Large<\/td>\n<td style=\"width: 100%;\">16,5&#8243;-18,0&#8243;<\/td>\n<\/tr>\n<\/tbody>\n<\/table>\n<p>Enfin, consultez tous nos <a href=\"https:\/\/ztsports.com\/product-category\/accessoires\/blade-protectors-guards\/\"><strong>produits de protection de lames ici.<\/strong><\/a><\/p>\n","protected":false},"excerpt":{"rendered":"<p>Ces prot\u00e8ges-lames EHS gardent vos lames \u00e0 l\u2019abri de la rouille gr\u00e2ce aux EHS Soakers ! Les housses sont fabriqu\u00e9es dans un tissu doubl\u00e9 et r\u00e9sistant aux coupures, avec un int\u00e9rieur en \u00e9ponge douce. L\u2019\u00e9ponge absorbe l\u2019humidit\u00e9 et offre une protection optimale \u00e0 vos patins.Gr\u00e2ce \u00e0 un int\u00e9rieur en \u00e9ponge tr\u00e8s absorbant, vous prot\u00e9gez vos [&hellip;]<\/p>\n","protected":false},"featured_media":22636,"comment_status":"open","ping_status":"closed","template":"","meta":{"_acf_changed":false,"_monsterinsights_skip_tracking":false,"_monsterinsights_sitenote_active":false,"_monsterinsights_sitenote_note":"","_monsterinsights_sitenote_category":0,"_uf_show_specific_survey":0,"_uf_disable_surveys":false,"site-sidebar-layout":"default","site-content-layout":"","ast-site-content-layout":"default","site-content-style":"default","site-sidebar-style":"default","ast-global-header-display":"","ast-banner-title-visibility":"","ast-main-header-display":"","ast-hfb-above-header-display":"","ast-hfb-below-header-display":"","ast-hfb-mobile-header-display":"","site-post-title":"","ast-breadcrumbs-content":"","ast-featured-img":"","footer-sml-layout":"","ast-disable-related-posts":"","theme-transparent-header-meta":"default","adv-header-id-meta":"","stick-header-meta":"","header-above-stick-meta":"","header-main-stick-meta":"","header-below-stick-meta":"","astra-migrate-meta-layouts":"set","ast-page-background-enabled":"default","ast-page-background-meta":{"desktop":{"background-color":"","background-image":"","background-repeat":"repeat","background-position":"center center","background-size":"auto","background-attachment":"scroll","background-type":"","background-media":"","overlay-type":"","overlay-color":"","overlay-opacity":"","overlay-gradient":""},"tablet":{"background-color":"","background-image":"","background-repeat":"repeat","background-position":"center center","background-size":"auto","background-attachment":"scroll","background-type":"","background-media":"","overlay-type":"","overlay-color":"","overlay-opacity":"","overlay-gradient":""},"mobile":{"background-color":"","background-image":"","background-repeat":"repeat","background-position":"center center","background-size":"auto","background-attachment":"scroll","background-type":"","background-media":"","overlay-type":"","overlay-color":"","overlay-opacity":"","overlay-gradient":""}},"ast-content-background-meta":{"desktop":{"background-color":"var(--ast-global-color-5)","background-image":"","background-repeat":"repeat","background-position":"center center","background-size":"auto","background-attachment":"scroll","background-type":"","background-media":"","overlay-type":"","overlay-color":"","overlay-opacity":"","overlay-gradient":""},"tablet":{"background-color":"var(--ast-global-color-5)","background-image":"","background-repeat":"repeat","background-position":"center center","background-size":"auto","background-attachment":"scroll","background-type":"","background-media":"","overlay-type":"","overlay-color":"","overlay-opacity":"","overlay-gradient":""},"mobile":{"background-color":"var(--ast-global-color-5)","background-image":"","background-repeat":"repeat","background-position":"center center","background-size":"auto","background-attachment":"scroll","background-type":"","background-media":"","overlay-type":"","overlay-color":"","overlay-opacity":"","overlay-gradient":""}}},"product_brand":[3296,3347],"product_cat":[4565],"product_tag":[],"class_list":{"0":"post-22639","1":"product","2":"type-product","3":"status-publish","4":"has-post-thumbnail","6":"product_brand-ehs-2","7":"product_brand-ehs","8":"product_cat-accessoires","9":"desktop-align-left","10":"tablet-align-left","11":"mobile-align-left","13":"first","14":"instock","15":"taxable","16":"shipping-taxable","17":"purchasable","18":"product-type-simple"},"acf":[],"_links":{"self":[{"href":"https:\/\/ztsports.com\/fr\/wp-json\/wp\/v2\/product\/22639","targetHints":{"allow":["GET"]}}],"collection":[{"href":"https:\/\/ztsports.com\/fr\/wp-json\/wp\/v2\/product"}],"about":[{"href":"https:\/\/ztsports.com\/fr\/wp-json\/wp\/v2\/types\/product"}],"replies":[{"embeddable":true,"href":"https:\/\/ztsports.com\/fr\/wp-json\/wp\/v2\/comments?post=22639"}],"version-history":[{"count":2,"href":"https:\/\/ztsports.com\/fr\/wp-json\/wp\/v2\/product\/22639\/revisions"}],"predecessor-version":[{"id":24568,"href":"https:\/\/ztsports.com\/fr\/wp-json\/wp\/v2\/product\/22639\/revisions\/24568"}],"wp:featuredmedia":[{"embeddable":true,"href":"https:\/\/ztsports.com\/fr\/wp-json\/wp\/v2\/media\/22636"}],"wp:attachment":[{"href":"https:\/\/ztsports.com\/fr\/wp-json\/wp\/v2\/media?parent=22639"}],"wp:term":[{"taxonomy":"product_brand","embeddable":true,"href":"https:\/\/ztsports.com\/fr\/wp-json\/wp\/v2\/product_brand?post=22639"},{"taxonomy":"product_cat","embeddable":true,"href":"https:\/\/ztsports.com\/fr\/wp-json\/wp\/v2\/product_cat?post=22639"},{"taxonomy":"product_tag","embeddable":true,"href":"https:\/\/ztsports.com\/fr\/wp-json\/wp\/v2\/product_tag?post=22639"}],"curies":[{"name":"wp","href":"https:\/\/api.w.org\/{rel}","templated":true}]}}