{"id":22634,"date":"2023-11-04T23:27:27","date_gmt":"2023-11-04T23:27:27","guid":{"rendered":"https:\/\/ztsports.com\/?post_type=product&#038;p=22634"},"modified":"2026-03-12T11:56:28","modified_gmt":"2026-03-12T11:56:28","slug":"staybent-blade-soakers-2","status":"publish","type":"product","link":"https:\/\/ztsports.com\/fr\/store\/staybent-blade-soakers-2\/","title":{"rendered":"StayBent Blade Soakers"},"content":{"rendered":"<h2>Prot\u00e8ges-lames StayBent pour lames Short Track et Long Track<\/h2>\n<p>Les prot\u00e8ges-lames StayBent conviennent aussi bien aux lames Short Track qu\u2019aux lames Long Track.<\/p>\n<p>Il est extr\u00eamement important de garder vos lames exemptes de rouille et avec les prot\u00e8ges-lames StayBent, vous pouvez le faire ! Gr\u00e2ce \u00e0 un int\u00e9rieur en tissu \u00e9ponge tr\u00e8s absorbant, vous prot\u00e9gez vos lames contre la corrosion et la rouille. De plus, une doublure en \u00e9ponge super \u00e9paisse et un <strong>EMBOUCHURE ET TALON RENFORC\u00c9S<\/strong> offrent une longue dur\u00e9e de vie \u00e0 ces prot\u00e8ges-lames.<\/p>\n<p>Une fois que la lame (y compris le mat\u00e9riel de montage, pas seulement la partie tranchante) est aussi s\u00e8che que possible, mettez le prot\u00e8ge-lame. De cette fa\u00e7on, <b>si de l\u2019humidit\u00e9 se condense sur la lame, le prot\u00e8ge-lame l\u2019absorbera et permettra \u00e0 la lame de rester s\u00e8che<\/b>. C\u2019est donc ainsi que les patins \u00e0 glace doivent \u00eatre stock\u00e9s pour le transport apr\u00e8s le patinage.<\/p>\n<h4>Prot\u00e8ges-lames StayBent pour lames Short Track et Long Track<br \/>\nDisponibles en 2 tailles :<\/h4>\n<p>Small\/Medium : Convient pour 12&#8243;-16&#8243;<\/p>\n<p>Medium\/Large : Convient pour 16,5&#8243;-18&#8243;<\/p>\n<p>Enfin, consultez tous nos <a href=\"https:\/\/ztsports.com\/product-category\/accessoires\/blade-protectors-guards\/\"><strong>produits de protection de lames ici.<\/strong><\/a><\/p>\n","protected":false},"excerpt":{"rendered":"<p>Prot\u00e8ges-lames StayBent pour lames Short Track et Long Track Les prot\u00e8ges-lames StayBent conviennent aussi bien aux lames Short Track qu\u2019aux lames Long Track. Il est extr\u00eamement important de garder vos lames exemptes de rouille et avec les prot\u00e8ges-lames StayBent, vous pouvez le faire ! Gr\u00e2ce \u00e0 un int\u00e9rieur en tissu \u00e9ponge tr\u00e8s absorbant, vous prot\u00e9gez [&hellip;]<\/p>\n","protected":false},"featured_media":22632,"comment_status":"open","ping_status":"closed","template":"","meta":{"_acf_changed":false,"_monsterinsights_skip_tracking":false,"_monsterinsights_sitenote_active":false,"_monsterinsights_sitenote_note":"","_monsterinsights_sitenote_category":0,"_uf_show_specific_survey":0,"_uf_disable_surveys":false,"site-sidebar-layout":"default","site-content-layout":"","ast-site-content-layout":"default","site-content-style":"default","site-sidebar-style":"default","ast-global-header-display":"","ast-banner-title-visibility":"","ast-main-header-display":"","ast-hfb-above-header-display":"","ast-hfb-below-header-display":"","ast-hfb-mobile-header-display":"","site-post-title":"","ast-breadcrumbs-content":"","ast-featured-img":"","footer-sml-layout":"","ast-disable-related-posts":"","theme-transparent-header-meta":"default","adv-header-id-meta":"","stick-header-meta":"","header-above-stick-meta":"","header-main-stick-meta":"","header-below-stick-meta":"","astra-migrate-meta-layouts":"set","ast-page-background-enabled":"default","ast-page-background-meta":{"desktop":{"background-color":"","background-image":"","background-repeat":"repeat","background-position":"center center","background-size":"auto","background-attachment":"scroll","background-type":"","background-media":"","overlay-type":"","overlay-color":"","overlay-opacity":"","overlay-gradient":""},"tablet":{"background-color":"","background-image":"","background-repeat":"repeat","background-position":"center center","background-size":"auto","background-attachment":"scroll","background-type":"","background-media":"","overlay-type":"","overlay-color":"","overlay-opacity":"","overlay-gradient":""},"mobile":{"background-color":"","background-image":"","background-repeat":"repeat","background-position":"center center","background-size":"auto","background-attachment":"scroll","background-type":"","background-media":"","overlay-type":"","overlay-color":"","overlay-opacity":"","overlay-gradient":""}},"ast-content-background-meta":{"desktop":{"background-color":"var(--ast-global-color-5)","background-image":"","background-repeat":"repeat","background-position":"center center","background-size":"auto","background-attachment":"scroll","background-type":"","background-media":"","overlay-type":"","overlay-color":"","overlay-opacity":"","overlay-gradient":""},"tablet":{"background-color":"var(--ast-global-color-5)","background-image":"","background-repeat":"repeat","background-position":"center center","background-size":"auto","background-attachment":"scroll","background-type":"","background-media":"","overlay-type":"","overlay-color":"","overlay-opacity":"","overlay-gradient":""},"mobile":{"background-color":"var(--ast-global-color-5)","background-image":"","background-repeat":"repeat","background-position":"center center","background-size":"auto","background-attachment":"scroll","background-type":"","background-media":"","overlay-type":"","overlay-color":"","overlay-opacity":"","overlay-gradient":""}}},"product_brand":[3344,3346],"product_cat":[4565],"product_tag":[3806],"class_list":{"0":"post-22634","1":"product","2":"type-product","3":"status-publish","4":"has-post-thumbnail","6":"product_brand-stay-bent","7":"product_brand-staybent-by-ehs","8":"product_cat-accessoires","9":"product_tag-staybent","10":"desktop-align-left","11":"tablet-align-left","12":"mobile-align-left","14":"first","15":"instock","16":"taxable","17":"shipping-taxable","18":"purchasable","19":"product-type-simple"},"acf":[],"_links":{"self":[{"href":"https:\/\/ztsports.com\/fr\/wp-json\/wp\/v2\/product\/22634","targetHints":{"allow":["GET"]}}],"collection":[{"href":"https:\/\/ztsports.com\/fr\/wp-json\/wp\/v2\/product"}],"about":[{"href":"https:\/\/ztsports.com\/fr\/wp-json\/wp\/v2\/types\/product"}],"replies":[{"embeddable":true,"href":"https:\/\/ztsports.com\/fr\/wp-json\/wp\/v2\/comments?post=22634"}],"version-history":[{"count":2,"href":"https:\/\/ztsports.com\/fr\/wp-json\/wp\/v2\/product\/22634\/revisions"}],"predecessor-version":[{"id":24567,"href":"https:\/\/ztsports.com\/fr\/wp-json\/wp\/v2\/product\/22634\/revisions\/24567"}],"wp:featuredmedia":[{"embeddable":true,"href":"https:\/\/ztsports.com\/fr\/wp-json\/wp\/v2\/media\/22632"}],"wp:attachment":[{"href":"https:\/\/ztsports.com\/fr\/wp-json\/wp\/v2\/media?parent=22634"}],"wp:term":[{"taxonomy":"product_brand","embeddable":true,"href":"https:\/\/ztsports.com\/fr\/wp-json\/wp\/v2\/product_brand?post=22634"},{"taxonomy":"product_cat","embeddable":true,"href":"https:\/\/ztsports.com\/fr\/wp-json\/wp\/v2\/product_cat?post=22634"},{"taxonomy":"product_tag","embeddable":true,"href":"https:\/\/ztsports.com\/fr\/wp-json\/wp\/v2\/product_tag?post=22634"}],"curies":[{"name":"wp","href":"https:\/\/api.w.org\/{rel}","templated":true}]}}