{"id":22624,"date":"2023-11-05T21:14:11","date_gmt":"2023-11-05T21:14:11","guid":{"rendered":"https:\/\/ztsports.com\/?post_type=product&#038;p=22624"},"modified":"2026-03-06T22:33:57","modified_gmt":"2026-03-06T22:33:57","slug":"short-track-x-gloves-x-series-with-velcro-cuff","status":"publish","type":"product","link":"https:\/\/ztsports.com\/fr\/store\/short-track-x-gloves-x-series-with-velcro-cuff\/","title":{"rendered":"Short Track X-Gloves X Series With Velcro Cuff"},"content":{"rendered":"<h1>Gants Short Track X-Gloves S\u00e9rie X<\/h1>\n<p>Ces gants Short Track X-Gloves S\u00e9rie X poss\u00e8dent un poignet Velcro et sont les gants les plus confortables et r\u00e9sistants aux coupures. Ils offrent plus de chaleur et une protection contre les coupures de niveau 4.<\/p>\n<ul>\n<li>Cuir synth\u00e9tique<\/li>\n<li>Micromesh<\/li>\n<li>Mat\u00e9riau Spectra, niveau de coupure 4<\/li>\n<\/ul>\n<p>Nouveaux gants de protection Xact X s\u00e9rie pour short track<\/p>\n<ul>\n<li>Fabriqu\u00e9s en cuir synth\u00e9tique et lycra<\/li>\n<li>Mat\u00e9riau int\u00e9rieur Spectra r\u00e9sistant aux coupures, niveau 4<\/li>\n<li><strong>Poignet Velcro<\/strong><\/li>\n<li>Paume plus longue et plus large<\/li>\n<li>Confort et maintien incroyables<\/li>\n<\/ul>\n<p><strong>Enfin, vous pouvez voir tous nos <a href=\"https:\/\/ztsports.com\/product-category\/protection\/gloves\/\">gants Short Track<\/a> ici.<\/strong><\/p>\n","protected":false},"excerpt":{"rendered":"<p>Gants Short Track X-Gloves S\u00e9rie X Ces gants Short Track X-Gloves S\u00e9rie X poss\u00e8dent un poignet Velcro et sont les gants les plus confortables et r\u00e9sistants aux coupures. Ils offrent plus de chaleur et une protection contre les coupures de niveau 4. Cuir synth\u00e9tique Micromesh Mat\u00e9riau Spectra, niveau de coupure 4 Nouveaux gants de protection [&hellip;]<\/p>\n","protected":false},"featured_media":22621,"comment_status":"open","ping_status":"closed","template":"","meta":{"_acf_changed":false,"_monsterinsights_skip_tracking":false,"_monsterinsights_sitenote_active":false,"_monsterinsights_sitenote_note":"","_monsterinsights_sitenote_category":0,"_uf_show_specific_survey":0,"_uf_disable_surveys":false,"site-sidebar-layout":"default","site-content-layout":"","ast-site-content-layout":"default","site-content-style":"default","site-sidebar-style":"default","ast-global-header-display":"","ast-banner-title-visibility":"","ast-main-header-display":"","ast-hfb-above-header-display":"","ast-hfb-below-header-display":"","ast-hfb-mobile-header-display":"","site-post-title":"","ast-breadcrumbs-content":"","ast-featured-img":"","footer-sml-layout":"","ast-disable-related-posts":"","theme-transparent-header-meta":"default","adv-header-id-meta":"","stick-header-meta":"","header-above-stick-meta":"","header-main-stick-meta":"","header-below-stick-meta":"","astra-migrate-meta-layouts":"set","ast-page-background-enabled":"default","ast-page-background-meta":{"desktop":{"background-color":"","background-image":"","background-repeat":"repeat","background-position":"center center","background-size":"auto","background-attachment":"scroll","background-type":"","background-media":"","overlay-type":"","overlay-color":"","overlay-opacity":"","overlay-gradient":""},"tablet":{"background-color":"","background-image":"","background-repeat":"repeat","background-position":"center center","background-size":"auto","background-attachment":"scroll","background-type":"","background-media":"","overlay-type":"","overlay-color":"","overlay-opacity":"","overlay-gradient":""},"mobile":{"background-color":"","background-image":"","background-repeat":"repeat","background-position":"center center","background-size":"auto","background-attachment":"scroll","background-type":"","background-media":"","overlay-type":"","overlay-color":"","overlay-opacity":"","overlay-gradient":""}},"ast-content-background-meta":{"desktop":{"background-color":"var(--ast-global-color-5)","background-image":"","background-repeat":"repeat","background-position":"center center","background-size":"auto","background-attachment":"scroll","background-type":"","background-media":"","overlay-type":"","overlay-color":"","overlay-opacity":"","overlay-gradient":""},"tablet":{"background-color":"var(--ast-global-color-5)","background-image":"","background-repeat":"repeat","background-position":"center center","background-size":"auto","background-attachment":"scroll","background-type":"","background-media":"","overlay-type":"","overlay-color":"","overlay-opacity":"","overlay-gradient":""},"mobile":{"background-color":"var(--ast-global-color-5)","background-image":"","background-repeat":"repeat","background-position":"center center","background-size":"auto","background-attachment":"scroll","background-type":"","background-media":"","overlay-type":"","overlay-color":"","overlay-opacity":"","overlay-gradient":""}}},"product_brand":[3358,3361,3360],"product_cat":[3378],"product_tag":[3796],"class_list":{"0":"post-22624","1":"product","2":"type-product","3":"status-publish","4":"has-post-thumbnail","6":"product_brand-x-series","7":"product_brand-x-series-xact","8":"product_brand-xact","9":"product_cat-non-categorise","10":"product_tag-short-track","11":"desktop-align-left","12":"tablet-align-left","13":"mobile-align-left","15":"first","16":"instock","17":"sale","18":"taxable","19":"shipping-taxable","20":"purchasable","21":"product-type-simple"},"acf":[],"_links":{"self":[{"href":"https:\/\/ztsports.com\/fr\/wp-json\/wp\/v2\/product\/22624","targetHints":{"allow":["GET"]}}],"collection":[{"href":"https:\/\/ztsports.com\/fr\/wp-json\/wp\/v2\/product"}],"about":[{"href":"https:\/\/ztsports.com\/fr\/wp-json\/wp\/v2\/types\/product"}],"replies":[{"embeddable":true,"href":"https:\/\/ztsports.com\/fr\/wp-json\/wp\/v2\/comments?post=22624"}],"version-history":[{"count":2,"href":"https:\/\/ztsports.com\/fr\/wp-json\/wp\/v2\/product\/22624\/revisions"}],"predecessor-version":[{"id":22626,"href":"https:\/\/ztsports.com\/fr\/wp-json\/wp\/v2\/product\/22624\/revisions\/22626"}],"wp:featuredmedia":[{"embeddable":true,"href":"https:\/\/ztsports.com\/fr\/wp-json\/wp\/v2\/media\/22621"}],"wp:attachment":[{"href":"https:\/\/ztsports.com\/fr\/wp-json\/wp\/v2\/media?parent=22624"}],"wp:term":[{"taxonomy":"product_brand","embeddable":true,"href":"https:\/\/ztsports.com\/fr\/wp-json\/wp\/v2\/product_brand?post=22624"},{"taxonomy":"product_cat","embeddable":true,"href":"https:\/\/ztsports.com\/fr\/wp-json\/wp\/v2\/product_cat?post=22624"},{"taxonomy":"product_tag","embeddable":true,"href":"https:\/\/ztsports.com\/fr\/wp-json\/wp\/v2\/product_tag?post=22624"}],"curies":[{"name":"wp","href":"https:\/\/api.w.org\/{rel}","templated":true}]}}