{"id":22618,"date":"2023-11-08T17:11:34","date_gmt":"2023-11-08T17:11:34","guid":{"rendered":"https:\/\/ztsports.com\/?post_type=product&#038;p=22618"},"modified":"2026-03-06T22:28:14","modified_gmt":"2026-03-06T22:28:14","slug":"canadian-team-speed-skating-glove","status":"publish","type":"product","link":"https:\/\/ztsports.com\/fr\/store\/canadian-team-speed-skating-glove\/","title":{"rendered":"Canadian Team Speed Skating Glove"},"content":{"rendered":"<h2><strong>Gants de Patinage de Vitesse \u00c9quipe Nationale Canadienne Auclair<\/strong><\/h2>\n<p>La paume du gant de patinage de vitesse de l&#8217;\u00e9quipe canadienne est fabriqu\u00e9e en Amara haute r\u00e9sistance, tandis que le mat\u00e9riau de la coque est un m\u00e9lange de polyester, spandex et lycra. De plus, la doublure est en Kevlar Para-Aramid, entourant enti\u00e8rement la main avec une protection contre les coupures de niveau 5.<\/p>\n<h5>Gant de Patinage de Vitesse \u00c9quipe Canadienne<\/h5>\n<p><strong>Mat\u00e9riau de la paume :<\/strong> Paume en Amara haute r\u00e9sistance<\/p>\n<p><strong>Mat\u00e9riau de la coque :<\/strong> Polyester Spandex &amp; Lycra<\/p>\n<p><strong>Doublure :<\/strong> Doublure Kevlar Para-Aramid entourant enti\u00e8rement la main ; protection contre les coupures niveau 5<\/p>\n<p><strong>2L510 :<\/strong> Poignet en n\u00e9opr\u00e8ne pour hommes avec fermeture Velcro<\/p>\n<p>Voir ces gants lors de la <a href=\"https:\/\/www.youtube.com\/watch?v=CZtxUAXypl0\" target=\"_blank\" rel=\"noopener\"><strong>finale masculine 1500 m des Championnats Canadiens, Sotchi 2014<\/strong><\/a><\/p>\n<p>Enfin, d\u00e9couvrez tous nos <a href=\"https:\/\/ztsports.com\/product-category\/protection\/gloves\/\"><strong>gants short track<\/strong><\/a> ici.<\/p>\n","protected":false},"excerpt":{"rendered":"<p>Gants de Patinage de Vitesse \u00c9quipe Nationale Canadienne Auclair La paume du gant de patinage de vitesse de l&#8217;\u00e9quipe canadienne est fabriqu\u00e9e en Amara haute r\u00e9sistance, tandis que le mat\u00e9riau de la coque est un m\u00e9lange de polyester, spandex et lycra. De plus, la doublure est en Kevlar Para-Aramid, entourant enti\u00e8rement la main avec une [&hellip;]<\/p>\n","protected":false},"featured_media":22614,"comment_status":"open","ping_status":"closed","template":"","meta":{"_acf_changed":false,"_monsterinsights_skip_tracking":false,"_monsterinsights_sitenote_active":false,"_monsterinsights_sitenote_note":"","_monsterinsights_sitenote_category":0,"_uf_show_specific_survey":0,"_uf_disable_surveys":false,"site-sidebar-layout":"default","site-content-layout":"","ast-site-content-layout":"default","site-content-style":"default","site-sidebar-style":"default","ast-global-header-display":"","ast-banner-title-visibility":"","ast-main-header-display":"","ast-hfb-above-header-display":"","ast-hfb-below-header-display":"","ast-hfb-mobile-header-display":"","site-post-title":"","ast-breadcrumbs-content":"","ast-featured-img":"","footer-sml-layout":"","ast-disable-related-posts":"","theme-transparent-header-meta":"default","adv-header-id-meta":"","stick-header-meta":"","header-above-stick-meta":"","header-main-stick-meta":"","header-below-stick-meta":"","astra-migrate-meta-layouts":"set","ast-page-background-enabled":"default","ast-page-background-meta":{"desktop":{"background-color":"","background-image":"","background-repeat":"repeat","background-position":"center center","background-size":"auto","background-attachment":"scroll","background-type":"","background-media":"","overlay-type":"","overlay-color":"","overlay-opacity":"","overlay-gradient":""},"tablet":{"background-color":"","background-image":"","background-repeat":"repeat","background-position":"center center","background-size":"auto","background-attachment":"scroll","background-type":"","background-media":"","overlay-type":"","overlay-color":"","overlay-opacity":"","overlay-gradient":""},"mobile":{"background-color":"","background-image":"","background-repeat":"repeat","background-position":"center center","background-size":"auto","background-attachment":"scroll","background-type":"","background-media":"","overlay-type":"","overlay-color":"","overlay-opacity":"","overlay-gradient":""}},"ast-content-background-meta":{"desktop":{"background-color":"var(--ast-global-color-5)","background-image":"","background-repeat":"repeat","background-position":"center center","background-size":"auto","background-attachment":"scroll","background-type":"","background-media":"","overlay-type":"","overlay-color":"","overlay-opacity":"","overlay-gradient":""},"tablet":{"background-color":"var(--ast-global-color-5)","background-image":"","background-repeat":"repeat","background-position":"center center","background-size":"auto","background-attachment":"scroll","background-type":"","background-media":"","overlay-type":"","overlay-color":"","overlay-opacity":"","overlay-gradient":""},"mobile":{"background-color":"var(--ast-global-color-5)","background-image":"","background-repeat":"repeat","background-position":"center center","background-size":"auto","background-attachment":"scroll","background-type":"","background-media":"","overlay-type":"","overlay-color":"","overlay-opacity":"","overlay-gradient":""}}},"product_brand":[3278],"product_cat":[3378],"product_tag":[],"class_list":{"0":"post-22618","1":"product","2":"type-product","3":"status-publish","4":"has-post-thumbnail","6":"product_brand-auclair","7":"product_cat-non-categorise","8":"desktop-align-left","9":"tablet-align-left","10":"mobile-align-left","12":"first","13":"instock","14":"sale","15":"taxable","16":"shipping-taxable","17":"purchasable","18":"product-type-simple"},"acf":[],"_links":{"self":[{"href":"https:\/\/ztsports.com\/fr\/wp-json\/wp\/v2\/product\/22618","targetHints":{"allow":["GET"]}}],"collection":[{"href":"https:\/\/ztsports.com\/fr\/wp-json\/wp\/v2\/product"}],"about":[{"href":"https:\/\/ztsports.com\/fr\/wp-json\/wp\/v2\/types\/product"}],"replies":[{"embeddable":true,"href":"https:\/\/ztsports.com\/fr\/wp-json\/wp\/v2\/comments?post=22618"}],"version-history":[{"count":2,"href":"https:\/\/ztsports.com\/fr\/wp-json\/wp\/v2\/product\/22618\/revisions"}],"predecessor-version":[{"id":22620,"href":"https:\/\/ztsports.com\/fr\/wp-json\/wp\/v2\/product\/22618\/revisions\/22620"}],"wp:featuredmedia":[{"embeddable":true,"href":"https:\/\/ztsports.com\/fr\/wp-json\/wp\/v2\/media\/22614"}],"wp:attachment":[{"href":"https:\/\/ztsports.com\/fr\/wp-json\/wp\/v2\/media?parent=22618"}],"wp:term":[{"taxonomy":"product_brand","embeddable":true,"href":"https:\/\/ztsports.com\/fr\/wp-json\/wp\/v2\/product_brand?post=22618"},{"taxonomy":"product_cat","embeddable":true,"href":"https:\/\/ztsports.com\/fr\/wp-json\/wp\/v2\/product_cat?post=22618"},{"taxonomy":"product_tag","embeddable":true,"href":"https:\/\/ztsports.com\/fr\/wp-json\/wp\/v2\/product_tag?post=22618"}],"curies":[{"name":"wp","href":"https:\/\/api.w.org\/{rel}","templated":true}]}}