{"id":22612,"date":"2023-11-10T22:42:35","date_gmt":"2023-11-10T22:42:35","guid":{"rendered":"https:\/\/ztsports.com\/?post_type=product&#038;p=22612"},"modified":"2026-03-12T11:55:57","modified_gmt":"2026-03-12T11:55:57","slug":"pro-skin-coolmax-skating-socks","status":"publish","type":"product","link":"https:\/\/ztsports.com\/fr\/store\/pro-skin-coolmax-skating-socks\/","title":{"rendered":"PRO SKIN Coolmax Skating Socks"},"content":{"rendered":"<h1>Chaussettes de Patinage Pro Skin COOLMAX\u00ae<\/h1>\n<p>Les chaussettes de patinage Pro Skin COOLMAX sont tout simplement les meilleures ! Ce sont des chaussettes montantes jusqu\u2019aux genoux offrant un confort ultime, sans talon et avec une couture anti-friction au niveau des orteils. De plus, elles sont con\u00e7ues en tissu COOLMAX\u00ae pour une gestion maximale de l\u2019humidit\u00e9 et sont fabriqu\u00e9es pour durer.<\/p>\n<p>\u2022 60% Polyester \/ 10% Coolmax \/ 4% Lycra<\/p>\n<p>D\u00e9couvrez toutes nos autres <a href=\"https:\/\/ztsports.com\/product-category\/socks\/\"><strong>chaussettes ici<\/strong><\/a>.<\/p>\n<h2 id=\"h2_0\">Chaussettes de Patinage Pro Skin Coolmax \u2013 Qu\u2019est-ce que le tissu COOLMAX ?<\/h2>\n<p>COOLMAX est un type de polyester sp\u00e9cialement con\u00e7u, produit exclusivement par Invista, une entreprise textile am\u00e9ricaine. Ce tissu polyester est compos\u00e9 de fibres soigneusement con\u00e7ues pour \u00e9vacuer l\u2019humidit\u00e9 et permettre le passage de la chaleur. De plus, le tissu COOLMAX a de nombreuses applications potentielles et est populaire pour les chaussettes, les jeans et d\u2019autres types de v\u00eatements. Il existe \u00e9galement d\u2019autres tissus aux propri\u00e9t\u00e9s similaires, mais COOLMAX est la seule marque d\u00e9pos\u00e9e par Invista.<\/p>\n<h3 id=\"h3_0\">Histoire du COOLMAX<\/h3>\n<p>Invista \u00e9tait \u00e0 l\u2019origine une filiale de la soci\u00e9t\u00e9 DuPont, qui a \u00e9t\u00e9 responsable des avanc\u00e9es les plus importantes dans l\u2019ing\u00e9nierie textile synth\u00e9tique au cours du si\u00e8cle dernier. En 2003, le pr\u00e9d\u00e9cesseur direct d\u2019Invista, DuPont Textiles &#038; Interiors, <a href=\"https:\/\/www.adhesivesmag.com\/articles\/84828-dupont-textiles-interiors-becomes-invista\" target=\"_blank\" rel=\"nofollow noopener\">s\u2019est s\u00e9par\u00e9 de sa soci\u00e9t\u00e9 m\u00e8re<\/a> pour devenir une entreprise ind\u00e9pendante. Aujourd\u2019hui, Invista d\u00e9tient le droit exclusif de la marque COOLMAX.<\/p>\n<p>En savoir plus sur Coolmax <a href=\"https:\/\/sewport.com\/fabrics-directory\/coolmax-fabric#:~:text=COOLMAX is a specially engineered,allow the passage of heat.\" target=\"_blank\" rel=\"noopener\">ici<\/a> !<\/p>\n","protected":false},"excerpt":{"rendered":"<p>Chaussettes de Patinage Pro Skin COOLMAX\u00ae Les chaussettes de patinage Pro Skin COOLMAX sont tout simplement les meilleures ! Ce sont des chaussettes montantes jusqu\u2019aux genoux offrant un confort ultime, sans talon et avec une couture anti-friction au niveau des orteils. De plus, elles sont con\u00e7ues en tissu COOLMAX\u00ae pour une gestion maximale de l\u2019humidit\u00e9 [&hellip;]<\/p>\n","protected":false},"featured_media":22603,"comment_status":"open","ping_status":"closed","template":"","meta":{"_acf_changed":false,"_monsterinsights_skip_tracking":false,"_monsterinsights_sitenote_active":false,"_monsterinsights_sitenote_note":"","_monsterinsights_sitenote_category":0,"_uf_show_specific_survey":0,"_uf_disable_surveys":false,"site-sidebar-layout":"default","site-content-layout":"","ast-site-content-layout":"default","site-content-style":"default","site-sidebar-style":"default","ast-global-header-display":"","ast-banner-title-visibility":"","ast-main-header-display":"","ast-hfb-above-header-display":"","ast-hfb-below-header-display":"","ast-hfb-mobile-header-display":"","site-post-title":"","ast-breadcrumbs-content":"","ast-featured-img":"","footer-sml-layout":"","ast-disable-related-posts":"","theme-transparent-header-meta":"default","adv-header-id-meta":"","stick-header-meta":"","header-above-stick-meta":"","header-main-stick-meta":"","header-below-stick-meta":"","astra-migrate-meta-layouts":"set","ast-page-background-enabled":"default","ast-page-background-meta":{"desktop":{"background-color":"","background-image":"","background-repeat":"repeat","background-position":"center center","background-size":"auto","background-attachment":"scroll","background-type":"","background-media":"","overlay-type":"","overlay-color":"","overlay-opacity":"","overlay-gradient":""},"tablet":{"background-color":"","background-image":"","background-repeat":"repeat","background-position":"center center","background-size":"auto","background-attachment":"scroll","background-type":"","background-media":"","overlay-type":"","overlay-color":"","overlay-opacity":"","overlay-gradient":""},"mobile":{"background-color":"","background-image":"","background-repeat":"repeat","background-position":"center center","background-size":"auto","background-attachment":"scroll","background-type":"","background-media":"","overlay-type":"","overlay-color":"","overlay-opacity":"","overlay-gradient":""}},"ast-content-background-meta":{"desktop":{"background-color":"var(--ast-global-color-5)","background-image":"","background-repeat":"repeat","background-position":"center center","background-size":"auto","background-attachment":"scroll","background-type":"","background-media":"","overlay-type":"","overlay-color":"","overlay-opacity":"","overlay-gradient":""},"tablet":{"background-color":"var(--ast-global-color-5)","background-image":"","background-repeat":"repeat","background-position":"center center","background-size":"auto","background-attachment":"scroll","background-type":"","background-media":"","overlay-type":"","overlay-color":"","overlay-opacity":"","overlay-gradient":""},"mobile":{"background-color":"var(--ast-global-color-5)","background-image":"","background-repeat":"repeat","background-position":"center center","background-size":"auto","background-attachment":"scroll","background-type":"","background-media":"","overlay-type":"","overlay-color":"","overlay-opacity":"","overlay-gradient":""}}},"product_brand":[3282,3283],"product_cat":[4565,3381,4554],"product_tag":[3796],"class_list":{"0":"post-22612","1":"product","2":"type-product","3":"status-publish","4":"has-post-thumbnail","6":"product_brand-blue-sports","7":"product_brand-pro-skin","8":"product_cat-accessoires","9":"product_cat-patinage-de-vitesse-en-ligne","10":"product_cat-vetements","11":"product_tag-short-track","12":"desktop-align-left","13":"tablet-align-left","14":"mobile-align-left","16":"first","17":"instock","18":"sale","19":"taxable","20":"shipping-taxable","21":"purchasable","22":"product-type-simple"},"acf":[],"_links":{"self":[{"href":"https:\/\/ztsports.com\/fr\/wp-json\/wp\/v2\/product\/22612","targetHints":{"allow":["GET"]}}],"collection":[{"href":"https:\/\/ztsports.com\/fr\/wp-json\/wp\/v2\/product"}],"about":[{"href":"https:\/\/ztsports.com\/fr\/wp-json\/wp\/v2\/types\/product"}],"replies":[{"embeddable":true,"href":"https:\/\/ztsports.com\/fr\/wp-json\/wp\/v2\/comments?post=22612"}],"version-history":[{"count":2,"href":"https:\/\/ztsports.com\/fr\/wp-json\/wp\/v2\/product\/22612\/revisions"}],"predecessor-version":[{"id":24566,"href":"https:\/\/ztsports.com\/fr\/wp-json\/wp\/v2\/product\/22612\/revisions\/24566"}],"wp:featuredmedia":[{"embeddable":true,"href":"https:\/\/ztsports.com\/fr\/wp-json\/wp\/v2\/media\/22603"}],"wp:attachment":[{"href":"https:\/\/ztsports.com\/fr\/wp-json\/wp\/v2\/media?parent=22612"}],"wp:term":[{"taxonomy":"product_brand","embeddable":true,"href":"https:\/\/ztsports.com\/fr\/wp-json\/wp\/v2\/product_brand?post=22612"},{"taxonomy":"product_cat","embeddable":true,"href":"https:\/\/ztsports.com\/fr\/wp-json\/wp\/v2\/product_cat?post=22612"},{"taxonomy":"product_tag","embeddable":true,"href":"https:\/\/ztsports.com\/fr\/wp-json\/wp\/v2\/product_tag?post=22612"}],"curies":[{"name":"wp","href":"https:\/\/api.w.org\/{rel}","templated":true}]}}