{"id":22600,"date":"2023-11-14T01:54:09","date_gmt":"2023-11-14T01:54:09","guid":{"rendered":"https:\/\/ztsports.com\/?post_type=product&#038;p=22600"},"modified":"2026-03-12T11:44:09","modified_gmt":"2026-03-12T11:44:09","slug":"speed-skater-medal-hanger-patinage-de-vitesse-new","status":"publish","type":"product","link":"https:\/\/ztsports.com\/fr\/store\/speed-skater-medal-hanger-patinage-de-vitesse-new\/","title":{"rendered":"Speed Skater Medal Hanger Patinage de Vitesse NEW"},"content":{"rendered":"<h1>Support M\u00e9dailles pour Patineur de Vitesse<\/h1>\n<p>Ce support m\u00e9dailles pour patineur de vitesse est fabriqu\u00e9 au Canada. \u00c9gayez la chambre de votre patineur avec ce support unique d\u00e9di\u00e9 \u00e0 son sport pr\u00e9f\u00e9r\u00e9. Accrochez vos m\u00e9dailles les plus pr\u00e9cieuses sur ce support.<\/p>\n<p>Se fixe au mur et peut accueillir jusqu\u2019\u00e0 8 m\u00e9dailles. Des barres suppl\u00e9mentaires peuvent \u00eatre ajout\u00e9es \u00e0 mesure que vous remportez plus de m\u00e9dailles. Fabriqu\u00e9 en m\u00e9tal avec une finition chrom\u00e9e brillante. De plus, il est fabriqu\u00e9 au Canada dans les deux langues officielles.<\/p>\n<p>Enfin, d\u00e9couvrez tous <a href=\"\/?product_cat=gifts-2\"><strong>nos articles cadeaux<\/strong><\/a> pour patineurs de vitesse.<\/p>\n","protected":false},"excerpt":{"rendered":"<p>Support M\u00e9dailles pour Patineur de Vitesse Ce support m\u00e9dailles pour patineur de vitesse est fabriqu\u00e9 au Canada. \u00c9gayez la chambre de votre patineur avec ce support unique d\u00e9di\u00e9 \u00e0 son sport pr\u00e9f\u00e9r\u00e9. Accrochez vos m\u00e9dailles les plus pr\u00e9cieuses sur ce support. Se fixe au mur et peut accueillir jusqu\u2019\u00e0 8 m\u00e9dailles. Des barres suppl\u00e9mentaires peuvent [&hellip;]<\/p>\n","protected":false},"featured_media":22596,"comment_status":"open","ping_status":"closed","template":"","meta":{"_acf_changed":false,"_monsterinsights_skip_tracking":false,"_monsterinsights_sitenote_active":false,"_monsterinsights_sitenote_note":"","_monsterinsights_sitenote_category":0,"_uf_show_specific_survey":0,"_uf_disable_surveys":false,"site-sidebar-layout":"default","site-content-layout":"","ast-site-content-layout":"default","site-content-style":"default","site-sidebar-style":"default","ast-global-header-display":"","ast-banner-title-visibility":"","ast-main-header-display":"","ast-hfb-above-header-display":"","ast-hfb-below-header-display":"","ast-hfb-mobile-header-display":"","site-post-title":"","ast-breadcrumbs-content":"","ast-featured-img":"","footer-sml-layout":"","ast-disable-related-posts":"","theme-transparent-header-meta":"default","adv-header-id-meta":"","stick-header-meta":"","header-above-stick-meta":"","header-main-stick-meta":"","header-below-stick-meta":"","astra-migrate-meta-layouts":"set","ast-page-background-enabled":"default","ast-page-background-meta":{"desktop":{"background-color":"","background-image":"","background-repeat":"repeat","background-position":"center center","background-size":"auto","background-attachment":"scroll","background-type":"","background-media":"","overlay-type":"","overlay-color":"","overlay-opacity":"","overlay-gradient":""},"tablet":{"background-color":"","background-image":"","background-repeat":"repeat","background-position":"center center","background-size":"auto","background-attachment":"scroll","background-type":"","background-media":"","overlay-type":"","overlay-color":"","overlay-opacity":"","overlay-gradient":""},"mobile":{"background-color":"","background-image":"","background-repeat":"repeat","background-position":"center center","background-size":"auto","background-attachment":"scroll","background-type":"","background-media":"","overlay-type":"","overlay-color":"","overlay-opacity":"","overlay-gradient":""}},"ast-content-background-meta":{"desktop":{"background-color":"var(--ast-global-color-5)","background-image":"","background-repeat":"repeat","background-position":"center center","background-size":"auto","background-attachment":"scroll","background-type":"","background-media":"","overlay-type":"","overlay-color":"","overlay-opacity":"","overlay-gradient":""},"tablet":{"background-color":"var(--ast-global-color-5)","background-image":"","background-repeat":"repeat","background-position":"center center","background-size":"auto","background-attachment":"scroll","background-type":"","background-media":"","overlay-type":"","overlay-color":"","overlay-opacity":"","overlay-gradient":""},"mobile":{"background-color":"var(--ast-global-color-5)","background-image":"","background-repeat":"repeat","background-position":"center center","background-size":"auto","background-attachment":"scroll","background-type":"","background-media":"","overlay-type":"","overlay-color":"","overlay-opacity":"","overlay-gradient":""}}},"product_brand":[3273],"product_cat":[4565,4577,3381],"product_tag":[],"class_list":{"0":"post-22600","1":"product","2":"type-product","3":"status-publish","4":"has-post-thumbnail","6":"product_brand-akro","7":"product_cat-accessoires","8":"product_cat-cadeaux","9":"product_cat-patinage-de-vitesse-en-ligne","10":"desktop-align-left","11":"tablet-align-left","12":"mobile-align-left","14":"first","15":"instock","16":"taxable","17":"shipping-taxable","18":"purchasable","19":"product-type-simple"},"acf":[],"_links":{"self":[{"href":"https:\/\/ztsports.com\/fr\/wp-json\/wp\/v2\/product\/22600","targetHints":{"allow":["GET"]}}],"collection":[{"href":"https:\/\/ztsports.com\/fr\/wp-json\/wp\/v2\/product"}],"about":[{"href":"https:\/\/ztsports.com\/fr\/wp-json\/wp\/v2\/types\/product"}],"replies":[{"embeddable":true,"href":"https:\/\/ztsports.com\/fr\/wp-json\/wp\/v2\/comments?post=22600"}],"version-history":[{"count":2,"href":"https:\/\/ztsports.com\/fr\/wp-json\/wp\/v2\/product\/22600\/revisions"}],"predecessor-version":[{"id":24565,"href":"https:\/\/ztsports.com\/fr\/wp-json\/wp\/v2\/product\/22600\/revisions\/24565"}],"wp:featuredmedia":[{"embeddable":true,"href":"https:\/\/ztsports.com\/fr\/wp-json\/wp\/v2\/media\/22596"}],"wp:attachment":[{"href":"https:\/\/ztsports.com\/fr\/wp-json\/wp\/v2\/media?parent=22600"}],"wp:term":[{"taxonomy":"product_brand","embeddable":true,"href":"https:\/\/ztsports.com\/fr\/wp-json\/wp\/v2\/product_brand?post=22600"},{"taxonomy":"product_cat","embeddable":true,"href":"https:\/\/ztsports.com\/fr\/wp-json\/wp\/v2\/product_cat?post=22600"},{"taxonomy":"product_tag","embeddable":true,"href":"https:\/\/ztsports.com\/fr\/wp-json\/wp\/v2\/product_tag?post=22600"}],"curies":[{"name":"wp","href":"https:\/\/api.w.org\/{rel}","templated":true}]}}