{"id":22594,"date":"2024-02-03T15:31:55","date_gmt":"2024-02-03T15:31:55","guid":{"rendered":"https:\/\/ztsports.com\/?post_type=product&#038;p=22594"},"modified":"2026-03-06T22:17:53","modified_gmt":"2026-03-06T22:17:53","slug":"bont-patriot-carbon-boa-ultrasprint-package","status":"publish","type":"product","link":"https:\/\/ztsports.com\/fr\/store\/bont-patriot-carbon-boa-ultrasprint-package\/","title":{"rendered":"BONT Patriot Carbon BOA Ultrasprint Package"},"content":{"rendered":"<h2 class=\"product_title entry-title\">Pack BONT Patriot Carbon BOA Ultrasprint<\/h2>\n<p>Le pack Patriot Carbon BOA Ultrasprint est <strong>une extension naturelle de votre corps.<\/strong><\/p>\n<p>Plus rigide que le Patriot, le Patriot Carbon BOA offre un meilleur soutien pour les patineurs cherchant \u00e0 atteindre des vitesses plus \u00e9lev\u00e9es, avec un cadran BOA permettant d\u2019ajuster pr\u00e9cis\u00e9ment le serrage de la botte entre les sessions.<\/p>\n<p><b>Caract\u00e9ristiques de la botte :<\/b><\/p>\n<ul>\n<li>Base composite en carbone pos\u00e9e \u00e0 la main<\/li>\n<li>R\u00e9sine \u00e9poxy<\/li>\n<li>Entr\u00e9es d\u2019air sur la languette<\/li>\n<li>Doublure en microfibre<\/li>\n<li>Cadran BOA + cache lacets + sangle velcro sup\u00e9rieure<\/li>\n<li>Construction monocoque faite \u00e0 la main<\/li>\n<li>Languette thermoformable<\/li>\n<li>Lacets cir\u00e9s<\/li>\n<\/ul>\n<div><b>Fonctionnalit\u00e9s<\/b><\/p>\n<div>\n<ul>\n<li><strong>Base :<\/strong> Base composite en carbone pos\u00e9e \u00e0 la main<\/li>\n<li><strong>Rev\u00eatement ext\u00e9rieur :<\/strong> Microfibre \/ microfibre mate<\/li>\n<li><strong>Doublure :<\/strong> Microfibre<\/li>\n<li><strong>Semelle int\u00e9rieure :<\/strong> Cuir<\/li>\n<li><strong>Thermoformable :<\/strong> Base enti\u00e8rement thermoformable utilisant de la r\u00e9sine \u00e9poxy thermodurcissable<\/li>\n<li><strong>Rembourrage :<\/strong> Mousse \u00e0 m\u00e9moire de forme haute densit\u00e9<\/li>\n<li><strong>Options de fermeture :<\/strong> Cadran BOA, cache lacets et deux sangles velcro<\/li>\n<li><strong>Options de coupe :<\/strong> Standard<\/li>\n<li><strong>Montage :<\/strong> 165 mm<\/li>\n<\/ul>\n<\/div>\n<\/div>\n<p>La lame Ultrasprint vise \u00e0 surpasser la concurrence \u00e0 tous les niveaux : acier de meilleure qualit\u00e9, polissage brillant, courbure parfaite, meilleure r\u00e9tention de la courbure et graphismes impressionnants pour compl\u00e9ter le look. Et tout cela \u00e0 un prix incroyable.<\/p>\n<p><strong>Sp\u00e9cifications<\/strong><\/p>\n<ul>\n<li>Mat\u00e9riau du tube : 6061 T6<\/li>\n<li>Mat\u00e9riau du porte-lame : Aluminium 7075 T6<\/li>\n<li>Rayon : 8 m<\/li>\n<li>Longueurs : 12\u2033, 13\u2033, 14\u2033, 14,5\u2033, 15\u2033, 15,5\u2033, 16\u2033, 16,5\u2033, 17\u2033<\/li>\n<li>\u00c9paisseur de la lame : 1,1 mm<\/li>\n<li>Duret\u00e9 : 58 Rockwell<\/li>\n<li>Courbure : Courbure machine<\/li>\n<\/ul>\n<p><strong>Avantages du BOA<\/strong><\/p>\n<ul>\n<li>Fit comme un gant<\/li>\n<li>Le syst\u00e8me de fermeture BOA offre un confort personnalis\u00e9 avec une fermeture douce et uniforme, sans points de pression.<\/li>\n<li>R\u00e9glage instantan\u00e9<\/li>\n<li>R\u00e9glez facilement d\u2019une main avec un simple tour du cadran BOA. Plus besoin de s\u2019agenouiller sur la glace mouill\u00e9e.<\/li>\n<li>Fermeture puissante<\/li>\n<li>Une fois verrouill\u00e9s, les bobines et lacets BOA restent en place. Les lacets normaux s\u2019\u00e9tirent de 7 \u00e0 10 %, ce qui n\u00e9cessite un resserrage.<\/li>\n<li>Durable<\/li>\n<li>Fabriqu\u00e9s en acier inoxydable de qualit\u00e9 a\u00e9ronautique, les lacets BOA sont plus r\u00e9sistants au gramme pr\u00e8s que l\u2019armure de char.<\/li>\n<li>Micro-ajustable<\/li>\n<li>Les bobines BOA offrent des degr\u00e9s de r\u00e9glage quasi infinis.<\/li>\n<li>L\u00e9ger<\/li>\n<li>Les fermetures BOA \u00e9vacuent l\u2019eau et la glace, r\u00e9duisant le poids pr\u00e9cieux.<\/li>\n<li>Rapide<\/li>\n<li>Enfilez et retirez rapidement. BOA gagne du temps pour chausser vos patins.<\/li>\n<\/ul>\n<p><strong><em>LA LONGUEUR DE LA LAME PEUT \u00caTRE MODIFI\u00c9E, VEUILLEZ INDIQUER LE CHANGEMENT DANS LA CASE COMMENTAIRE LORS DE VOTRE COMMANDE<\/em><\/strong><\/p>\n","protected":false},"excerpt":{"rendered":"<p>Pack BONT Patriot Carbon BOA Ultrasprint Le pack Patriot Carbon BOA Ultrasprint est une extension naturelle de votre corps. Plus rigide que le Patriot, le Patriot Carbon BOA offre un meilleur soutien pour les patineurs cherchant \u00e0 atteindre des vitesses plus \u00e9lev\u00e9es, avec un cadran BOA permettant d\u2019ajuster pr\u00e9cis\u00e9ment le serrage de la botte entre [&hellip;]<\/p>\n","protected":false},"featured_media":22590,"comment_status":"open","ping_status":"closed","template":"","meta":{"_acf_changed":false,"_monsterinsights_skip_tracking":false,"_monsterinsights_sitenote_active":false,"_monsterinsights_sitenote_note":"","_monsterinsights_sitenote_category":0,"_uf_show_specific_survey":0,"_uf_disable_surveys":false,"site-sidebar-layout":"default","site-content-layout":"","ast-site-content-layout":"default","site-content-style":"default","site-sidebar-style":"default","ast-global-header-display":"","ast-banner-title-visibility":"","ast-main-header-display":"","ast-hfb-above-header-display":"","ast-hfb-below-header-display":"","ast-hfb-mobile-header-display":"","site-post-title":"","ast-breadcrumbs-content":"","ast-featured-img":"","footer-sml-layout":"","ast-disable-related-posts":"","theme-transparent-header-meta":"default","adv-header-id-meta":"","stick-header-meta":"","header-above-stick-meta":"","header-main-stick-meta":"","header-below-stick-meta":"","astra-migrate-meta-layouts":"set","ast-page-background-enabled":"default","ast-page-background-meta":{"desktop":{"background-color":"","background-image":"","background-repeat":"repeat","background-position":"center center","background-size":"auto","background-attachment":"scroll","background-type":"","background-media":"","overlay-type":"","overlay-color":"","overlay-opacity":"","overlay-gradient":""},"tablet":{"background-color":"","background-image":"","background-repeat":"repeat","background-position":"center center","background-size":"auto","background-attachment":"scroll","background-type":"","background-media":"","overlay-type":"","overlay-color":"","overlay-opacity":"","overlay-gradient":""},"mobile":{"background-color":"","background-image":"","background-repeat":"repeat","background-position":"center center","background-size":"auto","background-attachment":"scroll","background-type":"","background-media":"","overlay-type":"","overlay-color":"","overlay-opacity":"","overlay-gradient":""}},"ast-content-background-meta":{"desktop":{"background-color":"var(--ast-global-color-5)","background-image":"","background-repeat":"repeat","background-position":"center center","background-size":"auto","background-attachment":"scroll","background-type":"","background-media":"","overlay-type":"","overlay-color":"","overlay-opacity":"","overlay-gradient":""},"tablet":{"background-color":"var(--ast-global-color-5)","background-image":"","background-repeat":"repeat","background-position":"center center","background-size":"auto","background-attachment":"scroll","background-type":"","background-media":"","overlay-type":"","overlay-color":"","overlay-opacity":"","overlay-gradient":""},"mobile":{"background-color":"var(--ast-global-color-5)","background-image":"","background-repeat":"repeat","background-position":"center center","background-size":"auto","background-attachment":"scroll","background-type":"","background-media":"","overlay-type":"","overlay-color":"","overlay-opacity":"","overlay-gradient":""}}},"product_brand":[3285],"product_cat":[3378],"product_tag":[3799],"class_list":{"0":"post-22594","1":"product","2":"type-product","3":"status-publish","4":"has-post-thumbnail","6":"product_brand-bont","7":"product_cat-non-categorise","8":"product_tag-bont","9":"desktop-align-left","10":"tablet-align-left","11":"mobile-align-left","13":"first","14":"instock","15":"taxable","16":"shipping-taxable","17":"purchasable","18":"product-type-simple"},"acf":[],"_links":{"self":[{"href":"https:\/\/ztsports.com\/fr\/wp-json\/wp\/v2\/product\/22594","targetHints":{"allow":["GET"]}}],"collection":[{"href":"https:\/\/ztsports.com\/fr\/wp-json\/wp\/v2\/product"}],"about":[{"href":"https:\/\/ztsports.com\/fr\/wp-json\/wp\/v2\/types\/product"}],"replies":[{"embeddable":true,"href":"https:\/\/ztsports.com\/fr\/wp-json\/wp\/v2\/comments?post=22594"}],"version-history":[{"count":1,"href":"https:\/\/ztsports.com\/fr\/wp-json\/wp\/v2\/product\/22594\/revisions"}],"predecessor-version":[{"id":22595,"href":"https:\/\/ztsports.com\/fr\/wp-json\/wp\/v2\/product\/22594\/revisions\/22595"}],"wp:featuredmedia":[{"embeddable":true,"href":"https:\/\/ztsports.com\/fr\/wp-json\/wp\/v2\/media\/22590"}],"wp:attachment":[{"href":"https:\/\/ztsports.com\/fr\/wp-json\/wp\/v2\/media?parent=22594"}],"wp:term":[{"taxonomy":"product_brand","embeddable":true,"href":"https:\/\/ztsports.com\/fr\/wp-json\/wp\/v2\/product_brand?post=22594"},{"taxonomy":"product_cat","embeddable":true,"href":"https:\/\/ztsports.com\/fr\/wp-json\/wp\/v2\/product_cat?post=22594"},{"taxonomy":"product_tag","embeddable":true,"href":"https:\/\/ztsports.com\/fr\/wp-json\/wp\/v2\/product_tag?post=22594"}],"curies":[{"name":"wp","href":"https:\/\/api.w.org\/{rel}","templated":true}]}}