{"id":22588,"date":"2024-02-09T09:31:28","date_gmt":"2024-02-09T09:31:28","guid":{"rendered":"https:\/\/ztsports.com\/?post_type=product&#038;p=22588"},"modified":"2026-03-06T22:16:21","modified_gmt":"2026-03-06T22:16:21","slug":"double-layer-cut-resistant-ankle-cuffs","status":"publish","type":"product","link":"https:\/\/ztsports.com\/fr\/store\/double-layer-cut-resistant-ankle-cuffs\/","title":{"rendered":"Double Layer Cut Resistant Ankle Cuffs"},"content":{"rendered":"<h1 class=\"product_title entry-title\">Prot\u00e8ge-chevilles r\u00e9sistants aux coupures \u2013 Double couche<\/h1>\n<h4>Protection contre les lac\u00e9rations<\/h4>\n<p class=\"mb0\">Nos prot\u00e8ge-chevilles r\u00e9sistants aux coupures sont fabriqu\u00e9s avec de la fibre de poly\u00e9thyl\u00e8ne \u00e0 tr\u00e8s haute masse mol\u00e9culaire (UHMWPE). Ces prot\u00e8ge-chevilles r\u00e9sistants aux coupures sont disponibles en UNE seule taille et poss\u00e8dent un niveau de r\u00e9sistance aux coupures 2 selon EN388. De plus, cette super fibre combin\u00e9e au polyester et \u00e0 l\u2019\u00e9lasthanne offre des propri\u00e9t\u00e9s \u00e9lastiques avanc\u00e9es. Gr\u00e2ce \u00e0 la technologie \u00ab\u00a0Hollow Fiber\u00a0\u00bb, ils sont anti-allergiques. Les prot\u00e8ge-chevilles X-series respectent le r\u00e8glement ISU 1265. Plus \u00e9lastiques, plus confortables, excellent ajustement ! Pour les prot\u00e8ge-chevilles \u00e0 couche unique, <a href=\"https:\/\/ztsports.com\/product\/cut-resistant-ankle-protectors\/\">c\u2019est ici !<\/a><\/p>\n<h1 class=\"product_title entry-title\">Prot\u00e8ge-chevilles r\u00e9sistants aux coupures \u2013 Double couche<\/h1>\n<p class=\"mb0\">L&#8217;abr\u00e9viation UHMWPE signifie poly\u00e9thyl\u00e8ne \u00e0 ultra-haute masse mol\u00e9culaire, qui poss\u00e8de d\u2019excellentes propri\u00e9t\u00e9s telles que haute r\u00e9sistance, r\u00e9sistance aux chocs, r\u00e9sistance \u00e0 l\u2019abrasion, auto-lubrification, r\u00e9sistance \u00e0 la corrosion chimique et au froid, etc. C\u2019est un mat\u00e9riau id\u00e9al pour les proth\u00e8ses articulaires artificielles, et il est \u00e9galement largement utilis\u00e9 dans l\u2019a\u00e9ronautique, la transplantation m\u00e9dicale, le textile, la papeterie et de nombreux autres secteurs.<\/p>\n<p class=\"mb0\">Il existe deux proc\u00e9d\u00e9s de production\u00a0: l\u2019un est le proc\u00e9d\u00e9 de filage \u00e0 sec avec d\u00e9cali comme solvant par la soci\u00e9t\u00e9 DSM des Pays-Bas, et l\u2019autre est le proc\u00e9d\u00e9 de filage \u00e0 humide avec huile blanche comme solvant par la soci\u00e9t\u00e9 Honeywell des \u00c9tats-Unis.<\/p>\n<p class=\"mb0\">La fibre obtenue par filage \u00e0 sec pr\u00e9sente des caract\u00e9ristiques telles que \u00ab\u00a0finesse et haute r\u00e9sistance, toucher doux, bonne filabilit\u00e9 et absence de r\u00e9sidu de solvant\u00a0\u00bb. La fibre est ensuite transform\u00e9e en gants r\u00e9sistants aux coupures offrant une sensation plus douce, une meilleure absorption de l\u2019humidit\u00e9 et de la transpiration, et un port confortable (<a href=\"https:\/\/www.frontiersin.org\/articles\/10.3389\/fchem.2021.745467\/full#B47\" target=\"_blank\" rel=\"noopener\">Wang et Zhang, 2020<\/a>).<\/p>\n<p class=\"mb0\">La masse mol\u00e9culaire de l\u2019UHMWPE d\u00e9passe un million, il s\u2019agit d\u2019une poudre blanc laiteux, lin\u00e9aire et \u00e0 haute densit\u00e9, dont la structure est r\u00e9guli\u00e8re et facile \u00e0 cristalliser.<\/p>\n<p class=\"mb0\">La cha\u00eene mol\u00e9culaire dans le r\u00e9seau cristallin a une forme en zigzag plane, et il n\u2019y a pas de groupes polaires dans la cha\u00eene mol\u00e9culaire, tandis que son activit\u00e9 de r\u00e9action est inf\u00e9rieure \u00e0 celle du PPTA. Pour cette raison, des travaux de recherche ont \u00e9t\u00e9 men\u00e9s sur le traitement de surface des fibres, comme l\u2019oxydation \u00e0 la flamme, la corrosion chimique ou le traitement au plasma \u00e0 basse temp\u00e9rature, afin de surmonter cette limitation de la fibre UHMWPE.<\/p>\n<h3>Test EN-388<\/h3>\n<p>Nos prot\u00e8ge-chevilles r\u00e9sistants aux coupures respectent la norme europ\u00e9enne EN 388:2016+A1:2018 \u2013 \u00ab\u00a0Gants de protection contre les risques m\u00e9caniques\u00a0\u00bb, qui remplace d\u00e9sormais EN 388:2003. Les gants de protection \u00e0 usage g\u00e9n\u00e9ral repr\u00e9sentent la plus grande part du march\u00e9 des \u00e9quipements de protection individuelle (EPI) vendus et prot\u00e8gent les utilisateurs contre une large gamme de risques. Pour aider les utilisateurs \u00e0 choisir les gants appropri\u00e9s, plusieurs normes europ\u00e9ennes de s\u00e9curit\u00e9 \u2013 y compris EN 388:2016+A1:2018 \u2013 ont \u00e9t\u00e9 d\u00e9velopp\u00e9es, permettant de d\u00e9finir diff\u00e9rents niveaux de protection. Ces niveaux permettent de s\u00e9lectionner les gants appropri\u00e9s en fonction des risques identifi\u00e9s pour une activit\u00e9 professionnelle sp\u00e9cifique.<\/p>\n<p>Pour en savoir plus sur le test EN-388, cliquez <a href=\"https:\/\/www.satra.com\/spotlight\/article.php?id=488\" target=\"_blank\" rel=\"noopener\">ici !<\/a><\/p>\n","protected":false},"excerpt":{"rendered":"<p>Prot\u00e8ge-chevilles r\u00e9sistants aux coupures \u2013 Double couche Protection contre les lac\u00e9rations Nos prot\u00e8ge-chevilles r\u00e9sistants aux coupures sont fabriqu\u00e9s avec de la fibre de poly\u00e9thyl\u00e8ne \u00e0 tr\u00e8s haute masse mol\u00e9culaire (UHMWPE). Ces prot\u00e8ge-chevilles r\u00e9sistants aux coupures sont disponibles en UNE seule taille et poss\u00e8dent un niveau de r\u00e9sistance aux coupures 2 selon EN388. De plus, cette [&hellip;]<\/p>\n","protected":false},"featured_media":22586,"comment_status":"open","ping_status":"closed","template":"","meta":{"_acf_changed":false,"_monsterinsights_skip_tracking":false,"_monsterinsights_sitenote_active":false,"_monsterinsights_sitenote_note":"","_monsterinsights_sitenote_category":0,"_uf_show_specific_survey":0,"_uf_disable_surveys":false,"site-sidebar-layout":"default","site-content-layout":"","ast-site-content-layout":"default","site-content-style":"default","site-sidebar-style":"default","ast-global-header-display":"","ast-banner-title-visibility":"","ast-main-header-display":"","ast-hfb-above-header-display":"","ast-hfb-below-header-display":"","ast-hfb-mobile-header-display":"","site-post-title":"","ast-breadcrumbs-content":"","ast-featured-img":"","footer-sml-layout":"","ast-disable-related-posts":"","theme-transparent-header-meta":"default","adv-header-id-meta":"","stick-header-meta":"","header-above-stick-meta":"","header-main-stick-meta":"","header-below-stick-meta":"","astra-migrate-meta-layouts":"set","ast-page-background-enabled":"default","ast-page-background-meta":{"desktop":{"background-color":"","background-image":"","background-repeat":"repeat","background-position":"center center","background-size":"auto","background-attachment":"scroll","background-type":"","background-media":"","overlay-type":"","overlay-color":"","overlay-opacity":"","overlay-gradient":""},"tablet":{"background-color":"","background-image":"","background-repeat":"repeat","background-position":"center center","background-size":"auto","background-attachment":"scroll","background-type":"","background-media":"","overlay-type":"","overlay-color":"","overlay-opacity":"","overlay-gradient":""},"mobile":{"background-color":"","background-image":"","background-repeat":"repeat","background-position":"center center","background-size":"auto","background-attachment":"scroll","background-type":"","background-media":"","overlay-type":"","overlay-color":"","overlay-opacity":"","overlay-gradient":""}},"ast-content-background-meta":{"desktop":{"background-color":"var(--ast-global-color-5)","background-image":"","background-repeat":"repeat","background-position":"center center","background-size":"auto","background-attachment":"scroll","background-type":"","background-media":"","overlay-type":"","overlay-color":"","overlay-opacity":"","overlay-gradient":""},"tablet":{"background-color":"var(--ast-global-color-5)","background-image":"","background-repeat":"repeat","background-position":"center center","background-size":"auto","background-attachment":"scroll","background-type":"","background-media":"","overlay-type":"","overlay-color":"","overlay-opacity":"","overlay-gradient":""},"mobile":{"background-color":"var(--ast-global-color-5)","background-image":"","background-repeat":"repeat","background-position":"center center","background-size":"auto","background-attachment":"scroll","background-type":"","background-media":"","overlay-type":"","overlay-color":"","overlay-opacity":"","overlay-gradient":""}}},"product_brand":[3358,3361,3359,3360],"product_cat":[3378],"product_tag":[],"class_list":{"0":"post-22588","1":"product","2":"type-product","3":"status-publish","4":"has-post-thumbnail","6":"product_brand-x-series","7":"product_brand-x-series-xact","8":"product_brand-x-tech","9":"product_brand-xact","10":"product_cat-non-categorise","11":"desktop-align-left","12":"tablet-align-left","13":"mobile-align-left","15":"first","16":"instock","17":"sale","18":"taxable","19":"shipping-taxable","20":"purchasable","21":"product-type-simple"},"acf":[],"_links":{"self":[{"href":"https:\/\/ztsports.com\/fr\/wp-json\/wp\/v2\/product\/22588","targetHints":{"allow":["GET"]}}],"collection":[{"href":"https:\/\/ztsports.com\/fr\/wp-json\/wp\/v2\/product"}],"about":[{"href":"https:\/\/ztsports.com\/fr\/wp-json\/wp\/v2\/types\/product"}],"replies":[{"embeddable":true,"href":"https:\/\/ztsports.com\/fr\/wp-json\/wp\/v2\/comments?post=22588"}],"version-history":[{"count":1,"href":"https:\/\/ztsports.com\/fr\/wp-json\/wp\/v2\/product\/22588\/revisions"}],"predecessor-version":[{"id":22589,"href":"https:\/\/ztsports.com\/fr\/wp-json\/wp\/v2\/product\/22588\/revisions\/22589"}],"wp:featuredmedia":[{"embeddable":true,"href":"https:\/\/ztsports.com\/fr\/wp-json\/wp\/v2\/media\/22586"}],"wp:attachment":[{"href":"https:\/\/ztsports.com\/fr\/wp-json\/wp\/v2\/media?parent=22588"}],"wp:term":[{"taxonomy":"product_brand","embeddable":true,"href":"https:\/\/ztsports.com\/fr\/wp-json\/wp\/v2\/product_brand?post=22588"},{"taxonomy":"product_cat","embeddable":true,"href":"https:\/\/ztsports.com\/fr\/wp-json\/wp\/v2\/product_cat?post=22588"},{"taxonomy":"product_tag","embeddable":true,"href":"https:\/\/ztsports.com\/fr\/wp-json\/wp\/v2\/product_tag?post=22588"}],"curies":[{"name":"wp","href":"https:\/\/api.w.org\/{rel}","templated":true}]}}