{"id":22584,"date":"2024-02-15T16:24:51","date_gmt":"2024-02-15T16:24:51","guid":{"rendered":"https:\/\/ztsports.com\/?post_type=product&#038;p=22584"},"modified":"2026-03-06T22:14:53","modified_gmt":"2026-03-06T22:14:53","slug":"smiley-deluxe-soakers-renforced-ends-new","status":"publish","type":"product","link":"https:\/\/ztsports.com\/fr\/store\/smiley-deluxe-soakers-renforced-ends-new\/","title":{"rendered":"SMILEY DELUXE SOAKERS Renforced Ends New"},"content":{"rendered":"<p>Pr\u00e9sentation des <strong>SMILEY DELUXE SOAKERS<\/strong> \u2013 des prot\u00e8ge-lames qui combinent un ext\u00e9rieur en nylon de haute qualit\u00e9 avec un int\u00e9rieur en polaire de coton doux. Con\u00e7us pour offrir un style convivial, ces prot\u00e8ge-lames assurent une super absorption et sont fabriqu\u00e9s avec un tissu r\u00e9sistant aux coupures \u00e0 chaque extr\u00e9mit\u00e9 afin d\u2019\u00e9viter toute perforation.<\/p>\n<p>Fi\u00e8rement fabriqu\u00e9s au Canada, ils peuvent s\u2019adapter \u00e0 des lames jusqu\u2019\u00e0 19 pouces de longueur.<\/p>\n<p>Pr\u00e9sentation des <strong>SMILEY DELUXE SOAKERS<\/strong> \u2013 nos prot\u00e8ge-lames qui offrent l\u2019\u00e9quilibre parfait entre style et fonctionnalit\u00e9.<\/p>\n<p>Fabriqu\u00e9s avec un ext\u00e9rieur en nylon durable et un int\u00e9rieur en polaire de coton doux, ces prot\u00e8ge-lames sont con\u00e7us pour garder vos lames s\u00e8ches et prot\u00e9g\u00e9es.<\/p>\n<p>Gr\u00e2ce \u00e0 leur super capacit\u00e9 d\u2019absorption et \u00e0 leur tissu r\u00e9sistant aux coupures \u00e0 chaque extr\u00e9mit\u00e9, vous pouvez \u00eatre s\u00fbr que vos lames resteront s\u00fbres et bien prot\u00e9g\u00e9es. Fi\u00e8rement fabriqu\u00e9s au Canada, ces prot\u00e8ge-lames peuvent accueillir des lames jusqu\u2019\u00e0 19 pouces de longueur.<\/p>\n<p>Alors allez-y, offrez \u00e0 vos patins le traitement de luxe qu\u2019ils m\u00e9ritent avec les <strong>SMILEY DELUXE SOAKERS<\/strong>.<\/p>\n<ul>\n<li>Super absorption<\/li>\n<li>Tissu r\u00e9sistant aux coupures \u00e0 chaque extr\u00e9mit\u00e9 pour \u00e9viter les perforations<\/li>\n<li>Fabriqu\u00e9 au Canada<\/li>\n<li>Convient aux lames jusqu\u2019\u00e0 19&#8243;<\/li>\n<\/ul>\n<p>&nbsp;<\/p>\n","protected":false},"excerpt":{"rendered":"<p>Pr\u00e9sentation des SMILEY DELUXE SOAKERS \u2013 des prot\u00e8ge-lames qui combinent un ext\u00e9rieur en nylon de haute qualit\u00e9 avec un int\u00e9rieur en polaire de coton doux. Con\u00e7us pour offrir un style convivial, ces prot\u00e8ge-lames assurent une super absorption et sont fabriqu\u00e9s avec un tissu r\u00e9sistant aux coupures \u00e0 chaque extr\u00e9mit\u00e9 afin d\u2019\u00e9viter toute perforation. Fi\u00e8rement fabriqu\u00e9s [&hellip;]<\/p>\n","protected":false},"featured_media":22578,"comment_status":"open","ping_status":"closed","template":"","meta":{"_acf_changed":false,"_monsterinsights_skip_tracking":false,"_monsterinsights_sitenote_active":false,"_monsterinsights_sitenote_note":"","_monsterinsights_sitenote_category":0,"_uf_show_specific_survey":0,"_uf_disable_surveys":false,"site-sidebar-layout":"default","site-content-layout":"","ast-site-content-layout":"default","site-content-style":"default","site-sidebar-style":"default","ast-global-header-display":"","ast-banner-title-visibility":"","ast-main-header-display":"","ast-hfb-above-header-display":"","ast-hfb-below-header-display":"","ast-hfb-mobile-header-display":"","site-post-title":"","ast-breadcrumbs-content":"","ast-featured-img":"","footer-sml-layout":"","ast-disable-related-posts":"","theme-transparent-header-meta":"default","adv-header-id-meta":"","stick-header-meta":"","header-above-stick-meta":"","header-main-stick-meta":"","header-below-stick-meta":"","astra-migrate-meta-layouts":"set","ast-page-background-enabled":"default","ast-page-background-meta":{"desktop":{"background-color":"","background-image":"","background-repeat":"repeat","background-position":"center center","background-size":"auto","background-attachment":"scroll","background-type":"","background-media":"","overlay-type":"","overlay-color":"","overlay-opacity":"","overlay-gradient":""},"tablet":{"background-color":"","background-image":"","background-repeat":"repeat","background-position":"center center","background-size":"auto","background-attachment":"scroll","background-type":"","background-media":"","overlay-type":"","overlay-color":"","overlay-opacity":"","overlay-gradient":""},"mobile":{"background-color":"","background-image":"","background-repeat":"repeat","background-position":"center center","background-size":"auto","background-attachment":"scroll","background-type":"","background-media":"","overlay-type":"","overlay-color":"","overlay-opacity":"","overlay-gradient":""}},"ast-content-background-meta":{"desktop":{"background-color":"var(--ast-global-color-5)","background-image":"","background-repeat":"repeat","background-position":"center center","background-size":"auto","background-attachment":"scroll","background-type":"","background-media":"","overlay-type":"","overlay-color":"","overlay-opacity":"","overlay-gradient":""},"tablet":{"background-color":"var(--ast-global-color-5)","background-image":"","background-repeat":"repeat","background-position":"center center","background-size":"auto","background-attachment":"scroll","background-type":"","background-media":"","overlay-type":"","overlay-color":"","overlay-opacity":"","overlay-gradient":""},"mobile":{"background-color":"var(--ast-global-color-5)","background-image":"","background-repeat":"repeat","background-position":"center center","background-size":"auto","background-attachment":"scroll","background-type":"","background-media":"","overlay-type":"","overlay-color":"","overlay-opacity":"","overlay-gradient":""}}},"product_brand":[3358,3361,3360],"product_cat":[3378],"product_tag":[],"class_list":{"0":"post-22584","1":"product","2":"type-product","3":"status-publish","4":"has-post-thumbnail","6":"product_brand-x-series","7":"product_brand-x-series-xact","8":"product_brand-xact","9":"product_cat-non-categorise","10":"desktop-align-left","11":"tablet-align-left","12":"mobile-align-left","14":"first","15":"instock","16":"taxable","17":"shipping-taxable","18":"purchasable","19":"product-type-simple"},"acf":[],"_links":{"self":[{"href":"https:\/\/ztsports.com\/fr\/wp-json\/wp\/v2\/product\/22584","targetHints":{"allow":["GET"]}}],"collection":[{"href":"https:\/\/ztsports.com\/fr\/wp-json\/wp\/v2\/product"}],"about":[{"href":"https:\/\/ztsports.com\/fr\/wp-json\/wp\/v2\/types\/product"}],"replies":[{"embeddable":true,"href":"https:\/\/ztsports.com\/fr\/wp-json\/wp\/v2\/comments?post=22584"}],"version-history":[{"count":1,"href":"https:\/\/ztsports.com\/fr\/wp-json\/wp\/v2\/product\/22584\/revisions"}],"predecessor-version":[{"id":22585,"href":"https:\/\/ztsports.com\/fr\/wp-json\/wp\/v2\/product\/22584\/revisions\/22585"}],"wp:featuredmedia":[{"embeddable":true,"href":"https:\/\/ztsports.com\/fr\/wp-json\/wp\/v2\/media\/22578"}],"wp:attachment":[{"href":"https:\/\/ztsports.com\/fr\/wp-json\/wp\/v2\/media?parent=22584"}],"wp:term":[{"taxonomy":"product_brand","embeddable":true,"href":"https:\/\/ztsports.com\/fr\/wp-json\/wp\/v2\/product_brand?post=22584"},{"taxonomy":"product_cat","embeddable":true,"href":"https:\/\/ztsports.com\/fr\/wp-json\/wp\/v2\/product_cat?post=22584"},{"taxonomy":"product_tag","embeddable":true,"href":"https:\/\/ztsports.com\/fr\/wp-json\/wp\/v2\/product_tag?post=22584"}],"curies":[{"name":"wp","href":"https:\/\/api.w.org\/{rel}","templated":true}]}}