{"id":22576,"date":"2024-03-18T10:30:34","date_gmt":"2024-03-18T10:30:34","guid":{"rendered":"https:\/\/ztsports.com\/?post_type=product&#038;p=22576"},"modified":"2026-03-06T22:12:55","modified_gmt":"2026-03-06T22:12:55","slug":"jet-195mm-inline-skate-boots-2","status":"publish","type":"product","link":"https:\/\/ztsports.com\/fr\/store\/jet-195mm-inline-skate-boots-2\/","title":{"rendered":"Jet 195mm Inline Skate Boots"},"content":{"rendered":"<h1 class=\"h2 product-single__title\">Bottes de patin en ligne Jet 195mm<\/h1>\n<div>La botte de patin en ligne Bont Jet 195mm est le patin de vitesse en ligne le plus populaire au monde, et pour de bonnes raisons : elle offre un excellent rapport qualit\u00e9-prix. Parfaite pour tous les niveaux de patinage de vitesse, cette botte de course est stable, confortable et fabriqu\u00e9e \u00e0 la main selon la technique unique de fabrication en une seule pi\u00e8ce de Bont.<\/div>\n<div>\n<div><\/div>\n<div>Le patin Jet commence sa fabrication autour d\u2019une forme (last) qui a \u00e9t\u00e9 modifi\u00e9e et am\u00e9lior\u00e9e pendant plus de 40 ans par M. Inze Bont. La fibre de carbone et la fibre de verre sont pos\u00e9es \u00e0 la main autour de la mousse \u00e0 m\u00e9moire de forme, garantissant une base tr\u00e8s l\u00e9g\u00e8re et r\u00e9sistante. Notre r\u00e9sine \u00e9poxy est la plus thermoformable de l\u2019industrie et la botte est \u00e9quip\u00e9e de bandes anti-\u00e9tirement qui emp\u00eachent la botte de se d\u00e9former avec le temps. Faites passer votre patinage de vitesse au niveau sup\u00e9rieur avec le patin de course en ligne Bont Jet.<\/div>\n<\/div>\n<div><\/div>\n<p><strong>Caract\u00e9ristiques<\/strong><\/p>\n<ul class=\"features\">\n<li><strong>Base :<\/strong> Composite carbone<\/li>\n<li><strong>Rev\u00eatement ext\u00e9rieur :<\/strong> Microfibre<\/li>\n<li><strong>Doublure :<\/strong> Microfibre<\/li>\n<li><strong>Inclinaison (Pitch) :<\/strong> 12 mm<\/li>\n<li><strong>Entr\u00e9es d\u2019air :<\/strong> Sur le dessus des orteils et la languette<\/li>\n<li><strong>Semelle int\u00e9rieure :<\/strong> EVA thermoformable<\/li>\n<li><strong>Thermoformable :<\/strong> Base enti\u00e8rement thermoformable utilisant une r\u00e9sine \u00e9poxy thermodurcissable<\/li>\n<li><strong>Rembourrage :<\/strong> Mousse \u00e0 m\u00e9moire de forme souple<\/li>\n<li><strong>Protection :<\/strong> Pare-chocs avant en caoutchouc*<\/li>\n<li><strong>Vegan :<\/strong> Oui<\/li>\n<\/ul>\n<p>* Les bottes standard Noir et Blanc\/Argent sont livr\u00e9es avec un prot\u00e8ge-orteils en TPU.<\/p>\n<p>La Jet s\u2019est vendue \u00e0 plus de 1,4 million de paires depuis sa cr\u00e9ation. Elle est approuv\u00e9e par les entra\u00eeneurs et les parents dans le monde entier. Ce patin de vitesse est parfait pour les enfants comme pour les adultes. C\u2019est un excellent patin pour hommes, femmes, gar\u00e7ons et filles. La Bont Jet est \u00e9galement le patin de vitesse le plus facile \u00e0 thermoformer.<\/p>\n","protected":false},"excerpt":{"rendered":"<p>Bottes de patin en ligne Jet 195mm La botte de patin en ligne Bont Jet 195mm est le patin de vitesse en ligne le plus populaire au monde, et pour de bonnes raisons : elle offre un excellent rapport qualit\u00e9-prix. Parfaite pour tous les niveaux de patinage de vitesse, cette botte de course est stable, [&hellip;]<\/p>\n","protected":false},"featured_media":22571,"comment_status":"open","ping_status":"closed","template":"","meta":{"_acf_changed":false,"_monsterinsights_skip_tracking":false,"_monsterinsights_sitenote_active":false,"_monsterinsights_sitenote_note":"","_monsterinsights_sitenote_category":0,"_uf_show_specific_survey":0,"_uf_disable_surveys":false,"site-sidebar-layout":"default","site-content-layout":"","ast-site-content-layout":"default","site-content-style":"default","site-sidebar-style":"default","ast-global-header-display":"","ast-banner-title-visibility":"","ast-main-header-display":"","ast-hfb-above-header-display":"","ast-hfb-below-header-display":"","ast-hfb-mobile-header-display":"","site-post-title":"","ast-breadcrumbs-content":"","ast-featured-img":"","footer-sml-layout":"","ast-disable-related-posts":"","theme-transparent-header-meta":"default","adv-header-id-meta":"","stick-header-meta":"","header-above-stick-meta":"","header-main-stick-meta":"","header-below-stick-meta":"","astra-migrate-meta-layouts":"set","ast-page-background-enabled":"default","ast-page-background-meta":{"desktop":{"background-color":"","background-image":"","background-repeat":"repeat","background-position":"center center","background-size":"auto","background-attachment":"scroll","background-type":"","background-media":"","overlay-type":"","overlay-color":"","overlay-opacity":"","overlay-gradient":""},"tablet":{"background-color":"","background-image":"","background-repeat":"repeat","background-position":"center center","background-size":"auto","background-attachment":"scroll","background-type":"","background-media":"","overlay-type":"","overlay-color":"","overlay-opacity":"","overlay-gradient":""},"mobile":{"background-color":"","background-image":"","background-repeat":"repeat","background-position":"center center","background-size":"auto","background-attachment":"scroll","background-type":"","background-media":"","overlay-type":"","overlay-color":"","overlay-opacity":"","overlay-gradient":""}},"ast-content-background-meta":{"desktop":{"background-color":"var(--ast-global-color-5)","background-image":"","background-repeat":"repeat","background-position":"center center","background-size":"auto","background-attachment":"scroll","background-type":"","background-media":"","overlay-type":"","overlay-color":"","overlay-opacity":"","overlay-gradient":""},"tablet":{"background-color":"var(--ast-global-color-5)","background-image":"","background-repeat":"repeat","background-position":"center center","background-size":"auto","background-attachment":"scroll","background-type":"","background-media":"","overlay-type":"","overlay-color":"","overlay-opacity":"","overlay-gradient":""},"mobile":{"background-color":"var(--ast-global-color-5)","background-image":"","background-repeat":"repeat","background-position":"center center","background-size":"auto","background-attachment":"scroll","background-type":"","background-media":"","overlay-type":"","overlay-color":"","overlay-opacity":"","overlay-gradient":""}}},"product_brand":[3285],"product_cat":[3381],"product_tag":[3799,4562],"class_list":{"0":"post-22576","1":"product","2":"type-product","3":"status-publish","4":"has-post-thumbnail","6":"product_brand-bont","7":"product_cat-patinage-de-vitesse-en-ligne","8":"product_tag-bont","9":"product_tag-speed-skating","10":"desktop-align-left","11":"tablet-align-left","12":"mobile-align-left","14":"first","15":"instock","16":"taxable","17":"shipping-taxable","18":"purchasable","19":"product-type-simple"},"acf":[],"_links":{"self":[{"href":"https:\/\/ztsports.com\/fr\/wp-json\/wp\/v2\/product\/22576","targetHints":{"allow":["GET"]}}],"collection":[{"href":"https:\/\/ztsports.com\/fr\/wp-json\/wp\/v2\/product"}],"about":[{"href":"https:\/\/ztsports.com\/fr\/wp-json\/wp\/v2\/types\/product"}],"replies":[{"embeddable":true,"href":"https:\/\/ztsports.com\/fr\/wp-json\/wp\/v2\/comments?post=22576"}],"version-history":[{"count":1,"href":"https:\/\/ztsports.com\/fr\/wp-json\/wp\/v2\/product\/22576\/revisions"}],"predecessor-version":[{"id":22577,"href":"https:\/\/ztsports.com\/fr\/wp-json\/wp\/v2\/product\/22576\/revisions\/22577"}],"wp:featuredmedia":[{"embeddable":true,"href":"https:\/\/ztsports.com\/fr\/wp-json\/wp\/v2\/media\/22571"}],"wp:attachment":[{"href":"https:\/\/ztsports.com\/fr\/wp-json\/wp\/v2\/media?parent=22576"}],"wp:term":[{"taxonomy":"product_brand","embeddable":true,"href":"https:\/\/ztsports.com\/fr\/wp-json\/wp\/v2\/product_brand?post=22576"},{"taxonomy":"product_cat","embeddable":true,"href":"https:\/\/ztsports.com\/fr\/wp-json\/wp\/v2\/product_cat?post=22576"},{"taxonomy":"product_tag","embeddable":true,"href":"https:\/\/ztsports.com\/fr\/wp-json\/wp\/v2\/product_tag?post=22576"}],"curies":[{"name":"wp","href":"https:\/\/api.w.org\/{rel}","templated":true}]}}