{"id":22569,"date":"2024-03-18T09:51:48","date_gmt":"2024-03-18T09:51:48","guid":{"rendered":"https:\/\/ztsports.com\/?post_type=product&#038;p=22569"},"modified":"2026-03-06T22:12:04","modified_gmt":"2026-03-06T22:12:04","slug":"super-jet-195mm-inline-skate-boots","status":"publish","type":"product","link":"https:\/\/ztsports.com\/fr\/store\/super-jet-195mm-inline-skate-boots\/","title":{"rendered":"Super Jet 195mm Inline Skate Boots"},"content":{"rendered":"<div class=\"product-block product-block--header product-single__header small--hide\">\n<h1 class=\"h2 product-single__title\">Bottes de patin en ligne Super Jet 195mm<\/h1>\n<div class=\"product-block\">\n<div class=\"rte\">\n<div>\n<p>D\u00e9couvrez la Bont Super Jet 195mm \u2013 une version am\u00e9lior\u00e9e du patin de vitesse en ligne pr\u00e9f\u00e9r\u00e9 au monde :<\/p>\n<ol>\n<li>Nous avons r\u00e9duit le poids de la botte en int\u00e9grant davantage de carbone et moins de fibre de verre dans la base.<\/li>\n<li>Nous avons remplac\u00e9 le thermoplastique par de la fibre de carbone dans la Super Jet. Ainsi, si vous pr\u00e9f\u00e9rez un ajustement tr\u00e8s thermoformable, choisissez la Jet standard.<\/li>\n<li>La Super Jet offre un ajustement plus serr\u00e9 autour de la cheville gr\u00e2ce \u00e0 une couche suppl\u00e9mentaire de n\u00e9opr\u00e8ne autour du col.<\/li>\n<li>Notre rev\u00eatement ext\u00e9rieur Durolite am\u00e9lior\u00e9 augmente la durabilit\u00e9 et les performances.<\/li>\n<li>Nous avons abaiss\u00e9 la hauteur de la botte de 1 cm pour une apparence plus \u00e9l\u00e9gante et plus rapide. Toutefois, si vous pr\u00e9f\u00e9rez une coupe plus haute, des commandes personnalis\u00e9es sont disponibles.<\/li>\n<li>Le rembourrage reste identique \u00e0 celui de la Jet, ce qui la rend adapt\u00e9e aux nouveaux patineurs.<\/li>\n<li>Le pare-chocs avant a \u00e9t\u00e9 retir\u00e9 pour lui donner une apparence plus \u00e9pur\u00e9e et professionnelle.<\/li>\n<li>Nous avons \u00e9galement supprim\u00e9 la mousse de forme ovale autour du tendon d\u2019Achille pr\u00e9sente sur la Jet standard.<\/li>\n<\/ol>\n<p>En r\u00e9sum\u00e9, la Super Jet offre une alternative plus l\u00e9g\u00e8re et plus rigide \u00e0 la Jet gr\u00e2ce \u00e0 des mat\u00e9riaux sup\u00e9rieurs, notamment davantage de carbone et le Durolite. Gardez \u00e0 l\u2019esprit que ces am\u00e9liorations entra\u00eenent un co\u00fbt l\u00e9g\u00e8rement plus \u00e9lev\u00e9. Disponible en deux couleurs superbes : Noir et Or Brillant.<\/p>\n<p><strong>Caract\u00e9ristiques<\/strong><\/p>\n<ul>\n<li><strong>Base :<\/strong> Composite carbone<\/li>\n<li><strong>Rev\u00eatement ext\u00e9rieur :<\/strong> Durolite<\/li>\n<li><strong>Doublure :<\/strong> Suede-L<\/li>\n<li><strong>Inclinaison (Pitch) :<\/strong> 12 mm<\/li>\n<li><strong>Entr\u00e9es d\u2019air :<\/strong> Au niveau des orteils et de la languette<\/li>\n<li><strong>Semelle int\u00e9rieure :<\/strong> EVA thermoformable<\/li>\n<li><strong>Thermoformable :<\/strong> Base enti\u00e8rement thermoformable utilisant une r\u00e9sine \u00e9poxy thermodurcissable, mais moins thermoformable que la Jet standard<\/li>\n<li><strong>Rembourrage :<\/strong> Mousse \u00e0 m\u00e9moire de forme souple<\/li>\n<li><strong>Vegan :<\/strong> Oui<\/li>\n<\/ul>\n<\/div>\n<\/div>\n<\/div>\n<div class=\"product-block product-block--tab\">\n<div class=\"collapsibles-wrapper product_tech\"><button class=\"label collapsible-trigger collapsible-trigger-btn collapsible-trigger-btn--borders collapsible--auto-height\" type=\"button\" aria-controls=\"Product-content-76042895539\" aria-expanded=\"false\">Anti-\u00e9tirement<\/button><\/div>\n<\/div>\n<\/div>\n<div data-product-blocks=\"\">\n<div class=\"product-block\"><\/div>\n<\/div>\n","protected":false},"excerpt":{"rendered":"<p>Bottes de patin en ligne Super Jet 195mm D\u00e9couvrez la Bont Super Jet 195mm \u2013 une version am\u00e9lior\u00e9e du patin de vitesse en ligne pr\u00e9f\u00e9r\u00e9 au monde : Nous avons r\u00e9duit le poids de la botte en int\u00e9grant davantage de carbone et moins de fibre de verre dans la base. Nous avons remplac\u00e9 le thermoplastique [&hellip;]<\/p>\n","protected":false},"featured_media":22563,"comment_status":"open","ping_status":"closed","template":"","meta":{"_acf_changed":false,"_monsterinsights_skip_tracking":false,"_monsterinsights_sitenote_active":false,"_monsterinsights_sitenote_note":"","_monsterinsights_sitenote_category":0,"_uf_show_specific_survey":0,"_uf_disable_surveys":false,"site-sidebar-layout":"default","site-content-layout":"","ast-site-content-layout":"default","site-content-style":"default","site-sidebar-style":"default","ast-global-header-display":"","ast-banner-title-visibility":"","ast-main-header-display":"","ast-hfb-above-header-display":"","ast-hfb-below-header-display":"","ast-hfb-mobile-header-display":"","site-post-title":"","ast-breadcrumbs-content":"","ast-featured-img":"","footer-sml-layout":"","ast-disable-related-posts":"","theme-transparent-header-meta":"default","adv-header-id-meta":"","stick-header-meta":"","header-above-stick-meta":"","header-main-stick-meta":"","header-below-stick-meta":"","astra-migrate-meta-layouts":"set","ast-page-background-enabled":"default","ast-page-background-meta":{"desktop":{"background-color":"","background-image":"","background-repeat":"repeat","background-position":"center center","background-size":"auto","background-attachment":"scroll","background-type":"","background-media":"","overlay-type":"","overlay-color":"","overlay-opacity":"","overlay-gradient":""},"tablet":{"background-color":"","background-image":"","background-repeat":"repeat","background-position":"center center","background-size":"auto","background-attachment":"scroll","background-type":"","background-media":"","overlay-type":"","overlay-color":"","overlay-opacity":"","overlay-gradient":""},"mobile":{"background-color":"","background-image":"","background-repeat":"repeat","background-position":"center center","background-size":"auto","background-attachment":"scroll","background-type":"","background-media":"","overlay-type":"","overlay-color":"","overlay-opacity":"","overlay-gradient":""}},"ast-content-background-meta":{"desktop":{"background-color":"var(--ast-global-color-5)","background-image":"","background-repeat":"repeat","background-position":"center center","background-size":"auto","background-attachment":"scroll","background-type":"","background-media":"","overlay-type":"","overlay-color":"","overlay-opacity":"","overlay-gradient":""},"tablet":{"background-color":"var(--ast-global-color-5)","background-image":"","background-repeat":"repeat","background-position":"center center","background-size":"auto","background-attachment":"scroll","background-type":"","background-media":"","overlay-type":"","overlay-color":"","overlay-opacity":"","overlay-gradient":""},"mobile":{"background-color":"var(--ast-global-color-5)","background-image":"","background-repeat":"repeat","background-position":"center center","background-size":"auto","background-attachment":"scroll","background-type":"","background-media":"","overlay-type":"","overlay-color":"","overlay-opacity":"","overlay-gradient":""}}},"product_brand":[3285],"product_cat":[3381],"product_tag":[],"class_list":{"0":"post-22569","1":"product","2":"type-product","3":"status-publish","4":"has-post-thumbnail","6":"product_brand-bont","7":"product_cat-patinage-de-vitesse-en-ligne","8":"desktop-align-left","9":"tablet-align-left","10":"mobile-align-left","12":"first","13":"instock","14":"sale","15":"taxable","16":"shipping-taxable","17":"purchasable","18":"product-type-simple"},"acf":[],"_links":{"self":[{"href":"https:\/\/ztsports.com\/fr\/wp-json\/wp\/v2\/product\/22569","targetHints":{"allow":["GET"]}}],"collection":[{"href":"https:\/\/ztsports.com\/fr\/wp-json\/wp\/v2\/product"}],"about":[{"href":"https:\/\/ztsports.com\/fr\/wp-json\/wp\/v2\/types\/product"}],"replies":[{"embeddable":true,"href":"https:\/\/ztsports.com\/fr\/wp-json\/wp\/v2\/comments?post=22569"}],"version-history":[{"count":1,"href":"https:\/\/ztsports.com\/fr\/wp-json\/wp\/v2\/product\/22569\/revisions"}],"predecessor-version":[{"id":22570,"href":"https:\/\/ztsports.com\/fr\/wp-json\/wp\/v2\/product\/22569\/revisions\/22570"}],"wp:featuredmedia":[{"embeddable":true,"href":"https:\/\/ztsports.com\/fr\/wp-json\/wp\/v2\/media\/22563"}],"wp:attachment":[{"href":"https:\/\/ztsports.com\/fr\/wp-json\/wp\/v2\/media?parent=22569"}],"wp:term":[{"taxonomy":"product_brand","embeddable":true,"href":"https:\/\/ztsports.com\/fr\/wp-json\/wp\/v2\/product_brand?post=22569"},{"taxonomy":"product_cat","embeddable":true,"href":"https:\/\/ztsports.com\/fr\/wp-json\/wp\/v2\/product_cat?post=22569"},{"taxonomy":"product_tag","embeddable":true,"href":"https:\/\/ztsports.com\/fr\/wp-json\/wp\/v2\/product_tag?post=22569"}],"curies":[{"name":"wp","href":"https:\/\/api.w.org\/{rel}","templated":true}]}}