{"id":22560,"date":"2024-03-06T20:37:39","date_gmt":"2024-03-06T20:37:39","guid":{"rendered":"https:\/\/ztsports.com\/?post_type=product&#038;p=22560"},"modified":"2026-03-06T22:11:17","modified_gmt":"2026-03-06T22:11:17","slug":"cadomotus-package-3-x-110mm","status":"publish","type":"product","link":"https:\/\/ztsports.com\/fr\/store\/cadomotus-package-3-x-110mm\/","title":{"rendered":"CadoMotus Package 3 X 110mm"},"content":{"rendered":"<h1>Pack CadoMotus 3 x 110mm<\/h1>\n<p>Le pack Cado Motus 3 x 110mm peut \u00eatre mont\u00e9 sur vos bottes de short track et constitue une solution \u00e9conomique pour commencer le patinage de vitesse en ligne.<\/p>\n<p>Ce kit comprend des ch\u00e2ssis Cado Motus, 3 roues de 110 mm et des roulements Abec 7 ultra rapides.<\/p>\n<p>Ce pack CADOMOTUS 3x110mm est l\u2019un des <a href=\"https:\/\/ztsports.com\/fr\/\"><strong>meilleurs rapports qualit\u00e9-prix de Zt Sports<\/strong><\/a> pour les <strong>ch\u00e2ssis de patins de vitesse inline<\/strong> destin\u00e9s aux jeunes patineurs en pleine progression. Avec une seule paire de ch\u00e2ssis inline, vous pouvez utiliser plusieurs configurations de roues : <strong>4\u00d790 mm, 3\u00d7100 mm, 4\u00d7100 mm ou 3\u00d7110 mm<\/strong> pour les jeunes patineurs qui ont les comp\u00e9tences n\u00e9cessaires pour g\u00e9rer des roues de plus grand diam\u00e8tre.<\/p>\n<p>Les ch\u00e2ssis Transformer peuvent \u00eatre mont\u00e9s sur des <a href=\"\/?product_cat=speed-skating-boots\"><strong>bottes de short track<\/strong><\/a> ou des bottes inline et constituent une mani\u00e8re \u00e9conomique de d\u00e9buter le patinage de vitesse en ligne. Ce kit comprend des ch\u00e2ssis Cado Motus, 4 roues Argon de 100 mm et des roulements Bont Abec 7.<\/p>\n<ul>\n<li>\n<h5><strong><em>COMPATIBLE AVEC TOUTES LES BOTTES DE SHORT TRACK AVEC UN ESPACEMENT DE 165MM (6,5&#8243;).<\/em> (COMPATIBLE AVEC LES BOTTES DE SHORT TRACK)<\/strong><\/h5>\n<\/li>\n<\/ul>\n<p>Ch\u00e2ssis inline ultra-l\u00e9ger pour enfants compatible avec des configurations de patins \u00e0 4 roues ou 3 roues. Le Neo TR2 Magnesium est l\u2019un des ch\u00e2ssis les plus l\u00e9gers du march\u00e9 ; vous \u00e9conomisez de l\u2019\u00e9nergie et gagnez en vitesse. Vous pouvez facilement ajuster la configuration lorsque votre enfant grandit. Trois roues pour un sprint \u00e0 pleine vitesse ou quatre roues pour d\u2019excellentes performances dans les virages.<\/p>\n<p>Les enfants grandissent vite. Le Transformer \u00e9volue avec les ambitions des jeunes patineurs. Utilisez quatre petites roues lorsque vous souhaitez travailler votre technique. Et lorsque vous devenez plus fort et que vous voulez aller plus vite, utilisez trois roues plus grandes pour faire vos premiers pas vers le haut niveau.<\/p>\n<p>M\u00eame les patineurs professionnels exp\u00e9riment\u00e9s cherchent constamment \u00e0 r\u00e9duire le poids de leur \u00e9quipement. Pour les enfants et les jeunes patineurs, le poids a un impact encore plus important sur les performances et la vitesse.<\/p>\n<p>Un patin \u00e9quip\u00e9 de trois roues de 100 millim\u00e8tres permet d\u2019\u00e9conomiser environ 10 % de poids par rapport \u00e0 un patin avec des roues de 90 millim\u00e8tres. Imaginez \u00e9conomiser 10 % de votre \u00e9nergie \u00e0 chaque pouss\u00e9e ! Patiner avec une configuration adapt\u00e9e \u00e0 votre poids, votre force, vos comp\u00e9tences et votre flexibilit\u00e9, voil\u00e0 l\u2019id\u00e9e derri\u00e8re ce ch\u00e2ssis inline remarquable.<\/p>\n<p>Veuillez d\u00e9couvrir notre large s\u00e9lection de <a href=\"https:\/\/ztsports.com\/product-category\/frames\/\"><strong>ch\u00e2ssis de patins de vitesse inline ici<\/strong><\/a>.<\/p>\n","protected":false},"excerpt":{"rendered":"<p>Pack CadoMotus 3 x 110mm Le pack Cado Motus 3 x 110mm peut \u00eatre mont\u00e9 sur vos bottes de short track et constitue une solution \u00e9conomique pour commencer le patinage de vitesse en ligne. Ce kit comprend des ch\u00e2ssis Cado Motus, 3 roues de 110 mm et des roulements Abec 7 ultra rapides. Ce pack [&hellip;]<\/p>\n","protected":false},"featured_media":22556,"comment_status":"open","ping_status":"closed","template":"","meta":{"_acf_changed":false,"_monsterinsights_skip_tracking":false,"_monsterinsights_sitenote_active":false,"_monsterinsights_sitenote_note":"","_monsterinsights_sitenote_category":0,"_uf_show_specific_survey":0,"_uf_disable_surveys":false,"site-sidebar-layout":"default","site-content-layout":"","ast-site-content-layout":"default","site-content-style":"default","site-sidebar-style":"default","ast-global-header-display":"","ast-banner-title-visibility":"","ast-main-header-display":"","ast-hfb-above-header-display":"","ast-hfb-below-header-display":"","ast-hfb-mobile-header-display":"","site-post-title":"","ast-breadcrumbs-content":"","ast-featured-img":"","footer-sml-layout":"","ast-disable-related-posts":"","theme-transparent-header-meta":"default","adv-header-id-meta":"","stick-header-meta":"","header-above-stick-meta":"","header-main-stick-meta":"","header-below-stick-meta":"","astra-migrate-meta-layouts":"set","ast-page-background-enabled":"default","ast-page-background-meta":{"desktop":{"background-color":"","background-image":"","background-repeat":"repeat","background-position":"center center","background-size":"auto","background-attachment":"scroll","background-type":"","background-media":"","overlay-type":"","overlay-color":"","overlay-opacity":"","overlay-gradient":""},"tablet":{"background-color":"","background-image":"","background-repeat":"repeat","background-position":"center center","background-size":"auto","background-attachment":"scroll","background-type":"","background-media":"","overlay-type":"","overlay-color":"","overlay-opacity":"","overlay-gradient":""},"mobile":{"background-color":"","background-image":"","background-repeat":"repeat","background-position":"center center","background-size":"auto","background-attachment":"scroll","background-type":"","background-media":"","overlay-type":"","overlay-color":"","overlay-opacity":"","overlay-gradient":""}},"ast-content-background-meta":{"desktop":{"background-color":"var(--ast-global-color-5)","background-image":"","background-repeat":"repeat","background-position":"center center","background-size":"auto","background-attachment":"scroll","background-type":"","background-media":"","overlay-type":"","overlay-color":"","overlay-opacity":"","overlay-gradient":""},"tablet":{"background-color":"var(--ast-global-color-5)","background-image":"","background-repeat":"repeat","background-position":"center center","background-size":"auto","background-attachment":"scroll","background-type":"","background-media":"","overlay-type":"","overlay-color":"","overlay-opacity":"","overlay-gradient":""},"mobile":{"background-color":"var(--ast-global-color-5)","background-image":"","background-repeat":"repeat","background-position":"center center","background-size":"auto","background-attachment":"scroll","background-type":"","background-media":"","overlay-type":"","overlay-color":"","overlay-opacity":"","overlay-gradient":""}}},"product_brand":[3289],"product_cat":[3381],"product_tag":[],"class_list":{"0":"post-22560","1":"product","2":"type-product","3":"status-publish","4":"has-post-thumbnail","6":"product_brand-cadomotus","7":"product_cat-patinage-de-vitesse-en-ligne","8":"desktop-align-left","9":"tablet-align-left","10":"mobile-align-left","12":"first","13":"outofstock","14":"taxable","15":"shipping-taxable","16":"purchasable","17":"product-type-simple"},"acf":[],"_links":{"self":[{"href":"https:\/\/ztsports.com\/fr\/wp-json\/wp\/v2\/product\/22560","targetHints":{"allow":["GET"]}}],"collection":[{"href":"https:\/\/ztsports.com\/fr\/wp-json\/wp\/v2\/product"}],"about":[{"href":"https:\/\/ztsports.com\/fr\/wp-json\/wp\/v2\/types\/product"}],"replies":[{"embeddable":true,"href":"https:\/\/ztsports.com\/fr\/wp-json\/wp\/v2\/comments?post=22560"}],"version-history":[{"count":2,"href":"https:\/\/ztsports.com\/fr\/wp-json\/wp\/v2\/product\/22560\/revisions"}],"predecessor-version":[{"id":22562,"href":"https:\/\/ztsports.com\/fr\/wp-json\/wp\/v2\/product\/22560\/revisions\/22562"}],"wp:featuredmedia":[{"embeddable":true,"href":"https:\/\/ztsports.com\/fr\/wp-json\/wp\/v2\/media\/22556"}],"wp:attachment":[{"href":"https:\/\/ztsports.com\/fr\/wp-json\/wp\/v2\/media?parent=22560"}],"wp:term":[{"taxonomy":"product_brand","embeddable":true,"href":"https:\/\/ztsports.com\/fr\/wp-json\/wp\/v2\/product_brand?post=22560"},{"taxonomy":"product_cat","embeddable":true,"href":"https:\/\/ztsports.com\/fr\/wp-json\/wp\/v2\/product_cat?post=22560"},{"taxonomy":"product_tag","embeddable":true,"href":"https:\/\/ztsports.com\/fr\/wp-json\/wp\/v2\/product_tag?post=22560"}],"curies":[{"name":"wp","href":"https:\/\/api.w.org\/{rel}","templated":true}]}}