{"id":22558,"date":"2024-03-06T20:57:17","date_gmt":"2024-03-06T20:57:17","guid":{"rendered":"https:\/\/ztsports.com\/?post_type=product&#038;p=22558"},"modified":"2026-03-06T22:10:00","modified_gmt":"2026-03-06T22:10:00","slug":"cadomotus-neo-tr2-2-in1-frame","status":"publish","type":"product","link":"https:\/\/ztsports.com\/fr\/store\/cadomotus-neo-tr2-2-in1-frame\/","title":{"rendered":"CADOMOTUS NEO TR2 2-IN1 Frame"},"content":{"rendered":"<h1>CADOMOTUS NEO TR2 Cadre 2-EN-1 11.0\u2033<\/h1>\n<div class=\"title-small title-font\">\nLe cadre CADOMOTUS NEO TR2 2-EN-1 est un ch\u00e2ssis inline ultra-l\u00e9ger pour enfants compatible avec des configurations de patins \u00e0 4 roues ou 3 roues. R\u00e9duire le poids de vos patins am\u00e9liore la vitesse de vos pieds et donc votre acc\u00e9l\u00e9ration ! Ces ch\u00e2ssis fonctionnent particuli\u00e8rement bien avec les nouveaux roulements Bones Reds Big Balls.\n<\/div>\n<h2>Ch\u00e2ssis inline ultra-l\u00e9ger pour enfants<\/h2>\n<p>Ch\u00e2ssis inline ultra-l\u00e9ger pour enfants compatible avec des configurations \u00e0 4 roues ou 3 roues. Le Neo TR2 Magnesium est l\u2019un des ch\u00e2ssis les plus l\u00e9gers du march\u00e9 ; vous pouvez \u00e9conomiser de l\u2019\u00e9nergie et gagner en vitesse. Vous pouvez facilement ajuster la configuration lorsque votre enfant grandit. Trois roues pour un sprint \u00e0 pleine vitesse ou quatre roues pour d\u2019excellentes performances dans les virages.<\/p>\n<p>Plus c\u2019est l\u00e9ger, plus c\u2019est rapide. Vous serez le premier dans le virage ! Apprenez le double push plus rapidement avec trois roues.<\/p>\n<h2>Devenez plus fort et poussez plus puissamment avec quatre roues<\/h2>\n<p>Les enfants grandissent vite. Le Neo Transformer \u00e9volue avec les ambitions des jeunes patineurs. Utilisez quatre petites roues lorsque vous souhaitez travailler votre technique. Et lorsque vous \u00eates plus fort et que vous voulez aller plus vite, utilisez trois roues plus grandes pour faire vos premiers pas vers le haut niveau.<\/p>\n<p>M\u00eame les patineurs professionnels exp\u00e9riment\u00e9s font tout pour r\u00e9duire le poids de leur \u00e9quipement. Pour les enfants et les jeunes patineurs, le poids a un impact encore plus important sur les comp\u00e9tences et la vitesse. Un patin \u00e9quip\u00e9 de trois roues de 100 millim\u00e8tres permet d\u2019\u00e9conomiser environ 10 % de poids par rapport \u00e0 un patin avec des roues de 90 millim\u00e8tres. Imaginez \u00e9conomiser 10 % de votre \u00e9nergie \u00e0 chaque pouss\u00e9e ! Patiner avec une configuration adapt\u00e9e \u00e0 votre poids, votre force, vos comp\u00e9tences et votre flexibilit\u00e9, voil\u00e0 l\u2019id\u00e9e derri\u00e8re le Neo Transformer.<\/p>\n<h2><strong>Quel est le meilleur choix : 3 ou 4 roues ?<\/strong><\/h2>\n<p>Trois ou quatre roues ? Tout d\u00e9pend de l\u2019enfant. En plus du nombre de roues, vous pouvez \u00e9galement varier le diam\u00e8tre des roues. Pour faire le bon choix, il faut exp\u00e9rimenter. C\u2019est pourquoi le Neo Transformer est le meilleur choix pour les enfants. Le ch\u00e2ssis \u00e9volue avec eux, car ils se d\u00e9veloppent rapidement, aussi bien physiquement que techniquement.<\/p>\n<ol>\n<li>Avec le montage 3\u00d790, vous \u00eates ultra-l\u00e9ger et agile, ce qui est id\u00e9al pour travailler les bases.<\/li>\n<li>Avec le montage 4\u00d790, vous \u00eates plus stable et vous apprenez \u00e0 patiner \u00e0 une vitesse plus \u00e9lev\u00e9e.<\/li>\n<li>Avec le montage 3\u00d7110, vous \u00eates plus souple et plus l\u00e9ger sur vos appuis, ce qui permet de travailler votre flexibilit\u00e9 \u00e0 une vitesse plus \u00e9lev\u00e9e.<\/li>\n<\/ol>\n<p>Nous sommes les inventeurs des ch\u00e2ssis transformer et nous avons des ann\u00e9es de recherche derri\u00e8re nous. Cela fait de C\u00e1domotus le premier choix des patineurs inline dans le monde entier. Am\u00e9liorez vos patins de vitesse inline avec le C\u00e1domotus Neo TR2 Magnesium.<\/p>\n<p>Le cadre CADOMOTUS NEO TR2 2-EN-1 est <b>un ch\u00e2ssis inline ultra-l\u00e9ger pour enfants compatible avec des configurations \u00e0 4 roues ou 3 roues<\/b>. R\u00e9duire le poids de vos patins am\u00e9liore la vitesse de vos pieds et donc votre acc\u00e9l\u00e9ration ! Ces ch\u00e2ssis fonctionnent parfaitement avec les nouveaux <a href=\"https:\/\/ztsports.com\/product\/bones-big-balls-reds-bearings-8mm-16-pack\/\"><strong>roulements Bones Reds Big Balls<\/strong><\/a>.<\/p>\n<p>D\u00e9couvrez notre large s\u00e9lection de <a href=\"https:\/\/ztsports.com\/product-category\/frames\/\"><strong>ch\u00e2ssis de vitesse inline ici<\/strong><\/a>.<\/p>\n","protected":false},"excerpt":{"rendered":"<p>CADOMOTUS NEO TR2 Cadre 2-EN-1 11.0\u2033 Le cadre CADOMOTUS NEO TR2 2-EN-1 est un ch\u00e2ssis inline ultra-l\u00e9ger pour enfants compatible avec des configurations de patins \u00e0 4 roues ou 3 roues. R\u00e9duire le poids de vos patins am\u00e9liore la vitesse de vos pieds et donc votre acc\u00e9l\u00e9ration ! Ces ch\u00e2ssis fonctionnent particuli\u00e8rement bien avec les [&hellip;]<\/p>\n","protected":false},"featured_media":22555,"comment_status":"open","ping_status":"closed","template":"","meta":{"_acf_changed":false,"_monsterinsights_skip_tracking":false,"_monsterinsights_sitenote_active":false,"_monsterinsights_sitenote_note":"","_monsterinsights_sitenote_category":0,"_uf_show_specific_survey":0,"_uf_disable_surveys":false,"site-sidebar-layout":"default","site-content-layout":"","ast-site-content-layout":"default","site-content-style":"default","site-sidebar-style":"default","ast-global-header-display":"","ast-banner-title-visibility":"","ast-main-header-display":"","ast-hfb-above-header-display":"","ast-hfb-below-header-display":"","ast-hfb-mobile-header-display":"","site-post-title":"","ast-breadcrumbs-content":"","ast-featured-img":"","footer-sml-layout":"","ast-disable-related-posts":"","theme-transparent-header-meta":"default","adv-header-id-meta":"","stick-header-meta":"","header-above-stick-meta":"","header-main-stick-meta":"","header-below-stick-meta":"","astra-migrate-meta-layouts":"set","ast-page-background-enabled":"default","ast-page-background-meta":{"desktop":{"background-color":"","background-image":"","background-repeat":"repeat","background-position":"center center","background-size":"auto","background-attachment":"scroll","background-type":"","background-media":"","overlay-type":"","overlay-color":"","overlay-opacity":"","overlay-gradient":""},"tablet":{"background-color":"","background-image":"","background-repeat":"repeat","background-position":"center center","background-size":"auto","background-attachment":"scroll","background-type":"","background-media":"","overlay-type":"","overlay-color":"","overlay-opacity":"","overlay-gradient":""},"mobile":{"background-color":"","background-image":"","background-repeat":"repeat","background-position":"center center","background-size":"auto","background-attachment":"scroll","background-type":"","background-media":"","overlay-type":"","overlay-color":"","overlay-opacity":"","overlay-gradient":""}},"ast-content-background-meta":{"desktop":{"background-color":"var(--ast-global-color-5)","background-image":"","background-repeat":"repeat","background-position":"center center","background-size":"auto","background-attachment":"scroll","background-type":"","background-media":"","overlay-type":"","overlay-color":"","overlay-opacity":"","overlay-gradient":""},"tablet":{"background-color":"var(--ast-global-color-5)","background-image":"","background-repeat":"repeat","background-position":"center center","background-size":"auto","background-attachment":"scroll","background-type":"","background-media":"","overlay-type":"","overlay-color":"","overlay-opacity":"","overlay-gradient":""},"mobile":{"background-color":"var(--ast-global-color-5)","background-image":"","background-repeat":"repeat","background-position":"center center","background-size":"auto","background-attachment":"scroll","background-type":"","background-media":"","overlay-type":"","overlay-color":"","overlay-opacity":"","overlay-gradient":""}}},"product_brand":[3289],"product_cat":[3381],"product_tag":[],"class_list":{"0":"post-22558","1":"product","2":"type-product","3":"status-publish","4":"has-post-thumbnail","6":"product_brand-cadomotus","7":"product_cat-patinage-de-vitesse-en-ligne","8":"desktop-align-left","9":"tablet-align-left","10":"mobile-align-left","12":"first","13":"instock","14":"sale","15":"taxable","16":"shipping-taxable","17":"purchasable","18":"product-type-simple"},"acf":[],"_links":{"self":[{"href":"https:\/\/ztsports.com\/fr\/wp-json\/wp\/v2\/product\/22558","targetHints":{"allow":["GET"]}}],"collection":[{"href":"https:\/\/ztsports.com\/fr\/wp-json\/wp\/v2\/product"}],"about":[{"href":"https:\/\/ztsports.com\/fr\/wp-json\/wp\/v2\/types\/product"}],"replies":[{"embeddable":true,"href":"https:\/\/ztsports.com\/fr\/wp-json\/wp\/v2\/comments?post=22558"}],"version-history":[{"count":1,"href":"https:\/\/ztsports.com\/fr\/wp-json\/wp\/v2\/product\/22558\/revisions"}],"predecessor-version":[{"id":22559,"href":"https:\/\/ztsports.com\/fr\/wp-json\/wp\/v2\/product\/22558\/revisions\/22559"}],"wp:featuredmedia":[{"embeddable":true,"href":"https:\/\/ztsports.com\/fr\/wp-json\/wp\/v2\/media\/22555"}],"wp:attachment":[{"href":"https:\/\/ztsports.com\/fr\/wp-json\/wp\/v2\/media?parent=22558"}],"wp:term":[{"taxonomy":"product_brand","embeddable":true,"href":"https:\/\/ztsports.com\/fr\/wp-json\/wp\/v2\/product_brand?post=22558"},{"taxonomy":"product_cat","embeddable":true,"href":"https:\/\/ztsports.com\/fr\/wp-json\/wp\/v2\/product_cat?post=22558"},{"taxonomy":"product_tag","embeddable":true,"href":"https:\/\/ztsports.com\/fr\/wp-json\/wp\/v2\/product_tag?post=22558"}],"curies":[{"name":"wp","href":"https:\/\/api.w.org\/{rel}","templated":true}]}}