{"id":22553,"date":"2024-03-18T09:22:07","date_gmt":"2024-03-18T09:22:07","guid":{"rendered":"https:\/\/ztsports.com\/?post_type=product&#038;p=22553"},"modified":"2026-03-06T22:08:57","modified_gmt":"2026-03-06T22:08:57","slug":"luna-195mm-inline-skate-boots","status":"publish","type":"product","link":"https:\/\/ztsports.com\/fr\/store\/luna-195mm-inline-skate-boots\/","title":{"rendered":"Luna 195mm Inline Skate Boots"},"content":{"rendered":"<div class=\"product-block\">\n<div class=\"rte\">\n<p>Les bottes de patin de vitesse en ligne Luna 195mm sont rapides, \u00e9l\u00e9gantes et con\u00e7ues pour gagner ! Les bottes Luna combinent le meilleur de la construction des patins de vitesse avec un design minimaliste.<\/p>\n<p>Les bottes de vitesse en ligne Luna sont les seules bottes d\u2019entr\u00e9e\/milieu de gamme fabriqu\u00e9es avec une construction monobloc. Pour pr\u00e9ciser, la fabrication en une seule pi\u00e8ce est une technique g\u00e9n\u00e9ralement utilis\u00e9e pour les bottes personnalis\u00e9es qui co\u00fbtent souvent plus de 1000 $. Le niveau d\u2019artisanat de la Luna est incomparable. La botte passe par 16 \u00e9tapes de contr\u00f4le qualit\u00e9 avant d\u2019\u00eatre pr\u00eate \u00e0 \u00eatre vendue.<\/p>\n<h3>Bottes inline Luna 195mm<\/h3>\n<p>La botte de patin en ligne Luna 195mm commence sa fabrication autour d\u2019une forme (pied en plastique). Nos formes ont \u00e9t\u00e9 modifi\u00e9es et am\u00e9lior\u00e9es pendant plus de 45 ans par le c\u00e9l\u00e8bre concepteur de patins M. Inze Bont. On peut dire que nous partons d\u2019une excellente base. Nous enveloppons \u00e0 la main la fibre de carbone et la fibre de verre autour de la mousse \u00e0 m\u00e9moire de forme afin d\u2019obtenir une base tr\u00e8s l\u00e9g\u00e8re mais durable. De plus, la r\u00e9sine \u00e9poxy que nous utilisons est la plus thermoformable de l\u2019industrie. La botte poss\u00e8de \u00e9galement des bandes anti-\u00e9tirement qui emp\u00eachent la botte de se d\u00e9tendre avec le temps.<\/p>\n<p>Les bottes de vitesse en ligne Luna 195mm diff\u00e8rent des bottes Bont Jet inline en ce sens qu\u2019elles ne contiennent pas de thermoplastique \u00e0 l\u2019int\u00e9rieur. Le thermoplastique est utile pour mouler la botte au four afin de l\u2019adapter parfaitement \u00e0 votre pied. Cependant, si vous n\u2019avez pas besoin de cette fonctionnalit\u00e9, la Luna est un meilleur choix que la Jet.<\/p>\n<p>Passez au niveau sup\u00e9rieur en patinage de vitesse avec la botte de course Bont Luna inline.<\/p>\n<p><strong>Caract\u00e9ristiques des bottes inline Luna 195mm :<\/strong><\/p>\n<ul>\n<li><strong>Base :<\/strong> Composite carbone<\/li>\n<li><strong>Rev\u00eatement ext\u00e9rieur :<\/strong> Microfibre<\/li>\n<li><strong>Doublure :<\/strong> Su\u00e8de L<\/li>\n<li><strong>Inclinaison (Pitch) :<\/strong> 12 mm<\/li>\n<li><strong>Entr\u00e9es d\u2019air :<\/strong> Languette<\/li>\n<li><strong>Semelle int\u00e9rieure :<\/strong> EVA thermoformable<\/li>\n<li><strong>Thermoformable :<\/strong> Base enti\u00e8rement thermoformable utilisant une r\u00e9sine \u00e9poxy thermodurcissable<\/li>\n<li><strong>Rembourrage :<\/strong> Mousse \u00e0 m\u00e9moire de forme souple<\/li>\n<li><strong>Tailles :<\/strong> Enfant 11\/29 \u2013 adulte 12.5\/49<\/li>\n<li><strong>Remarque :<\/strong> Les tailles enfant 11\/29 \u00e0 2.5\/34.5 ne sont pas \u00e9quip\u00e9es d\u2019une sangle avant<\/li>\n<\/ul>\n<\/div>\n<\/div>\n<div class=\"product-block product-block--tab\">\n<div class=\"collapsibles-wrapper product_tech\">\n<button class=\"label collapsible-trigger collapsible-trigger-btn collapsible-trigger-btn--borders collapsible--auto-height\" type=\"button\" aria-controls=\"Product-content-76042895539\" aria-expanded=\"false\">Anti-\u00e9tirement<\/button>\n<\/div>\n<\/div>\n","protected":false},"excerpt":{"rendered":"<h2>Luna Inline Boots\u00a0195mm<\/h2>\n","protected":false},"featured_media":22549,"comment_status":"open","ping_status":"closed","template":"","meta":{"_acf_changed":false,"_monsterinsights_skip_tracking":false,"_monsterinsights_sitenote_active":false,"_monsterinsights_sitenote_note":"","_monsterinsights_sitenote_category":0,"_uf_show_specific_survey":0,"_uf_disable_surveys":false,"site-sidebar-layout":"default","site-content-layout":"","ast-site-content-layout":"default","site-content-style":"default","site-sidebar-style":"default","ast-global-header-display":"","ast-banner-title-visibility":"","ast-main-header-display":"","ast-hfb-above-header-display":"","ast-hfb-below-header-display":"","ast-hfb-mobile-header-display":"","site-post-title":"","ast-breadcrumbs-content":"","ast-featured-img":"","footer-sml-layout":"","ast-disable-related-posts":"","theme-transparent-header-meta":"default","adv-header-id-meta":"","stick-header-meta":"","header-above-stick-meta":"","header-main-stick-meta":"","header-below-stick-meta":"","astra-migrate-meta-layouts":"set","ast-page-background-enabled":"default","ast-page-background-meta":{"desktop":{"background-color":"","background-image":"","background-repeat":"repeat","background-position":"center center","background-size":"auto","background-attachment":"scroll","background-type":"","background-media":"","overlay-type":"","overlay-color":"","overlay-opacity":"","overlay-gradient":""},"tablet":{"background-color":"","background-image":"","background-repeat":"repeat","background-position":"center center","background-size":"auto","background-attachment":"scroll","background-type":"","background-media":"","overlay-type":"","overlay-color":"","overlay-opacity":"","overlay-gradient":""},"mobile":{"background-color":"","background-image":"","background-repeat":"repeat","background-position":"center center","background-size":"auto","background-attachment":"scroll","background-type":"","background-media":"","overlay-type":"","overlay-color":"","overlay-opacity":"","overlay-gradient":""}},"ast-content-background-meta":{"desktop":{"background-color":"var(--ast-global-color-5)","background-image":"","background-repeat":"repeat","background-position":"center center","background-size":"auto","background-attachment":"scroll","background-type":"","background-media":"","overlay-type":"","overlay-color":"","overlay-opacity":"","overlay-gradient":""},"tablet":{"background-color":"var(--ast-global-color-5)","background-image":"","background-repeat":"repeat","background-position":"center center","background-size":"auto","background-attachment":"scroll","background-type":"","background-media":"","overlay-type":"","overlay-color":"","overlay-opacity":"","overlay-gradient":""},"mobile":{"background-color":"var(--ast-global-color-5)","background-image":"","background-repeat":"repeat","background-position":"center center","background-size":"auto","background-attachment":"scroll","background-type":"","background-media":"","overlay-type":"","overlay-color":"","overlay-opacity":"","overlay-gradient":""}}},"product_brand":[3285],"product_cat":[3381],"product_tag":[],"class_list":{"0":"post-22553","1":"product","2":"type-product","3":"status-publish","4":"has-post-thumbnail","6":"product_brand-bont","7":"product_cat-patinage-de-vitesse-en-ligne","8":"desktop-align-left","9":"tablet-align-left","10":"mobile-align-left","12":"first","13":"instock","14":"taxable","15":"shipping-taxable","16":"purchasable","17":"product-type-simple"},"acf":[],"_links":{"self":[{"href":"https:\/\/ztsports.com\/fr\/wp-json\/wp\/v2\/product\/22553","targetHints":{"allow":["GET"]}}],"collection":[{"href":"https:\/\/ztsports.com\/fr\/wp-json\/wp\/v2\/product"}],"about":[{"href":"https:\/\/ztsports.com\/fr\/wp-json\/wp\/v2\/types\/product"}],"replies":[{"embeddable":true,"href":"https:\/\/ztsports.com\/fr\/wp-json\/wp\/v2\/comments?post=22553"}],"version-history":[{"count":1,"href":"https:\/\/ztsports.com\/fr\/wp-json\/wp\/v2\/product\/22553\/revisions"}],"predecessor-version":[{"id":22554,"href":"https:\/\/ztsports.com\/fr\/wp-json\/wp\/v2\/product\/22553\/revisions\/22554"}],"wp:featuredmedia":[{"embeddable":true,"href":"https:\/\/ztsports.com\/fr\/wp-json\/wp\/v2\/media\/22549"}],"wp:attachment":[{"href":"https:\/\/ztsports.com\/fr\/wp-json\/wp\/v2\/media?parent=22553"}],"wp:term":[{"taxonomy":"product_brand","embeddable":true,"href":"https:\/\/ztsports.com\/fr\/wp-json\/wp\/v2\/product_brand?post=22553"},{"taxonomy":"product_cat","embeddable":true,"href":"https:\/\/ztsports.com\/fr\/wp-json\/wp\/v2\/product_cat?post=22553"},{"taxonomy":"product_tag","embeddable":true,"href":"https:\/\/ztsports.com\/fr\/wp-json\/wp\/v2\/product_tag?post=22553"}],"curies":[{"name":"wp","href":"https:\/\/api.w.org\/{rel}","templated":true}]}}