{"id":22540,"date":"2024-03-05T10:41:08","date_gmt":"2024-03-05T10:41:08","guid":{"rendered":"https:\/\/ztsports.com\/?post_type=product&#038;p=22540"},"modified":"2026-03-06T22:06:35","modified_gmt":"2026-03-06T22:06:35","slug":"bont-platinum-flex-blades-new","status":"publish","type":"product","link":"https:\/\/ztsports.com\/fr\/store\/bont-platinum-flex-blades-new\/","title":{"rendered":"BONT Platinum FLEX blades NEW!"},"content":{"rendered":"<h1 class=\"product_title entry-title\">Lames BONT Platinum FLEX NOUVEAU !<\/h1>\n<p>Les nouvelles lames BONT Platinum FLEX <strong>pour les patineurs de 140 lbs (63,5 kg) ou moins.<\/strong><\/p>\n<p>La l\u00e9gendaire lame Bont Platinum est fabriqu\u00e9e avec de l\u2019acier \u00e0 outils en poudre B\u00f6hler K390, rectifi\u00e9 lentement afin de produire une pi\u00e8ce d\u2019acier parfaitement droite.<\/p>\n<p>La structure du m\u00e9tal en poudre est tr\u00e8s fine, ce qui offre des propri\u00e9t\u00e9s de glisse exceptionnelles. Elle peut conserver son tranchant jusqu\u2019\u00e0 8 fois plus longtemps que les lames en acier standard.<\/p>\n<p><strong>Sp\u00e9cifications<\/strong><\/p>\n<ul>\n<li><strong>Mat\u00e9riau du support :<\/strong> Aluminium 7075 T6<\/li>\n<li><strong>Rayon :<\/strong> 9 m<\/li>\n<li><strong>Longueur :<\/strong> 15.0\u2033, 15.5\u2033, 16\u2033, 16.5\u2033, 17\u2033, 17.5\u2033, 18\u2033, 19\u2033<\/li>\n<li><strong>\u00c9paisseur de la lame :<\/strong> 1.1 mm<\/li>\n<li><strong>Duret\u00e9 :<\/strong> 64 Rockwell<\/li>\n<li><strong>Courbure :<\/strong> Cintrage m\u00e9canique<\/li>\n<li><strong>Hauteur du support :<\/strong> 25 mm pour 15.0\u2033, 15.5\u2033, 28 mm (+3 mm) pour 16.0\u2033 et 30 mm (+5 mm) pour 16.5\u2033 et plus<\/li>\n<li><strong>Con\u00e7u pour les patineurs :<\/strong> 140 lbs (63,5 kg) ou moins<\/li>\n<\/ul>\n<p>Les lames Bont Platinum K390 sont consid\u00e9r\u00e9es par de nombreux patineurs de short track comme l\u2019une des meilleures lames de short track jamais fabriqu\u00e9es.<\/p>\n<h4>Lames Bont Platinum Flex<\/h4>\n<h4><strong>La l\u00e9gendaire lame Bont Platinum est fabriqu\u00e9e avec de l\u2019acier \u00e0 outils en poudre B\u00f6hler K390, rectifi\u00e9 lentement afin de produire une pi\u00e8ce d\u2019acier parfaitement droite.<\/strong><\/h4>\n<h4><strong>La structure du m\u00e9tal en poudre est tr\u00e8s fine, offrant des propri\u00e9t\u00e9s de glisse exceptionnelles. Elle peut conserver son tranchant jusqu\u2019\u00e0 8 fois plus longtemps que les lames en acier standard.<\/strong><\/h4>\n<h4>N\u2019oubliez pas d\u2019ajouter la <strong><a href=\"https:\/\/ztsports.com\/product\/short-track-blade-preparation\/\">pr\u00e9paration de la lame.<\/a><\/strong><\/h4>\n<p>Enfin, d\u00e9couvrez toutes nos <a href=\"https:\/\/ztsports.com\/product-category\/short-track\/blades\/\"><strong>lames Short Track ici<\/strong><\/a>.<\/p>\n","protected":false},"excerpt":{"rendered":"<p>Lames BONT Platinum FLEX NOUVEAU ! Les nouvelles lames BONT Platinum FLEX pour les patineurs de 140 lbs (63,5 kg) ou moins. La l\u00e9gendaire lame Bont Platinum est fabriqu\u00e9e avec de l\u2019acier \u00e0 outils en poudre B\u00f6hler K390, rectifi\u00e9 lentement afin de produire une pi\u00e8ce d\u2019acier parfaitement droite. La structure du m\u00e9tal en poudre est [&hellip;]<\/p>\n","protected":false},"featured_media":22538,"comment_status":"open","ping_status":"closed","template":"","meta":{"_acf_changed":false,"_monsterinsights_skip_tracking":false,"_monsterinsights_sitenote_active":false,"_monsterinsights_sitenote_note":"","_monsterinsights_sitenote_category":0,"_uf_show_specific_survey":0,"_uf_disable_surveys":false,"site-sidebar-layout":"default","site-content-layout":"","ast-site-content-layout":"default","site-content-style":"default","site-sidebar-style":"default","ast-global-header-display":"","ast-banner-title-visibility":"","ast-main-header-display":"","ast-hfb-above-header-display":"","ast-hfb-below-header-display":"","ast-hfb-mobile-header-display":"","site-post-title":"","ast-breadcrumbs-content":"","ast-featured-img":"","footer-sml-layout":"","ast-disable-related-posts":"","theme-transparent-header-meta":"default","adv-header-id-meta":"","stick-header-meta":"","header-above-stick-meta":"","header-main-stick-meta":"","header-below-stick-meta":"","astra-migrate-meta-layouts":"set","ast-page-background-enabled":"default","ast-page-background-meta":{"desktop":{"background-color":"","background-image":"","background-repeat":"repeat","background-position":"center center","background-size":"auto","background-attachment":"scroll","background-type":"","background-media":"","overlay-type":"","overlay-color":"","overlay-opacity":"","overlay-gradient":""},"tablet":{"background-color":"","background-image":"","background-repeat":"repeat","background-position":"center center","background-size":"auto","background-attachment":"scroll","background-type":"","background-media":"","overlay-type":"","overlay-color":"","overlay-opacity":"","overlay-gradient":""},"mobile":{"background-color":"","background-image":"","background-repeat":"repeat","background-position":"center center","background-size":"auto","background-attachment":"scroll","background-type":"","background-media":"","overlay-type":"","overlay-color":"","overlay-opacity":"","overlay-gradient":""}},"ast-content-background-meta":{"desktop":{"background-color":"var(--ast-global-color-5)","background-image":"","background-repeat":"repeat","background-position":"center center","background-size":"auto","background-attachment":"scroll","background-type":"","background-media":"","overlay-type":"","overlay-color":"","overlay-opacity":"","overlay-gradient":""},"tablet":{"background-color":"var(--ast-global-color-5)","background-image":"","background-repeat":"repeat","background-position":"center center","background-size":"auto","background-attachment":"scroll","background-type":"","background-media":"","overlay-type":"","overlay-color":"","overlay-opacity":"","overlay-gradient":""},"mobile":{"background-color":"var(--ast-global-color-5)","background-image":"","background-repeat":"repeat","background-position":"center center","background-size":"auto","background-attachment":"scroll","background-type":"","background-media":"","overlay-type":"","overlay-color":"","overlay-opacity":"","overlay-gradient":""}}},"product_brand":[3285],"product_cat":[4561,4560],"product_tag":[],"class_list":{"0":"post-22540","1":"product","2":"type-product","3":"status-publish","4":"has-post-thumbnail","6":"product_brand-bont","7":"product_cat-blades","8":"product_cat-short-track-blades","9":"desktop-align-left","10":"tablet-align-left","11":"mobile-align-left","13":"first","14":"instock","15":"taxable","16":"shipping-taxable","17":"purchasable","18":"product-type-simple"},"acf":[],"_links":{"self":[{"href":"https:\/\/ztsports.com\/fr\/wp-json\/wp\/v2\/product\/22540","targetHints":{"allow":["GET"]}}],"collection":[{"href":"https:\/\/ztsports.com\/fr\/wp-json\/wp\/v2\/product"}],"about":[{"href":"https:\/\/ztsports.com\/fr\/wp-json\/wp\/v2\/types\/product"}],"replies":[{"embeddable":true,"href":"https:\/\/ztsports.com\/fr\/wp-json\/wp\/v2\/comments?post=22540"}],"version-history":[{"count":1,"href":"https:\/\/ztsports.com\/fr\/wp-json\/wp\/v2\/product\/22540\/revisions"}],"predecessor-version":[{"id":22541,"href":"https:\/\/ztsports.com\/fr\/wp-json\/wp\/v2\/product\/22540\/revisions\/22541"}],"wp:featuredmedia":[{"embeddable":true,"href":"https:\/\/ztsports.com\/fr\/wp-json\/wp\/v2\/media\/22538"}],"wp:attachment":[{"href":"https:\/\/ztsports.com\/fr\/wp-json\/wp\/v2\/media?parent=22540"}],"wp:term":[{"taxonomy":"product_brand","embeddable":true,"href":"https:\/\/ztsports.com\/fr\/wp-json\/wp\/v2\/product_brand?post=22540"},{"taxonomy":"product_cat","embeddable":true,"href":"https:\/\/ztsports.com\/fr\/wp-json\/wp\/v2\/product_cat?post=22540"},{"taxonomy":"product_tag","embeddable":true,"href":"https:\/\/ztsports.com\/fr\/wp-json\/wp\/v2\/product_tag?post=22540"}],"curies":[{"name":"wp","href":"https:\/\/api.w.org\/{rel}","templated":true}]}}