{"id":22530,"date":"2026-03-05T16:32:59","date_gmt":"2026-03-05T16:32:59","guid":{"rendered":"https:\/\/ztsports.com\/?post_type=product&#038;p=22530"},"modified":"2026-03-06T21:51:39","modified_gmt":"2026-03-06T21:51:39","slug":"ehs-sharpening-jig-new-2026","status":"publish","type":"product","link":"https:\/\/ztsports.com\/fr\/store\/ehs-sharpening-jig-new-2026\/","title":{"rendered":"EHS Sharpening Jig New 2026"},"content":{"rendered":"<h1>Gabarit d\u2019Aff\u00fbtage EHS \u2013 Nouveau pour 2026<\/h1>\n<p>Le gabarit d\u2019aff\u00fbtage EHS a \u00e9t\u00e9 con\u00e7u pour pouvoir \u00eatre d\u00e9mont\u00e9. Ce gabarit est portable et peut vous accompagner \u00e0 chaque \u00e9v\u00e9nement ST ou LT auquel vous participez.<\/p>\n<p>EHS utilise une construction solide en aluminium avec des points de montage pr\u00e9cis et plusieurs options de tailles de lames. Ce gabarit d\u2019aff\u00fbtage EHS est l\u2019un des meilleurs que le march\u00e9 puisse offrir.<\/p>\n<p><strong>Avantages<\/strong><\/p>\n<ul>\n<li>Poids l\u00e9ger, facile \u00e0 transporter.<\/li>\n<li>Construction solide et stable.<\/li>\n<li>Prix abordable.<\/li>\n<li>Lames serr\u00e9es droites avec pr\u00e9cision.<\/li>\n<li>Montage facile.<\/li>\n<\/ul>\n<p><strong>Mat\u00e9riaux<\/strong><\/p>\n<ul>\n<li>Toutes les pi\u00e8ces sont usin\u00e9es CNC aux Pays-Bas.<\/li>\n<li>Usinage CNC pour une grande pr\u00e9cision.<\/li>\n<li>Permet de serrer les lames bien droites.<\/li>\n<li>Les pi\u00e8ces essentielles sont anodis\u00e9es pour une meilleure durabilit\u00e9.<\/li>\n<li>Le gabarit EHS est con\u00e7u pour \u00eatre solide et pr\u00e9cis.<\/li>\n<li>Toutes les pi\u00e8ces sont usin\u00e9es CNC et les mat\u00e9riaux sont retir\u00e9s lorsque possible afin de r\u00e9duire le poids.<\/li>\n<\/ul>\n<p><strong>S\u00e9curit\u00e9<\/strong><\/p>\n<ul>\n<li>Lors de l\u2019utilisation d\u2019un gabarit pour aff\u00fbter les lames, prenez les pr\u00e9cautions n\u00e9cessaires pour \u00e9viter de vous couper les mains. Nous vous conseillons de porter des gants de s\u00e9curit\u00e9 r\u00e9sistants aux coupures.<\/li>\n<li>Si vous ne portez pas de protection, vous risquez de vous couper.<\/li>\n<\/ul>\n<p><strong>Montage Facile<\/strong><\/p>\n<ul>\n<li>Le gabarit est tr\u00e8s simple \u00e0 d\u00e9monter et \u00e0 remonter.<\/li>\n<li>L\u2019op\u00e9ration prend environ cinq minutes.<\/li>\n<li>Pour le d\u00e9monter, utilisez les 4 vis-molette au centre pour d\u00e9visser et s\u00e9parer les pi\u00e8ces. Pour l\u2019assembler, proc\u00e9dez dans le sens inverse et assurez-vous que les vis s\u2019ins\u00e8rent dans les encoches pr\u00e9vues \u00e0 cet effet. Veillez \u00e0 bien serrer les molettes.<\/li>\n<\/ul>\n<p>D\u00e9couvrez tous nos <a href=\"https:\/\/ztsports.com\/product-category\/sharpening\/jigs\/\">gabarits ici.<\/a><\/p>\n<p>Nos <a href=\"https:\/\/ztsports.com\/product-category\/sharpening\/stones\/\">pierres d\u2019aff\u00fbtage ici.<\/a><\/p>\n<p><a href=\"https:\/\/ztsports.com\/product-category\/sharpening\/diamond-stones\/\">Pierres diamant\u00e9es ici.<\/a><\/p>\n<p>D\u00e9couvrez toutes nos <a href=\"https:\/\/ztsports.com\/product-category\/sharpening\/burr-stones\/\">pierres \u00e0 \u00e9bavurer ici.<\/a><\/p>\n<h4 id=\"tw-target-text\" class=\"tw-data-text tw-text-large tw-ta\" dir=\"ltr\" data-placeholder=\"Translation\"><a href=\"https:\/\/www.youtube.com\/watch?v=6mu5w7rdrL0\" target=\"_blank\" rel=\"noopener\"><br \/>\n<span class=\"Y2IQFc\" lang=\"fr\"><strong>Tutoriel d\u2019aff\u00fbtage.<\/strong><\/span><br \/>\n<\/a><\/h4>\n","protected":false},"excerpt":{"rendered":"<p>Gabarit d\u2019Aff\u00fbtage EHS \u2013 Nouveau pour 2026 Le gabarit d\u2019aff\u00fbtage EHS a \u00e9t\u00e9 con\u00e7u pour pouvoir \u00eatre d\u00e9mont\u00e9. Ce gabarit est portable et peut vous accompagner \u00e0 chaque \u00e9v\u00e9nement ST ou LT auquel vous participez. EHS utilise une construction solide en aluminium avec des points de montage pr\u00e9cis et plusieurs options de tailles de lames. [&hellip;]<\/p>\n","protected":false},"featured_media":22523,"comment_status":"open","ping_status":"closed","template":"","meta":{"_acf_changed":false,"_monsterinsights_skip_tracking":false,"_monsterinsights_sitenote_active":false,"_monsterinsights_sitenote_note":"","_monsterinsights_sitenote_category":0,"_uf_show_specific_survey":0,"_uf_disable_surveys":false,"site-sidebar-layout":"default","site-content-layout":"","ast-site-content-layout":"default","site-content-style":"default","site-sidebar-style":"default","ast-global-header-display":"","ast-banner-title-visibility":"","ast-main-header-display":"","ast-hfb-above-header-display":"","ast-hfb-below-header-display":"","ast-hfb-mobile-header-display":"","site-post-title":"","ast-breadcrumbs-content":"","ast-featured-img":"","footer-sml-layout":"","ast-disable-related-posts":"","theme-transparent-header-meta":"default","adv-header-id-meta":"","stick-header-meta":"","header-above-stick-meta":"","header-main-stick-meta":"","header-below-stick-meta":"","astra-migrate-meta-layouts":"set","ast-page-background-enabled":"default","ast-page-background-meta":{"desktop":{"background-color":"","background-image":"","background-repeat":"repeat","background-position":"center center","background-size":"auto","background-attachment":"scroll","background-type":"","background-media":"","overlay-type":"","overlay-color":"","overlay-opacity":"","overlay-gradient":""},"tablet":{"background-color":"","background-image":"","background-repeat":"repeat","background-position":"center center","background-size":"auto","background-attachment":"scroll","background-type":"","background-media":"","overlay-type":"","overlay-color":"","overlay-opacity":"","overlay-gradient":""},"mobile":{"background-color":"","background-image":"","background-repeat":"repeat","background-position":"center center","background-size":"auto","background-attachment":"scroll","background-type":"","background-media":"","overlay-type":"","overlay-color":"","overlay-opacity":"","overlay-gradient":""}},"ast-content-background-meta":{"desktop":{"background-color":"var(--ast-global-color-5)","background-image":"","background-repeat":"repeat","background-position":"center center","background-size":"auto","background-attachment":"scroll","background-type":"","background-media":"","overlay-type":"","overlay-color":"","overlay-opacity":"","overlay-gradient":""},"tablet":{"background-color":"var(--ast-global-color-5)","background-image":"","background-repeat":"repeat","background-position":"center center","background-size":"auto","background-attachment":"scroll","background-type":"","background-media":"","overlay-type":"","overlay-color":"","overlay-opacity":"","overlay-gradient":""},"mobile":{"background-color":"var(--ast-global-color-5)","background-image":"","background-repeat":"repeat","background-position":"center center","background-size":"auto","background-attachment":"scroll","background-type":"","background-media":"","overlay-type":"","overlay-color":"","overlay-opacity":"","overlay-gradient":""}}},"product_brand":[3296,3347,3346],"product_cat":[3378],"product_tag":[3796,4562],"class_list":{"0":"post-22530","1":"product","2":"type-product","3":"status-publish","4":"has-post-thumbnail","6":"product_brand-ehs-2","7":"product_brand-ehs","8":"product_brand-staybent-by-ehs","9":"product_cat-non-categorise","10":"product_tag-short-track","11":"product_tag-speed-skating","12":"desktop-align-left","13":"tablet-align-left","14":"mobile-align-left","16":"first","17":"instock","18":"taxable","19":"shipping-taxable","20":"purchasable","21":"product-type-simple"},"acf":[],"_links":{"self":[{"href":"https:\/\/ztsports.com\/fr\/wp-json\/wp\/v2\/product\/22530","targetHints":{"allow":["GET"]}}],"collection":[{"href":"https:\/\/ztsports.com\/fr\/wp-json\/wp\/v2\/product"}],"about":[{"href":"https:\/\/ztsports.com\/fr\/wp-json\/wp\/v2\/types\/product"}],"replies":[{"embeddable":true,"href":"https:\/\/ztsports.com\/fr\/wp-json\/wp\/v2\/comments?post=22530"}],"version-history":[{"count":1,"href":"https:\/\/ztsports.com\/fr\/wp-json\/wp\/v2\/product\/22530\/revisions"}],"predecessor-version":[{"id":22531,"href":"https:\/\/ztsports.com\/fr\/wp-json\/wp\/v2\/product\/22530\/revisions\/22531"}],"wp:featuredmedia":[{"embeddable":true,"href":"https:\/\/ztsports.com\/fr\/wp-json\/wp\/v2\/media\/22523"}],"wp:attachment":[{"href":"https:\/\/ztsports.com\/fr\/wp-json\/wp\/v2\/media?parent=22530"}],"wp:term":[{"taxonomy":"product_brand","embeddable":true,"href":"https:\/\/ztsports.com\/fr\/wp-json\/wp\/v2\/product_brand?post=22530"},{"taxonomy":"product_cat","embeddable":true,"href":"https:\/\/ztsports.com\/fr\/wp-json\/wp\/v2\/product_cat?post=22530"},{"taxonomy":"product_tag","embeddable":true,"href":"https:\/\/ztsports.com\/fr\/wp-json\/wp\/v2\/product_tag?post=22530"}],"curies":[{"name":"wp","href":"https:\/\/api.w.org\/{rel}","templated":true}]}}