{"id":22512,"date":"2024-03-18T10:53:11","date_gmt":"2024-03-18T10:53:11","guid":{"rendered":"https:\/\/ztsports.com\/?post_type=product&#038;p=22512"},"modified":"2026-03-06T12:39:30","modified_gmt":"2026-03-06T12:39:30","slug":"jet-inline-speed-skates-2","status":"publish","type":"product","link":"https:\/\/ztsports.com\/fr\/store\/jet-inline-speed-skates-2\/","title":{"rendered":"Jet Inline Speed Skates"},"content":{"rendered":"<h1 class=\"h2 product-single__title\">Patins de vitesse inline Bont Jet<\/h1>\n<p>Les patins de vitesse inline Bont Jet sont les patins inline les plus populaires au monde, et ce pour une bonne raison : leur rapport qualit\u00e9-prix est exceptionnel. Parfaits pour tous les niveaux de patinage de vitesse, ces bottes de course offrent soutien, confort et sont fabriqu\u00e9es \u00e0 la main gr\u00e2ce \u00e0 la technique unique de Bont de botte monobloc.<\/p>\n<p>Les patins Jet sont construits autour d\u2019un last am\u00e9lior\u00e9 et perfectionn\u00e9 pendant plus de 45 ans par M. Inze Bont. La fibre de carbone et la fibre de verre sont dispos\u00e9es \u00e0 la main autour de la mousse \u00e0 m\u00e9moire de forme, assurant une base tr\u00e8s l\u00e9g\u00e8re et r\u00e9sistante. Notre r\u00e9sine \u00e9poxy est la plus thermoformable de l\u2019industrie et la botte comporte des bandes anti-\u00e9tirement pour \u00e9viter qu\u2019elle ne se d\u00e9forme avec le temps. Am\u00e9liorez votre patinage de vitesse avec les patins de course inline Bont Jet.<\/p>\n<p><strong>Caract\u00e9ristiques<\/strong><\/p>\n<ul class=\"features\">\n<li><strong>Base :<\/strong> Composite carbone<\/li>\n<li><strong>Peau ext\u00e9rieure :<\/strong> Microfibre<\/li>\n<li><strong>Doublure :<\/strong> Microfibre<\/li>\n<li><strong>Pitch :<\/strong> 12 mm<\/li>\n<li><strong>Ventilation :<\/strong> Sur le dessus des orteils et de la languette<\/li>\n<li><strong>Soulier int\u00e9rieur :<\/strong> EVA thermo-moulable<\/li>\n<li><strong>Thermoformable :<\/strong> Base enti\u00e8rement thermo-moulable utilisant la r\u00e9sine \u00e9poxy thermodurcissable<\/li>\n<li><strong>Rembourrage :<\/strong> Mousse \u00e0 m\u00e9moire de forme<\/li>\n<li><strong>Protection :<\/strong> Pare-chocs avant en caoutchouc*<\/li>\n<li><strong>Vegan :<\/strong> Oui<\/li>\n<li><strong>Le package comprend :<\/strong> Bottes, ch\u00e2ssis, roues, roulements, entretoises, vis de montage et lacets<\/li>\n<\/ul>\n<p>* Les bottes en stock Noir et Blanc\/Argent sont fournies avec un prot\u00e8ge-orteils TPU.<\/p>\n<p>Le Jet suit une longue lign\u00e9e de patins de vitesse inline Bont. Ce patin a \u00e9volu\u00e9 \u00e0 partir du Bont Sharkie et plus de 1,4 million de paires ont \u00e9t\u00e9 vendues depuis son lancement en 1980. La botte a beaucoup \u00e9volu\u00e9 depuis, pour s\u2019adapter \u00e0 des vitesses plus \u00e9lev\u00e9es et des roues plus grandes. Le patin Jet est aujourd\u2019hui environ 40% plus r\u00e9sistant que lors de sa cr\u00e9ation gr\u00e2ce notamment \u00e0 l\u2019utilisation de la fibre de carbone. M\u00eame si le processus de fabrication d\u2019une botte monobloc est plus long et co\u00fbteux qu\u2019une botte en deux parties, Bont le fabrique toujours de la m\u00eame mani\u00e8re depuis 1980.<\/p>\n<ul>\n<li>Patins Jet Inline 110mm 4 roues.<\/li>\n<li>Patins Jet Inline 125mm 3 roues.<\/li>\n<\/ul>\n<p><strong>*Les bottes 195mm peuvent \u00eatre command\u00e9es \u00e0 partir de la taille 3,5.<\/strong><\/p>\n","protected":false},"excerpt":{"rendered":"<p>Patins de vitesse inline Bont Jet Les patins de vitesse inline Bont Jet sont les patins inline les plus populaires au monde, et ce pour une bonne raison : leur rapport qualit\u00e9-prix est exceptionnel. Parfaits pour tous les niveaux de patinage de vitesse, ces bottes de course offrent soutien, confort et sont fabriqu\u00e9es \u00e0 la [&hellip;]<\/p>\n","protected":false},"featured_media":22508,"comment_status":"open","ping_status":"closed","template":"","meta":{"_acf_changed":false,"_monsterinsights_skip_tracking":false,"_monsterinsights_sitenote_active":false,"_monsterinsights_sitenote_note":"","_monsterinsights_sitenote_category":0,"_uf_show_specific_survey":0,"_uf_disable_surveys":false,"site-sidebar-layout":"default","site-content-layout":"","ast-site-content-layout":"default","site-content-style":"default","site-sidebar-style":"default","ast-global-header-display":"","ast-banner-title-visibility":"","ast-main-header-display":"","ast-hfb-above-header-display":"","ast-hfb-below-header-display":"","ast-hfb-mobile-header-display":"","site-post-title":"","ast-breadcrumbs-content":"","ast-featured-img":"","footer-sml-layout":"","ast-disable-related-posts":"","theme-transparent-header-meta":"default","adv-header-id-meta":"","stick-header-meta":"","header-above-stick-meta":"","header-main-stick-meta":"","header-below-stick-meta":"","astra-migrate-meta-layouts":"set","ast-page-background-enabled":"default","ast-page-background-meta":{"desktop":{"background-color":"","background-image":"","background-repeat":"repeat","background-position":"center center","background-size":"auto","background-attachment":"scroll","background-type":"","background-media":"","overlay-type":"","overlay-color":"","overlay-opacity":"","overlay-gradient":""},"tablet":{"background-color":"","background-image":"","background-repeat":"repeat","background-position":"center center","background-size":"auto","background-attachment":"scroll","background-type":"","background-media":"","overlay-type":"","overlay-color":"","overlay-opacity":"","overlay-gradient":""},"mobile":{"background-color":"","background-image":"","background-repeat":"repeat","background-position":"center center","background-size":"auto","background-attachment":"scroll","background-type":"","background-media":"","overlay-type":"","overlay-color":"","overlay-opacity":"","overlay-gradient":""}},"ast-content-background-meta":{"desktop":{"background-color":"var(--ast-global-color-5)","background-image":"","background-repeat":"repeat","background-position":"center center","background-size":"auto","background-attachment":"scroll","background-type":"","background-media":"","overlay-type":"","overlay-color":"","overlay-opacity":"","overlay-gradient":""},"tablet":{"background-color":"var(--ast-global-color-5)","background-image":"","background-repeat":"repeat","background-position":"center center","background-size":"auto","background-attachment":"scroll","background-type":"","background-media":"","overlay-type":"","overlay-color":"","overlay-opacity":"","overlay-gradient":""},"mobile":{"background-color":"var(--ast-global-color-5)","background-image":"","background-repeat":"repeat","background-position":"center center","background-size":"auto","background-attachment":"scroll","background-type":"","background-media":"","overlay-type":"","overlay-color":"","overlay-opacity":"","overlay-gradient":""}}},"product_brand":[3285],"product_cat":[3381],"product_tag":[],"class_list":{"0":"post-22512","1":"product","2":"type-product","3":"status-publish","4":"has-post-thumbnail","6":"product_brand-bont","7":"product_cat-patinage-de-vitesse-en-ligne","8":"desktop-align-left","9":"tablet-align-left","10":"mobile-align-left","12":"first","13":"instock","14":"taxable","15":"shipping-taxable","16":"purchasable","17":"product-type-simple"},"acf":[],"_links":{"self":[{"href":"https:\/\/ztsports.com\/fr\/wp-json\/wp\/v2\/product\/22512","targetHints":{"allow":["GET"]}}],"collection":[{"href":"https:\/\/ztsports.com\/fr\/wp-json\/wp\/v2\/product"}],"about":[{"href":"https:\/\/ztsports.com\/fr\/wp-json\/wp\/v2\/types\/product"}],"replies":[{"embeddable":true,"href":"https:\/\/ztsports.com\/fr\/wp-json\/wp\/v2\/comments?post=22512"}],"version-history":[{"count":1,"href":"https:\/\/ztsports.com\/fr\/wp-json\/wp\/v2\/product\/22512\/revisions"}],"predecessor-version":[{"id":22513,"href":"https:\/\/ztsports.com\/fr\/wp-json\/wp\/v2\/product\/22512\/revisions\/22513"}],"wp:featuredmedia":[{"embeddable":true,"href":"https:\/\/ztsports.com\/fr\/wp-json\/wp\/v2\/media\/22508"}],"wp:attachment":[{"href":"https:\/\/ztsports.com\/fr\/wp-json\/wp\/v2\/media?parent=22512"}],"wp:term":[{"taxonomy":"product_brand","embeddable":true,"href":"https:\/\/ztsports.com\/fr\/wp-json\/wp\/v2\/product_brand?post=22512"},{"taxonomy":"product_cat","embeddable":true,"href":"https:\/\/ztsports.com\/fr\/wp-json\/wp\/v2\/product_cat?post=22512"},{"taxonomy":"product_tag","embeddable":true,"href":"https:\/\/ztsports.com\/fr\/wp-json\/wp\/v2\/product_tag?post=22512"}],"curies":[{"name":"wp","href":"https:\/\/api.w.org\/{rel}","templated":true}]}}