{"id":22499,"date":"2024-03-21T17:12:45","date_gmt":"2024-03-21T17:12:45","guid":{"rendered":"https:\/\/ztsports.com\/?post_type=product&#038;p=22499"},"modified":"2026-03-06T12:34:16","modified_gmt":"2026-03-06T12:34:16","slug":"1-xact-leather-skating-glove-with-reinforced-finger-tips","status":"publish","type":"product","link":"https:\/\/ztsports.com\/fr\/store\/1-xact-leather-skating-glove-with-reinforced-finger-tips\/","title":{"rendered":"#1 XACT leather skating glove with reinforced finger tips"},"content":{"rendered":"<h1>Gants de Patinage en Cuir Xact<\/h1>\n<p>Les gants de patinage en cuir Xact, d\u00e9sormais avec bouts de doigts renforc\u00e9s.<\/p>\n<p>Le gant parfait pour les d\u00e9butants. Excellent ajustement, cuir de ch\u00e8vre de haute qualit\u00e9.<\/p>\n<p>Ce gant en cuir est devenu le gant le plus vendu pour les patineurs d\u00e9butants \u00e0 interm\u00e9diaires, offrant un ajustement parfait et un cuir de ch\u00e8vre de haute qualit\u00e9.<\/p>\n<ul>\n<li>Syst\u00e8me de fermeture Velcro<\/li>\n<li>Disponible en tailles 0 \u00e0 10 (nouvelles tailles 0, 1, 2)<\/li>\n<li>Doublure confortable pour plus de chaleur<\/li>\n<li>Cuir de ch\u00e8vre de haute qualit\u00e9<\/li>\n<li>Mat\u00e9riau noir brillant ajout\u00e9 sur les bouts de doigts pour une meilleure protection<\/li>\n<\/ul>\n<p><strong>FPVQ &amp; <a href=\"https:\/\/www.ontariospeedskating.ca\/safety-equipment\" target=\"_blank\" rel=\"noopener\">OSSA : Accessoire obligatoire<\/a> en comp\u00e9tition.<\/strong><\/p>\n<p>Enfin, consultez tous nos <a href=\"https:\/\/ztsports.com\/product-category\/protection\/gloves\/\"><strong>gants de short track ici<\/strong><\/a>.<\/p>\n","protected":false},"excerpt":{"rendered":"<p>Gants de Patinage en Cuir Xact Les gants de patinage en cuir Xact, d\u00e9sormais avec bouts de doigts renforc\u00e9s. Le gant parfait pour les d\u00e9butants. Excellent ajustement, cuir de ch\u00e8vre de haute qualit\u00e9. Ce gant en cuir est devenu le gant le plus vendu pour les patineurs d\u00e9butants \u00e0 interm\u00e9diaires, offrant un ajustement parfait et [&hellip;]<\/p>\n","protected":false},"featured_media":22495,"comment_status":"open","ping_status":"closed","template":"","meta":{"_acf_changed":false,"_monsterinsights_skip_tracking":false,"_monsterinsights_sitenote_active":false,"_monsterinsights_sitenote_note":"","_monsterinsights_sitenote_category":0,"_uf_show_specific_survey":0,"_uf_disable_surveys":false,"site-sidebar-layout":"default","site-content-layout":"","ast-site-content-layout":"default","site-content-style":"default","site-sidebar-style":"default","ast-global-header-display":"","ast-banner-title-visibility":"","ast-main-header-display":"","ast-hfb-above-header-display":"","ast-hfb-below-header-display":"","ast-hfb-mobile-header-display":"","site-post-title":"","ast-breadcrumbs-content":"","ast-featured-img":"","footer-sml-layout":"","ast-disable-related-posts":"","theme-transparent-header-meta":"default","adv-header-id-meta":"","stick-header-meta":"","header-above-stick-meta":"","header-main-stick-meta":"","header-below-stick-meta":"","astra-migrate-meta-layouts":"set","ast-page-background-enabled":"default","ast-page-background-meta":{"desktop":{"background-color":"","background-image":"","background-repeat":"repeat","background-position":"center center","background-size":"auto","background-attachment":"scroll","background-type":"","background-media":"","overlay-type":"","overlay-color":"","overlay-opacity":"","overlay-gradient":""},"tablet":{"background-color":"","background-image":"","background-repeat":"repeat","background-position":"center center","background-size":"auto","background-attachment":"scroll","background-type":"","background-media":"","overlay-type":"","overlay-color":"","overlay-opacity":"","overlay-gradient":""},"mobile":{"background-color":"","background-image":"","background-repeat":"repeat","background-position":"center center","background-size":"auto","background-attachment":"scroll","background-type":"","background-media":"","overlay-type":"","overlay-color":"","overlay-opacity":"","overlay-gradient":""}},"ast-content-background-meta":{"desktop":{"background-color":"var(--ast-global-color-5)","background-image":"","background-repeat":"repeat","background-position":"center center","background-size":"auto","background-attachment":"scroll","background-type":"","background-media":"","overlay-type":"","overlay-color":"","overlay-opacity":"","overlay-gradient":""},"tablet":{"background-color":"var(--ast-global-color-5)","background-image":"","background-repeat":"repeat","background-position":"center center","background-size":"auto","background-attachment":"scroll","background-type":"","background-media":"","overlay-type":"","overlay-color":"","overlay-opacity":"","overlay-gradient":""},"mobile":{"background-color":"var(--ast-global-color-5)","background-image":"","background-repeat":"repeat","background-position":"center center","background-size":"auto","background-attachment":"scroll","background-type":"","background-media":"","overlay-type":"","overlay-color":"","overlay-opacity":"","overlay-gradient":""}}},"product_brand":[3358,3361,3360],"product_cat":[3378],"product_tag":[3796,4562],"class_list":{"0":"post-22499","1":"product","2":"type-product","3":"status-publish","4":"has-post-thumbnail","6":"product_brand-x-series","7":"product_brand-x-series-xact","8":"product_brand-xact","9":"product_cat-non-categorise","10":"product_tag-short-track","11":"product_tag-speed-skating","12":"desktop-align-left","13":"tablet-align-left","14":"mobile-align-left","16":"first","17":"instock","18":"sale","19":"taxable","20":"shipping-taxable","21":"purchasable","22":"product-type-simple"},"acf":[],"_links":{"self":[{"href":"https:\/\/ztsports.com\/fr\/wp-json\/wp\/v2\/product\/22499","targetHints":{"allow":["GET"]}}],"collection":[{"href":"https:\/\/ztsports.com\/fr\/wp-json\/wp\/v2\/product"}],"about":[{"href":"https:\/\/ztsports.com\/fr\/wp-json\/wp\/v2\/types\/product"}],"replies":[{"embeddable":true,"href":"https:\/\/ztsports.com\/fr\/wp-json\/wp\/v2\/comments?post=22499"}],"version-history":[{"count":2,"href":"https:\/\/ztsports.com\/fr\/wp-json\/wp\/v2\/product\/22499\/revisions"}],"predecessor-version":[{"id":22501,"href":"https:\/\/ztsports.com\/fr\/wp-json\/wp\/v2\/product\/22499\/revisions\/22501"}],"wp:featuredmedia":[{"embeddable":true,"href":"https:\/\/ztsports.com\/fr\/wp-json\/wp\/v2\/media\/22495"}],"wp:attachment":[{"href":"https:\/\/ztsports.com\/fr\/wp-json\/wp\/v2\/media?parent=22499"}],"wp:term":[{"taxonomy":"product_brand","embeddable":true,"href":"https:\/\/ztsports.com\/fr\/wp-json\/wp\/v2\/product_brand?post=22499"},{"taxonomy":"product_cat","embeddable":true,"href":"https:\/\/ztsports.com\/fr\/wp-json\/wp\/v2\/product_cat?post=22499"},{"taxonomy":"product_tag","embeddable":true,"href":"https:\/\/ztsports.com\/fr\/wp-json\/wp\/v2\/product_tag?post=22499"}],"curies":[{"name":"wp","href":"https:\/\/api.w.org\/{rel}","templated":true}]}}