{"id":22493,"date":"2024-03-22T13:50:59","date_gmt":"2024-03-22T13:50:59","guid":{"rendered":"https:\/\/ztsports.com\/?post_type=product&#038;p=22493"},"modified":"2026-05-02T00:07:53","modified_gmt":"2026-05-02T00:07:53","slug":"nagano-premium-gloves","status":"publish","type":"product","link":"https:\/\/ztsports.com\/fr\/store\/nagano-premium-gloves\/","title":{"rendered":"Nagano Premium Gloves"},"content":{"rendered":"<h1>Gants Premium Nagano<\/h1>\n<p>Les gants Premium blancs de Nagano Skate sont con\u00e7us pour les patineurs de vitesse, avec des motifs lumineux illustrant votre vitesse sur la glace.<\/p>\n<p>Fabriqu\u00e9s \u00e0 partir d\u2019un m\u00e9lange d\u2019Imperium, de cuir et de spandex, le mod\u00e8le Premium est plus chaud et plus \u00e9pais que le mod\u00e8le standard. En revanche, il est l\u00e9g\u00e8rement moins profil\u00e9 (\u00ab racing \u00bb) que les gants Nagano 2.0 standard.<\/p>\n<p>Certification EN388 : Niveau 4+<\/p>\n<p>Tailles disponibles :<\/p>\n<ul>\n<li>XXS<\/li>\n<li>XS<\/li>\n<li>S<\/li>\n<li>M<\/li>\n<li>L<\/li>\n<li>XL<\/li>\n<\/ul>\n<p>D\u00e9couvrez tous nos produits <a href=\"https:\/\/ztsports.com\/brand\/nagano\/\"><strong>Nagano ici<\/strong><\/a>.<\/p>\n<p>Enfin, consultez tous nos <a href=\"https:\/\/ztsports.com\/product-category\/protection\/gloves\/\"><strong>gants de short track ici<\/strong><\/a>.<\/p>\n","protected":false},"excerpt":{"rendered":"<p>Gants Premium Nagano Les gants Premium blancs de Nagano Skate sont con\u00e7us pour les patineurs de vitesse, avec des motifs lumineux illustrant votre vitesse sur la glace. Fabriqu\u00e9s \u00e0 partir d\u2019un m\u00e9lange d\u2019Imperium, de cuir et de spandex, le mod\u00e8le Premium est plus chaud et plus \u00e9pais que le mod\u00e8le standard. En revanche, il est [&hellip;]<\/p>\n","protected":false},"featured_media":22489,"comment_status":"open","ping_status":"closed","template":"","meta":{"_acf_changed":false,"_monsterinsights_skip_tracking":false,"_monsterinsights_sitenote_active":false,"_monsterinsights_sitenote_note":"","_monsterinsights_sitenote_category":0,"_uf_show_specific_survey":0,"_uf_disable_surveys":false,"site-sidebar-layout":"default","site-content-layout":"","ast-site-content-layout":"default","site-content-style":"default","site-sidebar-style":"default","ast-global-header-display":"","ast-banner-title-visibility":"","ast-main-header-display":"","ast-hfb-above-header-display":"","ast-hfb-below-header-display":"","ast-hfb-mobile-header-display":"","site-post-title":"","ast-breadcrumbs-content":"","ast-featured-img":"","footer-sml-layout":"","ast-disable-related-posts":"","theme-transparent-header-meta":"default","adv-header-id-meta":"","stick-header-meta":"","header-above-stick-meta":"","header-main-stick-meta":"","header-below-stick-meta":"","astra-migrate-meta-layouts":"set","ast-page-background-enabled":"default","ast-page-background-meta":{"desktop":{"background-color":"","background-image":"","background-repeat":"repeat","background-position":"center center","background-size":"auto","background-attachment":"scroll","background-type":"","background-media":"","overlay-type":"","overlay-color":"","overlay-opacity":"","overlay-gradient":""},"tablet":{"background-color":"","background-image":"","background-repeat":"repeat","background-position":"center center","background-size":"auto","background-attachment":"scroll","background-type":"","background-media":"","overlay-type":"","overlay-color":"","overlay-opacity":"","overlay-gradient":""},"mobile":{"background-color":"","background-image":"","background-repeat":"repeat","background-position":"center center","background-size":"auto","background-attachment":"scroll","background-type":"","background-media":"","overlay-type":"","overlay-color":"","overlay-opacity":"","overlay-gradient":""}},"ast-content-background-meta":{"desktop":{"background-color":"var(--ast-global-color-5)","background-image":"","background-repeat":"repeat","background-position":"center center","background-size":"auto","background-attachment":"scroll","background-type":"","background-media":"","overlay-type":"","overlay-color":"","overlay-opacity":"","overlay-gradient":""},"tablet":{"background-color":"var(--ast-global-color-5)","background-image":"","background-repeat":"repeat","background-position":"center center","background-size":"auto","background-attachment":"scroll","background-type":"","background-media":"","overlay-type":"","overlay-color":"","overlay-opacity":"","overlay-gradient":""},"mobile":{"background-color":"var(--ast-global-color-5)","background-image":"","background-repeat":"repeat","background-position":"center center","background-size":"auto","background-attachment":"scroll","background-type":"","background-media":"","overlay-type":"","overlay-color":"","overlay-opacity":"","overlay-gradient":""}}},"product_brand":[3326],"product_cat":[3378],"product_tag":[4562],"class_list":{"0":"post-22493","1":"product","2":"type-product","3":"status-publish","4":"has-post-thumbnail","6":"product_brand-nagano","7":"product_cat-non-categorise","8":"product_tag-speed-skating","9":"desktop-align-left","10":"tablet-align-left","11":"mobile-align-left","13":"first","14":"instock","15":"taxable","16":"shipping-taxable","17":"purchasable","18":"product-type-simple"},"acf":[],"_links":{"self":[{"href":"https:\/\/ztsports.com\/fr\/wp-json\/wp\/v2\/product\/22493","targetHints":{"allow":["GET"]}}],"collection":[{"href":"https:\/\/ztsports.com\/fr\/wp-json\/wp\/v2\/product"}],"about":[{"href":"https:\/\/ztsports.com\/fr\/wp-json\/wp\/v2\/types\/product"}],"replies":[{"embeddable":true,"href":"https:\/\/ztsports.com\/fr\/wp-json\/wp\/v2\/comments?post=22493"}],"version-history":[{"count":1,"href":"https:\/\/ztsports.com\/fr\/wp-json\/wp\/v2\/product\/22493\/revisions"}],"predecessor-version":[{"id":22494,"href":"https:\/\/ztsports.com\/fr\/wp-json\/wp\/v2\/product\/22493\/revisions\/22494"}],"wp:featuredmedia":[{"embeddable":true,"href":"https:\/\/ztsports.com\/fr\/wp-json\/wp\/v2\/media\/22489"}],"wp:attachment":[{"href":"https:\/\/ztsports.com\/fr\/wp-json\/wp\/v2\/media?parent=22493"}],"wp:term":[{"taxonomy":"product_brand","embeddable":true,"href":"https:\/\/ztsports.com\/fr\/wp-json\/wp\/v2\/product_brand?post=22493"},{"taxonomy":"product_cat","embeddable":true,"href":"https:\/\/ztsports.com\/fr\/wp-json\/wp\/v2\/product_cat?post=22493"},{"taxonomy":"product_tag","embeddable":true,"href":"https:\/\/ztsports.com\/fr\/wp-json\/wp\/v2\/product_tag?post=22493"}],"curies":[{"name":"wp","href":"https:\/\/api.w.org\/{rel}","templated":true}]}}