{"id":22486,"date":"2024-03-24T11:09:37","date_gmt":"2024-03-24T11:09:37","guid":{"rendered":"https:\/\/ztsports.com\/?post_type=product&#038;p=22486"},"modified":"2026-03-06T12:31:42","modified_gmt":"2026-03-06T12:31:42","slug":"cbc-glove-armor-st-carbon-fiber-tips-new","status":"publish","type":"product","link":"https:\/\/ztsports.com\/fr\/store\/cbc-glove-armor-st-carbon-fiber-tips-new\/","title":{"rendered":"CBC Glove Armor ST Carbon Fiber Tips New"},"content":{"rendered":"<h2 class=\"product_title entry-title show-product-nav\">CBC Glove Armor ST Pointes en Fibre de Carbone<\/h2>\n<div class=\"rte small-body-text\">\n<p>Les CBC Glove Armor sont des protections pour doigts en fibre de carbone compl\u00e8te de 3 mm, moul\u00e9es dans le proc\u00e9d\u00e9 propri\u00e9taire CBC. Elles sont infus\u00e9es avec de la r\u00e9sine \u00e9poxy haute r\u00e9sistance pour une sensation ultra-l\u00e9g\u00e8re et une long\u00e9vit\u00e9 et performance in\u00e9gal\u00e9es.<\/p>\n<p>Votre kit Glove Armor contient une grande pointe, trois moyennes et une petite pointe en fibre de carbone.<\/p>\n<\/div>\n<div>\n<p>Ces pointes sont extr\u00eamement l\u00e9g\u00e8res et r\u00e9sistantes aux chocs. Ensemble de 5 pointes CBC en carbone permettant de pivoter autour de l&#8217;apex sans tra\u00een\u00e9e.<\/p>\n<p><strong>De plus, toutes nos pointes pour Short Track sont VENDUES AVEC LA COLLE INCLUSE.<\/strong><\/p>\n<h3>Comment poser les pointes sur les gants de patinage de vitesse ?<\/h3>\n<p><strong>Glove Armor \/ \u201cDevenez le Technicien\u201d<\/strong><\/p>\n<h4>Instructions de collage<\/h4>\n<ol>\n<li>Commencez avec des <strong>gants propres et secs<\/strong>.<\/li>\n<li>Il y a 5 ou 7 pointes dans le paquet de diff\u00e9rentes tailles. Choisissez les cinq pointes qui correspondent le mieux \u00e0 la taille de vos doigts et associez-les aux gants.<\/li>\n<li>Appliquez de la colle autour du bord et un petit point au centre de la pointe. Posez sur des gants propres et secs. Pressez fermement la pointe sur le gant avec la main \u00e0 l\u2019int\u00e9rieur du gant.<\/li>\n<li>Attendez au moins 30 minutes avant utilisation.<\/li>\n<\/ol>\n<h4>Voir notre s\u00e9lection de gants <a href=\"https:\/\/ztsports.com\/product-category\/protection\/gloves\/\">ici.<\/a><\/h4>\n<p>Enfin, regardez un clip des <a href=\"https:\/\/olympics.com\/en\/video\/special-skates-and-gloves-for-short-track-speed-skaters\" target=\"_blank\" rel=\"noopener\"><strong>patineurs olympiques utilisant leurs Quick Tips<\/strong><\/a>.<\/p>\n<p><strong>D\u00e9couvrez \u00e9galement les diff\u00e9rentes couleurs et types de <a href=\"https:\/\/ztsports.com\/product-category\/protection\/quick-tips\/\">Quick Tips<\/a> ici.<\/strong><\/p>\n<\/div>\n","protected":false},"excerpt":{"rendered":"<p>CBC Glove Armor ST Pointes en Fibre de Carbone Les CBC Glove Armor sont des protections pour doigts en fibre de carbone compl\u00e8te de 3 mm, moul\u00e9es dans le proc\u00e9d\u00e9 propri\u00e9taire CBC. Elles sont infus\u00e9es avec de la r\u00e9sine \u00e9poxy haute r\u00e9sistance pour une sensation ultra-l\u00e9g\u00e8re et une long\u00e9vit\u00e9 et performance in\u00e9gal\u00e9es. Votre kit Glove [&hellip;]<\/p>\n","protected":false},"featured_media":22484,"comment_status":"open","ping_status":"closed","template":"","meta":{"_acf_changed":false,"_monsterinsights_skip_tracking":false,"_monsterinsights_sitenote_active":false,"_monsterinsights_sitenote_note":"","_monsterinsights_sitenote_category":0,"_uf_show_specific_survey":0,"_uf_disable_surveys":false,"site-sidebar-layout":"default","site-content-layout":"","ast-site-content-layout":"default","site-content-style":"default","site-sidebar-style":"default","ast-global-header-display":"","ast-banner-title-visibility":"","ast-main-header-display":"","ast-hfb-above-header-display":"","ast-hfb-below-header-display":"","ast-hfb-mobile-header-display":"","site-post-title":"","ast-breadcrumbs-content":"","ast-featured-img":"","footer-sml-layout":"","ast-disable-related-posts":"","theme-transparent-header-meta":"default","adv-header-id-meta":"","stick-header-meta":"","header-above-stick-meta":"","header-main-stick-meta":"","header-below-stick-meta":"","astra-migrate-meta-layouts":"set","ast-page-background-enabled":"default","ast-page-background-meta":{"desktop":{"background-color":"","background-image":"","background-repeat":"repeat","background-position":"center center","background-size":"auto","background-attachment":"scroll","background-type":"","background-media":"","overlay-type":"","overlay-color":"","overlay-opacity":"","overlay-gradient":""},"tablet":{"background-color":"","background-image":"","background-repeat":"repeat","background-position":"center center","background-size":"auto","background-attachment":"scroll","background-type":"","background-media":"","overlay-type":"","overlay-color":"","overlay-opacity":"","overlay-gradient":""},"mobile":{"background-color":"","background-image":"","background-repeat":"repeat","background-position":"center center","background-size":"auto","background-attachment":"scroll","background-type":"","background-media":"","overlay-type":"","overlay-color":"","overlay-opacity":"","overlay-gradient":""}},"ast-content-background-meta":{"desktop":{"background-color":"var(--ast-global-color-5)","background-image":"","background-repeat":"repeat","background-position":"center center","background-size":"auto","background-attachment":"scroll","background-type":"","background-media":"","overlay-type":"","overlay-color":"","overlay-opacity":"","overlay-gradient":""},"tablet":{"background-color":"var(--ast-global-color-5)","background-image":"","background-repeat":"repeat","background-position":"center center","background-size":"auto","background-attachment":"scroll","background-type":"","background-media":"","overlay-type":"","overlay-color":"","overlay-opacity":"","overlay-gradient":""},"mobile":{"background-color":"var(--ast-global-color-5)","background-image":"","background-repeat":"repeat","background-position":"center center","background-size":"auto","background-attachment":"scroll","background-type":"","background-media":"","overlay-type":"","overlay-color":"","overlay-opacity":"","overlay-gradient":""}}},"product_brand":[3290],"product_cat":[3378],"product_tag":[3796],"class_list":{"0":"post-22486","1":"product","2":"type-product","3":"status-publish","4":"has-post-thumbnail","6":"product_brand-cbc","7":"product_cat-non-categorise","8":"product_tag-short-track","9":"desktop-align-left","10":"tablet-align-left","11":"mobile-align-left","13":"first","14":"instock","15":"taxable","16":"shipping-taxable","17":"purchasable","18":"product-type-simple"},"acf":[],"_links":{"self":[{"href":"https:\/\/ztsports.com\/fr\/wp-json\/wp\/v2\/product\/22486","targetHints":{"allow":["GET"]}}],"collection":[{"href":"https:\/\/ztsports.com\/fr\/wp-json\/wp\/v2\/product"}],"about":[{"href":"https:\/\/ztsports.com\/fr\/wp-json\/wp\/v2\/types\/product"}],"replies":[{"embeddable":true,"href":"https:\/\/ztsports.com\/fr\/wp-json\/wp\/v2\/comments?post=22486"}],"version-history":[{"count":2,"href":"https:\/\/ztsports.com\/fr\/wp-json\/wp\/v2\/product\/22486\/revisions"}],"predecessor-version":[{"id":22488,"href":"https:\/\/ztsports.com\/fr\/wp-json\/wp\/v2\/product\/22486\/revisions\/22488"}],"wp:featuredmedia":[{"embeddable":true,"href":"https:\/\/ztsports.com\/fr\/wp-json\/wp\/v2\/media\/22484"}],"wp:attachment":[{"href":"https:\/\/ztsports.com\/fr\/wp-json\/wp\/v2\/media?parent=22486"}],"wp:term":[{"taxonomy":"product_brand","embeddable":true,"href":"https:\/\/ztsports.com\/fr\/wp-json\/wp\/v2\/product_brand?post=22486"},{"taxonomy":"product_cat","embeddable":true,"href":"https:\/\/ztsports.com\/fr\/wp-json\/wp\/v2\/product_cat?post=22486"},{"taxonomy":"product_tag","embeddable":true,"href":"https:\/\/ztsports.com\/fr\/wp-json\/wp\/v2\/product_tag?post=22486"}],"curies":[{"name":"wp","href":"https:\/\/api.w.org\/{rel}","templated":true}]}}