{"id":22482,"date":"2024-03-25T10:12:40","date_gmt":"2024-03-25T10:12:40","guid":{"rendered":"https:\/\/ztsports.com\/?post_type=product&#038;p=22482"},"modified":"2026-03-12T11:43:32","modified_gmt":"2026-03-12T11:43:32","slug":"nagano-skate-buff-2","status":"publish","type":"product","link":"https:\/\/ztsports.com\/fr\/store\/nagano-skate-buff-2\/","title":{"rendered":"Nagano Skate Buff"},"content":{"rendered":"<h1>Buff Multifonctionnel Nagano Skate<\/h1>\n<p>Ce <strong>Buff Nagano Skate<\/strong> multifonctionnel est fabriqu\u00e9 \u00e0 100% en polyester. Il offre une \u00e9paisseur id\u00e9ale pour respirer pendant l\u2019entra\u00eenement sur glace. Il peut \u00e9galement \u00eatre port\u00e9 de plusieurs fa\u00e7ons :<\/p>\n<ul>\n<li>Bandana<\/li>\n<li>Do-rag<\/li>\n<li>Bandeau<\/li>\n<li>Bracelet<\/li>\n<li>Dans les cheveux<\/li>\n<li>Et plus encore<\/li>\n<\/ul>\n<p>Les Buffs peuvent \u00eatre enti\u00e8rement personnalis\u00e9s pour des commandes en quantit\u00e9 minimale. Envoyez un email \u00e0 <a href=\"mailto:Info@ztsports.com\">Info@ztsports.com<\/a> pour un devis.<\/p>\n<p><strong>Profitez pleinement des possibilit\u00e9s offertes par votre Nagano Skate Buff.<\/strong><\/p>\n<p>Que ce soit pour les mod\u00e8les Bont ou Nagano, ces Buffs s\u2019adaptent \u00e0 toutes vos aventures, en hiver comme en \u00e9t\u00e9. Ils sont extensibles, pliables et offrent un confort optimal, que vous portiez des lunettes, un casque ou ayez de longs cheveux. Choisissez la position qui vous convient, du masque facial \u00e0 la cagoule.<\/p>\n<h2>Autres positions d\u2019utilisation :<\/h2>\n<h3>Tour de Cou<\/h3>\n<p>\u00c9tirez-le, passez votre t\u00eate par l\u2019ouverture et placez-le autour du cou. Facile \u00e0 porter et id\u00e9al pour toutes vos activit\u00e9s en ext\u00e9rieur, il offre une sensation de confort enveloppant.<\/p>\n<h3>Demie Couverture du Visage<\/h3>\n<p>Passez le Buff autour du cou et remontez-le sur la bouche et le nez comme un masque. Prot\u00e8ge du soleil quand il fait chaud et du froid quand les temp\u00e9ratures chutent.<\/p>\n<h3>Couverture Totale du Visage<\/h3>\n<p>Recouvrez vos oreilles, votre nez et la moiti\u00e9 arri\u00e8re de votre t\u00eate pour une protection maximale contre le soleil, le vent et la poussi\u00e8re.<\/p>\n<h3>Cagoule<\/h3>\n<p>\u00c9tirez le Buff pour couvrir enti\u00e8rement la t\u00eate et le cou, parfait pour contr\u00f4ler les cheveux et rester au chaud et au sec sur la glace.<\/p>\n<h3>Hood<\/h3>\n<p>Passez-le sur la t\u00eate comme une capuche pour \u00e9viter les coups de chaleur ou le froid, tout en gardant lunettes et cheveux en place.<\/p>\n<h3>Saharienne<\/h3>\n<p>Placez l\u2019extr\u00e9mit\u00e9 sur la ligne des cheveux et laissez le reste sur la nuque pour prot\u00e9ger la t\u00eate et offrir respirabilit\u00e9, id\u00e9al pour les longues sessions.<\/p>\n<h3>Pirate<\/h3>\n<p>Nouez le Buff et \u00e9tirez-le sur le dessus de la t\u00eate pour un maintien parfait pendant le sport sur glace, en roller ou sur terrain sec.<\/p>\n<h3>Bonnet<\/h3>\n<p>Retournez le Buff, torsadez-le et placez-le comme un bonnet pour couvrir la t\u00eate et les oreilles.<\/p>\n<h3>Bandana<\/h3>\n<p>Couvrez le front et les cheveux, filtrant les UV et la sueur lors des entra\u00eenements.<\/p>\n<h3>Bandeau<\/h3>\n<p>Maintenez les cheveux et emp\u00eachez la sueur de g\u00eaner la vue pendant vos sessions.<\/p>\n<h3>Do-rag<\/h3>\n<p>Portez-le \u00e0 l\u2019ic\u00f4ne style Do-rag pour un confort et un maintien optimaux.<\/p>\n<p>D\u00e9couvrez toutes les positions et apprenez \u00e0 les porter pour chaque occasion : <a href=\"https:\/\/www.youtube.com\/watch?v=1KNb3vxdOug&amp;t=2s\" target=\"_blank\" rel=\"noopener\">Vid\u00e9o par le fabricant original du Buff<\/a><\/p>\n<p>D\u00e9couvrez aussi tous nos <a href=\"https:\/\/ztsports.com\/fr\/product-category\/accessories\/vetements\/\"><strong>articles de v\u00eatements cool ici<\/strong><\/a>.<\/p>\n","protected":false},"excerpt":{"rendered":"<p>Buff Multifonctionnel Nagano Skate Ce Buff Nagano Skate multifonctionnel est fabriqu\u00e9 \u00e0 100% en polyester. Il offre une \u00e9paisseur id\u00e9ale pour respirer pendant l\u2019entra\u00eenement sur glace. Il peut \u00e9galement \u00eatre port\u00e9 de plusieurs fa\u00e7ons : Bandana Do-rag Bandeau Bracelet Dans les cheveux Et plus encore Les Buffs peuvent \u00eatre enti\u00e8rement personnalis\u00e9s pour des commandes en [&hellip;]<\/p>\n","protected":false},"featured_media":22480,"comment_status":"open","ping_status":"closed","template":"","meta":{"_acf_changed":false,"_monsterinsights_skip_tracking":false,"_monsterinsights_sitenote_active":false,"_monsterinsights_sitenote_note":"","_monsterinsights_sitenote_category":0,"_uf_show_specific_survey":0,"_uf_disable_surveys":false,"site-sidebar-layout":"default","site-content-layout":"","ast-site-content-layout":"default","site-content-style":"default","site-sidebar-style":"default","ast-global-header-display":"","ast-banner-title-visibility":"","ast-main-header-display":"","ast-hfb-above-header-display":"","ast-hfb-below-header-display":"","ast-hfb-mobile-header-display":"","site-post-title":"","ast-breadcrumbs-content":"","ast-featured-img":"","footer-sml-layout":"","ast-disable-related-posts":"","theme-transparent-header-meta":"default","adv-header-id-meta":"","stick-header-meta":"","header-above-stick-meta":"","header-main-stick-meta":"","header-below-stick-meta":"","astra-migrate-meta-layouts":"set","ast-page-background-enabled":"default","ast-page-background-meta":{"desktop":{"background-color":"","background-image":"","background-repeat":"repeat","background-position":"center center","background-size":"auto","background-attachment":"scroll","background-type":"","background-media":"","overlay-type":"","overlay-color":"","overlay-opacity":"","overlay-gradient":""},"tablet":{"background-color":"","background-image":"","background-repeat":"repeat","background-position":"center center","background-size":"auto","background-attachment":"scroll","background-type":"","background-media":"","overlay-type":"","overlay-color":"","overlay-opacity":"","overlay-gradient":""},"mobile":{"background-color":"","background-image":"","background-repeat":"repeat","background-position":"center center","background-size":"auto","background-attachment":"scroll","background-type":"","background-media":"","overlay-type":"","overlay-color":"","overlay-opacity":"","overlay-gradient":""}},"ast-content-background-meta":{"desktop":{"background-color":"var(--ast-global-color-5)","background-image":"","background-repeat":"repeat","background-position":"center center","background-size":"auto","background-attachment":"scroll","background-type":"","background-media":"","overlay-type":"","overlay-color":"","overlay-opacity":"","overlay-gradient":""},"tablet":{"background-color":"var(--ast-global-color-5)","background-image":"","background-repeat":"repeat","background-position":"center center","background-size":"auto","background-attachment":"scroll","background-type":"","background-media":"","overlay-type":"","overlay-color":"","overlay-opacity":"","overlay-gradient":""},"mobile":{"background-color":"var(--ast-global-color-5)","background-image":"","background-repeat":"repeat","background-position":"center center","background-size":"auto","background-attachment":"scroll","background-type":"","background-media":"","overlay-type":"","overlay-color":"","overlay-opacity":"","overlay-gradient":""}}},"product_brand":[3326],"product_cat":[4565,4554],"product_tag":[],"class_list":{"0":"post-22482","1":"product","2":"type-product","3":"status-publish","4":"has-post-thumbnail","6":"product_brand-nagano","7":"product_cat-accessoires","8":"product_cat-vetements","9":"desktop-align-left","10":"tablet-align-left","11":"mobile-align-left","13":"first","14":"instock","15":"sale","16":"taxable","17":"shipping-taxable","18":"purchasable","19":"product-type-simple"},"acf":[],"_links":{"self":[{"href":"https:\/\/ztsports.com\/fr\/wp-json\/wp\/v2\/product\/22482","targetHints":{"allow":["GET"]}}],"collection":[{"href":"https:\/\/ztsports.com\/fr\/wp-json\/wp\/v2\/product"}],"about":[{"href":"https:\/\/ztsports.com\/fr\/wp-json\/wp\/v2\/types\/product"}],"replies":[{"embeddable":true,"href":"https:\/\/ztsports.com\/fr\/wp-json\/wp\/v2\/comments?post=22482"}],"version-history":[{"count":2,"href":"https:\/\/ztsports.com\/fr\/wp-json\/wp\/v2\/product\/22482\/revisions"}],"predecessor-version":[{"id":24563,"href":"https:\/\/ztsports.com\/fr\/wp-json\/wp\/v2\/product\/22482\/revisions\/24563"}],"wp:featuredmedia":[{"embeddable":true,"href":"https:\/\/ztsports.com\/fr\/wp-json\/wp\/v2\/media\/22480"}],"wp:attachment":[{"href":"https:\/\/ztsports.com\/fr\/wp-json\/wp\/v2\/media?parent=22482"}],"wp:term":[{"taxonomy":"product_brand","embeddable":true,"href":"https:\/\/ztsports.com\/fr\/wp-json\/wp\/v2\/product_brand?post=22482"},{"taxonomy":"product_cat","embeddable":true,"href":"https:\/\/ztsports.com\/fr\/wp-json\/wp\/v2\/product_cat?post=22482"},{"taxonomy":"product_tag","embeddable":true,"href":"https:\/\/ztsports.com\/fr\/wp-json\/wp\/v2\/product_tag?post=22482"}],"curies":[{"name":"wp","href":"https:\/\/api.w.org\/{rel}","templated":true}]}}