{"id":22464,"date":"2024-04-03T11:13:01","date_gmt":"2024-04-03T11:13:01","guid":{"rendered":"https:\/\/ztsports.com\/?post_type=product&#038;p=22464"},"modified":"2026-03-06T12:26:16","modified_gmt":"2026-03-06T12:26:16","slug":"bont-patriot-krypton-package-super-sale","status":"publish","type":"product","link":"https:\/\/ztsports.com\/fr\/store\/bont-patriot-krypton-package-super-sale\/","title":{"rendered":"Bont Patriot Krypton Package Super Sale"},"content":{"rendered":"<h1>Bont Patriot Krypton Package &#8211; Super Promotion<\/h1>\n<p>Les bottes <span class=\"Y2IQFc\" lang=\"en\">BONT PATRIOT<\/span> ont la partie sup\u00e9rieure fabriqu\u00e9e en mat\u00e9riaux composites avec une coque en fibre de verre. Excellentes pour d\u00e9butants ou comme bottes de club. Indice de rigidit\u00e9 : moyen. Thermo-moulables pour un ajustement parfait.<\/p>\n<p>D\u00e9couvrez les fonctionnalit\u00e9s avanc\u00e9es des Patriot pour le short track \u2013 une botte de performance interm\u00e9diaire con\u00e7ue en mat\u00e9riaux composites. Thermo-moulable pour un ajustement personnalis\u00e9, renforc\u00e9e par un couvre-lacets et une sangle velcro pour un meilleur maintien. Un choix id\u00e9al pour une botte d\u00e9butant \u2013 et profitez de r\u00e9ductions suppl\u00e9mentaires gr\u00e2ce au tarif club !<\/p>\n<h3>Lames Krypton 15&#8243;-17&#8243;<\/h3>\n<ul>\n<li>Con\u00e7ues pour \u00eatre agiles, r\u00e9actives et durables<\/li>\n<li>Produit \u00e0 haute valeur offrant une excellente qualit\u00e9 \u00e0 un prix abordable<\/li>\n<li>Technologie du tube Krypton int\u00e9gr\u00e9e dans le mod\u00e8le 12C27<\/li>\n<li>Acier 12C27 durable, qui maintient la qualit\u00e9 de la lame et le tranchant<\/li>\n<li>Fabriqu\u00e9 selon les m\u00eames sp\u00e9cifications et tol\u00e9rances que nos patins PM et Bi-metal<\/li>\n<li>Con\u00e7u au Canada et d\u00e9velopp\u00e9 aux Pays-Bas<\/li>\n<li>Aluminium premium hollandais et acier 12C27 de haute qualit\u00e9<\/li>\n<li>Pr\u00e9courb\u00e9 pour une performance optimale<\/li>\n<li>Le syst\u00e8me de cup innovant Evo offre une interface de montage solide avec un r\u00e9glage simple et efficace<\/li>\n<\/ul>\n<p>Disponible \u00e0 prix promotionnel sur les tailles en stock : <strong>40, 42, 43<\/strong><\/p>\n<h5>Vid\u00e9o : <a href=\"https:\/\/www.youtube.com\/watch?v=2AfKfzVSCWk\" target=\"_blank\" rel=\"noopener\"><strong>Thermo-moulage de vos bottes Bont<\/strong><\/a><\/h5>\n<p>D\u00e9couvrez \u00e9galement tous nos <a href=\"https:\/\/ztsports.com\/product-category\/patinage-de-vitesse-en-ligne\/packages\/\"><strong>packages Short Track ici<\/strong><\/a>.<\/p>\n","protected":false},"excerpt":{"rendered":"<p>Bont Patriot Krypton Package &#8211; Super Promotion Les bottes BONT PATRIOT ont la partie sup\u00e9rieure fabriqu\u00e9e en mat\u00e9riaux composites avec une coque en fibre de verre. Excellentes pour d\u00e9butants ou comme bottes de club. Indice de rigidit\u00e9 : moyen. Thermo-moulables pour un ajustement parfait. D\u00e9couvrez les fonctionnalit\u00e9s avanc\u00e9es des Patriot pour le short track \u2013 [&hellip;]<\/p>\n","protected":false},"featured_media":22461,"comment_status":"open","ping_status":"closed","template":"","meta":{"_acf_changed":false,"_monsterinsights_skip_tracking":false,"_monsterinsights_sitenote_active":false,"_monsterinsights_sitenote_note":"","_monsterinsights_sitenote_category":0,"_uf_show_specific_survey":0,"_uf_disable_surveys":false,"site-sidebar-layout":"default","site-content-layout":"","ast-site-content-layout":"default","site-content-style":"default","site-sidebar-style":"default","ast-global-header-display":"","ast-banner-title-visibility":"","ast-main-header-display":"","ast-hfb-above-header-display":"","ast-hfb-below-header-display":"","ast-hfb-mobile-header-display":"","site-post-title":"","ast-breadcrumbs-content":"","ast-featured-img":"","footer-sml-layout":"","ast-disable-related-posts":"","theme-transparent-header-meta":"default","adv-header-id-meta":"","stick-header-meta":"","header-above-stick-meta":"","header-main-stick-meta":"","header-below-stick-meta":"","astra-migrate-meta-layouts":"set","ast-page-background-enabled":"default","ast-page-background-meta":{"desktop":{"background-color":"","background-image":"","background-repeat":"repeat","background-position":"center center","background-size":"auto","background-attachment":"scroll","background-type":"","background-media":"","overlay-type":"","overlay-color":"","overlay-opacity":"","overlay-gradient":""},"tablet":{"background-color":"","background-image":"","background-repeat":"repeat","background-position":"center center","background-size":"auto","background-attachment":"scroll","background-type":"","background-media":"","overlay-type":"","overlay-color":"","overlay-opacity":"","overlay-gradient":""},"mobile":{"background-color":"","background-image":"","background-repeat":"repeat","background-position":"center center","background-size":"auto","background-attachment":"scroll","background-type":"","background-media":"","overlay-type":"","overlay-color":"","overlay-opacity":"","overlay-gradient":""}},"ast-content-background-meta":{"desktop":{"background-color":"var(--ast-global-color-5)","background-image":"","background-repeat":"repeat","background-position":"center center","background-size":"auto","background-attachment":"scroll","background-type":"","background-media":"","overlay-type":"","overlay-color":"","overlay-opacity":"","overlay-gradient":""},"tablet":{"background-color":"var(--ast-global-color-5)","background-image":"","background-repeat":"repeat","background-position":"center center","background-size":"auto","background-attachment":"scroll","background-type":"","background-media":"","overlay-type":"","overlay-color":"","overlay-opacity":"","overlay-gradient":""},"mobile":{"background-color":"var(--ast-global-color-5)","background-image":"","background-repeat":"repeat","background-position":"center center","background-size":"auto","background-attachment":"scroll","background-type":"","background-media":"","overlay-type":"","overlay-color":"","overlay-opacity":"","overlay-gradient":""}}},"product_brand":[3285],"product_cat":[3378],"product_tag":[],"class_list":{"0":"post-22464","1":"product","2":"type-product","3":"status-publish","4":"has-post-thumbnail","6":"product_brand-bont","7":"product_cat-non-categorise","8":"desktop-align-left","9":"tablet-align-left","10":"mobile-align-left","12":"first","13":"instock","14":"taxable","15":"shipping-taxable","16":"purchasable","17":"product-type-simple"},"acf":[],"_links":{"self":[{"href":"https:\/\/ztsports.com\/fr\/wp-json\/wp\/v2\/product\/22464","targetHints":{"allow":["GET"]}}],"collection":[{"href":"https:\/\/ztsports.com\/fr\/wp-json\/wp\/v2\/product"}],"about":[{"href":"https:\/\/ztsports.com\/fr\/wp-json\/wp\/v2\/types\/product"}],"replies":[{"embeddable":true,"href":"https:\/\/ztsports.com\/fr\/wp-json\/wp\/v2\/comments?post=22464"}],"version-history":[{"count":1,"href":"https:\/\/ztsports.com\/fr\/wp-json\/wp\/v2\/product\/22464\/revisions"}],"predecessor-version":[{"id":22465,"href":"https:\/\/ztsports.com\/fr\/wp-json\/wp\/v2\/product\/22464\/revisions\/22465"}],"wp:featuredmedia":[{"embeddable":true,"href":"https:\/\/ztsports.com\/fr\/wp-json\/wp\/v2\/media\/22461"}],"wp:attachment":[{"href":"https:\/\/ztsports.com\/fr\/wp-json\/wp\/v2\/media?parent=22464"}],"wp:term":[{"taxonomy":"product_brand","embeddable":true,"href":"https:\/\/ztsports.com\/fr\/wp-json\/wp\/v2\/product_brand?post=22464"},{"taxonomy":"product_cat","embeddable":true,"href":"https:\/\/ztsports.com\/fr\/wp-json\/wp\/v2\/product_cat?post=22464"},{"taxonomy":"product_tag","embeddable":true,"href":"https:\/\/ztsports.com\/fr\/wp-json\/wp\/v2\/product_tag?post=22464"}],"curies":[{"name":"wp","href":"https:\/\/api.w.org\/{rel}","templated":true}]}}